{"id":16344,"date":"2016-11-24T09:25:21","date_gmt":"2016-11-24T11:25:21","guid":{"rendered":"http:\/\/sites.usp.br\/ebt\/?page_id=16344"},"modified":"2017-05-22T09:20:27","modified_gmt":"2017-05-22T12:20:27","slug":"artigo-cientifico-publicacao-online-onde-pesquisar","status":"publish","type":"page","link":"https:\/\/sites.usp.br\/ebt\/?page_id=16344","title":{"rendered":"Artigo Cient\u00edfico (Publica\u00e7\u00e3o Online): Onde Pesquisar?"},"content":{"rendered":"<address><em><span style=\"color: #ff0000;font-size: 14px\"><em>\u2666 <\/em><\/span><\/em><span style=\"color: #ff0000\"><span style=\"color: #ff0000\"><span style=\"font-size: 10px\"><strong><span style=\"color: #0000ff\"><em><span style=\"color: #ff0000\"><em><strong><span style=\"color: #000000;font-size: 14px\">Equipe Editorial: Orienta\u00e7\u00f5es Pedag\u00f3gicas <\/span><\/strong><\/em><\/span><\/em><\/span><\/strong><\/span><\/span><\/span><\/address>\n<hr \/>\n<hr \/>\n<address style=\"text-align: right\"><strong><span style=\"font-size: 10px\">p\u00e1gina 1<br \/>\n<\/span><\/strong><\/address>\n<hr \/>\n<p style=\"text-align: center\"><span style=\"font-size: 10px\"><strong>Enci. Bras. Teleodontol<\/strong>., <\/span><span style=\"font-size: 10px;color: #000000\"> <strong><a style=\"color: #000000\" href=\"http:\/\/portal.issn.org\/cgi-bin\/gw\/chameleon?sessionid=2016032820555001707&amp;skin=restricted&amp;lng=en&amp;inst=consortium&amp;host=localhost%2b5000%2bDEFAULT&amp;patronhost=localhost%205000%20DEFAULT&amp;searchid=1&amp;sourcescreen=INITREQ&amp;pos=1&amp;itempos=1&amp;rootsearch=SCAN&amp;function=INITREQ&amp;search=AUTHID&amp;authid=8973029&amp;authidu=43\">ISSN 2448-1181<\/a><\/strong><\/span><\/p>\n<hr \/>\n<p style=\"text-align: justify\"><span style=\"font-family: Arial\"><strong>Artigo Cient\u00edfico\u00a0<\/strong>(P<strong>ublica\u00e7\u00e3o Online<\/strong>) tem uma das suas finalidades a divulga\u00e7\u00e3o para a Comunidade Cient\u00edfica os conhecimentos t\u00e9cnicos e cient\u00edficos realizados nas Universidades, Faculdades e Multicentros de Pesquisa.<\/span><\/p>\n<p style=\"text-align: justify\"><span style=\"font-family: Arial\"><strong>Artigo Cient\u00edfico\u00a0<\/strong>(P<strong>ublica\u00e7\u00e3o Online<\/strong>)<strong>\u00a0<\/strong>contribui para inser\u00e7\u00e3o das informa\u00e7\u00f5es contidas nas (Bibliotecas Digitais) amplo acesso livre com destaque para a\u00a0<\/span><span style=\"font-family: Arial\">Gest\u00e3o Educadora efetiva estimulando as a\u00e7\u00f5es educacionais (Ambiente Colaborativo de Aprendizagem).\u00a0<\/span><\/p>\n<p style=\"text-align: justify\"><span style=\"font-family: Arial\"><strong>Artigo Cient\u00edfico\u00a0<\/strong>(P<strong>ublica\u00e7\u00e3o Online<\/strong>) est\u00e3o dispon\u00edveis nas renomadas <\/span><span style=\"font-family: Arial\"><strong>Bibliotecas Digitais<\/strong> com destaque para os Acervos Virtuais:\u00a0<\/span><\/p>\n<ul>\n<li><span style=\"color: #0000ff\"><span style=\"color: #000000\">Biblioteca Digital da USP (<span style=\"color: #0000ff\"><strong><a style=\"color: #0000ff\" href=\"http:\/\/www.teses.usp.br\/\">Tese <\/a>\u00a0\/\u00a0<a style=\"color: #0000ff\" href=\"http:\/\/www.teses.usp.br\/\"> Disserta\u00e7\u00e3o<\/a><\/strong><\/span>)<\/span><\/span><\/li>\n<li>Biblioteca Central \u00a0da Universidade de S\u00e3o Paulo(<span style=\"color: #0000ff\"><strong><a style=\"color: #0000ff\" href=\"http:\/\/www.bcrp.prefeiturarp.usp.br\/\">USP<\/a><\/strong><\/span>)<\/li>\n<li>Biblioteca Digital Mundial (<span style=\"color: #0000ff\"><strong><a style=\"color: #0000ff\" href=\"https:\/\/www.wdl.org\/pt\/\">BDMundial<\/a><\/strong><\/span>)<\/li>\n<li>Biblioteca Digital Paulo Freire (<span style=\"color: #0000ff\"><strong><a style=\"color: #0000ff\" href=\"http:\/\/www.paulofreire.ufpb.br\/paulofreire\">BDPF<\/a><\/strong><\/span>)<\/li>\n<li>Biblioteca Virtual de Sa\u00fade (<span style=\"color: #0000ff\"><strong><a style=\"color: #0000ff\" href=\"http:\/\/brasil.bvs.br\/\">BVS<\/a><\/strong><\/span>)<\/li>\n<li>Biblioteca Digital da Universidade de Campinas (<span style=\"color: #0000ff\"><strong><a style=\"color: #0000ff\" href=\"http:\/\/www.bibliotecadigital.unicamp.br\/\">UNICAMP<\/a><\/strong><\/span><a href=\"https:\/\/www.wdl.org\/pt\/\">)<\/a><\/li>\n<li>Biblioteca da Universidade Estatual do Rio Grande do Sul (<strong><a href=\"http:\/\/bibliotecauergs.blogspot.com.br\/2011\/05\/livros-de-paulo-freire-disponiveis-para.html\"><span style=\"color: #0000ff\">Obras de Paulo Freir<\/span>e<\/a><\/strong>)<\/li>\n<li><span style=\"color: #0000ff\"><span style=\"color: #000000\">Peri\u00f3dicos:<\/span><\/span><strong><span style=\"color: #0000ff\"> <a style=\"color: #0000ff\" href=\"http:\/\/www.periodicos.capes.gov.br\/index.php?option=com_pmetabusca&amp;mn=70&amp;smn=78&amp;sfx=find-ej-1&amp;type=p&amp;sfx=buscaRapida&amp;Itemid=120\">(CAPES<\/a>)<\/span><\/strong><\/li>\n<li>Literatura Cient\u00edfica e T\u00e9cnica da Am\u00e9rica Latina e Caribe (<strong><span style=\"color: #0000ff\"><a style=\"color: #0000ff\" href=\"http:\/\/lilacs.bvsalud.org\/\">LILACS<\/a><\/span><\/strong>)<\/li>\n<li><span style=\"color: #0000ff\"><span style=\"color: #666699\"><span style=\"color: #000000\">Reposit\u00f3rio da FGV (<\/span><\/span><\/span><span style=\"color: #000000\"><span style=\"color: #0000ff\"><strong><a style=\"color: #0000ff\" href=\"http:\/\/bibliotecadigital.fgv.br\/ojs\/\">Peri\u00f3dicos e Revistas<\/a><\/strong><\/span>)<\/span><\/li>\n<li><span style=\"color: #0000ff\"><span style=\"color: #000000\">Portal de Revistas Cient\u00edficas<\/span> <span style=\"color: #000000\">(<\/span><strong><a style=\"color: #0000ff\" href=\"http:\/\/portal.revistas.bvs.br\/\">Ci\u00eancias da Sa\u00fade<\/a><\/strong>) <span style=\"color: #000000\">\/ (Revista Eletr\u00f4nica: <\/span><strong><a style=\"color: #0000ff\" href=\"http:\/\/www.scielo.br\/scielo.php?script=sci_home&amp;lng=pt&amp;nrm=iso\">SciELO<\/a><\/strong><span style=\"color: #000000\">)<\/span><\/span><\/li>\n<li>Portal Revista da Universidade de S\u00e3o Paulo (<strong><span style=\"text-decoration: underline\"><a style=\"color: #0000ff;text-decoration: underline\" href=\"http:\/\/www.revistas.usp.br\/wp\/\">USP<\/a><\/span><\/strong>)<\/li>\n<li><span style=\"font-family: Arial;color: #0000ff\"><span style=\"color: #000000\">Anu\u00e1rio Estat\u00edstico (<\/span><\/span><span style=\"font-family: Arial;color: #0000ff\"><strong><span style=\"text-decoration: underline\"><a style=\"color: #0000ff;text-decoration: underline\" href=\"https:\/\/uspdigital.usp.br\/anuario\/AnuarioControle\">USP<\/a><\/span><\/strong>)<\/span><\/li>\n<li>Literatura Cient\u00edfica e T\u00e9cnica da Am\u00e9rica Latina e Caribe (<strong><span style=\"color: #0000ff\"><a style=\"color: #0000ff\" href=\"http:\/\/lilacs.bvsalud.org\/\">LILACS<\/a><\/span><\/strong>)<\/li>\n<li><\/li>\n<\/ul>\n<p style=\"text-align: justify\"><span style=\"font-family: Arial\"><strong>Artigo Cient\u00edfico\u00a0<\/strong>(P<strong>ublica\u00e7\u00e3o Online<\/strong>) com foco na Educa\u00e7\u00e3o (Qualidade do Ensino) promovendo as descobertas educacionais (cognitivo, psicomotor, \u00e9tico e reflex\u00e3o cr\u00edtica) e incentivando a colabora\u00e7\u00e3o entre os pesquisadores (Educa\u00e7\u00e3o Participativa) todos podem participar indicando uma &#8220;<strong>Biblioteca \u00a0Digital<\/strong>&#8221; \u00a0de Livre Acesso para a Equipe: <strong><span style=\"color: #0000ff\"><a style=\"color: #0000ff\" href=\"http:\/\/sites.usp.br\/ebt\/forp-expediente-encicl-bras-teleodontol\/\">E_mail<\/a><\/span><\/strong><\/span><\/p>\n<hr \/>\n<p style=\"text-align: justify\"><strong><span style=\"font-size: 10px\"><em><span style=\"color: #ff0000;font-size: 14px\">\u2666\u00a0<\/span><\/em>Editor: Luiz Carlos Pardini<\/span><\/strong><\/p>\n<div style=\"text-align: justify\" align=\"justify\">\n<div style=\"text-align: center\" align=\"justify\">\n<address style=\"text-align: right\">\n<hr \/>\n<hr \/>\n<\/address>\n<\/div>\n<\/div>\n","protected":false},"excerpt":{"rendered":"<p>\u2666 Equipe Editorial: Orienta\u00e7\u00f5es Pedag\u00f3gicas p\u00e1gina 1 Enci. Bras. Teleodontol., ISSN 2448-1181 Artigo Cient\u00edfico\u00a0(Publica\u00e7\u00e3o Online) [&hellip;]<\/p>\n","protected":false},"author":58,"featured_media":0,"parent":16323,"menu_order":0,"comment_status":"open","ping_status":"closed","template":"","meta":{"footnotes":"","_links_to":"","_links_to_target":""},"class_list":["post-16344","page","type-page","status-publish","hentry"],"_links":{"self":[{"href":"https:\/\/sites.usp.br\/ebt\/index.php?rest_route=\/wp\/v2\/pages\/16344","targetHints":{"allow":["GET"]}}],"collection":[{"href":"https:\/\/sites.usp.br\/ebt\/index.php?rest_route=\/wp\/v2\/pages"}],"about":[{"href":"https:\/\/sites.usp.br\/ebt\/index.php?rest_route=\/wp\/v2\/types\/page"}],"author":[{"embeddable":true,"href":"https:\/\/sites.usp.br\/ebt\/index.php?rest_route=\/wp\/v2\/users\/58"}],"replies":[{"embeddable":true,"href":"https:\/\/sites.usp.br\/ebt\/index.php?rest_route=%2Fwp%2Fv2%2Fcomments&post=16344"}],"version-history":[{"count":5,"href":"https:\/\/sites.usp.br\/ebt\/index.php?rest_route=\/wp\/v2\/pages\/16344\/revisions"}],"predecessor-version":[{"id":21898,"href":"https:\/\/sites.usp.br\/ebt\/index.php?rest_route=\/wp\/v2\/pages\/16344\/revisions\/21898"}],"up":[{"embeddable":true,"href":"https:\/\/sites.usp.br\/ebt\/index.php?rest_route=\/wp\/v2\/pages\/16323"}],"wp:attachment":[{"href":"https:\/\/sites.usp.br\/ebt\/index.php?rest_route=%2Fwp%2Fv2%2Fmedia&parent=16344"}],"curies":[{"name":"wp","href":"https:\/\/api.w.org\/{rel}","templated":true}]}}