{"id":16347,"date":"2016-11-24T09:28:51","date_gmt":"2016-11-24T11:28:51","guid":{"rendered":"http:\/\/sites.usp.br\/ebt\/?page_id=16347"},"modified":"2017-05-14T18:17:17","modified_gmt":"2017-05-14T21:17:17","slug":"usp-biblioteca-digital-da-teses-e-dissertacoes-divulgacao-globalizada","status":"publish","type":"page","link":"https:\/\/sites.usp.br\/ebt\/?page_id=16347","title":{"rendered":"USP: Biblioteca Digital da (Teses e Disserta\u00e7\u00f5es) &#8211; Divulga\u00e7\u00e3o Globalizada"},"content":{"rendered":"<address><em><span style=\"color: #ff0000;font-size: 14px\"><em>\u2666 <\/em><\/span><\/em><span style=\"color: #ff0000\"><span style=\"color: #ff0000\"><span style=\"font-size: 10px\"><strong><span style=\"color: #0000ff\"><em><span style=\"color: #ff0000\"><em><strong><span style=\"color: #000000;font-size: 14px\">Equipe Editorial: Orienta\u00e7\u00f5es Pedag\u00f3gicas <\/span><\/strong><\/em><\/span><\/em><\/span><\/strong><\/span><\/span><\/span><\/address>\n<hr \/>\n<hr \/>\n<address style=\"text-align: right\"><strong><span style=\"font-size: 10px\">p\u00e1gina 1<br \/>\n<\/span><\/strong><\/address>\n<hr \/>\n<p style=\"text-align: center\"><span style=\"font-size: 10px\"><strong>Enc. Bras. Teleodontol<\/strong>., <\/span><span style=\"font-size: 10px;color: #000000\"> <strong><a style=\"color: #000000\" href=\"http:\/\/portal.issn.org\/cgi-bin\/gw\/chameleon?sessionid=2016032820555001707&amp;skin=restricted&amp;lng=en&amp;inst=consortium&amp;host=localhost%2b5000%2bDEFAULT&amp;patronhost=localhost%205000%20DEFAULT&amp;searchid=1&amp;sourcescreen=INITREQ&amp;pos=1&amp;itempos=1&amp;rootsearch=SCAN&amp;function=INITREQ&amp;search=AUTHID&amp;authid=8973029&amp;authidu=43\">ISSN 2448-1181<\/a><\/strong><\/span><\/p>\n<hr \/>\n<p style=\"text-align: justify\"><span style=\"font-family: Arial\"><strong><span style=\"color: #0000ff\">\u00a0<\/span><\/strong><span style=\"color: #000000\">A <strong>Biblioteca Digital<\/strong> (<\/span><\/span><span style=\"font-family: Arial\"><strong><span style=\"color: #0000ff\"><a style=\"color: #0000ff\" href=\"http:\/\/www.teses.usp.br\/index.php?option=com_content&amp;view=article&amp;id=49&amp;Itemid=64&amp;lang=pt-br\">Tese e Disserta\u00e7\u00e3o<\/a><\/span><\/strong><\/span><span style=\"font-family: Arial\">) da <\/span><span style=\"font-family: Arial\"><strong>Universidade de S\u00e3o Paulo <\/strong>(<span style=\"color: #0000ff\"><strong><a style=\"color: #0000ff\" href=\"http:\/\/www5.usp.br\/\">USP<\/a><\/strong><\/span>), <\/span><span style=\"font-family: Arial\">com interatividade ampliando a Educa\u00e7\u00e3o Superior, refletindo as atitudes, as habilidades, as condutas, os procedimentos dos Docentes (Educadores), Pesquisadores e Alunos (Educando:P\u00f3s-Gradua\u00e7\u00e3o) associada com crescimento profissional contribuindo com o impacto de consulta global.\u00a0<\/span><span style=\"font-family: Arial\">A <strong>Biblioteca Digital<\/strong> da <strong>USP<\/strong> (Teses e Disserta\u00e7\u00f5es) amplamente favorecido com Livre Acesso na Internet. As produ\u00e7\u00f5es acad\u00eamicas (T\u00e9cnica e Cient\u00edfica) dos produzido pelos trabalhos defendido.\u00a0<\/span><span style=\"font-family: Arial\">A <strong>Biblioteca Digital<\/strong>\u00a0(<strong>USP)\u00a0<\/strong>\u00a0\u00e9 uma plataforma virtual<strong>\u00a0<\/strong>de fonte cient\u00edfica r\u00e1pida e f\u00e1cil de consulta .\u00a0<\/span><\/p>\n<p style=\"text-align: justify\"><span style=\"font-family: Arial\">Neste s\u00e9culo XXI as informa\u00e7\u00f5es contidas no Anu\u00e1rio Estat\u00edstico estimula a\u00e7\u00f5es educacionais (Ambiente Colaborativo de Aprendizagem): Livre Acesso. <strong>Biblioteca Digital<\/strong> \u00e9 fundamental neste s\u00e9culo XXI com as a\u00e7\u00f5es educacionais construtivas. \u00a0<\/span><\/p>\n<hr \/>\n<p style=\"text-align: justify\"><strong><span style=\"font-size: 10px\"><em><span style=\"color: #ff0000;font-size: 14px\">\u2666 <\/span><\/em>EDITOR: Luiz Carlos Pardini<br \/>\n<\/span><\/strong><\/p>\n<div style=\"text-align: justify\" align=\"justify\">\n<div style=\"text-align: center\" align=\"justify\">\n<address style=\"text-align: right\">\n<hr \/>\n<hr \/>\n<\/address>\n<\/div>\n<\/div>\n<p style=\"text-align: justify\"><span style=\"font-family: Arial\"><strong>\u00a0<\/strong><\/span><\/p>\n","protected":false},"excerpt":{"rendered":"<p>\u2666 Equipe Editorial: Orienta\u00e7\u00f5es Pedag\u00f3gicas p\u00e1gina 1 Enc. Bras. Teleodontol., ISSN 2448-1181 \u00a0A Biblioteca Digital [&hellip;]<\/p>\n","protected":false},"author":58,"featured_media":0,"parent":16323,"menu_order":0,"comment_status":"open","ping_status":"closed","template":"","meta":{"footnotes":"","_links_to":"","_links_to_target":""},"class_list":["post-16347","page","type-page","status-publish","hentry"],"_links":{"self":[{"href":"https:\/\/sites.usp.br\/ebt\/index.php?rest_route=\/wp\/v2\/pages\/16347","targetHints":{"allow":["GET"]}}],"collection":[{"href":"https:\/\/sites.usp.br\/ebt\/index.php?rest_route=\/wp\/v2\/pages"}],"about":[{"href":"https:\/\/sites.usp.br\/ebt\/index.php?rest_route=\/wp\/v2\/types\/page"}],"author":[{"embeddable":true,"href":"https:\/\/sites.usp.br\/ebt\/index.php?rest_route=\/wp\/v2\/users\/58"}],"replies":[{"embeddable":true,"href":"https:\/\/sites.usp.br\/ebt\/index.php?rest_route=%2Fwp%2Fv2%2Fcomments&post=16347"}],"version-history":[{"count":4,"href":"https:\/\/sites.usp.br\/ebt\/index.php?rest_route=\/wp\/v2\/pages\/16347\/revisions"}],"predecessor-version":[{"id":21761,"href":"https:\/\/sites.usp.br\/ebt\/index.php?rest_route=\/wp\/v2\/pages\/16347\/revisions\/21761"}],"up":[{"embeddable":true,"href":"https:\/\/sites.usp.br\/ebt\/index.php?rest_route=\/wp\/v2\/pages\/16323"}],"wp:attachment":[{"href":"https:\/\/sites.usp.br\/ebt\/index.php?rest_route=%2Fwp%2Fv2%2Fmedia&parent=16347"}],"curies":[{"name":"wp","href":"https:\/\/api.w.org\/{rel}","templated":true}]}}