{"id":16350,"date":"2016-11-24T09:30:59","date_gmt":"2016-11-24T11:30:59","guid":{"rendered":"http:\/\/sites.usp.br\/ebt\/?page_id=16350"},"modified":"2017-05-19T15:21:25","modified_gmt":"2017-05-19T18:21:25","slug":"usp-portal-de-revista-acesso-livre-inclusao-digital","status":"publish","type":"page","link":"https:\/\/sites.usp.br\/ebt\/?page_id=16350","title":{"rendered":"USP (Portal de Revista): Acesso Livre &#8211; Inclus\u00e3o Digital"},"content":{"rendered":"<address><em><span style=\"color: #ff0000;font-size: 14px\"><em>\u2666 <\/em><\/span><\/em><span style=\"color: #ff0000\"><span style=\"color: #ff0000\"><span style=\"font-size: 10px\"><strong><span style=\"color: #0000ff\"><em><span style=\"color: #ff0000\"><em><strong><span style=\"color: #000000;font-size: 14px\">Equipe Editorial: Orienta\u00e7\u00f5es Pedag\u00f3gicas <\/span><\/strong><\/em><\/span><\/em><\/span><\/strong><\/span><\/span><\/span><\/address>\n<hr \/>\n<hr \/>\n<address style=\"text-align: right\"><strong><span style=\"font-size: 10px\">Informativo<br \/>\n<\/span><\/strong><\/address>\n<hr \/>\n<p style=\"text-align: center\"><span style=\"font-size: 10px\"><strong>Enc. Bras. Teleodontol<\/strong>., ISSN 2448-1181<\/span><\/p>\n<hr \/>\n<p style=\"text-align: justify\"><span style=\"font-family: Arial\"><span style=\"color: #0000ff\"><strong> <a style=\"color: #0000ff\" href=\"http:\/\/www.revistas.usp.br\/wp\/\">Portal de Revista<\/a> <\/strong><\/span>da\u00a0 Universidade de S\u00e3o Paulo (<strong>USP<\/strong>) com as publica\u00e7\u00e3o online (Biblioteca Digital) \u00e9 um instrumento pedag\u00f3gico facilitador do Ensino e da Aprendizagem em Educa\u00e7\u00e3o com interatividade ampliando a Educa\u00e7\u00e3o, refletindo as atitudes, habilidades, condutas, procedimentos em Inclus\u00e3o Digital e globaliza\u00e7\u00e3o. Gest\u00e3o Educadora efetiva estimula a\u00e7\u00e3o educacional (Ambiente Colaborativo de Aprendizagem): Livre Acesso.A Educa\u00e7\u00e3o (Qualidade do Ensino) promove as descobertas educacionais (cognitivo, psicomotor, \u00e9tico e reflex\u00e3o cr\u00edtica) incentivando a colabora\u00e7\u00e3o entre os participantes e os autores educacionais (Educa\u00e7\u00e3o Participativa)..<\/span><\/p>\n<hr \/>\n<p style=\"text-align: justify\"><strong><span style=\"font-size: 10px\"><em><span style=\"color: #ff0000;font-size: 14px\">\u2666 <\/span><\/em>Editor: Luiz Carlos Pardini<\/span><\/strong><\/p>\n<div style=\"text-align: justify\" align=\"justify\">\n<div style=\"text-align: center\" align=\"justify\">\n<address style=\"text-align: right\">\n<hr \/>\n<hr \/>\n<\/address>\n<\/div>\n<\/div>\n","protected":false},"excerpt":{"rendered":"<p>\u2666 Equipe Editorial: Orienta\u00e7\u00f5es Pedag\u00f3gicas Informativo Enc. Bras. Teleodontol., ISSN 2448-1181 Portal de Revista da\u00a0 [&hellip;]<\/p>\n","protected":false},"author":58,"featured_media":0,"parent":16323,"menu_order":0,"comment_status":"open","ping_status":"closed","template":"","meta":{"footnotes":"","_links_to":"","_links_to_target":""},"class_list":["post-16350","page","type-page","status-publish","hentry"],"_links":{"self":[{"href":"https:\/\/sites.usp.br\/ebt\/index.php?rest_route=\/wp\/v2\/pages\/16350","targetHints":{"allow":["GET"]}}],"collection":[{"href":"https:\/\/sites.usp.br\/ebt\/index.php?rest_route=\/wp\/v2\/pages"}],"about":[{"href":"https:\/\/sites.usp.br\/ebt\/index.php?rest_route=\/wp\/v2\/types\/page"}],"author":[{"embeddable":true,"href":"https:\/\/sites.usp.br\/ebt\/index.php?rest_route=\/wp\/v2\/users\/58"}],"replies":[{"embeddable":true,"href":"https:\/\/sites.usp.br\/ebt\/index.php?rest_route=%2Fwp%2Fv2%2Fcomments&post=16350"}],"version-history":[{"count":4,"href":"https:\/\/sites.usp.br\/ebt\/index.php?rest_route=\/wp\/v2\/pages\/16350\/revisions"}],"predecessor-version":[{"id":21949,"href":"https:\/\/sites.usp.br\/ebt\/index.php?rest_route=\/wp\/v2\/pages\/16350\/revisions\/21949"}],"up":[{"embeddable":true,"href":"https:\/\/sites.usp.br\/ebt\/index.php?rest_route=\/wp\/v2\/pages\/16323"}],"wp:attachment":[{"href":"https:\/\/sites.usp.br\/ebt\/index.php?rest_route=%2Fwp%2Fv2%2Fmedia&parent=16350"}],"curies":[{"name":"wp","href":"https:\/\/api.w.org\/{rel}","templated":true}]}}