{"id":16362,"date":"2016-11-24T10:45:32","date_gmt":"2016-11-24T12:45:32","guid":{"rendered":"http:\/\/sites.usp.br\/ebt\/?page_id=16362"},"modified":"2016-11-24T11:11:58","modified_gmt":"2016-11-24T13:11:58","slug":"biblioteca-digial-lilac","status":"publish","type":"page","link":"https:\/\/sites.usp.br\/ebt\/?page_id=16362","title":{"rendered":"Portal de Revistas Cient\u00edficas: Ci\u00eancias da Sa\u00fade"},"content":{"rendered":"<address><em><span style=\"color: #ff0000;font-size: 14px\"><em>\u2666 <\/em><\/span><\/em><span style=\"color: #ff0000\"><span style=\"color: #ff0000\"><span style=\"font-size: 10px\"><strong><span style=\"color: #0000ff\"><em><span style=\"color: #ff0000\"><em><strong><span style=\"color: #000000;font-size: 14px\">Equipe Editorial: Orienta\u00e7\u00f5es Pedag\u00f3gicas <\/span><\/strong><\/em><\/span><\/em><\/span><\/strong><\/span><\/span><\/span><\/address>\n<hr \/>\n<hr \/>\n<address style=\"text-align: right\"><strong><span style=\"font-size: 10px\">p\u00e1gina 1<br \/>\n<\/span><\/strong><\/address>\n<hr \/>\n<p style=\"text-align: center\"><span style=\"font-size: 10px\"><strong>Enc. Bras. Teleodontol<\/strong>., <\/span><span style=\"font-size: 10px;color: #000000\"> <strong><a style=\"color: #000000\" href=\"http:\/\/portal.issn.org\/cgi-bin\/gw\/chameleon?sessionid=2016032820555001707&amp;skin=restricted&amp;lng=en&amp;inst=consortium&amp;host=localhost%2b5000%2bDEFAULT&amp;patronhost=localhost%205000%20DEFAULT&amp;searchid=1&amp;sourcescreen=INITREQ&amp;pos=1&amp;itempos=1&amp;rootsearch=SCAN&amp;function=INITREQ&amp;search=AUTHID&amp;authid=8973029&amp;authidu=43\">ISSN 2448-1181<\/a><\/strong><\/span><\/p>\n<hr \/>\n<p style=\"text-align: justify\"><span style=\"font-family: Arial\"><strong> Publica\u00e7\u00e3o Online <\/strong>(Biblioteca Digital) com interatividade ampliando a Educa\u00e7\u00e3o, refletindo as atitudes, habilidades, condutas, procedimentos (&#8220;<em>maneira de ser<\/em>&#8220;) do Educador (&#8220;<em>motivar a encontrar o conhecimento<\/em>&#8220;). <\/span><\/p>\n<p style=\"text-align: justify\"><span style=\"font-family: Arial\">Gest\u00e3o Educadora efetiva estimula a\u00e7\u00e3o educacional (Ambiente Colaborativo de Aprendizagem): Livre Acesso<\/span><\/p>\n<p style=\"text-align: justify\"><span style=\"font-family: Arial\">No Ensino e Aprendizado c<\/span><span style=\"font-family: Arial\">om destaque existe as <strong>Bibliotecas Digitais<\/strong>: <\/span><span style=\"color: #0000ff\"><span style=\"color: #000000\">Portal de Revistas Cient\u00edficas:<\/span><\/span><\/p>\n<ul>\n<li style=\"text-align: center\"><span style=\"color: #0000ff\"><span style=\"color: #000000\">\u00a0 <strong><span style=\"color: #0000ff\"><a style=\"color: #0000ff\" href=\"http:\/\/portal.revistas.bvs.br\/\">Ci\u00eancias da Sa\u00fade<\/a><\/span><\/strong><\/span> <span style=\"color: #000000\">(<\/span><strong><a style=\"color: #0000ff\" href=\"http:\/\/portal.revistas.bvs.br\/\">Ci\u00eancias da Sa\u00fade<\/a><\/strong>) <\/span><\/li>\n<\/ul>\n<div class=\"container\"><\/div>\n<p style=\"text-align: justify\"><span style=\"font-family: Arial\">Livre Acesso contribui para a incentivar a <strong>Aprendizagem Significativa<\/strong> e conduz o <strong>Modelo de Gest\u00e3o em Educa\u00e7\u00e3o<\/strong>.<\/span><\/p>\n<p style=\"text-align: justify\"><span style=\"font-family: Arial\">A Educa\u00e7\u00e3o (Qualidade do Ensino) promove as descobertas educacionais (cognitivo, psicomotor, \u00e9tico e reflex\u00e3o cr\u00edtica) incentivando a colabora\u00e7\u00e3o entre os participantes e os autores educacioais (Educa\u00e7\u00e3o Participativa). <\/span><\/p>\n<p style=\"text-align: justify\"><span style=\"font-family: Arial\">Motivar a busca on-line conduzem para a Educa\u00e7\u00e3o Transformadora, transcendendo a modalidade da Biblioteca alojada em espa\u00e7o f\u00edsico (exemplo: <strong><span style=\"color: #0000ff\"><a style=\"color: #0000ff\" href=\"http:\/\/www.bcrp.prefeiturarp.usp.br\/\">Biblioteca Central da USP<\/a><\/span><\/strong>).<\/span><\/p>\n<p style=\"text-align: justify\"><span style=\"font-family: Arial\"><strong>Biblioteca Digital<\/strong> \u00e9 fundamental neste s\u00e9culo XXI com as a\u00e7\u00f5es educacionais construtivas [1,2,3,4].<\/span><\/p>\n<hr \/>\n<p style=\"text-align: justify\"><strong><span style=\"font-size: 10px\">REFER\u00caNCIAS<\/span><\/strong><\/p>\n<div style=\"text-align: justify\" align=\"justify\">\n<div align=\"justify\"><span style=\"font-size: 10px\">1. BRASIL &#8211; Diretrizes e Bases da Educa\u00e7\u00e3o Nacional, 1996. [<span style=\"color: #0000ff\"><strong><a href=\"http:\/\/sites.usp.br\/ebt\/wp-content\/uploads\/sites\/44\/2014\/11\/Lei_9.394.pdf\"><span style=\"color: #0000ff\">Lei 9.394<\/span><\/a><\/strong><\/span>]<\/span><\/div>\n<div align=\"justify\"><span style=\"font-size: 10px\">2. BRASIL &#8211; Diretrizes Curriculares Nacionais do Curso de Gradua\u00e7\u00e3o em Odontologia, 2002. [<span style=\"color: #0000ff\"><strong><a href=\"http:\/\/sites.usp.br\/ebt\/wp-content\/uploads\/sites\/44\/2014\/11\/Resolu\u00e7\u00e3o-19-02-2002.pdf\"><span style=\"color: #0000ff\">Resolu\u00e7\u00e3o CNE\/CES 3<\/span><\/a><\/strong><\/span>]<\/span><\/div>\n<div align=\"justify\"><span style=\"font-size: 10px\">3. World Health Organization: International Statistical Classification of Diseases and Related Health Problems, Tenth Revision Instruction Manual. Geneva, World Health Organization, 2004. [<span style=\"color: #0000ff\"><strong><a href=\"http:\/\/sites.usp.br\/ebt\/wp-content\/uploads\/sites\/44\/2014\/11\/ICD10-2010.pdf\"><span style=\"color: #0000ff\">ICD<\/span><\/a><\/strong><\/span>] <\/span><\/div>\n<div align=\"justify\"><span style=\"font-size: 10px\">4. World Health Organization. [<span style=\"color: #0000ff\"><strong><a href=\"http:\/\/www.who.int\/en\/\"><span style=\"color: #0000ff\">WHO<\/span><\/a><\/strong><\/span>] casa<\/span><\/div>\n<div style=\"text-align: center\" align=\"justify\">\n<address style=\"text-align: right\">\n<hr \/>\n<hr \/>\n<\/address>\n<\/div>\n<\/div>\n","protected":false},"excerpt":{"rendered":"<p>\u2666 Equipe Editorial: Orienta\u00e7\u00f5es Pedag\u00f3gicas p\u00e1gina 1 Enc. Bras. Teleodontol., ISSN 2448-1181 Publica\u00e7\u00e3o Online (Biblioteca [&hellip;]<\/p>\n","protected":false},"author":58,"featured_media":0,"parent":16323,"menu_order":0,"comment_status":"open","ping_status":"closed","template":"","meta":{"footnotes":"","_links_to":"","_links_to_target":""},"class_list":["post-16362","page","type-page","status-publish","hentry"],"_links":{"self":[{"href":"https:\/\/sites.usp.br\/ebt\/index.php?rest_route=\/wp\/v2\/pages\/16362","targetHints":{"allow":["GET"]}}],"collection":[{"href":"https:\/\/sites.usp.br\/ebt\/index.php?rest_route=\/wp\/v2\/pages"}],"about":[{"href":"https:\/\/sites.usp.br\/ebt\/index.php?rest_route=\/wp\/v2\/types\/page"}],"author":[{"embeddable":true,"href":"https:\/\/sites.usp.br\/ebt\/index.php?rest_route=\/wp\/v2\/users\/58"}],"replies":[{"embeddable":true,"href":"https:\/\/sites.usp.br\/ebt\/index.php?rest_route=%2Fwp%2Fv2%2Fcomments&post=16362"}],"version-history":[{"count":5,"href":"https:\/\/sites.usp.br\/ebt\/index.php?rest_route=\/wp\/v2\/pages\/16362\/revisions"}],"predecessor-version":[{"id":16390,"href":"https:\/\/sites.usp.br\/ebt\/index.php?rest_route=\/wp\/v2\/pages\/16362\/revisions\/16390"}],"up":[{"embeddable":true,"href":"https:\/\/sites.usp.br\/ebt\/index.php?rest_route=\/wp\/v2\/pages\/16323"}],"wp:attachment":[{"href":"https:\/\/sites.usp.br\/ebt\/index.php?rest_route=%2Fwp%2Fv2%2Fmedia&parent=16362"}],"curies":[{"name":"wp","href":"https:\/\/api.w.org\/{rel}","templated":true}]}}