{"id":16365,"date":"2016-11-24T10:48:09","date_gmt":"2016-11-24T12:48:09","guid":{"rendered":"http:\/\/sites.usp.br\/ebt\/?page_id=16365"},"modified":"2017-05-16T14:23:20","modified_gmt":"2017-05-16T17:23:20","slug":"bvs-biblioteca-virtual-de-saude-acessibilidade-virtual","status":"publish","type":"page","link":"https:\/\/sites.usp.br\/ebt\/?page_id=16365","title":{"rendered":"BVS (Biblioteca Virtual de Sa\u00fade): Acessibilidade Virtual"},"content":{"rendered":"<address><em><span style=\"color: #ff0000;font-size: 14px\"><em>\u2666 <\/em><\/span><\/em><span style=\"color: #ff0000\"><span style=\"color: #ff0000\"><span style=\"font-size: 10px\"><strong><span style=\"color: #0000ff\"><em><span style=\"color: #ff0000\"><em><strong><span style=\"color: #000000;font-size: 14px\">Equipe Editorial: Orienta\u00e7\u00f5es Pedag\u00f3gicas <\/span><\/strong><\/em><\/span><\/em><\/span><\/strong><\/span><\/span><\/span><\/address>\n<hr \/>\n<hr \/>\n<address style=\"text-align: right\"><strong><span style=\"font-size: 10px\">Informativo<br \/>\n<\/span><\/strong><\/address>\n<hr \/>\n<p style=\"text-align: center\"><span style=\"font-size: 10px\"><strong>Enc. Bras. Teleodontol<\/strong>., ISSN \u00a0\u00a0 24148-1181<\/span><\/p>\n<hr \/>\n<p style=\"text-align: justify\"><span style=\"font-family: Arial\"><strong><span style=\"color: #0000ff\"> <a style=\"color: #0000ff\" href=\"http:\/\/brasil.bvs.br\/\">BVS<\/a><\/span>: Publica\u00e7\u00e3o Online <\/strong>(Biblioteca Digital) com interatividade ampliando a Educa\u00e7\u00e3o, refletindo as atitudes, habilidades, condutas, procedimentos (&#8220;<em>maneira de ser<\/em>&#8220;) do Educador (&#8220;<em>motivar a encontrar o conhecimento<\/em>&#8220;).\u00a0<\/span><span style=\"font-family: Arial\">Gest\u00e3o Educadora efetiva estimula a\u00e7\u00e3o educacional (Ambiente Colaborativo de Aprendizagem): Livre Acesso\u00a0<\/span><span style=\"font-family: Arial\">No Ensino e Aprendizado<\/span><\/p>\n<p style=\"text-align: justify\"><span style=\"font-family: Arial\">Neste s\u00e9culo de inova\u00e7\u00f5es tecnl\u00f3gicas e cient\u00edficas ampliando o Ensino e Aprendizado. <\/span><span style=\"text-align: justify\"><br \/>\n<\/span><\/p>\n<hr \/>\n<p style=\"text-align: justify\"><strong><span style=\"font-size: 10px\">Editor: Luiz Carlos Pardini<\/span><\/strong><\/p>\n<div style=\"text-align: justify\" align=\"justify\">\n<div style=\"text-align: center\" align=\"justify\">\n<address style=\"text-align: right\">\n<hr \/>\n<hr \/>\n<\/address>\n<\/div>\n<\/div>\n","protected":false},"excerpt":{"rendered":"<p>\u2666 Equipe Editorial: Orienta\u00e7\u00f5es Pedag\u00f3gicas Informativo Enc. Bras. Teleodontol., ISSN \u00a0\u00a0 24148-1181 BVS: Publica\u00e7\u00e3o Online [&hellip;]<\/p>\n","protected":false},"author":58,"featured_media":0,"parent":16323,"menu_order":0,"comment_status":"open","ping_status":"closed","template":"","meta":{"footnotes":"","_links_to":"","_links_to_target":""},"class_list":["post-16365","page","type-page","status-publish","hentry"],"_links":{"self":[{"href":"https:\/\/sites.usp.br\/ebt\/index.php?rest_route=\/wp\/v2\/pages\/16365","targetHints":{"allow":["GET"]}}],"collection":[{"href":"https:\/\/sites.usp.br\/ebt\/index.php?rest_route=\/wp\/v2\/pages"}],"about":[{"href":"https:\/\/sites.usp.br\/ebt\/index.php?rest_route=\/wp\/v2\/types\/page"}],"author":[{"embeddable":true,"href":"https:\/\/sites.usp.br\/ebt\/index.php?rest_route=\/wp\/v2\/users\/58"}],"replies":[{"embeddable":true,"href":"https:\/\/sites.usp.br\/ebt\/index.php?rest_route=%2Fwp%2Fv2%2Fcomments&post=16365"}],"version-history":[{"count":4,"href":"https:\/\/sites.usp.br\/ebt\/index.php?rest_route=\/wp\/v2\/pages\/16365\/revisions"}],"predecessor-version":[{"id":21857,"href":"https:\/\/sites.usp.br\/ebt\/index.php?rest_route=\/wp\/v2\/pages\/16365\/revisions\/21857"}],"up":[{"embeddable":true,"href":"https:\/\/sites.usp.br\/ebt\/index.php?rest_route=\/wp\/v2\/pages\/16323"}],"wp:attachment":[{"href":"https:\/\/sites.usp.br\/ebt\/index.php?rest_route=%2Fwp%2Fv2%2Fmedia&parent=16365"}],"curies":[{"name":"wp","href":"https:\/\/api.w.org\/{rel}","templated":true}]}}