{"id":16392,"date":"2016-11-24T11:18:49","date_gmt":"2016-11-24T13:18:49","guid":{"rendered":"http:\/\/sites.usp.br\/ebt\/?page_id=16392"},"modified":"2017-05-12T17:31:58","modified_gmt":"2017-05-12T20:31:58","slug":"fgv-repositorio-dos-periodicos-e-revistas","status":"publish","type":"page","link":"https:\/\/sites.usp.br\/ebt\/?page_id=16392","title":{"rendered":"FGV: Reposit\u00f3rio dos Peri\u00f3dicos e Revistas"},"content":{"rendered":"<address><em><span style=\"color: #ff0000;font-size: 14px\"><em>\u2666 <\/em><\/span><\/em><span style=\"color: #ff0000\"><span style=\"color: #ff0000\"><span style=\"font-size: 10px\"><strong><span style=\"color: #0000ff\"><em><span style=\"color: #ff0000\"><em><strong><span style=\"color: #000000;font-size: 14px\">Equipe Editorial: Orienta\u00e7\u00f5es Pedag\u00f3gicas <\/span><\/strong><\/em><\/span><\/em><\/span><\/strong><\/span><\/span><\/span><\/address>\n<hr \/>\n<hr \/>\n<address style=\"text-align: right\"><strong><span style=\"font-size: 10px\">p\u00e1gina 1<br \/>\n<\/span><\/strong><\/address>\n<hr \/>\n<p style=\"text-align: center\"><span style=\"font-size: 10px\"><strong>Enc. Bras. Teleodontol<\/strong>., <\/span><span style=\"font-size: 10px;color: #000000\"> <strong><a style=\"color: #000000\" href=\"http:\/\/portal.issn.org\/cgi-bin\/gw\/chameleon?sessionid=2016032820555001707&amp;skin=restricted&amp;lng=en&amp;inst=consortium&amp;host=localhost%2b5000%2bDEFAULT&amp;patronhost=localhost%205000%20DEFAULT&amp;searchid=1&amp;sourcescreen=INITREQ&amp;pos=1&amp;itempos=1&amp;rootsearch=SCAN&amp;function=INITREQ&amp;search=AUTHID&amp;authid=8973029&amp;authidu=43\">ISSN 2448-1181<\/a><\/strong><\/span><\/p>\n<hr \/>\n<p style=\"text-align: justify\"><span style=\"font-family: Arial\"><strong><span style=\"color: #0000ff\"><a style=\"color: #0000ff\" href=\"http:\/\/bibliotecadigital.fgv.br\/ojs\/index.php\/index?searchInitial=A&amp;sort=title\">Revistas e Peri\u00f3dicos<\/a><\/span><\/strong>\u00a0faz parte do acervo da Funda\u00e7\u00e3o Get\u00falio Vargas (<strong><span style=\"color: #0000ff\"><a style=\"color: #0000ff\" href=\"http:\/\/portal.fgv.br\/\">FVG<\/a><\/span><\/strong>) \u00a0\u00a0<\/span><span style=\"font-family: Arial\">, disponibiliza a <\/span><span style=\"font-family: Arial\"><strong>Base de Dados Online, <\/strong>periodicamente, atualizado (Biblioteca Digital).\u00a0Neste s\u00e9culo XXI as informa\u00e7\u00f5es estimulam a\u00e7\u00f5es educacionais (Ambiente Colaborativo de Aprendizagem): Livre Acesso. <strong>Biblioteca Digital<\/strong> \u00e9 fundamental neste s\u00e9culo XXI com as a\u00e7\u00f5es educacionais construtivas.<\/span><\/p>\n<p style=\"text-align: justify\"><span style=\"font-family: Arial\">Livre Acesso contribui para a incentivar a <strong>Aprendizagem Significativa<\/strong> e conduz o <strong>Modelo de Gest\u00e3o em Educa\u00e7\u00e3o<\/strong>. <\/span><span style=\"font-family: Arial\">A Educa\u00e7\u00e3o (Qualidade do Ensino) promove as descobertas educacionais (cognitivo, psicomotor, \u00e9tico e reflex\u00e3o cr\u00edtica) incentivando a colabora\u00e7\u00e3o entre os participantes e os autores educacionais (Educa\u00e7\u00e3o Participativa). <\/span><span style=\"font-family: Arial\">Motivar a busca on-line conduzem para a Educa\u00e7\u00e3o Transformadora. alojada em espa\u00e7o f\u00edsico.\u00a0<\/span><\/p>\n<hr \/>\n<p style=\"text-align: justify\"><strong><span style=\"font-size: 10px\"><em><span style=\"color: #ff0000;font-size: 14px\">\u2666 <\/span><\/em>EDITOR: Luiz Carlos Pardini<br \/>\n<\/span><\/strong><\/p>\n<div style=\"text-align: justify\" align=\"justify\">\n<div style=\"text-align: center\" align=\"justify\">\n<address style=\"text-align: right\">\n<hr \/>\n<hr \/>\n<\/address>\n<\/div>\n<\/div>\n","protected":false},"excerpt":{"rendered":"<p>\u2666 Equipe Editorial: Orienta\u00e7\u00f5es Pedag\u00f3gicas p\u00e1gina 1 Enc. Bras. Teleodontol., ISSN 2448-1181 Revistas e Peri\u00f3dicos\u00a0faz [&hellip;]<\/p>\n","protected":false},"author":58,"featured_media":0,"parent":16323,"menu_order":0,"comment_status":"open","ping_status":"closed","template":"","meta":{"footnotes":"","_links_to":"","_links_to_target":""},"class_list":["post-16392","page","type-page","status-publish","hentry"],"_links":{"self":[{"href":"https:\/\/sites.usp.br\/ebt\/index.php?rest_route=\/wp\/v2\/pages\/16392","targetHints":{"allow":["GET"]}}],"collection":[{"href":"https:\/\/sites.usp.br\/ebt\/index.php?rest_route=\/wp\/v2\/pages"}],"about":[{"href":"https:\/\/sites.usp.br\/ebt\/index.php?rest_route=\/wp\/v2\/types\/page"}],"author":[{"embeddable":true,"href":"https:\/\/sites.usp.br\/ebt\/index.php?rest_route=\/wp\/v2\/users\/58"}],"replies":[{"embeddable":true,"href":"https:\/\/sites.usp.br\/ebt\/index.php?rest_route=%2Fwp%2Fv2%2Fcomments&post=16392"}],"version-history":[{"count":5,"href":"https:\/\/sites.usp.br\/ebt\/index.php?rest_route=\/wp\/v2\/pages\/16392\/revisions"}],"predecessor-version":[{"id":21747,"href":"https:\/\/sites.usp.br\/ebt\/index.php?rest_route=\/wp\/v2\/pages\/16392\/revisions\/21747"}],"up":[{"embeddable":true,"href":"https:\/\/sites.usp.br\/ebt\/index.php?rest_route=\/wp\/v2\/pages\/16323"}],"wp:attachment":[{"href":"https:\/\/sites.usp.br\/ebt\/index.php?rest_route=%2Fwp%2Fv2%2Fmedia&parent=16392"}],"curies":[{"name":"wp","href":"https:\/\/api.w.org\/{rel}","templated":true}]}}