{"id":16402,"date":"2016-11-24T11:38:12","date_gmt":"2016-11-24T13:38:12","guid":{"rendered":"http:\/\/sites.usp.br\/ebt\/?page_id=16402"},"modified":"2017-05-16T14:38:32","modified_gmt":"2017-05-16T17:38:32","slug":"lilacs-biblioteca-virtual-de-saude-inclusao-digital","status":"publish","type":"page","link":"https:\/\/sites.usp.br\/ebt\/?page_id=16402","title":{"rendered":"LILACS (Biblioteca Virtual de Sa\u00fade): Inclus\u00e3o Digital"},"content":{"rendered":"<address><em><span style=\"color: #ff0000;font-size: 14px\"><em>\u2666 <\/em><\/span><\/em><span style=\"color: #ff0000\"><span style=\"color: #ff0000\"><span style=\"font-size: 10px\"><strong><span style=\"color: #0000ff\"><em><span style=\"color: #ff0000\"><em><strong><span style=\"color: #000000;font-size: 14px\">Equipe Editorial: Orienta\u00e7\u00f5es Pedag\u00f3gicas <\/span><\/strong><\/em><\/span><\/em><\/span><\/strong><\/span><\/span><\/span><\/address>\n<hr \/>\n<hr \/>\n<address style=\"text-align: right\"><strong><span style=\"font-size: 10px\">Informativo<br \/>\n<\/span><\/strong><\/address>\n<hr \/>\n<p style=\"text-align: center\"><span style=\"font-size: 10px\"><strong>Enc. Bras. Teleodontol<\/strong>., ISNNJ 2448-1181<\/span><\/p>\n<hr \/>\n<p style=\"text-align: justify\"><span style=\"font-family: Arial\"><strong><span style=\"color: #0000ff\"> <a style=\"color: #0000ff\" href=\"http:\/\/lilacs.bvsalud.org\/\">LILACS<\/a><\/span> <\/strong>(<strong>Literatura Cient\u00edfica e T\u00e9cnica da Am\u00e9rica Latina e Caribe<\/strong>) fornece <strong>Publica\u00e7\u00e3o Online <\/strong>(Biblioteca Digital) com interatividade ampliando a Educa\u00e7\u00e3o.<\/span><\/p>\n<hr \/>\n<p style=\"text-align: justify\"><strong><span style=\"font-size: 10px\">Editor: Luiz Carlos Pardini<\/span><\/strong><\/p>\n<div style=\"text-align: justify\" align=\"justify\">\n<div style=\"text-align: center\" align=\"justify\">\n<address style=\"text-align: right\">\n<hr \/>\n<hr \/>\n<\/address>\n<\/div>\n<\/div>\n","protected":false},"excerpt":{"rendered":"<p>\u2666 Equipe Editorial: Orienta\u00e7\u00f5es Pedag\u00f3gicas Informativo Enc. Bras. Teleodontol., ISNNJ 2448-1181 LILACS (Literatura Cient\u00edfica e [&hellip;]<\/p>\n","protected":false},"author":58,"featured_media":0,"parent":16323,"menu_order":0,"comment_status":"open","ping_status":"closed","template":"","meta":{"footnotes":"","_links_to":"","_links_to_target":""},"class_list":["post-16402","page","type-page","status-publish","hentry"],"_links":{"self":[{"href":"https:\/\/sites.usp.br\/ebt\/index.php?rest_route=\/wp\/v2\/pages\/16402","targetHints":{"allow":["GET"]}}],"collection":[{"href":"https:\/\/sites.usp.br\/ebt\/index.php?rest_route=\/wp\/v2\/pages"}],"about":[{"href":"https:\/\/sites.usp.br\/ebt\/index.php?rest_route=\/wp\/v2\/types\/page"}],"author":[{"embeddable":true,"href":"https:\/\/sites.usp.br\/ebt\/index.php?rest_route=\/wp\/v2\/users\/58"}],"replies":[{"embeddable":true,"href":"https:\/\/sites.usp.br\/ebt\/index.php?rest_route=%2Fwp%2Fv2%2Fcomments&post=16402"}],"version-history":[{"count":4,"href":"https:\/\/sites.usp.br\/ebt\/index.php?rest_route=\/wp\/v2\/pages\/16402\/revisions"}],"predecessor-version":[{"id":21865,"href":"https:\/\/sites.usp.br\/ebt\/index.php?rest_route=\/wp\/v2\/pages\/16402\/revisions\/21865"}],"up":[{"embeddable":true,"href":"https:\/\/sites.usp.br\/ebt\/index.php?rest_route=\/wp\/v2\/pages\/16323"}],"wp:attachment":[{"href":"https:\/\/sites.usp.br\/ebt\/index.php?rest_route=%2Fwp%2Fv2%2Fmedia&parent=16402"}],"curies":[{"name":"wp","href":"https:\/\/api.w.org\/{rel}","templated":true}]}}