{"id":16901,"date":"2011-01-01T00:11:17","date_gmt":"2011-01-01T02:11:17","guid":{"rendered":"http:\/\/sites.usp.br\/ebt\/?page_id=16901"},"modified":"2017-02-02T14:46:36","modified_gmt":"2017-02-02T16:46:36","slug":"dente-anterior-restauracao-estetica-ou-cultural","status":"publish","type":"page","link":"https:\/\/sites.usp.br\/ebt\/?page_id=16901","title":{"rendered":"Dente Anterior: Restaura\u00e7\u00e3o Est\u00e9tica ou Cultural?"},"content":{"rendered":"<address><span style=\"color: #ff0000;font-size: 14px\">\u2666\u00a0<\/span><span style=\"color: #ff0000\"><span style=\"color: #000000;font-size: 14px\"><em><strong>Michele Cunha de Souza Muglia <\/strong><\/em><\/span><\/span><span style=\"color: #ff0000\"><strong><span style=\"font-size: 10px\"><span style=\"color: #0000ff\"><em><span style=\"color: #000000;font-size: 14px\">&#8211;<\/span><\/em> <\/span> <span style=\"color: #0000ff\"><span style=\"color: #0000ff\">Curr\u00edculo Lattes<\/span><\/span> <\/span><\/strong><\/span><\/address>\n<address><em><span style=\"color: #ff0000;font-size: 14px\"><em>\u2666\u00a0<\/em><\/span><\/em><span style=\"color: #ff0000\"><span style=\"color: #ff0000\"><span style=\"font-size: 10px\"><strong><span style=\"color: #0000ff\"><em><span style=\"color: #ff0000\"><em><strong><span style=\"color: #000000;font-size: 14px\">Fernando Mandarino &#8211;<\/span><\/strong><\/em><\/span><\/em><\/span><\/strong><\/span><\/span><\/span><span style=\"font-size: 10px;color: #0000ff\"><strong><strong><span style=\"font-size: 10px\"> {<\/span><\/strong><\/strong><\/span><span style=\"font-size: 10px\"><strong><span style=\"color: #0000ff\"><strong><span style=\"font-size: 10px\">E-mailUSP]<\/span><\/strong><span style=\"color: #ff0000\"><strong><span style=\"font-size: 10px\"><span style=\"color: #0000ff\"> <span style=\"font-size: 10px\"><strong><em><em><strong><span style=\"font-size: 14px\">&#8211;<\/span><\/strong><\/em><\/em> <\/strong><\/span> <span style=\"color: #0000ff\">Curr\u00edculo Lattes<\/span><\/span> <\/span><\/strong><\/span> <\/span><\/strong><\/span><\/address>\n<hr \/>\n<hr \/>\n<address style=\"text-align: right\"><strong><span style=\"font-size: 10px\">p\u00e1gina 3<br \/>\n<\/span><\/strong><\/address>\n<hr \/>\n<p style=\"text-align: justify\"><span style=\"font-size: 10px\">MUGLIA, M. C., MANDARINO, F. Dente Anterior: Restaura\u00e7\u00e3o Est\u00e9tica ou Cultural?. Encicl. Bras. Teleodontol., Volume 1 (S\u00e9rie Q): p\u00e1gina 3, janeiro, <\/span><span style=\"font-size: 10px\"> 2011. ISSN 2448-1181,<\/span><\/p>\n<hr \/>\n<p style=\"text-align: justify\"><span style=\"font-family: Arial\">Atualmente, neste s\u00e9culo XXI, crescente demanda por resultados est\u00e9ticos nos consult\u00f3rios odontol\u00f3gicos direciona e estimula o Cirurgi\u00e3o-Dentista pela procurar, cada vez mais, o seu aperfei\u00e7oamento visando o Diagn\u00f3stico, Planejamento, Progn\u00f3stico, Tratamento e Controle (Consultas \/ Vistas Peri\u00f3dicas) com objetivo do Rastreamento Peri\u00f3dico do Trabalho Cl\u00ednico realizado.<\/span><\/p>\n<p style=\"text-align: justify\"><span style=\"font-family: Arial\">Em &#8220;Dente Anterior&#8221; a atua\u00e7\u00e3o do Cirurgi\u00e3o-Dentista na,execu\u00e7\u00e3o dos procedimentos restauradores est\u00e9ticos para obten\u00e7\u00e3o do &#8220;<em>sorriso mais harm\u00f4nico<\/em>&#8221; ou preconizado por uma uma &#8220;cultura&#8221;.<\/span><\/p>\n<p style=\"text-align: justify\"><span style=\"font-family: Arial\"> Cumpre ressaltar que, o valor est\u00e9tico \u00e9 resultado, muitas vezes, do &#8220;<em>padr\u00e3o cultural do indiv\u00edduo na e da autoimagem<\/em>&#8220;. O que \u00e9 considerado \u201cbelo\u201d para uma civiliza\u00e7\u00e3o pode ser extremamente &#8220;feio&#8221; para outra cultura.<\/span><\/p>\n<p style=\"text-align: justify\"><span style=\"font-family: Arial\">O in\u00edcio desse aumento pela procura por resultados est\u00e9ticos \u00e9, inicialmente, fruto de uma vis\u00e3o pioneira de Charles Pincus que, associada \u00e0 necessidade existente na ind\u00fastria do cinema no in\u00edcio dos anos 30, de melhorar a apar\u00eancia est\u00e9tica e\/ou caracterizar o sorriso dos artistas, favoreceu o estabelecimento e a divulga\u00e7\u00e3o de alguns princ\u00edpios e alternativas est\u00e9ticas dentais<\/span><\/p>\n<p style=\"text-align: justify\"><span style=\"font-family: Arial\">H\u00e1 relatos, no entanto, de tratamento dent\u00e1rio est\u00e9tico muito antigo, sendo que 4000 anos atr\u00e1s os japoneses utilizavam um corante decorativo para os dentes, denominado \u201cohaguro\u201d, na Am\u00e9rica a Civiliza\u00e7\u00e3o Maia utilizava incrusta\u00e7\u00f5es de jadeita com finalidade est\u00e9tica.<\/span><\/p>\n<p style=\"text-align: justify\"><span style=\"font-family: Arial\">Cumpre salientar quem nos dias atuais, as pessoas, especialmente os jovens, est\u00e3o procurando o Cirurgi\u00e3o-Dentista tamb\u00e9m para a coloca\u00e7\u00e3o de algum tipo de adorno nos dentes, como os \u201cpiercings\u201d. Fatos estes que comprovam ser a adora\u00e7\u00e3o da beleza vari\u00e1vel com o tempo, seguindo os padr\u00f5es da sociedade em que a pessoa est\u00e1 inserida.<\/span><\/p>\n<p style=\"text-align: justify\"><span style=\"font-family: Arial\">\u00a0Enquanto hoje as mulheres magras representam o padr\u00e3o de beleza, d\u00e9cadas atr\u00e1s eram as obesas as consideradas belas. A est\u00e9tica n\u00e3o \u00e9 absoluta. \u00c9 a ci\u00eancia de copiar ou harmonizar o trabalho com a natureza. \u00c9 a aprecia\u00e7\u00e3o da beleza.Aplica-se o termo est\u00e9tico quando algo \u00e9 visto como agrad\u00e1vel ao est\u00edmulo visual.<\/span><\/p>\n<p style=\"text-align: justify\"><span style=\"font-family: Arial\"> Na odontologia cosm\u00e9tica s\u00e3o empregados todos os artif\u00edcios dos quais o cirurgi\u00e3o-dentista pode lan\u00e7ar m\u00e3o para a obten\u00e7\u00e3o de um melhor resultado est\u00e9tico. Isto \u00e9 realmente v\u00e1lido porque neste momento n\u00e3o estamos restaurando dentes somente, estamos modificando a maneira com a qual o indiv\u00edduo percebe e sente em rela\u00e7\u00e3o ao seu universo de atua\u00e7\u00e3o.<\/span><\/p>\n<p style=\"text-align: justify\"><span style=\"font-family: Arial\"> O mais significativo \u00e9 que o profissional deve ter em mente que a odontologia est\u00e9tica \u00e9 uma ci\u00eancia ou especialidade que deve estar a servi\u00e7o da sa\u00fade. A manuten\u00e7\u00e3o da sa\u00fade periodontal e dental associadas \u00e0 import\u00e2ncia de pensamentos e atitudes multidisciplinares por parte do cirurgi\u00e3o-dentista, al\u00e9m da conscientiza\u00e7\u00e3o, por parte do paciente, de sua intera\u00e7\u00e3o e comprometimento com o tratamento restaurador est\u00e9tico, acrescentam para um bom resultado final. A qualidade est\u00e9tica de uma restaura\u00e7\u00e3o pode ser t\u00e3o importante para a sa\u00fade mental de um paciente, quanto as qualidades t\u00e9cnicas e biol\u00f3gicas da restaura\u00e7\u00e3o o s\u00e3o para a sua sa\u00fade f\u00edsica e dent\u00e1ria. O aprimoramento do conhecimento mediante o conhecimento em multimeios (V\u00eddeos) deve contribuir como instrumento pedag\u00f3gico para auxiliar do Ensino e do Aprendizado da Dent\u00edstica, no Curso de Gradua\u00e7\u00e3o em Odontologia e no Curso de Especializa\u00e7\u00e3o (<strong>MUGLIA<\/strong>, 2007).<\/span><\/p>\n<hr \/>\n<p style=\"text-align: justify\"><strong><span style=\"font-size: 10px\">REFER\u00caNCIAS<br \/>\n<\/span><\/strong><\/p>\n<div style=\"text-align: justify\" align=\"justify\">\n<div align=\"justify\">\n<div align=\"justify\"><span style=\"font-size: 10px\">1. BRASIL &#8211; Diretrizes e Bases da Educa\u00e7\u00e3o Nacional, 1996. [<span style=\"color: #0000ff\"><strong><a style=\"color: #0000ff\" href=\"http:\/\/sites.usp.br\/ebt\/wp-content\/uploads\/sites\/44\/2014\/11\/Lei_9.394.pdf\">Lei 9.394<\/a><\/strong><\/span>]<\/span><\/div>\n<div align=\"justify\"><span style=\"font-size: 10px\">2. BRASIL &#8211; Diretrizes Curriculares Nacionais do Curso de Gradua\u00e7\u00e3o em Odontologia, 2002. [<span style=\"color: #0000ff\"><strong><a style=\"color: #0000ff\" href=\"http:\/\/sites.usp.br\/ebt\/wp-content\/uploads\/sites\/44\/2014\/11\/Resolu\u00e7\u00e3o-19-02-2002.pdf\">Resolu\u00e7\u00e3o CNE\/CES 3<\/a><\/strong><\/span>]<\/span><\/div>\n<div align=\"justify\"><span style=\"font-size: 10px\">3. MUGLIA, M.C.S. Princ\u00edpios est\u00e9ticos em restaura\u00e7\u00f5es anteriores. Monografia apresentada no o Curso de Especializa\u00e7\u00e3o em Dent\u00edstica promivido pela Funda\u00e7\u00e3o Odontol\u00f3gica de Ribeir\u00e3o Preto (<strong><span style=\"color: #0000ff\"><a style=\"color: #0000ff\" href=\"http:\/\/www.funorp.com.br\/\"><span style=\"color: #0000ff\">FUNOR<\/span>P<\/a><\/span><\/strong>). Faculdade de Odontologia de Ribeir\u00e3o Preto, Universidade de S\u00e3o Paulo, 2007.<\/span><\/div>\n<div align=\"justify\"><span style=\"font-size: 10px\">4. World Health Organization. [<span style=\"color: #0000ff\"><strong><a style=\"color: #0000ff\" href=\"http:\/\/www.who.int\/en\/\">WHO<\/a><\/strong><\/span>]<\/span><\/div>\n<\/div>\n<div style=\"text-align: center\" align=\"justify\">\n<address style=\"text-align: right\">\n<hr \/>\n<hr \/>\n<\/address>\n<\/div>\n<\/div>\n<div style=\"text-align: left\" align=\"center\">\n<div style=\"text-align: center\" align=\"center\">\n<div align=\"justify\"><span style=\"font-size: 10px\"><strong><span style=\"text-decoration: underline\">Publicado<\/span>:<\/strong> 3\/01\/2011 &#8211; Enciclop\u00e9dia Brasileira de Teleodontologia &#8211; ISNN 2448-1181<br \/>\n<\/span><\/div>\n<\/div>\n<hr \/>\n<p>&nbsp;<\/p>\n<\/div>\n","protected":false},"excerpt":{"rendered":"<p>\u2666\u00a0Michele Cunha de Souza Muglia &#8211; Curr\u00edculo Lattes \u2666\u00a0Fernando Mandarino &#8211; {E-mailUSP] &#8211; Curr\u00edculo Lattes [&hellip;]<\/p>\n","protected":false},"author":58,"featured_media":0,"parent":14840,"menu_order":0,"comment_status":"open","ping_status":"closed","template":"","meta":{"footnotes":"","_links_to":"","_links_to_target":""},"class_list":["post-16901","page","type-page","status-publish","hentry"],"_links":{"self":[{"href":"https:\/\/sites.usp.br\/ebt\/index.php?rest_route=\/wp\/v2\/pages\/16901","targetHints":{"allow":["GET"]}}],"collection":[{"href":"https:\/\/sites.usp.br\/ebt\/index.php?rest_route=\/wp\/v2\/pages"}],"about":[{"href":"https:\/\/sites.usp.br\/ebt\/index.php?rest_route=\/wp\/v2\/types\/page"}],"author":[{"embeddable":true,"href":"https:\/\/sites.usp.br\/ebt\/index.php?rest_route=\/wp\/v2\/users\/58"}],"replies":[{"embeddable":true,"href":"https:\/\/sites.usp.br\/ebt\/index.php?rest_route=%2Fwp%2Fv2%2Fcomments&post=16901"}],"version-history":[{"count":7,"href":"https:\/\/sites.usp.br\/ebt\/index.php?rest_route=\/wp\/v2\/pages\/16901\/revisions"}],"predecessor-version":[{"id":17125,"href":"https:\/\/sites.usp.br\/ebt\/index.php?rest_route=\/wp\/v2\/pages\/16901\/revisions\/17125"}],"up":[{"embeddable":true,"href":"https:\/\/sites.usp.br\/ebt\/index.php?rest_route=\/wp\/v2\/pages\/14840"}],"wp:attachment":[{"href":"https:\/\/sites.usp.br\/ebt\/index.php?rest_route=%2Fwp%2Fv2%2Fmedia&parent=16901"}],"curies":[{"name":"wp","href":"https:\/\/api.w.org\/{rel}","templated":true}]}}