{"id":16912,"date":"2012-01-12T00:12:59","date_gmt":"2012-01-12T02:12:59","guid":{"rendered":"http:\/\/sites.usp.br\/ebt\/?page_id=16912"},"modified":"2017-07-04T15:54:36","modified_gmt":"2017-07-04T18:54:36","slug":"ansiedade-e-disfuncao-temporomandibular-este-quadro-clinico-altera","status":"publish","type":"page","link":"https:\/\/sites.usp.br\/ebt\/?page_id=16912","title":{"rendered":"Ansiedade e Disfun\u00e7\u00e3o Temporomandibular: Este quadro cl\u00ednico alter\u00e1?"},"content":{"rendered":"<address><em><span style=\"color: #ff0000;font-size: 14px\"><em>\u2666 <\/em><\/span><\/em><span style=\"color: #ff0000\"><span style=\"color: #ff0000\"><span style=\"font-size: 10px\"><strong><span style=\"color: #0000ff\"><em><span style=\"color: #ff0000\"><em><strong><span style=\"color: #000000;font-size: 14px\">Elaine Ang\u00e9lica de Souza Coronatto &#8211; <\/span><\/strong><\/em><\/span><\/em><\/span><\/strong><\/span><\/span><\/span><span style=\"font-size: 10px;color: #0000ff\"><strong><strong><span style=\"font-size: 10px\">Email &#8211; \u00a0Curr\u00edculo Lattes<\/span><\/strong><\/strong><\/span><\/address>\n<address>\n<address><em><span style=\"color: #ff0000;font-size: 14px\">\u2666 <\/span><\/em><span style=\"color: #ff0000\"><span style=\"font-size: 10px\"><strong><span style=\"color: #0000ff\"><em><span style=\"color: #000000;font-size: 14px\">C\u00e9sar \u00a0Bataglion \u00a0&#8211;<\/span><\/em><\/span><\/strong><\/span><\/span><span style=\"color: #ff0000\"><span style=\"color: #ff0000\"><span style=\"font-size: 10px\"><strong><span style=\"color: #0000ff\">\u00a0 E-mial &#8211; \u00a0<\/span><\/strong><\/span><\/span><\/span><span style=\"font-size: 10px;color: #0000ff\"><strong><strong><span style=\"font-size: 10px\">Curr\u00edculo Lattes <\/span><\/strong><\/strong><\/span><\/address>\n<\/address>\n<hr \/>\n<hr \/>\n<address style=\"text-align: right\"><strong><span style=\"font-size: 10px\">p\u00e1gina 6 <\/span><\/strong><\/address>\n<hr \/>\n<p style=\"text-align: justify\"><span style=\"font-size: 10px\">CORONATTO, E.A.S.; BATAGLION, C \u00a0 \u00a0 \u00a0 \u00a0 \u00a0?. Encicl. Bras. Teleodontol., Volume 1 (S\u00e9rie Q): p\u00e1gina 6, janeiro, <\/span><span style=\"font-size: 10px\"> 2011,<\/span> <span style=\"color: #000000\"><span style=\"font-size: 10px\">ISSN 2448-1181<\/span> <\/span><\/p>\n<hr \/>\n<p style=\"text-align: justify\"><span style=\"font-family: Arial\"> Disfun\u00e7\u00e3o Temporomandibular (DTM) tem etiologia multifatorial. Muito se tem estudado a respeito dos fatores psicol\u00f3gicos envolvidos e como intervir na somatiza\u00e7\u00e3o das altera\u00e7\u00f5es emocionais dos indiv\u00edduos.<\/span><\/p>\n<p style=\"text-align: justify\"><span style=\"font-family: Arial\">CORONATTO e BATAGLION \u00a0(2000) \u00a0estudaram 12 indiv\u00edduos sem disfun\u00e7\u00e3o temporomandibular (DTM) e 24 pacientes portadores de DTM, classificados pelo \u00cdndice Anamn\u00e9sico (CORONATTO, BATAGLION \u00a02000). A<\/span><span style=\"font-family: Arial\">valiaram o quanto o fator ansiedade pode interferir no quadro de DTM e se os tratamentos institu\u00eddos, tais como placa miorrelaxante e avalia\u00e7\u00e3o cl\u00ednica, podem alterar os n\u00edveis de ansiedade e a amplitude dos movimentos mandibulares.<\/span><\/p>\n<p style=\"text-align: justify\"><span style=\"font-family: Arial\"> Os n\u00edveis de ansiedade, avaliados pelo Invent\u00e1rio de Ansiedade Tra\u00e7o-Estado (IDATE), e a mensura\u00e7\u00e3o dos movimentos de abertura bucal, lateralidade direita e esquerda e protrus\u00e3o foram realizados no in\u00edcio da terapia e 90 dias ap\u00f3s o seu t\u00e9rmino. O tratamento com placa miorrelaxante foi realizado apenas no grupo constitu\u00eddo de 12 pacientes com DTM. \u00a0 Os resultados cl\u00ednicos e estat\u00edsticos indicaram que, no in\u00edcio do estudo, os grupos com DTM eram mais ansiosos que o grupo sem DTM e as m\u00e9dias das excurs\u00f5es mandibulares eram menores nos grupos com DTM. \u00a0Ao final das avalia\u00e7\u00f5es, o grupo sem DTM n\u00e3o apresentou altera\u00e7\u00e3o do quadro inicial. O grupo com DTM, que recebeu apenas avalia\u00e7\u00f5es cl\u00ednicas, teve aumento do estado de ansiedade e manuten\u00e7\u00e3o das m\u00e9dias das amplitudes dos movimentos mandibulares. J\u00e1 o grupo com DTM, ap\u00f3s tratamento com placa miorrelaxante, teve os n\u00edveis de ansiedade (tra\u00e7o e estado) diminu\u00eddos, com par\u00e2metros semelhantes aos do grupo sem DTM. Neste grupo, as m\u00e9dias dos movimentos mandibulares de abertura bucal, lateralidade direita e esquerda aumentaram significativamente. Por\u00e9m, a protrus\u00e3o mandibular manteve-se, em m\u00e9dia, sem altera\u00e7\u00e3o significativa. \u00a0De acordo com os dados obtidos, pode-se concluir que a Placa Oclusal \u00e9 um tratamento efetivo para melhorar os n\u00edveis de ansiedade do indiv\u00edduo, a amplitude dos movimentos mandibulares e minimizar, ou mesmo, desaparecer com a dor muscular e articular, restabelecendo a fun\u00e7\u00e3o do sistema estomatogn\u00e1tico. As atualiza\u00e7\u00f5es das informa\u00e7\u00f5es (T\u00e9cnicas e Cient\u00edficas) \u00e9 de fundamental import\u00e2ncia, pois os conhecimentos sobre a Placa Oclusal (Placa Mio-Relaxante), tamb\u00e9m pode ser encontrado as express\u00f5es de Placa Mio Relaxante e Placa \u00a0Miorrelaxante contribuir\u00e3o para a Sa\u00fade Bucal do paciente, permitindo a efetividade da a\u00e7\u00e3o do Tratamento da Dor Orofacial (CORONATTO e BATAGLION, 2000).<\/span><\/p>\n<p style=\"text-align: justify\"><span style=\"font-family: Arial;line-height: 1.5\">Cumpre ressaltar que, a Placa de Mordida Mio-Relaxante (Placa Miorrelaxante ou Mio Relaxante) tem sido usada, em Odontologia, como um dos m\u00e9todos auxiliares do Diagn\u00f3stico e do Tratamento das Desordens Temporomandibulares (DTM) desde que obedecidos os crit\u00e9rios para Instala\u00e7\u00e3o da Placa Mio-Relaxante (BATAGLION 2005). \u00a0\u00a0<\/span><\/p>\n<hr \/>\n<p style=\"text-align: justify\"><strong><span style=\"font-size: 10px\">REFER\u00caNCIAS<br \/>\n<\/span><\/strong><\/p>\n<div style=\"text-align: justify\" align=\"justify\">\n<div align=\"justify\"><span style=\"font-size: 10px\">1.BATAGLION C. Avalia\u00e7\u00e3o da Posi\u00e7\u00e3o do C\u00f4ndilo na Fossa Mandibular, por meio de Radiografias Transcranianas, utilizando o M\u00e9todo Original de Maia Campos. Tese de Doutorado em Odontoligua (Reabilita\u00e7\u00e3o Oral). Faculdade de Odontologia de Ribeir\u00e3o Preto, Universidade de S\u00e3o Paulo,1994. [Orientador: Luiz de Jesus Nunes]<br \/>\n2. BATAGLION C. Oclus\u00e3o Dental: Placa Oclusal (Informa\u00e7\u00f5es B\u00e1sicas). Rev Bras Teleodonto 1(1):65-70, jan.\/ fev., 2005.<br \/>\n3. CORONATTO EAS, BATAGLION C. Avalia\u00e7\u00e3o dos n\u00edveis de ansiedade e da sintomatologia dolorosa e da amplitude dos movimentos mandibulares em indiv\u00edduos antes e ap\u00f3s o tratamento com placa mio-relaxante. Rev Bras Pr\u00f3tese Clinica e Laboratorial 2(7):67-81, 2000.<\/span><\/div>\n<div style=\"text-align: center\" align=\"justify\">\n<address style=\"text-align: right\">\n<hr \/>\n<hr \/>\n<\/address>\n<\/div>\n<\/div>\n<div style=\"text-align: left\" align=\"center\">\n<div style=\"text-align: center\" align=\"center\">\n<div align=\"justify\"><span style=\"font-size: 10px\"><strong><span style=\"text-decoration: underline\">Publicado<\/span>:<\/strong> 06\/01\/2011- Enciclop\u00e9dia Brasileira de Teleodontologia &#8211; ISNN 2448-1181<br \/>\n<\/span><\/div>\n<\/div>\n<hr \/>\n<p>&nbsp;<\/p>\n<\/div>\n<p>&nbsp;<\/p>\n","protected":false},"excerpt":{"rendered":"<p>\u2666 Elaine Ang\u00e9lica de Souza Coronatto &#8211; Email &#8211; \u00a0Curr\u00edculo Lattes \u2666 C\u00e9sar \u00a0Bataglion \u00a0&#8211;\u00a0 [&hellip;]<\/p>\n","protected":false},"author":58,"featured_media":0,"parent":14840,"menu_order":0,"comment_status":"open","ping_status":"closed","template":"","meta":{"footnotes":"","_links_to":"","_links_to_target":""},"class_list":["post-16912","page","type-page","status-publish","hentry"],"_links":{"self":[{"href":"https:\/\/sites.usp.br\/ebt\/index.php?rest_route=\/wp\/v2\/pages\/16912","targetHints":{"allow":["GET"]}}],"collection":[{"href":"https:\/\/sites.usp.br\/ebt\/index.php?rest_route=\/wp\/v2\/pages"}],"about":[{"href":"https:\/\/sites.usp.br\/ebt\/index.php?rest_route=\/wp\/v2\/types\/page"}],"author":[{"embeddable":true,"href":"https:\/\/sites.usp.br\/ebt\/index.php?rest_route=\/wp\/v2\/users\/58"}],"replies":[{"embeddable":true,"href":"https:\/\/sites.usp.br\/ebt\/index.php?rest_route=%2Fwp%2Fv2%2Fcomments&post=16912"}],"version-history":[{"count":4,"href":"https:\/\/sites.usp.br\/ebt\/index.php?rest_route=\/wp\/v2\/pages\/16912\/revisions"}],"predecessor-version":[{"id":22921,"href":"https:\/\/sites.usp.br\/ebt\/index.php?rest_route=\/wp\/v2\/pages\/16912\/revisions\/22921"}],"up":[{"embeddable":true,"href":"https:\/\/sites.usp.br\/ebt\/index.php?rest_route=\/wp\/v2\/pages\/14840"}],"wp:attachment":[{"href":"https:\/\/sites.usp.br\/ebt\/index.php?rest_route=%2Fwp%2Fv2%2Fmedia&parent=16912"}],"curies":[{"name":"wp","href":"https:\/\/api.w.org\/{rel}","templated":true}]}}