{"id":16982,"date":"2016-12-29T12:06:31","date_gmt":"2016-12-29T14:06:31","guid":{"rendered":"http:\/\/sites.usp.br\/ebt\/?page_id=16982"},"modified":"2017-02-02T14:47:38","modified_gmt":"2017-02-02T16:47:38","slug":"protese-total-metodos-de-higiene-mecanico-ou-quimico","status":"publish","type":"page","link":"https:\/\/sites.usp.br\/ebt\/?page_id=16982","title":{"rendered":"M\u00e9todos de Higiene (Pr\u00f3tese Total): Mec\u00e2nico e\/ou Qu\u00edmico?"},"content":{"rendered":"<address><span style=\"color: #ff0000;font-size: 14px\">\u2666 <\/span><span style=\"color: #ff0000\"><span style=\"color: #000000;font-size: 14px\"><em><strong>Danilo Balero Sorgini <\/strong><\/em><\/span><\/span><span style=\"color: #ff0000\"><strong><span style=\"font-size: 10px\"><span style=\"color: #0000ff\"><em><span style=\"color: #000000;font-size: 14px\">&#8211;<\/span><\/em> <\/span> <span style=\"color: #0000ff\"><span style=\"color: #0000ff\">Curr\u00edculo Lattes<\/span><\/span> <\/span><\/strong><\/span><\/address>\n<address><em><span style=\"color: #ff0000;font-size: 14px\"><em>\u2666 <\/em><\/span><\/em><span style=\"color: #ff0000\"><span style=\"color: #ff0000\"><span style=\"font-size: 10px\"><strong><span style=\"color: #0000ff\"><em><span style=\"color: #ff0000\"><em><strong><span style=\"color: #000000;font-size: 14px\">Valdir Antonio Muglia &#8211;<\/span><\/strong><\/em><\/span><\/em><\/span><\/strong><\/span><\/span><\/span><span style=\"font-size: 10px;color: #0000ff\"><strong><strong><span style=\"font-size: 10px\"> {<\/span><\/strong><\/strong><\/span><span style=\"font-size: 10px\"><strong><span style=\"color: #0000ff\"><strong><span style=\"font-size: 10px\">E-mailUSP]<\/span><\/strong><span style=\"color: #ff0000\"><strong><span style=\"font-size: 10px\"><span style=\"color: #0000ff\"> <span style=\"font-size: 10px\"><strong><em><em><strong><span style=\"font-size: 14px\">&#8211;<\/span><\/strong><\/em><\/em> <\/strong><\/span> <span style=\"color: #0000ff\">Curr\u00edculo Lattes<\/span><\/span> <\/span><\/strong><\/span> <\/span><\/strong><\/span><\/address>\n<hr \/>\n<hr \/>\n<address style=\"text-align: right\"><strong><span style=\"font-size: 10px\">p\u00e1gina 4<br \/>\n<\/span><\/strong><\/address>\n<hr \/>\n<p style=\"text-align: justify\"><span style=\"font-size: 10px\">SORGINI, D.B., MUGLIA, V.A. M\u00e9todos de Higiene (Pr\u00f3tese Total): Mec\u00e2nico e\/ou Qu\u00edmico?. Encicl. Bras. Teleodontol., Volume 1 (S\u00e9rie Q): p\u00e1gina 4, janeiro, <\/span><span style=\"font-size: 10px\"> 2011. ISSN 2448-1181,<\/span><\/p>\n<hr \/>\n<p style=\"font-family: Arial;text-align: justify\"><span style=\"font-family: Arial\">A literatura evidencia que uma efetiva higieniza\u00e7\u00e3o de pr\u00f3teses totais pode ser alcan\u00e7ada com o uso do m\u00e9todo combinado, ou seja, a associa\u00e7\u00e3o de um m\u00e9todo mec\u00e2nico a um m\u00e9todo qu\u00edmico. Sendo assim, torna-se importante o estudo de poss\u00edveis efeitos adversos \u00e0 resina acr\u00edlica provocados pelo m\u00e9todo combinado de higiene. Ser\u00e1 que estes m\u00e9todos (Mec\u00e2nico e\/ou Qu\u00edmico) provocaria danos (altera\u00e7\u00e3o) \u00e0s propriedades da resina acr\u00edlica do que o uso separado dos m\u00e9todos mec\u00e2nico e qu\u00edmico? <\/span><\/p>\n<p style=\"font-family: Arial;text-align: justify\"><span style=\"font-family: Arial\"><strong>SORGINI<\/strong> (2011) comparou a perda de massa e a altera\u00e7\u00e3o da rugosidade superficial de acr\u00edlico submetido ao m\u00e9todo mec\u00e2nico e combinado de higiene de pr\u00f3teses totais. Sorgini (2011) avaliou a perda de massa e altera\u00e7\u00e3o de rugosidade superficial de corpos de prova em PMMA (Day Brasil) submetidos \u00e0 escova\u00e7\u00e3o (m\u00e9todo mec\u00e2nico) com \u00e1gua e dentifr\u00edcios (Sorriso, Colgate, Polident e Corega) e imers\u00e3o em hipoclorito de s\u00f3dio a 0,5% (DaTerra) (m\u00e9todo combinado), pelo per\u00edodo simulado de um ano. Foram utilizados 72 corpos de prova (90 x 30 x 3 mm) de Plexiglass. O ensaio de escova\u00e7\u00e3o (m\u00e9todo mec\u00e2nico) foi realizado em m\u00e1quina de escova\u00e7\u00e3o (Mavtec), em frequ\u00eancia de 356 rpm, curso da escova (Tek Macia) de 3,8 cent\u00edmetros, peso da sapata de 200 gramas e tempo de 50 minutos (simula\u00e7\u00e3o de 01 ano de escova\u00e7\u00e3o). Como suspens\u00f5es, foram utilizadas \u00e1gua destilada e 04 dentifr\u00edcios (02 convencionais: Sorriso e Colgate; e 02 espec\u00edficos para pr\u00f3teses totais: Polident e Corega). Ap\u00f3s a escova\u00e7\u00e3o, os corpos de prova foram imersos (hipoclorito de s\u00f3dio 0,5% &#8211; NaClO) por 121,6 horas (simula\u00e7\u00e3o de 01 ano de imers\u00e3o, por 20 minutos di\u00e1rios). Foram obtidos 06 grupos, sendo 01 controle (C \u2013 escova\u00e7\u00e3o e imers\u00e3o em \u00e1gua) e 05 experimentais (Ex1 \u2013 \u00e1gua; Ex2 \u2013 Sorriso; Ex3 \u2013 Colgate; Ex4 \u2013 Polident; Ex5 \u2013 Corega; todos imersos em NaClO). A perda de massa foi avaliada pelo m\u00e9todo Gravim\u00e9trico, sendo as pesagens realizadas em balan\u00e7a (Metler Toledo GMbH) antes dos procedimentos de higiene (M1), ap\u00f3s a escova\u00e7\u00e3o (M2) e ap\u00f3s a imers\u00e3o (M3). A altera\u00e7\u00e3o da rugosidade superficial (\u03bcm) foi avaliada por rugos\u00edmetro (Surftest SJ-201P), por meio da obten\u00e7\u00e3o de m\u00e9dia de tr\u00eas leituras (4,0 mm de comprimento e valor de &#8220;cut-off&#8221; de 0,8 mm, a 0,5 mm\/s) antes dos procedimentos de higiene (R1), ap\u00f3s a escova\u00e7\u00e3o (R2) e ap\u00f3s a imers\u00e3o (R3). Os resultados foram submetidos a ANOVA (dois fatores) e teste de Bonferroni (p&lt;0,05). Para a perda de massa, ap\u00f3s os m\u00e9todos mec\u00e2nico e combinado, houve diferen\u00e7a entre os grupos (p&lt;0,05), e os menores valores entre os dentifr\u00edcios, foram obtidos para Ex4 (-0,0072\u00b10,0017 e -0,0108\u00b10,0023, respectivamente); o m\u00e9todo combinado resultou em maior perda de massa que o m\u00e9todo mec\u00e2nico (p0,05).<\/span><\/p>\n<p style=\"font-family: Arial;text-align: justify\"><span style=\"font-family: Arial\"><strong>SORGINI<\/strong> (2011) concluiu que os dentifr\u00edcios utilizados para escova\u00e7\u00e3o causaram perda de massa e altera\u00e7\u00e3o da rugosidade superficial. O m\u00e9todo combinado causou altera\u00e7\u00e3o de rugosidade superficial semelhante ao m\u00e9todo mec\u00e2nico, mas maior perda de massa quando a escova\u00e7\u00e3o foi associada \u00e0 imers\u00e3o em NaClO.<\/span><\/p>\n<hr \/>\n<p style=\"text-align: justify\"><strong><span style=\"font-size: 10px\">REFER\u00caNCIAS<br \/>\n<\/span><\/strong><\/p>\n<div style=\"text-align: justify\" align=\"justify\">\n<div align=\"justify\">\n<div align=\"justify\"><span style=\"font-size: 10px\">1. BRASIL &#8211; Diretrizes e Bases da Educa\u00e7\u00e3o Nacional, 1996. [<span style=\"color: #0000ff\"><strong><a style=\"color: #0000ff\" href=\"http:\/\/sites.usp.br\/ebt\/wp-content\/uploads\/sites\/44\/2014\/11\/Lei_9.394.pdf\">Lei 9.394<\/a><\/strong><\/span>]<\/span><\/div>\n<div align=\"justify\"><span style=\"font-size: 10px\">2. BRASIL &#8211; Diretrizes Curriculares Nacionais do Curso de Gradua\u00e7\u00e3o em Odontologia, 2002. [<span style=\"color: #0000ff\"><strong><a style=\"color: #0000ff\" href=\"http:\/\/sites.usp.br\/ebt\/wp-content\/uploads\/sites\/44\/2014\/11\/Resolu\u00e7\u00e3o-19-02-2002.pdf\">Resolu\u00e7\u00e3o CNE\/CES 3<\/a><\/strong><\/span>]<\/span><\/div>\n<div align=\"justify\"><span style=\"font-size: 10px\">3. SORGINI D.B.\u00a0 Avalia\u00e7\u00e3o da perda de massa e altera\u00e7\u00e3o da rugosidade superficial causada pela associa\u00e7\u00e3o dos m\u00e9todos mec\u00e2nico (escova\u00e7\u00e3o) e qu\u00edmico (imers\u00e3o) de higiene de pr\u00f3teses totais. 2011. Disserta\u00e7\u00e3o (Mestrado) Faculdade de Odontologia de Ribeir\u00e3o Preto, Universidade de S\u00e3o Paulo, Ribeir\u00e3o Preto, 2011 [Orientador: Valdir Antonio Muglia]<br \/>\n<\/span><\/div>\n<div align=\"justify\"><span style=\"font-size: 10px\">4. World Health Organization. [<span style=\"color: #0000ff\"><strong><a style=\"color: #0000ff\" href=\"http:\/\/www.who.int\/en\/\">WHO<\/a><\/strong><\/span>]<\/span><\/div>\n<\/div>\n<div style=\"text-align: center\" align=\"justify\">\n<address style=\"text-align: right\">\n<hr \/>\n<hr \/>\n<\/address>\n<\/div>\n<\/div>\n<div style=\"text-align: justify\" align=\"justify\">\n<div style=\"text-align: center\" align=\"center\">\n<div align=\"justify\"><span style=\"font-size: 10px\"><strong><span style=\"text-decoration: underline\">Recebido<\/span>:<\/strong> 13\/11\/2010 &#8211; <strong><span style=\"text-decoration: underline\">Reformulado<\/span>:<\/strong> 15\/11\/2010 &#8211; <strong><span style=\"text-decoration: underline\">Publicado<\/span>:<\/strong> 01\/01\/2011 &#8211; Enciclop\u00e9dia Brasileira de Teleodontologia &#8211; ISNN 2448-1181<br \/>\n<\/span><\/div>\n<\/div>\n<hr \/>\n<\/div>\n","protected":false},"excerpt":{"rendered":"<p>\u2666 Danilo Balero Sorgini &#8211; Curr\u00edculo Lattes \u2666 Valdir Antonio Muglia &#8211; {E-mailUSP] &#8211; Curr\u00edculo [&hellip;]<\/p>\n","protected":false},"author":58,"featured_media":0,"parent":14840,"menu_order":0,"comment_status":"open","ping_status":"closed","template":"","meta":{"footnotes":"","_links_to":"","_links_to_target":""},"class_list":["post-16982","page","type-page","status-publish","hentry"],"_links":{"self":[{"href":"https:\/\/sites.usp.br\/ebt\/index.php?rest_route=\/wp\/v2\/pages\/16982","targetHints":{"allow":["GET"]}}],"collection":[{"href":"https:\/\/sites.usp.br\/ebt\/index.php?rest_route=\/wp\/v2\/pages"}],"about":[{"href":"https:\/\/sites.usp.br\/ebt\/index.php?rest_route=\/wp\/v2\/types\/page"}],"author":[{"embeddable":true,"href":"https:\/\/sites.usp.br\/ebt\/index.php?rest_route=\/wp\/v2\/users\/58"}],"replies":[{"embeddable":true,"href":"https:\/\/sites.usp.br\/ebt\/index.php?rest_route=%2Fwp%2Fv2%2Fcomments&post=16982"}],"version-history":[{"count":6,"href":"https:\/\/sites.usp.br\/ebt\/index.php?rest_route=\/wp\/v2\/pages\/16982\/revisions"}],"predecessor-version":[{"id":17124,"href":"https:\/\/sites.usp.br\/ebt\/index.php?rest_route=\/wp\/v2\/pages\/16982\/revisions\/17124"}],"up":[{"embeddable":true,"href":"https:\/\/sites.usp.br\/ebt\/index.php?rest_route=\/wp\/v2\/pages\/14840"}],"wp:attachment":[{"href":"https:\/\/sites.usp.br\/ebt\/index.php?rest_route=%2Fwp%2Fv2%2Fmedia&parent=16982"}],"curies":[{"name":"wp","href":"https:\/\/api.w.org\/{rel}","templated":true}]}}