{"id":17002,"date":"2017-01-05T10:47:35","date_gmt":"2017-01-05T12:47:35","guid":{"rendered":"http:\/\/sites.usp.br\/ebt\/?page_id=17002"},"modified":"2017-05-30T15:28:24","modified_gmt":"2017-05-30T18:28:24","slug":"laser","status":"publish","type":"page","link":"https:\/\/sites.usp.br\/ebt\/?page_id=17002","title":{"rendered":"Sistema Er:YAG em Odontologia?"},"content":{"rendered":"<address><em><span style=\"color: #ff0000;font-size: 14px\"><em>\u2666\u00a0<\/em><\/span><\/em><span style=\"color: #ff0000\"><span style=\"color: #ff0000\"><span style=\"font-size: 10px\"><strong><span style=\"color: #0000ff\"><em><span style=\"color: #ff0000\"><em><strong><span style=\"color: #000000;font-size: 14px\">Silmara\u00a0 Aparecida\u00a0 Milori\u00a0 Corona &#8211;<\/span><\/strong><\/em><\/span><\/em> <\/span><\/strong><\/span><\/span><\/span><span style=\"font-size: 10px\"><strong><span style=\"color: #0000ff\"><span style=\"color: #ff0000\"><strong><span style=\"font-size: 10px\"><span style=\"color: #000000\"><span style=\"color: #0000ff\"><a style=\"color: #0000ff\" href=\"http:\/\/buscatextual.cnpq.br\/buscatextual\/email.do?metodo=apresentar&amp;seqIdPessoa=354267&amp;nomeDestinatario=Silmara_Aparecida_Milori_Corona\">E-mail<\/a><\/span> <span style=\"color: #ff0000\"><span style=\"color: #ff0000\"><span style=\"font-size: 10px\"><strong><span style=\"color: #0000ff\"><em><span style=\"color: #ff0000\"><em><strong><span style=\"color: #000000;font-size: 14px\">&#8211;<\/span><\/strong><\/em><\/span><\/em> <\/span><\/strong><\/span><\/span><\/span> <\/span><span style=\"color: #0000ff\"><a style=\"color: #0000ff\" href=\"http:\/\/lattes.cnpq.br\/5511064722451607\">Curr\u00edculo Lattes<\/a> <\/span><\/span><\/strong><\/span><\/span><\/strong><\/span><\/address>\n<hr \/>\n<hr \/>\n<address style=\"text-align: right\"><strong><span style=\"font-size: 10px\">p\u00e1gina 5 <\/span><\/strong><\/address>\n<hr \/>\n<p style=\"text-align: justify\"><span style=\"font-size: 10px\">CORONA, S.A.M.: Sistema Er:YAG em Odontologia? Encicl. Bras. Teleodontol., Volume 1 (S\u00e9rie Q): p\u00e1gina 5, janeiro, <\/span><span style=\"font-size: 10px\"> 2011,<\/span> <span style=\"color: #000000\"><span style=\"font-size: 10px\">ISSN 2448-1181<\/span> <\/span><\/p>\n<hr \/>\n<p style=\"text-align: justify\"><span style=\"font-family: Arial\"><strong>Laser Er:YAG<\/strong> remove a estrutura dental (Esmalte e Dentina) por <strong>Processo Termomec\u00e2nico<\/strong> conhecido como <strong>Abla\u00e7\u00e3o<\/strong>, onde a Energia \u00e9 absorvida at\u00e9 a temperatura de vaporiza\u00e7\u00e3o.\u00a0 <\/span><\/p>\n<p style=\"text-align: justify\"><span style=\"font-family: Arial\">Alguns Sistemas de Laser, como <strong>Nd:YAG<\/strong> e <strong>CO2<\/strong>, t\u00eam sido estudados para a remo\u00e7\u00e3o da <strong>Les\u00e3o de C\u00e1rie<\/strong> e preparos cavit\u00e1rios. Entretanto, estes Sistemas de Laser necessitam de alta densidade de energia para vaporizar o substrato dental, podendo ocorrer fus\u00e3o do tecido mineralizado, carboniza\u00e7\u00e3o de subst\u00e2ncias org\u00e2nicas e necrose pulpar, decorrentes dos efeitos t\u00e9rmicos.<\/span><\/p>\n<p style=\"text-align: justify\"><span style=\"font-family: Arial\">A capacidade do laser Er:YAG em ablacionar tecidos duros dentais foi investigada pela primeira vez em 1988 (PAGHDIWALA et al , 1993), que obteve, empregando baixa densidade de energia, resultados favor\u00e1veis para a remo\u00e7\u00e3o de esmalte e dentina, sem o aparecimento de fendas ou carboniza\u00e7\u00e3o, tendo observado pequeno aumento de temperatura (4,3<strong>\u00ba<\/strong> C), mesmo sem a utiliza\u00e7\u00e3o de refrigera\u00e7\u00e3o. <\/span><\/p>\n<p style=\"text-align: justify\"><span style=\"font-family: Arial\">O Laser Er:YAG remove o esmalte e a dentina por um processo termomec\u00e2nico conhecido como abla\u00e7\u00e3o, no qual a energia aplicada \u00e9 absorvida pela \u00e1gua presente nos componentes org\u00e2nicos hidratados dos tecidos, que se aquece at\u00e9 a temperatura de vaporiza\u00e7\u00e3o.<\/span><\/p>\n<p style=\"text-align: justify\"><span style=\"font-family: Arial\">A \u00e1gua vaporizada se expande levando a um aumento na press\u00e3o interna dos tecidos, provocando micro-explos\u00f5es que levam \u00e0 ruptura e elimina\u00e7\u00e3o do substrato em forma de part\u00edculas microsc\u00f3picas. A energia incidente na estrutura dental durante a irradia\u00e7\u00e3o com Laser Er:YAG \u00e9 suficiente apenas para produzir a vaporiza\u00e7\u00e3o da \u00e1gua, sendo a maior parte da energia consumida no processo de abla\u00e7\u00e3o, e, apenas uma pequena fra\u00e7\u00e3o resulta em aquecimento da estrutura dental remanescente. <\/span><\/p>\n<p style=\"text-align: justify\"><span style=\"font-family: Arial\">Utiliza\u00e7\u00e3o do Laser Er:YAG para realiza\u00e7\u00e3o do Preparo Cavit\u00e1rio oferece a vantagem relacionada ao conforto do paciente.<br \/>\nUm modifica\u00e7\u00e3o qu\u00edmica e estrutural no esmalte dental que leva \u00e0 redu\u00e7\u00e3o da solubilidade \u00e1cida, proporcionando \u00e0 superf\u00edcie irradiada, maior resist\u00eancia ao desenvolvimento da C\u00e1rie.<\/span><\/p>\n<p style=\"text-align: justify\"><span style=\"font-family: Arial\"><br \/>\nComo limita\u00e7\u00e3o do Laser Er:YAG \u00e9 que necessita de maior tempo para a realiza\u00e7\u00e3o do preparo cavit\u00e1rio, al\u00e9m de apresentar dificuldade para estabiliza\u00e7\u00e3o do foco durante o preparo cavit\u00e1rio.<\/span><\/p>\n<p style=\"text-align: justify\"><span style=\"font-family: Arial\">Neste s\u00e9culo XXI cumpre ressaltar que a atua\u00e7\u00e3o do Cirurgi\u00e3o &#8211; Dentista, mediante as pesquisas\u00a0 (laboratorial e\/ou cl\u00ednica) tem contribu\u00eddo para a divulga\u00e7\u00e3o do Laser\u00a0 como procedimento acess\u00edvel \u00e0 maioria dos profissionais, por\u00e9m a melhor compreens\u00e3o dos efeitos do Laser Er:YAG poder\u00e1 viabilizar a aplicabilidade deste Sistema em procedimentos cl\u00ednicos espec\u00edficos com destaque para <strong>Ondontologia Consrvativa<\/strong> desenvolvidas em a\u00e7\u00f5es educacionais (Tese e Disserta\u00e7\u00f5es &#8211; <span style=\"color: #0000ff\"><a style=\"color: #0000ff\" href=\"http:\/\/www.teses.usp.br\/index.php?option=com_jumi&amp;fileid=14&amp;Itemid=161&amp;lang=pt-br&amp;id=17A3A978FA81\">Biblioteca Digital<\/a><\/span>) e suporte pedag\u00f3gicos [1,2,3,] \u00a0 <\/span><span style=\"font-family: Arial;line-height: 1.5\"><br \/>\n<\/span><\/p>\n<hr \/>\n<p style=\"text-align: justify\"><strong><span style=\"font-size: 10px\">REFER\u00caNCIAS<br \/>\n<\/span><\/strong><\/p>\n<div style=\"text-align: justify\" align=\"justify\">\n<div align=\"justify\"><span style=\"font-size: 10px\">1. BADER,C. KREJCI, I.. Er:YAG laser applications in dentistry American Journal of Dentistry, 19(3):1789-186, 2006. [<span style=\"color: #0000ff\"><strong><a style=\"color: #0000ff\" href=\"http:\/\/www.amjdent.com\/Archive\/2006\/Bader%20-%20June%202006.pdf\">LINK<\/a><\/strong><\/span>]\u00a0 <\/span><\/div>\n<div align=\"justify\"><span style=\"font-size: 10px\">2. Souza-Gabriel, A. E. ; CHIMELLO-SOUSA, D. T. ; PALMA-DIBB, R. G. ; P\u00c9CORA, J. D. ; CORONA, S. A. M. ; CORONA, S. A. M. . Morphologic assessment of dental surface\/ glass ionomer cement interface: influence of Er:YAG laser pretreatment. RSBO. Revista Sul-Brasileira de Odontologia, v. 9, p. 382, 2012. [<span style=\"color: #0000ff\"><strong><a href=\"http:\/\/revodonto.bvsalud.org\/pdf\/rsbo\/v9n4\/a06v9n4.pdf\">LINK<\/a><\/strong><\/span>].<\/span><\/div>\n<div align=\"justify\"><span style=\"font-size: 10px\">3. ROZENDO, C.A.; CASAGRANDE, L.D.R.; SCHNEIDER, J.F.; PARDINI, J.C. Uma an\u00e1lise das pr\u00e1ticas docentes de professores universit\u00e1rios da \u00e1rea de sa\u00fade. Rev.latino-am.enfermagem, Ribeir\u00e3o Preto, 7( 2): 15-23, abril 1999. [<strong><span style=\"color: #0000ff\"><a style=\"color: #0000ff\" href=\"http:\/\/www.scielo.br\/scielo.php?script=sci_arttext&amp;pid=S0104-11691999000200003&amp;lng=pt&amp;nrm=iso\">LINK<\/a><\/span><\/strong>]<br \/>\n<\/span><\/div>\n<div style=\"text-align: center\" align=\"justify\">\n<address style=\"text-align: right\">\n<hr \/>\n<hr \/>\n<\/address>\n<\/div>\n<\/div>\n<div style=\"text-align: left\" align=\"center\">\n<div style=\"text-align: center\" align=\"center\">\n<div align=\"justify\">\n<p><span style=\"font-size: 10px\"><strong><span style=\"color: #ff0000\"><span style=\"color: #ff0000;font-size: 10px\"><span style=\"color: #ff0000;font-size: 14px\">\u25ca\u00a0<\/span><\/span><\/span>Universidade de S\u00e3o Paulo (<\/strong><\/span><span style=\"font-size: 10px;color: #0000ff\"><strong><a style=\"color: #0000ff\" href=\"http:\/\/www5.usp.br\/\">USP<\/a><\/strong><\/span><span style=\"font-size: 10px\"><strong>), Faculdade de Odontologia de Ribeir\u00e3o Preto (<\/strong><\/span><span style=\"font-size: 10px;color: #0000ff\"><strong><a style=\"color: #0000ff\" href=\"http:\/\/www.forp.usp.br\/\">FORP<\/a><\/strong><\/span><span style=\"font-size: 10px\"><strong>).\u00a0<span style=\"color: #0000ff\"><a style=\"color: #0000ff\" href=\"http:\/\/dgp.cnpq.br\/dgp\/espelhogrupo\/8227517293016423\">Grupo de Pesquisa<\/a><\/span>:\u00a0Odontologia Conservativa (<\/strong><\/span><span style=\"font-size: 10px\"><strong>Respons\u00e1vel<\/strong><\/span><span style=\"font-size: 10px\"><span style=\"font-size: 10px\"><strong>: Profa. Dra. Silmara \u00a0Aparecida \u00a0Milori \u00a0Corona)<br \/>\n<\/strong><\/span><\/span><\/p>\n<hr \/>\n<\/div>\n<div align=\"justify\"><span style=\"font-size: 10px\"><strong><span style=\"text-decoration: underline\">Recebido<\/span>: <\/strong>3\/3\/2012 &#8211; <strong><span style=\"text-decoration: underline\">Publicado<\/span>:<\/strong> 1\/4\/2012 &#8211; Enciclop\u00e9dia Brasileira de Teleodontologia &#8211; ISSN 2448-1181<br \/>\n<\/span><\/div>\n<\/div>\n<hr \/>\n<\/div>\n","protected":false},"excerpt":{"rendered":"<p>\u2666\u00a0Silmara\u00a0 Aparecida\u00a0 Milori\u00a0 Corona &#8211; E-mail &#8211; Curr\u00edculo Lattes p\u00e1gina 5 CORONA, S.A.M.: Sistema Er:YAG [&hellip;]<\/p>\n","protected":false},"author":58,"featured_media":0,"parent":14840,"menu_order":0,"comment_status":"open","ping_status":"closed","template":"","meta":{"footnotes":"","_links_to":"","_links_to_target":""},"class_list":["post-17002","page","type-page","status-publish","hentry"],"_links":{"self":[{"href":"https:\/\/sites.usp.br\/ebt\/index.php?rest_route=\/wp\/v2\/pages\/17002","targetHints":{"allow":["GET"]}}],"collection":[{"href":"https:\/\/sites.usp.br\/ebt\/index.php?rest_route=\/wp\/v2\/pages"}],"about":[{"href":"https:\/\/sites.usp.br\/ebt\/index.php?rest_route=\/wp\/v2\/types\/page"}],"author":[{"embeddable":true,"href":"https:\/\/sites.usp.br\/ebt\/index.php?rest_route=\/wp\/v2\/users\/58"}],"replies":[{"embeddable":true,"href":"https:\/\/sites.usp.br\/ebt\/index.php?rest_route=%2Fwp%2Fv2%2Fcomments&post=17002"}],"version-history":[{"count":5,"href":"https:\/\/sites.usp.br\/ebt\/index.php?rest_route=\/wp\/v2\/pages\/17002\/revisions"}],"predecessor-version":[{"id":22318,"href":"https:\/\/sites.usp.br\/ebt\/index.php?rest_route=\/wp\/v2\/pages\/17002\/revisions\/22318"}],"up":[{"embeddable":true,"href":"https:\/\/sites.usp.br\/ebt\/index.php?rest_route=\/wp\/v2\/pages\/14840"}],"wp:attachment":[{"href":"https:\/\/sites.usp.br\/ebt\/index.php?rest_route=%2Fwp%2Fv2%2Fmedia&parent=17002"}],"curies":[{"name":"wp","href":"https:\/\/api.w.org\/{rel}","templated":true}]}}