{"id":18645,"date":"2011-01-01T00:11:14","date_gmt":"2011-01-01T02:11:14","guid":{"rendered":"http:\/\/sites.usp.br\/ebt\/?page_id=18645"},"modified":"2017-03-30T08:52:16","modified_gmt":"2017-03-30T11:52:16","slug":"ortodontia-a-vertebra-cervical-e-indicador-do-crescimento-pubertario","status":"publish","type":"page","link":"https:\/\/sites.usp.br\/ebt\/?page_id=18645","title":{"rendered":"Ortodontia: A Avalia\u00e7\u00e3o do Crescimento Pubert\u00e1rio"},"content":{"rendered":"<address><span style=\"color: #ff0000;font-size: 14px\">\u2666 <\/span><span style=\"color: #ff0000\"><span style=\"color: #000000;font-size: 14px\"><em><strong>Marcelo Fernandes Segatto <\/strong><\/em><\/span><\/span><span style=\"color: #ff0000\"><strong><span style=\"font-size: 10px\"><span style=\"color: #0000ff\"><span style=\"color: #0000ff\">&#8211; <\/span>E-mail <span style=\"color: #0000ff\">&#8211; <\/span><a href=\"http:\/\/lattes.cnpq.br\/5583366015230478\">Curr\u00edculo Lattes<\/a> <\/span><\/span><\/strong><\/span><span style=\"color: #ff0000\"><strong><span style=\"font-size: 10px\"><span style=\"color: #0000ff\"><span style=\"color: #0000ff\"><br \/>\n<\/span><\/span><\/span><\/strong><\/span><\/address>\n<address><em><span style=\"color: #ff0000;font-size: 14px\"><em>\u2666 <\/em><\/span><\/em><span style=\"color: #ff0000\"><span style=\"color: #ff0000\"><span style=\"font-size: 10px\"><strong><span style=\"color: #0000ff\"><em><span style=\"color: #ff0000\"><em><strong><span style=\"color: #000000;font-size: 14px\">Cristiane Celli Matheus dos Santos Pinto\u00a0 <\/span><\/strong><\/em><\/span><\/em><span style=\"color: #ff0000\"><strong><span style=\"font-size: 10px\"><span style=\"color: #0000ff\"><span style=\"color: #0000ff\">&#8211; <\/span><\/span><\/span><\/strong><\/span><\/span><span style=\"color: #0000ff\"><strong><span style=\"font-size: 10px\"><strong><strong><span style=\"color: #0000ff\">E-mail<\/span> <\/strong><\/strong><\/span><\/strong><\/span><span style=\"color: #0000ff\"><span style=\"color: #ff0000\"><strong><span style=\"font-size: 10px\"><span style=\"color: #0000ff\"><span style=\"color: #0000ff\">&#8211; <\/span><\/span><a href=\"http:\/\/lattes.cnpq.br\/9531998960153929\"><span style=\"color: #0000ff\"><span style=\"color: #0000ff\">Curr\u00edculo Lattes<\/span><\/span> <\/a><\/span><\/strong><\/span><\/span><\/strong><\/span><\/span><\/span><\/address>\n<hr \/>\n<hr \/>\n<address style=\"text-align: right\"><strong><span style=\"font-size: 10px\">p\u00e1gina 1<\/span><\/strong><\/address>\n<hr \/>\n<p style=\"text-align: justify\"><span style=\"font-size: 10px\">SEGATTO, F. M.; SANTOS-PINTO, C. C. M. Ortodontia: A Avalia\u00e7\u00e3o do Crescimento Pubert\u00e1rio. Encicl. Bras. Teleodontol., Volume 1 (S\u00e9rie O): p\u00e1gina 1, janeiro , 2011.\u00a0 ISNN 2448-1181<strong><br \/>\n<\/strong><\/span><\/p>\n<hr \/>\n<p style=\"text-align: justify\"><span style=\"font-family: Arial\">O conjunto de procedimentos na investiga\u00e7\u00f5es do <strong>Surto de Crescimento Puberal<\/strong> (SCP) objetiva orientar e esclarecer (paciente e familiares) e contribui para o Diagn\u00f3stico,\u00a0 Progn\u00f3stico,\u00a0 Planejamento e o Tratamento em Ortodontia. <\/span><\/p>\n<p style=\"text-align: justify\"><span style=\"font-family: Arial\">No humano as v\u00e9rtebras e a cabe\u00e7a s\u00e3o unidas ao tronco (corpo) pela medula espinhal composta por 7 v\u00e9rtebras cervicais e acompanham o trajeto do \u201cpesco\u00e7o\u201d ( uni\u00e3o entre a &#8220;cabe\u00e7a&#8221; ao &#8220;tronco&#8221;). Neste trajeto existe 7 v\u00e9rtebras cervicais, limite com\u00a0 Cr\u00e2nio, Clav\u00edculas e\u00a0 Por\u00e7\u00e3o Inferior (ou posterior) da Coluna Vertebral, sustentado por m\u00fasculos. No humano apresenta as duas primeiras v\u00e9rtebras cervicais at\u00edpicas (&#8220;atlas&#8221; &#8211; C1 e &#8220;\u00c1xis&#8221; &#8211; C2),\u00a0 e a \u00faltima cervical (V\u00e9rtebra Proeminente &#8211; C7). Coluna Vertebral (r\u00e1quis) \u00e9 composta pela superposi\u00e7\u00e3o das estruturas \u00f3sseas isoladas entre si, sendo denominados \u201cV\u00e9rtebras\u201d. Cumpre ressaltar que, anatomicamente a parte superior, articula com a estrutura \u00f3ssea da base\u00a0 do Cr\u00e2nio (\u201cOsso Occipital\u201d) e na parte inferior, articula com o osso localizado no Quadril (\u201cOsso Il\u00edaco\u201d). A Coluna Vertebral \u00e9 dividida em 4 regi\u00f5es (sentido superior para inferior) V\u00e9rtebras: 7 Cervicais; 12 Tor\u00e1cicas, 5 Lombares e Sacro-Cocc\u00edgea (5 V\u00e9rtebras Sacrais e cerca de 4 V\u00e9rtebras Cocc\u00edgeas). No humano o est\u00e1gio de maturidade \u00f3ssea, o crescimento e o desenvolvimento da crian\u00e7a s\u00e3o fundamentais sendo que v\u00e1rios indicadores e caracter\u00edsticas t\u00eam sido considerados tais como: peso, estatura, idade \u00f3ssea e idade dent\u00e1ria (Anatomia Dental). Estes indicadores comparados com valores padr\u00f5es sinalizados pela\u00a0 Literatura Cient\u00edfica [<strong>SEGATTO<\/strong>, 2005] demonstrando (grandes grupos de crian\u00e7as saud\u00e1veis) podem estar associados a outros fatores (diversidades gen\u00e9ticas e diferen\u00e7as no n\u00edvel nutricional). Entretanto, as Tabelas de Valores que relacionam peso, estatura e Idade Cronol\u00f3gica, ainda que apropriadas para determinado grupo de crian\u00e7as nas quais foram originalmente baseadas, s\u00e3o raramente satisfat\u00f3rio quando aplicados a outros grupos de crian\u00e7as [<strong>SEGATTO<\/strong>, 2005]. Crescimento humano possui caracter\u00edsticas pr\u00f3prias, com curso de aproximadamente de 20 anos com per\u00edodos de acelera\u00e7\u00e3o ao seu longo crescimento. O aumento em estatura e crescimento humano, mais evidente ocorre na adolesc\u00eancia (<strong>Surto de Crescimento Puberal<\/strong> &#8211; <strong>SCP<\/strong>), com import\u00e2ncia na atividade cl\u00ednica, especialmente para a <strong>Ortodontia<\/strong>, quando atua como orientador no planejamento dos tratamentos. Existe rela\u00e7\u00e3o entre crescimento, estatura e o Crescimento Facial, por isso h\u00e1 necessidade de avaliar a \u00e9poca do SCP, pois o mesmo processo de crescimento esta ocorrendo no crescimento craniofacial. Com base nesta avalia\u00e7\u00e3o do SCP, considera-se a <strong>Idade \u00d3ssea<\/strong> que \u00e9 registro fiel em rela\u00e7\u00e3o a <strong>Idade Biol\u00f3gica<\/strong>, para determina\u00e7\u00e3o dos est\u00e1gios de crescimento e de desenvolvimento Craniofacial. Entre as pesquisa realizadas ao longo de d\u00e9cadas, profissionais da sa\u00fade est\u00e3o apresentando resultados que contribuem para o desenvolvimento dos m\u00e9todos para detectar a realidade \u00f3ssea mediante avalia\u00e7\u00f5es empregando o <strong>M\u00e9todo da Imagenologia<\/strong> (Radiografias: Carpal e ou Telerradiografia). Cumpre enfatizar que, existe sempre a preocupa\u00e7\u00e3o em rela\u00e7\u00e3o a exposi\u00e7\u00e3o aos Raios X (Biosseguran\u00e7a &#8211; Radioprote\u00e7\u00e3o), ponderando os benef\u00edcios\u00a0 que fazem parte da Documenta\u00e7\u00e3o Ortod\u00f4ntica antes, durante e ap\u00f3s o Tratamento.<br \/>\n<\/span><\/p>\n<p style=\"text-align: justify\"><span style=\"font-family: Arial\">Neste s\u00e9culo XXI Encontros Cient\u00edficos (Congressos, Simp\u00f3sios, Palestras), Cursos (Atualiza\u00e7\u00e3o, Especializa\u00e7\u00e3o, P\u00f3s-Gradua\u00e7\u00e3o) e as atualiza\u00e7\u00e3o em publica\u00e7\u00f5es (impressas e online) ampliam os conhecimentos t\u00e9cnicos e cient\u00edficos e s\u00e3o fundamentais para o profissional, Cirurgi\u00e3o-Dentista. <\/span> <span style=\"font-family: Arial\"><br \/>\n<\/span><\/p>\n<div style=\"text-align: left\" align=\"center\">\n<div style=\"text-align: center\" align=\"center\">\n<hr \/>\n<\/div>\n<p><strong><span style=\"font-size: 10px\">REFER\u00caNCIAS<\/span><\/strong><\/p>\n<\/div>\n<div style=\"text-align: justify\" align=\"justify\">\n<div align=\"justify\"><span style=\"font-size: 10px\">1.\u00a0SEGATTO, M.F. Diagn\u00f3stico do crescimento puberal atrav\u00e9s da telerradiografia. Monografia. (Aperfei\u00e7oamento\/Especializa\u00e7\u00e3o em Especializa\u00e7\u00e3o em Ortodontia e Ortopedia Facial) &#8211; Centro Universit\u00e1rio da Funda\u00e7\u00e3o Educacional de Barretos. <\/span><span style=\"font-size: 10px\">2005. <\/span><span style=\"font-size: 10px\">[Orienta\u00e7\u00e3o: Prof\u00aa. Cristiane Celli Matheus dos Santos Pinto]<\/span><span style=\"font-size: 10px\">.<br \/>\n<\/span><\/div>\n<div style=\"text-align: center\" align=\"justify\">\n<address style=\"text-align: right\">\n<hr \/>\n<hr \/>\n<\/address>\n<\/div>\n<\/div>\n<div style=\"text-align: left\" align=\"center\">\n<div style=\"text-align: center\" align=\"center\">\n<div align=\"justify\"><span style=\"font-size: 10px\"><strong><span style=\"text-decoration: underline\">Publucado<\/span>:<\/strong> 01\/01\/2011 &#8211; Enciclop\u00e9dia Brasileira de Teleodontologia &#8211; ISNN 2448-1181<br \/>\n<\/span><\/div>\n<\/div>\n<hr \/>\n<\/div>\n","protected":false},"excerpt":{"rendered":"<p>\u2666 Marcelo Fernandes Segatto &#8211; E-mail &#8211; Curr\u00edculo Lattes \u2666 Cristiane Celli Matheus dos Santos [&hellip;]<\/p>\n","protected":false},"author":58,"featured_media":0,"parent":15124,"menu_order":0,"comment_status":"open","ping_status":"closed","template":"","meta":{"footnotes":"","_links_to":"","_links_to_target":""},"class_list":["post-18645","page","type-page","status-publish","hentry"],"_links":{"self":[{"href":"https:\/\/sites.usp.br\/ebt\/index.php?rest_route=\/wp\/v2\/pages\/18645","targetHints":{"allow":["GET"]}}],"collection":[{"href":"https:\/\/sites.usp.br\/ebt\/index.php?rest_route=\/wp\/v2\/pages"}],"about":[{"href":"https:\/\/sites.usp.br\/ebt\/index.php?rest_route=\/wp\/v2\/types\/page"}],"author":[{"embeddable":true,"href":"https:\/\/sites.usp.br\/ebt\/index.php?rest_route=\/wp\/v2\/users\/58"}],"replies":[{"embeddable":true,"href":"https:\/\/sites.usp.br\/ebt\/index.php?rest_route=%2Fwp%2Fv2%2Fcomments&post=18645"}],"version-history":[{"count":6,"href":"https:\/\/sites.usp.br\/ebt\/index.php?rest_route=\/wp\/v2\/pages\/18645\/revisions"}],"predecessor-version":[{"id":18675,"href":"https:\/\/sites.usp.br\/ebt\/index.php?rest_route=\/wp\/v2\/pages\/18645\/revisions\/18675"}],"up":[{"embeddable":true,"href":"https:\/\/sites.usp.br\/ebt\/index.php?rest_route=\/wp\/v2\/pages\/15124"}],"wp:attachment":[{"href":"https:\/\/sites.usp.br\/ebt\/index.php?rest_route=%2Fwp%2Fv2%2Fmedia&parent=18645"}],"curies":[{"name":"wp","href":"https:\/\/api.w.org\/{rel}","templated":true}]}}