{"id":21934,"date":"2017-05-18T15:50:53","date_gmt":"2017-05-18T18:50:53","guid":{"rendered":"http:\/\/sites.usp.br\/ebt\/?page_id=21934"},"modified":"2018-04-18T15:27:11","modified_gmt":"2018-04-18T18:27:11","slug":"artigo-cientifico-publicacao-online-onde-publicar-exterior","status":"publish","type":"page","link":"https:\/\/sites.usp.br\/ebt\/?page_id=21934","title":{"rendered":"Artigo Cient\u00edfico (Publica\u00e7\u00e3o Online): Onde Publicar (Exterior)?"},"content":{"rendered":"<address><em><span style=\"color: #ff0000;font-size: 14px\"><em>\u2666 <\/em><\/span><\/em><span style=\"color: #ff0000\"><span style=\"color: #ff0000\"><span style=\"font-size: 10px\"><strong><span style=\"color: #0000ff\"><em><span style=\"color: #ff0000\"><em><strong><span style=\"color: #000000;font-size: 14px\">Equipe Editorial: Orienta\u00e7\u00f5es Pedag\u00f3gicas <\/span><\/strong><\/em><\/span><\/em><\/span><\/strong><\/span><\/span><\/span><\/address>\n<hr \/>\n<hr \/>\n<address style=\"text-align: right\"><strong><span style=\"font-size: 10px\">Infomativo<br \/>\n<\/span><\/strong><\/address>\n<hr \/>\n<p style=\"text-align: center\"><span style=\"font-size: 10px\"><strong>Encicl. Bras. Teleodontol<\/strong>.\u00a0 ISSN 2448-1181<\/span><\/p>\n<hr \/>\n<p style=\"text-align: justify\"><span style=\"font-family: Arial\"><strong>Artigo Cient\u00edfico\u00a0<\/strong>(<strong>Publica\u00e7\u00e3o Online<\/strong>) tem a finalidade de divulga\u00e7\u00e3o sistem\u00e1tica com qualidade para a <strong>Comunidade Cient\u00edfica<\/strong> os conhecimentos atualizados (T\u00e9cnicos e Cient\u00edficos) realizados nas Universidades, Faculdades e Multicentros de Pesquisa desenvolvidos por pesquisadores.\u00a0<\/span><\/p>\n<p style=\"text-align: justify\"><span style=\"font-family: Arial\"><strong>Artigo Cient\u00edfico <\/strong>(<strong>Publica\u00e7\u00e3o Online<\/strong>):<strong> Onde Publicar? <\/strong><strong>Artigo Cient\u00edfico\u00a0<\/strong>(P<strong>ublica\u00e7\u00e3o Online<\/strong>)<strong>\u00a0<\/strong>contribui para as inser\u00e7\u00f5es digitais e globalizada das informa\u00e7\u00f5es contidas nos Acervos, Bibliotecas Digitais que facilitam o amplo acesso livre com destaque para a\u00a0<\/span><span style=\"font-family: Arial\"><strong>Gest\u00e3o Educadora<\/strong> efetiva estimulando as a\u00e7\u00f5es educacionais (<strong>Ambiente Colaborativo de Aprendizagem<\/strong>).\u00a0<\/span><\/p>\n<p style=\"text-align: justify\"><span style=\"font-family: Arial\"><strong>Artigos Cient\u00edficos <\/strong>(<strong>Publica\u00e7\u00f5es Online<\/strong>) est\u00e3o dispon\u00edveis nos renomados\u00a0<\/span><span style=\"font-family: Arial\"><strong>Peri\u00f3dicos Cient\u00edficos Digitais<\/strong> com destaque para:\u00a0<\/span><\/p>\n<ul>\n<li>Dental Traumatology: <span style=\"color: #0000ff\"><strong><a style=\"color: #0000ff\" href=\"http:\/\/onlinelibrary.wiley.com\/journal\/10.1111\/(ISSN)1600-9657\">Link<\/a><\/strong><\/span> <strong>\/ Artigo: <\/strong><span style=\"color: #0000ff\"><strong><a style=\"color: #0000ff\" href=\"http:\/\/onlinelibrary.wiley.com\/doi\/10.1111\/j.1600-9657.2006.00351.x\/full\">1<\/a><\/strong><\/span><\/li>\n<li style=\"list-style-type: none\"><\/li>\n<li>Implant Dentistry: <strong><a href=\"http:\/\/journals.lww.com\/implantdent\/pages\/default.aspx\">Link<\/a><\/strong> <strong>\/ Artigo: <span style=\"color: #0000ff\"><a style=\"color: #0000ff\" href=\"http:\/\/journals.lww.com\/implantdent\/Abstract\/2003\/12030\/Radiographic_Evaluation_of_Dental_Implants_with.19.aspx\">1<\/a><\/span><\/strong><\/li>\n<li>International Journal Odontostomatology <span style=\"color: #0000ff\"><a style=\"color: #0000ff\" href=\"https:\/\/scielo.conicyt.cl\/scielo.php?script=sci_serial&amp;pid=0718-381X&amp;lng=es&amp;nrm=iso\"><strong>Link<\/strong><\/a><\/span> <strong>\/ Artigo: <a href=\"http:\/\/www.ijodontostomatology.com\/wp-content\/uploads\/2018\/03\/Evaluation_Use_Film_Holders.pdf\"><span style=\"color: #0000ff\">1<\/span><\/a><\/strong><\/li>\n<li style=\"list-style-type: none\"><\/li>\n<li>Journal of Conservative Dentistry: <strong><a href=\"http:\/\/www.jcd.org.in\/\">Link<\/a><\/strong> <strong>\/\u00a0Artigo: <a href=\"http:\/\/www.jcd.org.in\/article.asp?issn=0972-0707;year=2010;volume=13;issue=2;spage=65;epage=70;aulast=Pires\">1<\/a><\/strong><\/li>\n<li style=\"list-style-type: none\"><\/li>\n<li>Journal of Disability and Oral Health:<span style=\"color: #0000ff\"><strong> <a style=\"color: #0000ff\" href=\"https:\/\/www.stephenhancocks.com\/browse.php?journal_title=Journal%20of%20Disability%20and%20Oral%20Health\">Link<\/a> <\/strong><\/span><a href=\"https:\/\/www.stephenhancocks.com\/download.php?op=view_article&amp;article_id=395\"><strong>\/<\/strong><\/a><span style=\"color: #0000ff\"><span style=\"color: #000000\"><strong> Artigo: <\/strong><\/span><strong><a style=\"color: #0000ff\" href=\"https:\/\/www.stephenhancocks.com\/view.php?article_id=395&amp;journal_id=61\">1<\/a><\/strong><\/span><\/li>\n<li style=\"list-style-type: none\"><\/li>\n<li>Journal of Endodontics:\u00a0<span style=\"color: #0000ff\"><strong><a style=\"color: #0000ff\" href=\"http:\/\/www.sciencedirect.com\/science\/journal\/00992399\/37\/1\">Link<\/a> <\/strong><\/span><strong>\/ <\/strong><strong>Artigo: <\/strong><a href=\"http:\/\/www.ijodontostomatology.com\/wp-content\/uploads\/2018\/03\/Evaluation_Use_Film_Holders.pdf\"><span style=\"color: #0000ff\"><strong>1\u00a0<\/strong><\/span><\/a><\/li>\n<li>Journal of Odontology: <strong><a href=\"https:\/\/www.omicsonline.org\/journal-odontology.php\">Link<\/a>\u00a0<\/strong><\/li>\n<li>Materials Research Ibero-american Journal of Materials: <strong><a href=\"http:\/\/www.scielo.br\/scielo.php?script=sci_serial&amp;pid=1516-1439&amp;lng=en&amp;nrm=iso\">Link<\/a><\/strong> \/ <strong>Artigos:<\/strong> <span style=\"color: #0000ff\"><strong><a style=\"color: #0000ff\" href=\"http:\/\/www.scielo.br\/scielo.php?script=sci_arttext&amp;pid=S1516-14392004000300006&amp;lng=en&amp;nrm=iso\">1<\/a><\/strong><\/span> &#8211; <span style=\"color: #0000ff\"><strong><a style=\"color: #0000ff\" href=\"http:\/\/www.scielo.br\/scielo.php?script=sci_arttext&amp;pid=S1516-14392007000300021&amp;lng=en&amp;nrm=iso\">2<\/a>\u00a0<\/strong><\/span><\/li>\n<li>Okajimas Folia Anatomica Japonica: <span style=\"color: #0000ff\"><strong><a style=\"color: #0000ff\" href=\"https:\/\/www.jstage.jst.go.jp\/browse\/ofaj\">Link<\/a> <\/strong><\/span><strong>\/ <\/strong><strong><span style=\"color: #0000ff\"><span style=\"color: #000000\">Artigo: <\/span><\/span><\/strong><span style=\"color: #0000ff\"><strong><a style=\"color: #0000ff\" href=\"https:\/\/www.jstage.jst.go.jp\/article\/ofaj1936\/73\/2-3\/73_119\/_pdf\">1<\/a>\u00a0<\/strong><\/span><\/li>\n<li>Pediatric Dentistry: <a href=\"http:\/\/www.aapd.org\/member\/login\/?Redir=%2fpublications%2ffull_journal_access%2f\"><strong>Link <\/strong><\/a><strong>\/ <\/strong><strong>Artigo: <\/strong><strong><a href=\"https:\/\/pdfs.semanticscholar.org\/c7b0\/4ddfe706cf8f3629d4c75eba1ac1d74a623c.pdf\">1<\/a><\/strong><\/li>\n<\/ul>\n<p>&nbsp;<\/p>\n<p style=\"text-align: justify\"><span style=\"font-family: Arial\">Envie as suas sugest\u00f5es, a Equipe agradece: <strong><span style=\"color: #0000ff\"><a style=\"color: #0000ff\" href=\"http:\/\/sites.usp.br\/ebt\/forp-expediente-encicl-bras-teleodontol\/\">E_mail<\/a><\/span><\/strong>.<\/span><\/p>\n<hr \/>\n<p style=\"text-align: justify\"><strong><span style=\"font-size: 10px\"><em><span style=\"color: #ff0000;font-size: 14px\">\u2666\u00a0<\/span><\/em>Editor: Luiz Carlos Pardini<\/span><\/strong><\/p>\n<div style=\"text-align: justify\" align=\"justify\">\n<div style=\"text-align: center\" align=\"justify\">\n<address style=\"text-align: right\">\n<hr \/>\n<hr \/>\n<\/address>\n<\/div>\n<\/div>\n","protected":false},"excerpt":{"rendered":"<p>\u2666 Equipe Editorial: Orienta\u00e7\u00f5es Pedag\u00f3gicas Infomativo Encicl. Bras. Teleodontol.\u00a0 ISSN 2448-1181 Artigo Cient\u00edfico\u00a0(Publica\u00e7\u00e3o Online) tem [&hellip;]<\/p>\n","protected":false},"author":58,"featured_media":0,"parent":16323,"menu_order":0,"comment_status":"open","ping_status":"closed","template":"","meta":{"footnotes":"","_links_to":"","_links_to_target":""},"class_list":["post-21934","page","type-page","status-publish","hentry"],"_links":{"self":[{"href":"https:\/\/sites.usp.br\/ebt\/index.php?rest_route=\/wp\/v2\/pages\/21934","targetHints":{"allow":["GET"]}}],"collection":[{"href":"https:\/\/sites.usp.br\/ebt\/index.php?rest_route=\/wp\/v2\/pages"}],"about":[{"href":"https:\/\/sites.usp.br\/ebt\/index.php?rest_route=\/wp\/v2\/types\/page"}],"author":[{"embeddable":true,"href":"https:\/\/sites.usp.br\/ebt\/index.php?rest_route=\/wp\/v2\/users\/58"}],"replies":[{"embeddable":true,"href":"https:\/\/sites.usp.br\/ebt\/index.php?rest_route=%2Fwp%2Fv2%2Fcomments&post=21934"}],"version-history":[{"count":5,"href":"https:\/\/sites.usp.br\/ebt\/index.php?rest_route=\/wp\/v2\/pages\/21934\/revisions"}],"predecessor-version":[{"id":30829,"href":"https:\/\/sites.usp.br\/ebt\/index.php?rest_route=\/wp\/v2\/pages\/21934\/revisions\/30829"}],"up":[{"embeddable":true,"href":"https:\/\/sites.usp.br\/ebt\/index.php?rest_route=\/wp\/v2\/pages\/16323"}],"wp:attachment":[{"href":"https:\/\/sites.usp.br\/ebt\/index.php?rest_route=%2Fwp%2Fv2%2Fmedia&parent=21934"}],"curies":[{"name":"wp","href":"https:\/\/api.w.org\/{rel}","templated":true}]}}