{"id":22261,"date":"2017-05-29T15:21:47","date_gmt":"2017-05-29T18:21:47","guid":{"rendered":"http:\/\/sites.usp.br\/ebt\/?page_id=22261"},"modified":"2017-05-30T12:07:57","modified_gmt":"2017-05-30T15:07:57","slug":"22261-2","status":"publish","type":"page","link":"https:\/\/sites.usp.br\/ebt\/?page_id=22261","title":{"rendered":"Silmara Aparecida Milori Corona"},"content":{"rendered":"<address><em><span style=\"color: #ff0000;font-size: 14px\"><em>\u2666 <\/em><\/span><\/em><em><em><span style=\"color: #ff0000\"><em><strong><span style=\"color: #000000;font-size: 14px\">Silmara Aparecida Milori Corona\u00a0<\/span><\/strong><\/em><\/span><\/em><\/em><span style=\"color: #ff0000\"><span style=\"color: #000000;font-size: 14px\"><span style=\"font-size: 10px\"><strong><span style=\"color: #0000ff\"><span style=\"color: #000000\"><em>&#8211;<\/em><\/span><\/span><\/strong><\/span><\/span><\/span><span style=\"color: #ff0000\"><span style=\"color: #000000;font-size: 14px\"><span style=\"font-size: 10px\"><strong><span style=\"color: #0000ff\"> <span style=\"color: #000000\">{<\/span><\/span><\/strong><\/span><span style=\"font-size: 10px\"><strong><span style=\"color: #0000ff\"><span style=\"color: #ff0000\"><strong><span style=\"font-size: 10px\"><span style=\"color: #000000\"><span style=\"color: #0000ff\">E-mailUSP<\/span>]\u00a0 <em>&#8211;<\/em> <\/span><span style=\"color: #0000ff\"><span style=\"color: #0000ff\">Curr\u00edculo Lattes<\/span><\/span><\/span><\/strong><\/span><\/span><\/strong><\/span><\/span><\/span><span style=\"color: #ff0000\"><span style=\"font-size: 10px\"><strong><span style=\"color: #0000ff\"><span style=\"color: #000000\"> &#8211; <span style=\"font-size: 10px\"><strong><span style=\"color: #0000ff\"><span style=\"color: #ff0000\"><strong><span style=\"font-size: 10px\"> <span style=\"color: #0000ff\"><span style=\"color: #0000ff\">Ind<\/span><span style=\"color: #0000ff\">icador de Produ\u00e7\u00e3o <\/span><\/span><span style=\"color: #0000ff\"><span style=\"color: #0000ff\"> &#8211; <em><a href=\"https:\/\/academic.microsoft.com\/#\/search?iq=%2540Silmara%2520Aparecida%2520Milori%2520Corona%2540&amp;q=Silmara%20Aparecida%20Milori%20Corona&amp;filters=&amp;from=0&amp;sort=0\">Microsoft Academic<\/a><\/em><em><span style=\"color: #000000;font-size: 14px\">\u00a0&#8211;\u00a0 <\/span><\/em><a href=\"https:\/\/scholar.google.com.br\/scholar?q=Silmara+Aparecida+Milori+Corona&amp;btnG=&amp;hl=pt-BR&amp;as_sdt=0%2C5\">Google Acad\u00eamico<\/a> <span style=\"color: #000000\"><em><span style=\"color: #000000;font-size: 14px\">&#8211;<\/span><\/em> <\/span><\/span><\/span><a href=\"https:\/\/www.researchgate.net\/profile\/Silmara_Corona\"><span style=\"color: #0000ff\"><span style=\"color: #0000ff\">ReseachGate<\/span><\/span><\/a><\/span><span style=\"font-size: 10px\"><span style=\"color: #0000ff\"><span style=\"color: #0000ff\"> <em><span style=\"color: #000000;font-size: 14px\">&#8211;<\/span><\/em> Academic.edu <em><span style=\"color: #000000;font-size: 14px\">&#8211;<\/span><\/em> <\/span><\/span><\/span><\/strong><\/span><span style=\"color: #ff0000\"><span style=\"font-size: 10px\"><a href=\"http:\/\/Silmara%20Aparecida Milori Corona\"><span style=\"color: #0000ff\"><strong><span style=\"color: #0000ff\">WorldCat<\/span><\/strong><\/span><\/a><span style=\"color: #000000\"> <span style=\"color: #ff0000\"><span style=\"color: #ff0000\"><span style=\"font-size: 10px\"><strong><span style=\"color: #0000ff\"><em><span style=\"color: #ff0000\"><em><strong><span style=\"color: #000000;font-size: 14px\">&#8211;<\/span><\/strong><\/em><\/span><\/em> <\/span><\/strong><\/span><\/span><\/span> <\/span><\/span><\/span><span style=\"color: #ff0000\"><span style=\"font-size: 10px\"><strong><span style=\"color: #0000ff\"><span style=\"color: #0000ff\"><a href=\"http:\/\/www.researcherid.com\/rid\/C-5259-2012\">ResearchID<\/a><\/span><\/span><\/strong> <strong><span style=\"color: #0000ff\"><span style=\"color: #000000\"><em><span style=\"color: #000000;font-size: 14px\">&#8211;<\/span><\/em> <span style=\"color: #0000ff\"><span style=\"color: #0000ff;font-size: 10px\"><a href=\"https:\/\/scholar.google.com.br\/citations?user=tA65YV4AAAAJ&amp;hl=pt-BR\">Google Scholar<\/a><\/span><\/span> <span style=\"color: #ff0000\"><span style=\"color: #ff0000\"><span style=\"font-size: 10px\"><strong><span style=\"color: #0000ff\"><em><span style=\"color: #ff0000\"><em><strong><span style=\"color: #000000;font-size: 14px\">&#8211;<\/span><\/strong><\/em><\/span><\/em> <\/span><\/strong><\/span><\/span><\/span><span style=\"color: #ff0000\"><span style=\"color: #ff0000\"><span style=\"font-size: 10px\"><strong><span style=\"color: #0000ff\">\u00a0<\/span><\/strong><\/span><\/span><\/span><span style=\"color: #0000ff\"><span style=\"color: #0000ff\">Scielo<\/span><\/span> <span style=\"color: #ff0000\"><span style=\"color: #ff0000\"><span style=\"font-size: 10px\"><strong><span style=\"color: #0000ff\"><em><span style=\"color: #ff0000\"><em><strong><span style=\"color: #000000;font-size: 14px\">&#8211;<\/span><\/strong><\/em><\/span><\/em> <\/span><\/strong><\/span><\/span><\/span> <a href=\"http:\/\/apps.webofknowledge.com\/Search.do?product=UA&amp;SID=4DJg81dW8h6F5AwYwCG&amp;search_mode=GeneralSearch&amp;prID=39c04b3c-a602-455b-ade7-a03f8f710f5a\"><span style=\"color: #0000ff\">Web of Science<\/span><\/a> <span style=\"color: #ff0000\"><span style=\"color: #ff0000\"><span style=\"font-size: 10px\"><strong><span style=\"color: #0000ff\"><em><span style=\"color: #ff0000\"><em><strong><span style=\"color: #000000;font-size: 14px\">&#8211;<\/span><\/strong><\/em><\/span><\/em> <\/span><\/strong><\/span><\/span><\/span> <\/span><\/span><span style=\"color: #0000ff\"><span style=\"color: #0000ff\">PubMed<\/span> <\/span><span style=\"color: #0000ff\"><span style=\"color: #000000\"><em><span style=\"color: #000000;font-size: 14px\">&#8211;<\/span><\/em> <span style=\"color: #0000ff\">Scopus <span style=\"color: #ff0000\"><span style=\"color: #ff0000\"><span style=\"font-size: 10px\"><strong><span style=\"color: #0000ff\"><em><span style=\"color: #ff0000\"><em><strong><span style=\"color: #000000;font-size: 14px\">&#8211;<\/span><\/strong><\/em><\/span><\/em><\/span><\/strong><\/span><\/span><\/span><\/span><\/span><\/span><\/strong><\/span><\/span><\/span><\/strong><\/span><br \/>\n<\/span><\/span><\/strong><\/span><\/span><\/p>\n<hr \/>\n<p style=\"text-align: justify\"><span style=\"font-size: 12px\">CORONA, S.A.M.\u00a0Parecerista Volunt\u00e1ria dos textos (Acesso Livre &#8211; Online) da Enciclop\u00e9dia Brasileira de Teleodontologia (ISNN 2448-1181).<br \/>\n<\/span><\/p>\n<hr \/>\n<p style=\"text-align: justify\"><span style=\"font-family: Arial\"><strong>Silmara Aparecida Milori Corona <\/strong>\u00e9<strong>\u00a0Parecerista <\/strong>desde<strong>\u00a0<\/strong>2011 de texto (Hipertexto), enviado para publica\u00e7\u00e3o na Enciclop\u00e9dia Brasileira de Teleodontologia. <\/span><\/p>\n<p style=\"text-align: justify\"><span style=\"font-family: Arial\"><strong>Silmara Aparecida Milori Corona\u00a0<\/strong>participa voluntariamente na fun\u00e7\u00e3o de &#8220;<em>ad hoc<\/em>&#8221; fundamentada nas atividades das atua\u00e7\u00f5es acad\u00eamicas disponibilizadas no Curr\u00edculo Lattes. Foi membro da Comiss\u00e3o Editorial<br \/>\n<\/span><\/p>\n<p style=\"text-align: justify\"><span style=\"font-family: Arial\"><strong>Silmara Aparecida Milori Corona<\/strong> <strong> (Parecerista)<\/strong> relata tema (Hipertextos) associado com sua \u00e1rea profissional de atua\u00e7\u00e3o (Docente e Pesquisador).<\/span><\/p>\n<div style=\"text-align: justify\" align=\"justify\">\n<div style=\"text-align: center\" align=\"justify\">\n<address style=\"text-align: right\">\n<hr \/>\n<hr \/>\n<p style=\"text-align: justify\"><em><strong><span style=\"font-size: 12px\">CERTIFICA\u00c7\u00c3O<br \/>\n<\/span><\/strong><\/em><\/p>\n<div style=\"text-align: justify\" align=\"justify\">\n<div align=\"justify\"><span style=\"font-size: 13px\"> A atividade de parecerista volunt\u00e1rio referente as publica\u00e7\u00f5es online (Enciclop\u00e9dia Brasileira de Teleodontologia) \u00e9 realizada desde 2011. [<span style=\"color: #0000ff\"><strong><span style=\"text-decoration: underline;color: #0000ff\">pdf-certificado<\/span><\/strong><\/span>]. Para receber a senha objetivando a impress\u00e3o do certificado entrar em contato com Equipe (<a href=\"http:\/\/sites.usp.br\/ebt\/forp-contato\/\"><span style=\"text-decoration: underline;color: #0000ff\"><strong>e-mail<\/strong><\/span><\/a>).<br \/>\n<\/span><\/div>\n<div style=\"text-align: center\" align=\"justify\">\n<address style=\"text-align: right\">\n<hr \/>\n<address style=\"text-align: right\"><span style=\"font-size: 10px\">Enciclop\u00e9dia Brasileira de Teleodontologia (ISBN) <\/span><\/address>\n<\/address>\n<\/div>\n<\/div>\n<\/address>\n<\/div>\n<\/div>\n<\/address>\n","protected":false},"excerpt":{"rendered":"<p>\u2666 Silmara Aparecida Milori Corona\u00a0&#8211; {E-mailUSP]\u00a0 &#8211; Curr\u00edculo Lattes &#8211; Indicador de Produ\u00e7\u00e3o &#8211; Microsoft [&hellip;]<\/p>\n","protected":false},"author":58,"featured_media":0,"parent":3292,"menu_order":0,"comment_status":"open","ping_status":"closed","template":"","meta":{"footnotes":"","_links_to":"","_links_to_target":""},"class_list":["post-22261","page","type-page","status-publish","hentry"],"_links":{"self":[{"href":"https:\/\/sites.usp.br\/ebt\/index.php?rest_route=\/wp\/v2\/pages\/22261","targetHints":{"allow":["GET"]}}],"collection":[{"href":"https:\/\/sites.usp.br\/ebt\/index.php?rest_route=\/wp\/v2\/pages"}],"about":[{"href":"https:\/\/sites.usp.br\/ebt\/index.php?rest_route=\/wp\/v2\/types\/page"}],"author":[{"embeddable":true,"href":"https:\/\/sites.usp.br\/ebt\/index.php?rest_route=\/wp\/v2\/users\/58"}],"replies":[{"embeddable":true,"href":"https:\/\/sites.usp.br\/ebt\/index.php?rest_route=%2Fwp%2Fv2%2Fcomments&post=22261"}],"version-history":[{"count":5,"href":"https:\/\/sites.usp.br\/ebt\/index.php?rest_route=\/wp\/v2\/pages\/22261\/revisions"}],"predecessor-version":[{"id":22309,"href":"https:\/\/sites.usp.br\/ebt\/index.php?rest_route=\/wp\/v2\/pages\/22261\/revisions\/22309"}],"up":[{"embeddable":true,"href":"https:\/\/sites.usp.br\/ebt\/index.php?rest_route=\/wp\/v2\/pages\/3292"}],"wp:attachment":[{"href":"https:\/\/sites.usp.br\/ebt\/index.php?rest_route=%2Fwp%2Fv2%2Fmedia&parent=22261"}],"curies":[{"name":"wp","href":"https:\/\/api.w.org\/{rel}","templated":true}]}}