{"id":22855,"date":"2017-06-28T09:19:10","date_gmt":"2017-06-28T12:19:10","guid":{"rendered":"http:\/\/sites.usp.br\/ebt\/?page_id=22855"},"modified":"2017-06-28T09:23:14","modified_gmt":"2017-06-28T12:23:14","slug":"06-2","status":"publish","type":"page","link":"https:\/\/sites.usp.br\/ebt\/?page_id=22855","title":{"rendered":"I 06  Instrucional (Ambiente Virtual de Aprendizagem): WEB &#8211; Professor S\u00eanior (FORP\/USP)"},"content":{"rendered":"<address>\n<address><span style=\"color: #ff0000\"><span style=\"font-size: 14px\"><strong><span style=\"color: #0000ff\"><em><span style=\"color: #000000;font-size: 14px\"><span style=\"color: #ff0000;font-size: 10px\"><span style=\"color: #ff0000;font-size: 14px\"><span style=\"font-size: 10px\"><span style=\"color: #ff0000;font-size: 16px\">\u25ca<\/span> <\/span><\/span><\/span>L<\/span><\/em><\/span><\/strong><\/span><\/span><span style=\"color: #ff0000\"><span style=\"color: #ff0000\"><span style=\"font-size: 10px\"><strong><span style=\"color: #0000ff\"><em><span style=\"color: #ff0000\"><em><strong><span style=\"color: #000000;font-size: 14px\">uiz Carlos Pardini &#8211;<\/span><\/strong><\/em><\/span><\/em><span style=\"color: #ff0000\"><strong><span style=\"font-size: 10px\"><span style=\"color: #0000ff\"><span style=\"color: #0000ff\"> <span style=\"color: #000000\">{<\/span><\/span><\/span><\/span><\/strong><\/span><\/span><\/strong><\/span><\/span><\/span><span style=\"font-size: 10px\"><strong><span style=\"color: #0000ff\"><span style=\"color: #ff0000\"><strong><span style=\"font-size: 10px\"><span style=\"color: #000000\"><a style=\"color: #0000ff\" href=\"https:\/\/uspdigital.usp.br\/telefonia\/telFormularioEmail.jsp?codigoPessoaUsuario=0&amp;codigoPessoa=75623&amp;nomePessoa=Luiz Carlos Pardini&amp;print=s\">E-mailUSP<\/a>] <span style=\"color: #ff0000\"><span style=\"color: #ff0000\"><span style=\"font-size: 10px\"><strong><span style=\"color: #0000ff\"><em><span style=\"color: #ff0000\"><em><strong><span style=\"color: #000000;font-size: 14px\">&#8211;<\/span><\/strong><\/em><\/span><\/em> <\/span><\/strong><\/span><\/span><\/span><span style=\"color: #0000ff\"> <a style=\"color: #0000ff\" href=\"http:\/\/buscatextual.cnpq.br\/buscatextual\/visualizacv.do?metodo=apresentar&amp;id=K4796807T1\">Curr\u00edculo Lattes<\/a> <\/span><\/span> <\/span><\/strong><\/span><\/span><\/strong><\/span><\/address>\n<\/address>\n<hr \/>\n<hr \/>\n<address style=\"text-align: right\"><strong><span style=\"font-size: 10px\">p\u00e1gina 1<\/span><\/strong><\/address>\n<hr \/>\n<p style=\"text-align: justify\"><span style=\"font-size: 10px\"><span style=\"color: #ff0000;font-size: 10px\"><span style=\"color: #ff0000;font-size: 16px\">\u25ca<\/span><\/span> <strong>PARDINI, L.C. Instrucional (Ambiente Virtual de Aprendizagem): WEB &#8211; Professor S\u00eanior (FORP\/USP). Encicl.Bras. Teleodontol., Volume 7 (S\u00e9rie I): p\u00e1gina 1, junho, <\/strong><\/span><strong><span style=\"font-size: 10px\"> 2017. ISSN 2448-1181<\/span><\/strong><\/p>\n<hr \/>\n<p style=\"text-align: justify\"><span style=\"font-family: Arial\"><strong>Professor S\u00eanior <\/strong>\u00e9 a modalidade de atividade educacional regulamentada pela <strong>Universidade de S\u00e3o Paulo<\/strong> (<strong><span style=\"color: #0000ff\"><a style=\"color: #0000ff\" href=\"http:\/\/www5.usp.br\/\">USP<\/a><\/span><\/strong>) conforme a <strong>Resolu\u00e7\u00e3o<\/strong> n\u00ba 6073, 01\/03\/2012 &#8211; <strong><span style=\"color: #0000ff\"><a style=\"color: #0000ff\" href=\"http:\/\/www.leginf.usp.br\/?resolucao=resolucao-no-6073-de-1o-de-marco-de-2012\">Documento Oficial<\/a><\/span><\/strong>) que estabelece as a\u00e7\u00f5es <\/span><span style=\"font-family: Arial\">pedag\u00f3gicas relacionadas com Ensino, Pesquisa e Extens\u00e3o. <\/span><span style=\"font-family: Arial\"><strong>Professor S\u00eanior<\/strong> \u00e9 destinado a docente aposentado, da <strong>Universidade de S\u00e3o Paulo<\/strong> (<span style=\"color: #0000ff\"><strong><a style=\"color: #0000ff\" href=\"http:\/\/biton.uspnet.usp.br\/leginf\/\">USP\/Normas<\/a><\/strong><\/span>), que deseja continuar participando ativamente e efetivamente das atividades que construi ao alongo de &#8220;anos&#8221; na sua &#8220;vida acad\u00eamica&#8221;.<\/span><\/p>\n<p style=\"text-align: justify\"><span style=\"font-family: Arial\"><strong>Abordagem Pedag\u00f3gica<\/strong> sedimentada durante as atividades vem Desmistificando a Odontologia (Professor S\u00eanior) com uma contribui\u00e7\u00e3o de experi\u00eancia profissional. <\/span><span style=\"font-family: Arial\">Neste s\u00e9culo XXI da <strong>Inclus\u00e3o Educacional <\/strong>o <strong>Professor S\u00eanior<\/strong> \u00e9 contemplado com sua <\/span><span style=\"font-family: Arial\"><strong>Arte de Educar<\/strong> que reflete atitude, habilidade, conduta, procedimento (&#8220;<em>maneira de ser<\/em>&#8220;) do Educador fato amplamente consolidado por Paulo Freire [1,2,3,4]. <\/span><\/p>\n<p style=\"text-align: justify\"><span style=\"font-family: Arial\"><strong>Gest\u00e3o Educadora<\/strong> efetiva estimula a\u00e7\u00e3o educacional (<strong>Ambiente Colaborativo de Aprendizagem) <\/strong>no Ensino Superior com a\u00e7\u00f5es no di\u00e1logo virtual como se fosse um &#8220;cronista&#8221; , e o educando apenas passivamente observa e escuta mas n\u00e3o ouve (n\u00e3o digere). <\/span><span style=\"font-family: Arial\"><strong>Arte de Educar <\/strong>(<strong>Atividade de Primeiro Encontro<\/strong>) incentiva (<strong>Aprendizagem Significativa<\/strong>) e conduz o <strong>Modelo de Gest\u00e3o <\/strong>em<strong> Educa\u00e7\u00e3o <\/strong>(<strong>Odontologia)<\/strong>, obedecendo as orienta\u00e7\u00f5es do<strong> Conselho Federal de Odontologia<\/strong> &#8211; <strong><span style=\"color: #0000ff\"><a href=\"http:\/\/cfo.org.br\/\"><span style=\"color: #0000ff\">CFO<\/span><\/a><\/span><\/strong>). <strong>Educar <\/strong>(<strong>Qualidade do Ensino<\/strong>) promove as descobertas educacionais (cognitivo, psicomotor, \u00e9tico e reflex\u00e3o cr\u00edtica) e incentiva a colabora\u00e7\u00e3o (<strong>Educa\u00e7\u00e3o Participativa<\/strong>). M<\/span><span style=\"font-family: Arial\">otivar, facilitar e despertar conduzem para <strong>Educa\u00e7\u00e3o Transformadora<\/strong>, transcendendo a Literatura Educacional das &#8220;Classifica\u00e7\u00f5es das Doen\u00e7as&#8221; [<strong><span style=\"color: #0000ff\"><a style=\"color: #0000ff\" href=\"\/\/sites.usp.br\/ebt\/wp-content\/uploads\/sites\/44\/2014\/11\/ICD10-2010.pdf\">3<\/a>] <\/span><\/strong><span style=\"color: #0000ff\"><span style=\"color: #000000\">e as orienta\u00e7\u00f5es das condutas e procedimentos em Odontologia [<\/span><\/span><strong><span style=\"color: #0000ff\"><a style=\"color: #0000ff\" href=\"http:\/\/www.who.int\/en\/\">4<\/a><\/span><\/strong>]. Ampliando os conhecimentos com a\u00e7\u00f5es mid\u00e1ticas ferramentas virtuais facilitadoras (<strong><span style=\"color: #0000ff\"><a style=\"color: #0000ff\" href=\"http:\/\/www5.usp.br\/\">USP<\/a><\/span><\/strong> &#8211; <a href=\"https:\/\/uspdigital.usp.br\/jupiterweb\/listarGradeCurricular?codcg=58&amp;codcur=58012&amp;codhab=0&amp;tipo=N\"><strong><span style=\"color: #0000ff\">FORP<\/span><\/strong><\/a> &#8211; <span style=\"color: #0000ff\"><strong><a style=\"color: #0000ff\" href=\"\/\/sites.usp.br\/podae\/\">PODAE<\/a><\/strong><\/span> &#8211; <strong><span style=\"color: #0000ff\"><a style=\"color: #0000ff\" href=\"\/\/sites.usp.br\/LACIRO\/\">Laciro<\/a><\/span><\/strong>)<\/span><span style=\"font-family: Arial;line-height: 1.5\">.<br \/>\n<\/span><\/p>\n<hr \/>\n<p style=\"text-align: justify\"><strong><span style=\"font-size: 10px\"> REFER\u00caNCIAS<br \/>\n<\/span><\/strong><\/p>\n<div style=\"text-align: justify\" align=\"justify\">\n<div align=\"justify\"><span style=\"font-size: 10px\">1. FREIRE, P. Conscientiza\u00e7\u00e3o. S\u00e3o Paulo: Cortez &amp; Moraes, 1979.[<span style=\"color: #0000ff\"><strong><a style=\"color: #0000ff\" href=\"http:\/\/www.paulofreire.ufpb.br\/paulofreire\/Controle?tipo=Livrox&amp;op=listar&amp;id=0&amp;obra_critica=C\">LINK<\/a><\/strong><\/span>]<br \/>\n<\/span><\/div>\n<div align=\"justify\"><span style=\"font-size: 10px\">2. FREIRE, P. A import\u00e2ncia do ato de ler. 23\u00aa ed., S\u00e3o Paulo: Autores Associados: Cortez, 1989. [<span style=\"color: #0000ff\"><strong><a style=\"color: #0000ff\" href=\"http:\/\/www.paulofreire.ufpb.br\/paulofreire\/Controle?tipo=Livrox&amp;op=listar&amp;id=0&amp;obra_critica=C\">LINK<\/a><\/strong><\/span>] <\/span><\/div>\n<div align=\"justify\"><span style=\"font-size: 10px\">3. GADOTTI, M.; FREIRE, P.; GUIMAR\u00c3ES , S. Pedagogia: di\u00e1logo e conflito, 6\u00aa. ed.,S\u00e3o Paulo: Cortez, 1995. <\/span><span style=\"font-size: 10px\"><a href=\"http:\/\/www.paulofreire.ufpb.br\/paulofreire\/Controle?tipo=Livrox&amp;op=listar&amp;id=0&amp;obra_critica=C\">[<span style=\"color: #0000ff\"><strong>LINK<\/strong><\/span><\/a>]<\/span><\/div>\n<div align=\"justify\"><span style=\"font-size: 10px\">4. FREIRE, P. Pol\u00edtica e educa\u00e7\u00e3o, 5. ed, S\u00e3o Paulo: Cortez, 2001. [<span style=\"color: #0000ff\"><strong><a style=\"color: #0000ff\" href=\"http:\/\/www.paulofreire.ufpb.br\/paulofreire\/Controle?tipo=Livrox&amp;op=listar&amp;id=0&amp;obra_critica=C\">LINK<\/a><\/strong><\/span>]<br \/>\n<\/span><\/div>\n<div style=\"text-align: center\" align=\"justify\">\n<address style=\"text-align: right\">\n<hr \/>\n<hr \/>\n<\/address>\n<\/div>\n<\/div>\n<div style=\"text-align: left\" align=\"center\">\n<div style=\"text-align: center\" align=\"center\">\n<div align=\"justify\">\n<p><span style=\"font-size: 14px\"><strong><span style=\"color: #ff0000\"><span style=\"color: #ff0000;font-size: 14px\"><span style=\"font-size: 10px\"><span style=\"color: #ff0000;font-size: 10px\"><span style=\"color: #ff0000;font-size: 16px\">\u25ca<\/span><\/span> <\/span><\/span><\/span><\/strong><\/span><span style=\"font-size: 10px\"><strong><span style=\"color: #0000ff\"><span style=\"color: #000000\"><span style=\"text-decoration: underline\">APOSENTADORIA<\/span>: Universidade de S\u00e3o Paulo (<span style=\"color: #3366ff\"><a style=\"color: #3366ff\" href=\"http:\/\/www5.usp.br\/\">USP<\/a><\/span>) \/ Portarias do Reitor, 26-4-2017 &#8211; Proc. USP 85.1.43668.1.8.\/ Di\u00e1rio Oficial S\u00e3o Paulo (<span style=\"color: #3366ff\"><a style=\"color: #3366ff\" href=\"https:\/\/www.imprensaoficial.com.br\/\">D.O<\/a><\/span>), v.127, n.81, p.57, Poder Executivo &#8211; Se\u00e7\u00e3o II &#8211; 3\/5\/2017. <span style=\"color: #3366ff\">(<a style=\"color: #3366ff\" href=\"https:\/\/www.imprensaoficial.com.br\/DO\/BuscaDO2001Resultado_11_3.aspx?filtropalavraschave=%22Luiz+Carlos+Pardini+%2b+RG.+6.377.070-2%22&amp;f=xhitlist&amp;xhitlist_vpc=first&amp;xhitlist_x=Advanced&amp;xhitlist_q=(Luiz%2bCarlos%2bPardini%2bRG.%2b6.377.070-2)&amp;xhitlist_mh=9999&amp;filtrotipopalavraschavesalvar=UP&amp;filtrotodoscadernos=True&amp;xhitlist_hc=%5bXML%5d%5bKwic%2c3%5d&amp;xhitlist_vps=15&amp;xhitlist_xsl=xhitlist.xsl&amp;xhitlist_s=&amp;xhitlist_sel=title%3bField%3adc%3atamanho%3bField%3adc%3adatapubl%3bField%3adc%3acaderno%3bitem-bookmark%3bhit-context\">LINK<\/a><\/span>) .<\/span><\/span><\/strong><\/span><\/p>\n<p><span style=\"color: #000000\"><strong><span style=\"color: #ff0000\"><span style=\"color: #ff0000;font-size: 10px\"><span style=\"color: #ff0000;font-size: 14px\"><span style=\"font-size: 10px\"><span style=\"color: #ff0000;font-size: 16px\">\u25ca<\/span> <\/span><\/span><\/span><\/span><\/strong><\/span><span style=\"font-size: 10px\"><strong><span style=\"color: #0000ff\"><span style=\"color: #000000\"><span style=\"text-decoration: underline\">PROFESSOR S\u00caNIOR<\/span> &#8211; USP (<\/span><a style=\"color: #0000ff\" href=\"http:\/\/www.leginf.usp.br\/?resolucao=resolucao-no-6073-de-1o-de-marco-de-2012\">Resolu\u00e7\u00e3o N\u00ba 6073, 01\/03\/2012<\/a><\/span><\/strong><\/span><span style=\"font-size: 10px\"><strong>) &#8211; Faculdade de Odontologia de Ribeir\u00e3o (<\/strong><\/span><span style=\"color: #0000ff\"><span style=\"font-size: 10px\"><strong><a style=\"color: #0000ff\" href=\"http:\/\/www.forp.usp.br\/\">FORP<\/a><\/strong><\/span><span style=\"font-size: 10px\"><strong>) \/ <span style=\"color: #000000\">Processo no. 2017.1.345.58.8 \/ Termo de Autoriza\u00e7\u00e3o (Dirigente: Profa. Dra.L\u00e9a Assed Bezerra da Silva &#8211; 29\/05\/2017)<\/span><\/strong><\/span><\/span><\/p>\n<hr \/>\n<p><span style=\"font-size: 10px\"><strong><span style=\"text-decoration: underline;color: #000000\">Recebido<\/span> \/ <span style=\"text-decoration: underline\">Publicado<\/span>: 1\/6\/2017 &#8211; Enciclop\u00e9dia Brasileira de Teleodontologia &#8211; ISSN 2448-1181<\/strong><br \/>\n<\/span><\/p>\n<\/div>\n<\/div>\n<hr \/>\n<\/div>\n","protected":false},"excerpt":{"rendered":"<p>\u25ca Luiz Carlos Pardini &#8211; {E-mailUSP] &#8211; Curr\u00edculo Lattes p\u00e1gina 1 \u25ca PARDINI, L.C. Instrucional [&hellip;]<\/p>\n","protected":false},"author":58,"featured_media":0,"parent":16204,"menu_order":0,"comment_status":"closed","ping_status":"closed","template":"","meta":{"footnotes":"","_links_to":"","_links_to_target":""},"class_list":["post-22855","page","type-page","status-publish","hentry"],"_links":{"self":[{"href":"https:\/\/sites.usp.br\/ebt\/index.php?rest_route=\/wp\/v2\/pages\/22855","targetHints":{"allow":["GET"]}}],"collection":[{"href":"https:\/\/sites.usp.br\/ebt\/index.php?rest_route=\/wp\/v2\/pages"}],"about":[{"href":"https:\/\/sites.usp.br\/ebt\/index.php?rest_route=\/wp\/v2\/types\/page"}],"author":[{"embeddable":true,"href":"https:\/\/sites.usp.br\/ebt\/index.php?rest_route=\/wp\/v2\/users\/58"}],"replies":[{"embeddable":true,"href":"https:\/\/sites.usp.br\/ebt\/index.php?rest_route=%2Fwp%2Fv2%2Fcomments&post=22855"}],"version-history":[{"count":3,"href":"https:\/\/sites.usp.br\/ebt\/index.php?rest_route=\/wp\/v2\/pages\/22855\/revisions"}],"predecessor-version":[{"id":22858,"href":"https:\/\/sites.usp.br\/ebt\/index.php?rest_route=\/wp\/v2\/pages\/22855\/revisions\/22858"}],"up":[{"embeddable":true,"href":"https:\/\/sites.usp.br\/ebt\/index.php?rest_route=\/wp\/v2\/pages\/16204"}],"wp:attachment":[{"href":"https:\/\/sites.usp.br\/ebt\/index.php?rest_route=%2Fwp%2Fv2%2Fmedia&parent=22855"}],"curies":[{"name":"wp","href":"https:\/\/api.w.org\/{rel}","templated":true}]}}