{"id":28081,"date":"2018-02-28T18:43:49","date_gmt":"2018-02-28T21:43:49","guid":{"rendered":"http:\/\/sites.usp.br\/ebt\/?page_id=28081"},"modified":"2018-02-28T18:48:39","modified_gmt":"2018-02-28T21:48:39","slug":"1-usp-eventos-cientificos","status":"publish","type":"page","link":"https:\/\/sites.usp.br\/ebt\/?page_id=28081","title":{"rendered":"1 USP: Eventos Cient\u00edficos"},"content":{"rendered":"<address>\n<address><em><span style=\"color: #ff0000;font-size: 14px\">\u2666 <\/span><\/em><span style=\"color: #ff0000\"><span style=\"font-size: 10px\"><strong><span style=\"color: #0000ff\"><em><span style=\"color: #000000;font-size: 14px\">L<\/span><\/em><\/span><\/strong><\/span><\/span><span style=\"color: #ff0000\"><span style=\"color: #ff0000\"><span style=\"font-size: 10px\"><strong><span style=\"color: #0000ff\"><em><span style=\"color: #ff0000\"><em><strong><span style=\"color: #000000;font-size: 14px\">uiz Carlos Pardini &#8211;<\/span><\/strong><\/em><\/span><\/em><span style=\"color: #ff0000\"><strong><span style=\"font-size: 10px\"><span style=\"color: #0000ff\"><span style=\"color: #0000ff\"> <span style=\"color: #000000\">{<\/span><\/span><\/span><\/span><\/strong><\/span><\/span><\/strong><\/span><\/span><\/span><span style=\"font-size: 10px\"><strong><span style=\"color: #0000ff\"><span style=\"color: #ff0000\"><strong><span style=\"font-size: 10px\"><span style=\"color: #000000\"><a style=\"color: #0000ff\" href=\"https:\/\/uspdigital.usp.br\/telefonia\/telFormularioEmail.jsp?codigoPessoaUsuario=0&amp;codigoPessoa=75623&amp;nomePessoa=Luiz Carlos Pardini&amp;print=s\">E-mailUSP<\/a>] <span style=\"color: #ff0000\"><span style=\"color: #ff0000\"><span style=\"font-size: 10px\"><strong><span style=\"color: #0000ff\"><em><span style=\"color: #ff0000\"><em><strong><span style=\"color: #000000;font-size: 14px\">&#8211;<\/span><\/strong><\/em><\/span><\/em> <\/span><\/strong><\/span><\/span><\/span><span style=\"color: #0000ff\"> <a style=\"color: #0000ff\" href=\"http:\/\/buscatextual.cnpq.br\/buscatextual\/visualizacv.do?metodo=apresentar&amp;id=K4796807T1\">Curr\u00edculo Lattes<\/a> <\/span><\/span> <\/span><\/strong><\/span><\/span><\/strong><\/span><\/address>\n<\/address>\n<hr \/>\n<hr \/>\n<address style=\"text-align: right\"><strong><span style=\"font-size: 10px\">p\u00e1gina 2 <\/span><\/strong><\/address>\n<hr \/>\n<p style=\"text-align: justify\"><span style=\"font-size: 10px\"><span style=\"color: #ff0000;font-size: 10px\"><span style=\"color: #ff0000;font-size: 14px\">\u25ca<\/span><\/span> PARDINI, L.C. A Universidade em Excel\u00eancia &#8211; Universidade de S\u00e3o Paulo. Encicl. Bras. Teleodontol., Volume 1 (S\u00e9rie A): p\u00e1gina 1, dezembro, <\/span><span style=\"font-size: 10px\"> 2016, ISSN 2448-1181<\/span><\/p>\n<hr \/>\n<p style=\"text-align: justify\"><span style=\"font-family: Arial\"> <strong>Universidade de S\u00e3o Paulo <\/strong>(<strong>SITE:<\/strong> <span style=\"color: #0000ff\"><a style=\"color: #0000ff\" href=\"http:\/\/www5.usp.br\/\"><strong>Universidade de S\u00e3o Paulo<\/strong><\/a><\/span>) no Brasil, oferece na WEB as informa\u00e7\u00f5es relacionadas co Eventos Cient\u00edficos (<strong><span style=\"color: #0000ff\"><a style=\"color: #0000ff\" href=\"http:\/\/www.eventos.usp.br\/?event-types=evento-cientifico\">Categoria de Eventos<\/a><\/span><\/strong>)<\/span><\/p>\n<p style=\"text-align: justify\"><span style=\"font-family: Arial\"> O foco no esclarecimento das a\u00e7\u00f5es educacionais para a &#8220;Comunidade Cient\u00edfica&#8221; e o &#8220;P\u00fablico Leigo&#8221;: (Site de Busca: Linha do tempo &#8211; <strong><span style=\"color: #0000ff\"><a style=\"color: #0000ff\" href=\"https:\/\/trends.google.com.br\/trends\/explore?q=Universidade%20de%20S%C3%A3o%20Paulo\">Universidade de S\u00e3o Paulo<\/a><\/span><\/strong> (<strong>Sistema Digital <\/strong>para a<strong> &#8220;Comunidade Uspiana&#8221; <\/strong>(<strong>Docente, Discente e Funcion\u00e1rios<\/strong>): Gradua\u00e7\u00e3o (<\/span><span style=\"color: #000000\"><strong><a class=\"normal\" style=\"color: #000000\" href=\"https:\/\/uspdigital.usp.br\/jupiterweb\" target=\"_blank\" rel=\"noopener noreferrer\">J\u00fapiterWeb<\/a><\/strong><\/span>, <span style=\"color: #000000\"><strong><a class=\"normal\" style=\"color: #000000\" href=\"https:\/\/uspdigital.usp.br\/jupiterweb\/jupDisciplinaBusca?tipo=D\" target=\"_blank\" rel=\"noopener noreferrer\">Disciplinas<\/a><\/strong><\/span>, <span style=\"color: #000000\"><strong><a class=\"normal\" style=\"color: #000000\" href=\"https:\/\/uspdigital.usp.br\/jupiterweb\/jupDisciplinaBusca?tipo=T\" target=\"_blank\" rel=\"noopener noreferrer\">Turmas<\/a><\/strong><\/span> , <strong><span style=\"color: #0000ff\"><a class=\"normal\" style=\"color: #0000ff\" href=\"https:\/\/uspdigital.usp.br\/marteweb\/processoFormListar?modo=N&amp;print=true\" target=\"_blank\" rel=\"noopener noreferrer\">P<span style=\"color: #000000\">rocesso Seletivo Est\u00e1gio<\/span><\/a><\/span><\/strong><span style=\"color: #000000\">,<\/span> <strong><a class=\"normal\" href=\"http:\/\/alumni.usp.br\/\" target=\"_blank\" rel=\"noopener noreferrer\">Alumni USP (Ex-Alunos)<\/a><\/strong> e <strong><a class=\"normal\" href=\"https:\/\/edisciplinas.usp.br\/\" target=\"_blank\" rel=\"noopener noreferrer\">e-Disciplinas<\/a><\/strong><\/p>\n<p><span style=\"font-family: Arial\">Estas interatividades midi\u00e1ticas estimulam as a\u00e7\u00f5es educacionais (<strong>Ambiente Virtual Educacional) <\/strong>no Ensino Superior com orienta\u00e7\u00f5es promovendo as descobertas educacionais (cognitivo, psicomotor, \u00e9tico e reflex\u00e3o cr\u00edtica) e incentiva a colabora\u00e7\u00e3o (<strong>Educa\u00e7\u00e3o Participativa<\/strong>). M<\/span><span style=\"font-family: Arial\">otivar, facilitar e despertar conduzem para <strong>Educa\u00e7\u00e3o Transformadora<\/strong>, transcendendo as &#8220;sala de aula&#8221; ou &#8220;centros educacionais&#8221; em espa\u00e7os f\u00edsico fechados [1,2,3,4]. <\/span><\/p>\n<p style=\"text-align: justify\"><span style=\"font-family: Arial\">Neste s\u00e9culo XXI de inova\u00e7\u00f5es tecnol\u00f3gica, cient\u00edfica e educacionais ampliando a <\/span><strong style=\"font-family: Arial\">Gest\u00e3o em Estrat\u00e9gia Educacional<\/strong><span style=\"font-family: Arial\">, como <\/span><span style=\"font-family: Arial\">foco em procedimentos pedag\u00f3gicos com metodologias participativa (Educador e Educando) d<span style=\"font-family: Arial\">espertando e auxiliando o Ensino e Aprendizado no Ensino Superior.<\/span><\/span><span style=\"font-family: Arial;line-height: 1.5\"><br \/>\n<\/span><\/p>\n<hr \/>\n<p style=\"text-align: justify\"><strong><span style=\"font-size: 10px\"> REFER\u00caNCIAS<br \/>\n<\/span><\/strong><\/p>\n<div style=\"text-align: justify\" align=\"justify\">\n<div align=\"justify\"><span style=\"font-size: 10px\"><strong><span style=\"color: #000000\"><span style=\"text-decoration: underline\"><span style=\"font-family: Arial\">1<\/span><\/span><\/span><\/strong>. ROZENDO, C.A.; CASAGRANDE, L.D.R.; SCHNEIDER, J.F.; PARDINI, L.C. Uma an\u00e1lise das pr\u00e1ticas docentes de professores universit\u00e1rios da \u00e1rea de sa\u00fade. Rev. latino-am.enfermagem, Ribeir\u00e3o Preto, 7( 2): 15-23, abril, 1999. [<span style=\"color: #0000ff\"><strong><a style=\"color: #0000ff\" href=\"http:\/\/www.scielo.br\/scielo.php?script=sci_arttext&amp;pid=S0104-11691999000200003&amp;lng=pt&amp;nrm=iso\">LINK<\/a><\/strong><\/span>]. Freire, P. Conscientiza\u00e7\u00e3o. S\u00e3o Paulo: Cortez &amp; Moraes, 1979.[<span style=\"color: #0000ff\"><strong><a style=\"color: #0000ff\" href=\"http:\/\/www.paulofreire.ufpb.br\/paulofreire\/Controle?tipo=Livrox&amp;op=listar&amp;id=0&amp;obra_critica=C\">LINK<\/a><\/strong><\/span>]<br \/>\n<\/span><\/div>\n<div align=\"justify\"><span style=\"font-size: 10px\">2. Freire, P. A import\u00e2ncia do ato de ler. 23\u00aa ed., S\u00e3o Paulo: Autores Associados: Cortez, 1989 [<span style=\"color: #0000ff\"><strong><a style=\"color: #0000ff\" href=\"http:\/\/www.paulofreire.ufpb.br\/paulofreire\/Controle?tipo=Livrox&amp;op=listar&amp;id=0&amp;obra_critica=C\">LINK<\/a><\/strong><\/span>] <\/span><\/div>\n<div align=\"justify\"><span style=\"font-size: 10px\">3. Gadotti M., Freire, P. Guimar\u00e3es, S. Pedagogia: di\u00e1logo e conflito, 4. ed.,S\u00e3o Paulo: Cortez, 1995 <\/span><span style=\"font-size: 10px\"><a href=\"http:\/\/www.paulofreire.ufpb.br\/paulofreire\/Controle?tipo=Livrox&amp;op=listar&amp;id=0&amp;obra_critica=C\">[<span style=\"color: #0000ff\"><strong>LINK<\/strong><\/span><\/a>]<\/span><\/div>\n<div align=\"justify\"><span style=\"font-size: 10px\">4. Freire, P. Pol\u00edtica e educa\u00e7\u00e3o, 5. ed, S\u00e3o Paulo, Cortez, 2001. [<span style=\"color: #0000ff\"><strong><a style=\"color: #0000ff\" href=\"http:\/\/www.paulofreire.ufpb.br\/paulofreire\/Controle?tipo=Livrox&amp;op=listar&amp;id=0&amp;obra_critica=C\">LINK<\/a><\/strong><\/span>]<br \/>\n<\/span><\/div>\n<div style=\"text-align: center\" align=\"justify\">\n<address style=\"text-align: right\">\n<hr \/>\n<hr \/>\n<\/address>\n<\/div>\n<\/div>\n<div style=\"text-align: left\" align=\"center\">\n<div style=\"text-align: center\" align=\"center\">\n<div align=\"justify\">\n<p><span style=\"font-size: 10px\"><strong><span style=\"color: #ff0000\"><span style=\"color: #ff0000;font-size: 10px\"><span style=\"color: #ff0000;font-size: 14px\">\u25ca<\/span><\/span> <\/span>Universidade de S\u00e3o Paulo (<\/strong><\/span><span style=\"font-size: 10px\"><strong><span style=\"color: #0000ff\"><a style=\"color: #0000ff\" href=\"http:\/\/www5.usp.br\/\">USP<\/a><\/span><\/strong><\/span><span style=\"font-size: 10px\"><strong>), Pr\u00f3-Reitoria de P\u00f3s-Gradua\u00e7\u00e3o (<span style=\"color: #0000ff\"><a style=\"color: #0000ff\" href=\"http:\/\/www.prpg.usp.br\/index.php\/pt-br\/\">PrGra<\/a><\/span>), Sistemas de Apoio \u00e0 P\u00f3s-Gradua\u00e7\u00e3o (<span style=\"color: #0000ff\"><a style=\"color: #0000ff\" href=\"https:\/\/uspdigital.usp.br\/janus\/comum\/entrada.jsf#\">Janus<\/a><\/span>). Faculdade de Odontologia de Ribeir\u00e3o (<\/strong><\/span><span style=\"font-size: 10px\"><strong><span style=\"color: #0000ff\"><a style=\"color: #0000ff\" href=\"http:\/\/www.forp.usp.br\/\">FORP<\/a><\/span><\/strong><\/span><span style=\"font-size: 10px\"><strong>) &#8211; Programa de P\u00f3s-Gradua\u00e7\u00e3o (<\/strong><span style=\"color: #0000ff\"><a style=\"color: #0000ff\" href=\"http:\/\/www.prpg.usp.br\/index.php\/pt-br\/faca-pos-na-usp\/ache-um-programa?art_title=&amp;unidades%5B%5D=Faculdade+de+Odontologia+de+Ribeir%C3%A3o+Preto&amp;area_pos_graduacao%5B%5D=Ci%C3%AAncias+Biol%C3%B3gicas+e+da+Sa%C3%BAde&amp;art_language=pt-BR&amp;boxchecked=0&amp;search=programas_de_ps_graduaco&amp;task=search\">PgPG<\/a><\/span><strong>). Disciplina: \u00c1rea de Concentra\u00e7\u00e3o (<span style=\"color: #0000ff\"><a style=\"color: #0000ff\" href=\"http:\/\/143.107.206.201\/pradua-mainmenu-61\/13-cursos-oferecidos\/246-programa-de-pradua-em-odontopediatria.html\">58135<\/a><\/span>) ~ <span style=\"text-decoration: underline\"><em>C\u00f3digo 8035743<\/em><\/span> (<span style=\"color: #0000ff\"><a style=\"color: #0000ff\" href=\"https:\/\/uspdigital.usp.br\/janus\/componente\/catalogoDisciplinasInicial.jsf?action=3&amp;sgldis=8035743\">Conte\u00fado Program\u00e1tico<\/a><\/span>): Disciplina: <em>Metodologias e Din\u00e2mica no Ensino da Odontologia<\/em> (05\/05\/2000 at\u00e9 presente data): <\/strong><\/span><span style=\"font-size: 10px\"><strong>F\u00f3rum de Discuss\u00e3o (Sala de Aula). Respons\u00e1vel<\/strong><\/span><span style=\"font-size: 10px\"><span style=\"font-size: 10px\"><strong>: Prof. Dr. Luiz Carlos Pardini.<\/strong><\/span><\/span><\/p>\n<hr \/>\n<p><span style=\"font-size: 10px\"><strong><span style=\"text-decoration: underline\">Recebido<\/span>: 27\/5\/2012 &#8211; <span style=\"text-decoration: underline\">Publicado<\/span>: 1\/7\/2013 &#8211; Enciclop\u00e9dia Brasileira de Teleodontologia &#8211; ISNN 2448-1181<\/strong><br \/>\n<\/span><\/p>\n<\/div>\n<\/div>\n<hr \/>\n<\/div>\n","protected":false},"excerpt":{"rendered":"<p>\u2666 Luiz Carlos Pardini &#8211; {E-mailUSP] &#8211; Curr\u00edculo Lattes p\u00e1gina 2 \u25ca PARDINI, L.C. A [&hellip;]<\/p>\n","protected":false},"author":58,"featured_media":0,"parent":9070,"menu_order":0,"comment_status":"closed","ping_status":"closed","template":"","meta":{"footnotes":"","_links_to":"","_links_to_target":""},"class_list":["post-28081","page","type-page","status-publish","hentry"],"_links":{"self":[{"href":"https:\/\/sites.usp.br\/ebt\/index.php?rest_route=\/wp\/v2\/pages\/28081","targetHints":{"allow":["GET"]}}],"collection":[{"href":"https:\/\/sites.usp.br\/ebt\/index.php?rest_route=\/wp\/v2\/pages"}],"about":[{"href":"https:\/\/sites.usp.br\/ebt\/index.php?rest_route=\/wp\/v2\/types\/page"}],"author":[{"embeddable":true,"href":"https:\/\/sites.usp.br\/ebt\/index.php?rest_route=\/wp\/v2\/users\/58"}],"replies":[{"embeddable":true,"href":"https:\/\/sites.usp.br\/ebt\/index.php?rest_route=%2Fwp%2Fv2%2Fcomments&post=28081"}],"version-history":[{"count":4,"href":"https:\/\/sites.usp.br\/ebt\/index.php?rest_route=\/wp\/v2\/pages\/28081\/revisions"}],"predecessor-version":[{"id":28087,"href":"https:\/\/sites.usp.br\/ebt\/index.php?rest_route=\/wp\/v2\/pages\/28081\/revisions\/28087"}],"up":[{"embeddable":true,"href":"https:\/\/sites.usp.br\/ebt\/index.php?rest_route=\/wp\/v2\/pages\/9070"}],"wp:attachment":[{"href":"https:\/\/sites.usp.br\/ebt\/index.php?rest_route=%2Fwp%2Fv2%2Fmedia&parent=28081"}],"curies":[{"name":"wp","href":"https:\/\/api.w.org\/{rel}","templated":true}]}}