{"id":28656,"date":"2018-03-15T16:13:34","date_gmt":"2018-03-15T19:13:34","guid":{"rendered":"http:\/\/sites.usp.br\/ebt\/?page_id=28656"},"modified":"2018-03-15T16:53:57","modified_gmt":"2018-03-15T19:53:57","slug":"c","status":"publish","type":"page","link":"https:\/\/sites.usp.br\/ebt\/?page_id=28656","title":{"rendered":"Plauto Christopher Aranha Watanabe"},"content":{"rendered":"<address><span style=\"color: #ff0000;font-size: 14px\">\u2666\u00a0<\/span><em><span style=\"color: #ff0000\"><em><strong><span style=\"color: #000000;font-size: 14px\">Plauto Christopher Aranha Watanabe\u00a0<\/span><\/strong><\/em><\/span><\/em><span style=\"color: #ff0000\"><strong><span style=\"font-size: 10px\"><span style=\"color: #0000ff\"><span style=\"color: #0000ff\">&#8211;\u00a0<\/span><\/span><\/span><\/strong><\/span><\/address>\n<hr \/>\n<p style=\"text-align: justify\"><span style=\"font-size: 10px\"><strong>WATANABE<\/strong>,<strong>P.C.A. Parecerista Volunt\u00e1rio d<\/strong><\/span><span style=\"font-size: 10px\"><strong>os Hipertextos (Acesso Livre) da Enciclop\u00e9dia Brasileira de Teleodontologia &#8211; ISSN 2448-01181<\/strong><br \/>\n<\/span><\/p>\n<hr \/>\n<p style=\"text-align: justify\"><span style=\"font-family: Arial\"><strong>Plauto Christopher\u00a0Aranha Watanabe<\/strong> (Parecerista) relator volunt\u00e1rio dos textos (Hipertextos) enviado para publica\u00e7\u00e3o (Equipe &#8211; Corpo Editorial) da Enciclop\u00e9dia Brasileira de Teleodontologia.<\/span><\/p>\n<p style=\"text-align: justify\"><span style=\"font-family: Arial\"><strong>Plauto Christopher\u00a0Aranha Watanabe<\/strong>, na fun\u00e7\u00e3o de &#8220;ad hoc&#8221;, fundamenta as atua\u00e7\u00f5es acad\u00eamicas em harmonia com as informa\u00e7\u00f5es contidas no Curr\u00edculo Lattes, compat\u00edveis com sua \u00e1rea profissional de atua\u00e7\u00e3o (Docente e Pesquisador).<\/span><\/p>\n<div style=\"text-align: justify\" align=\"justify\">\n<div style=\"text-align: center\" align=\"justify\">\n<address style=\"text-align: right\">\n<hr \/>\n<hr \/>\n<p style=\"text-align: left\"><span style=\"font-size: 10px\"><strong>CERTIFICA\u00c7\u00c3O (Atua\u00e7\u00e3o: 2011 at\u00e9 a presente data)<\/strong><\/span><\/p>\n<div style=\"font-size: 12px\" align=\"justify\">\n<div align=\"justify\"><span style=\"font-size: 12px\">A atividade de parecerista volunt\u00e1rio referente \u00e0s publica\u00e7\u00f5es online (Enciclop\u00e9dia Brasileira de Teleodontologia) realizada desde 2011. [pdf-certificado]. Para receber a senha objetivando a impress\u00e3o do certificado entrar em contato com Equipe (<strong><span style=\"color: #0000ff\"><a style=\"color: #0000ff\" href=\"http:\/\/sites.usp.br\/ebt\/forp-contato\/\">e-mail<\/a><\/span><\/strong>).<\/span><span style=\"font-size: 13px\"><br \/>\n<\/span><\/div>\n<\/div>\n<div style=\"text-align: justify\" align=\"justify\">\n<div style=\"text-align: center\" align=\"justify\">\n<address style=\"text-align: right\">\n<hr \/>\n<address style=\"text-align: right\"><span style=\"font-size: 10px\"><span style=\"font-size: 10px\"><strong>Enciclop\u00e9dia Brasileira de Teleodontologia\u00a0<\/strong><\/span><\/span><\/p>\n<hr \/>\n<hr \/>\n<\/address>\n<\/address>\n<\/div>\n<\/div>\n<\/address>\n<\/div>\n<\/div>\n","protected":false},"excerpt":{"rendered":"<p>\u2666\u00a0Plauto Christopher Aranha Watanabe\u00a0&#8211;\u00a0 WATANABE,P.C.A. Parecerista Volunt\u00e1rio dos Hipertextos (Acesso Livre) da Enciclop\u00e9dia Brasileira de [&hellip;]<\/p>\n","protected":false},"author":58,"featured_media":0,"parent":3292,"menu_order":0,"comment_status":"closed","ping_status":"closed","template":"","meta":{"footnotes":"","_links_to":"","_links_to_target":""},"class_list":["post-28656","page","type-page","status-publish","hentry"],"_links":{"self":[{"href":"https:\/\/sites.usp.br\/ebt\/index.php?rest_route=\/wp\/v2\/pages\/28656","targetHints":{"allow":["GET"]}}],"collection":[{"href":"https:\/\/sites.usp.br\/ebt\/index.php?rest_route=\/wp\/v2\/pages"}],"about":[{"href":"https:\/\/sites.usp.br\/ebt\/index.php?rest_route=\/wp\/v2\/types\/page"}],"author":[{"embeddable":true,"href":"https:\/\/sites.usp.br\/ebt\/index.php?rest_route=\/wp\/v2\/users\/58"}],"replies":[{"embeddable":true,"href":"https:\/\/sites.usp.br\/ebt\/index.php?rest_route=%2Fwp%2Fv2%2Fcomments&post=28656"}],"version-history":[{"count":4,"href":"https:\/\/sites.usp.br\/ebt\/index.php?rest_route=\/wp\/v2\/pages\/28656\/revisions"}],"predecessor-version":[{"id":28673,"href":"https:\/\/sites.usp.br\/ebt\/index.php?rest_route=\/wp\/v2\/pages\/28656\/revisions\/28673"}],"up":[{"embeddable":true,"href":"https:\/\/sites.usp.br\/ebt\/index.php?rest_route=\/wp\/v2\/pages\/3292"}],"wp:attachment":[{"href":"https:\/\/sites.usp.br\/ebt\/index.php?rest_route=%2Fwp%2Fv2%2Fmedia&parent=28656"}],"curies":[{"name":"wp","href":"https:\/\/api.w.org\/{rel}","templated":true}]}}