{"id":35570,"date":"2020-09-23T10:59:28","date_gmt":"2020-09-23T13:59:28","guid":{"rendered":"http:\/\/sites.usp.br\/ebt\/?page_id=35570"},"modified":"2020-10-02T09:35:45","modified_gmt":"2020-10-02T12:35:45","slug":"enc-bras-teleodonto","status":"publish","type":"page","link":"https:\/\/sites.usp.br\/ebt\/?page_id=35570","title":{"rendered":"Enciclop\u00e9dia"},"content":{"rendered":"<p><em><strong><a href=\"http:\/\/sites.usp.br\/podae\/wp-login.php\"><img loading=\"lazy\" decoding=\"async\" class=\"alignleft wp-image-528\" src=\"http:\/\/sites.usp.br\/podae\/wp-content\/uploads\/sites\/36\/2014\/05\/FORP_PODAE_00.jpg\" alt=\"FORP_PODAE_00\" width=\"32\" height=\"33\" \/><\/a><\/strong><\/em>\u2022<span style=\"color: #ff0000;\"><span style=\"color: #000000; font-size: 14px;\"><em><strong> Enciclop\u00e9dia Brasileira de Teleodontologia (ISSN 2448-1181 &#8211; Encicl. Bras. Teleodontol.<br \/>\n<\/strong><\/em><\/span><\/span><\/p>\n<hr \/>\n<p style=\"text-align: justify;\"><span style=\"font-family: Arial;\"><span style=\"font-size: 13px;\"><strong>Polo de Odontologia Digital Aplicado \u00e0 Educa\u00e7\u00e3o <\/strong>(<em>acr\u00f4nimo<\/em><strong> PODAE<\/strong>), inserido na plataforma digital da <strong>Faculdade de Odontologia de Ribeir\u00e3o Preto <\/strong>[<strong><span style=\"color: #0000ff;\"><a style=\"color: #0000ff;\" href=\"\/\/www.forp.usp.br\/\">FORP<\/a><\/span><\/strong>]<strong>, <\/strong>da<strong> Universidade de S\u00e3o Paulo <\/strong>[<strong><span style=\"color: #0000ff;\"><a style=\"color: #0000ff;\" href=\"\/\/www5.usp.br\/\">USP<\/a><\/span><\/strong>] <\/span><\/span><span style=\"font-family: Arial;\"><span style=\"font-size: 13px;\"><span style=\"color: #0000ff;\"><span style=\"color: #000000;\">contribuindo na Educa\u00e7\u00e3o Superior (<strong><span style=\"color: #0000ff;\"><a style=\"color: #0000ff;\" href=\"http:\/\/portal.mec.gov.br\/e-mec-sp-257584288\">MEC<\/a><\/span><\/strong> &#8211; <span style=\"color: #0000ff;\"><strong><a style=\"color: #0000ff;\" href=\"https:\/\/emec.mec.gov.br\/emec\/nova\">IES<\/a><\/strong><\/span>) na \u00c1rea Sa\u00fade: <strong>Odontologia<\/strong><\/span>..<\/span><\/span><\/span><\/p>\n<p style=\"text-align: justify;\"><span style=\"font-family: Arial;\"><span style=\"font-size: 13px;\"><span style=\"color: #0000ff;\">\u00a0E<\/span>quipe do <strong>Polo de Odontologia Digital Aplicado \u00e0 Educa\u00e7\u00e3o<\/strong> (PODAE), da Faculdade de Odontologia de Ribeir\u00e3o Preto (<strong>FORP<\/strong>) est\u00e1 associada com o Corpo Editorial e\u00a0 Assessores (Pareceristas) da Enciclop\u00e9dia Brasileira de Teleodontologia (ISSN 2448-1181 &#8211; <em><strong>Encicl. Bras. Teleodontol<\/strong><\/em>. (<strong>Sistema Integrado de Bibliotecas da Universidade de S\u00e3o Paulo<\/strong> (<span style=\"color: #0000ff;\"><strong>SIBI<\/strong>). <\/span>Esta\u00a0 parceria \u00a0contribui com as <strong>Estrat\u00e9gicas Midi\u00e1ticas<\/strong> (<strong>Inova\u00e7\u00f5es Tecnol\u00f3gicas<\/strong>) associadas com o Ensino e o Aprendizado em Sa\u00fade.<\/span><\/span><\/p>\n<p style=\"text-align: justify;\"><span style=\"font-family: Arial;\"><span style=\"font-size: 13px;\"><strong>PODAE<\/strong> est\u00e1 localizado na cidade de Ribeir\u00e3o Preto, S\u00e3o Paulo, Brasil (<span style=\"color: #0000ff;\"><strong><a style=\"color: #0000ff;\" href=\"0xdd4e22ddeaa1fb2a?hl=en\">MAPS<\/a><\/strong><\/span>) com proje\u00e7\u00e3o internacional (<strong><span style=\"color: #0000ff;\"><a style=\"color: #0000ff;\" href=\"https:\/\/www.researchgate.net\/institution\/University_of_Sao_Paulo\">University-ResearchGate<\/a><\/span><\/strong>) ampliando as a\u00e7\u00f5es educacionais no <strong>Curso de Gradua\u00e7\u00e3o em Odontologia, <\/strong><strong>Programa de P\u00f3s-Gradua\u00e7\u00e3o e Atividades de Extens\u00e3o.<\/strong><\/span><\/span><\/p>\n<p style=\"text-align: justify;\"><span style=\"font-family: Arial;\"><span style=\"font-size: 13px;\"><strong>PODAE <\/strong>est\u00e1 associada com a <strong>Revista Brasileira de Teleodontologia<\/strong> (ISSN: 1809-0745 &#8211; <strong>Rev. Bras. Teleodontol<\/strong>. \/ <strong>LATINDEX<\/strong>). Esta parceria estimula as <strong>Estrat\u00e9gicas Midi\u00e1ticas<\/strong> (<strong>Inova\u00e7\u00f5es Tecnol\u00f3gicas<\/strong>) associadas com o Ensino e o Aprendizado em Sa\u00fade. O Conte\u00fado Midi\u00e1tico \u00e9 <strong>Avaliada por Pares <\/strong>(<strong><a href=\"https:\/\/sites.usp.br\/podae\/?page_id=3336\"><span style=\"color: #0000ff;\">Parecerista<\/span><\/a> volunt\u00e1rios e Independente: Docentes e Pesquisadores<\/strong>)<strong>. <\/strong><\/span><\/span><\/p>\n<p style=\"text-align: justify;\"><span style=\"font-family: Arial;\"><span style=\"font-size: 13px;\"><strong>Miss\u00e3o: <\/strong>Divulga\u00e7\u00e3o do Saber mediante o Acesso Livre (Acesso Aberto) no formato e multil\u00edngue compartilhado por <strong>Plataformas Educacionais de Comunica\u00e7\u00e3o.<\/strong><\/span><\/span><\/p>\n<ul>\n<li style=\"list-style-type: none;\">\n<ul>\n<li><span style=\"font-size: 13px;\"><strong>USP DIGITAL: <\/strong><\/span><span style=\"font-size: 13px;\"><strong><span style=\"color: #0000ff;\">(<\/span><span style=\"color: #0000ff;\"><a style=\"color: #0000ff;\" href=\"https:\/\/uspdigital.usp.br\/wsusuario\/\">Sistema USP<\/a>) <\/span><\/strong><\/span><\/li>\n<li><span style=\"font-size: 13px;\"><strong>USP Rede Social: <span style=\"color: #0000ff;\"><a href=\"https:\/\/social.stoa.usp.br\/pardini\/\">[<\/a> <a style=\"color: #0000ff;\" href=\"https:\/\/social.stoa.usp.br\/\">STOA<\/a> <a href=\"https:\/\/social.stoa.usp.br\/profile\/teleodontologia\">]<\/a> <\/span>\/ EX-Alunos (<span style=\"color: #0000ff;\"><a style=\"color: #0000ff;\" href=\"http:\/\/www.alumni.usp.br\/\">Alumni <\/a>) <\/span><\/strong><\/span><\/li>\n<li><span style=\"font-size: 13px;\"><strong>Comunica\u00e7\u00e3o Eletr\u00f4nica <a href=\"https:\/\/accounts.google.com\/Login\/signinchooser?flowName=GlifWebSignIn&amp;flowEntry=ServiceLogin\"><span style=\"color: #0000ff;\">[<\/span><\/a> <\/strong><\/span><span style=\"font-size: 13px;\"><span style=\"color: #0000ff;\"><strong><a style=\"color: #0000ff;\" href=\"http:\/\/email.usp.br\">e-mailUSP<\/a><\/strong> <\/span><a style=\"font-size: 13px; font-weight: bold;\" href=\"https:\/\/login.live.com\/login.srf?wa=wsignin1.0&amp;rpsnv=13&amp;ct=1580293626&amp;rver=7.0.6737.0&amp;wp=MBI_SSL&amp;wreply=https%3a%2f%2foutlook.live.com%2fowa%2f%3fnlp%3d1%26RpsCsrfState%3d50202712-5c61-0655-fe89-566be6ff2d52&amp;id=292841&amp;aadredir=1&amp;CBCXT=out&amp;lw=1&amp;fl=dob%2cflname%2cwld&amp;cobrandid=90015\">]<\/a><\/span><\/li>\n<li><span style=\"font-size: 13px;\"><b style=\"font-size: 13px;\">Ambiente Virtual de Apoio \u00e0 Gradua\u00e7\u00e3o e P\u00f3s-gradua\u00e7\u00e3o<\/b><b style=\"font-size: 13px;\">: <span style=\"color: #0000ff;\"><a style=\"color: #0000ff;\" href=\"https:\/\/edisciplinas.usp.br\/\">e-Disciplina<\/a><\/span> <\/b><\/span><\/li>\n<li><span style=\"font-size: 13px;\"><strong> Sistema de Cl\u00ednicas Odontol\u00f3gicas <\/strong>(<strong><em>Intranet<\/em>: Romeu<\/strong>)<\/span><\/li>\n<li><span style=\"color: #ff0000;\"><span style=\"font-size: 13px; color: #ff0000;\"><span style=\"color: #000000;\"><strong>Organiza\u00e7\u00e3o Mundial de Sa\u00fad<\/strong>e (<strong><span style=\"color: #0000ff;\">WHO<\/span><\/strong>)<\/span><\/span><\/span><\/li>\n<li><span style=\"color: #ff0000;\"><span style=\"font-size: 13px; color: #ff0000;\"><span style=\"color: #000000;\">\u00a0<\/span><\/span><\/span><span style=\"color: #ff0000;\"><span style=\"font-size: 13px; color: #ff0000;\"><span style=\"color: #000000;\"><strong>Organiza\u00e7\u00e3o Panamericana<\/strong> (<strong><span style=\"color: #0000ff;\"><a style=\"color: #0000ff;\" href=\"http:\/\/www.paho.org\/hq\/\">OPAS<\/a><\/span><\/strong>)<\/span><\/span><\/span><\/li>\n<li><span style=\"color: #ff0000;\"><span style=\"font-size: 13px; color: #ff0000;\"><span style=\"color: #000000;\"><strong>Conselho Federal de Odontologia<\/strong> (<span style=\"color: #0000ff;\"><strong><a style=\"color: #0000ff;\" href=\"http:\/\/cfo.org.br\/\">CFO<\/a><\/strong><\/span>)<\/span><\/span><\/span><\/li>\n<li><span style=\"color: #ff0000;\"><span style=\"color: #ff0000;\"><span style=\"font-size: 13px; color: #ff0000;\"><span style=\"color: #000000;\"><strong>Portal Brasil<\/strong> (<strong><span style=\"color: #0000ff;\"><a style=\"color: #0000ff;\" href=\"http:\/\/www.brasil.gov.br\/saude\">Sa\u00fade<\/a><\/span><\/strong>)<br \/>\n<\/span><\/span><\/span><\/span><\/li>\n<\/ul>\n<\/li>\n<\/ul>\n<hr style=\"width: 321px;\" \/>\n<div align=\"center\">\n<p><span style=\"font-family: Arial; font-size: xx-small;\"><strong><strong>2014: Reformulado pela Equipe do PODAE e auxiliado pela Equipe da &#8220;<em><span style=\"color: #0000ff;\"><a href=\"http:\/\/sites.usp.br\/\"><span style=\"color: #0000ff;\">Incubadora de Sites<\/span><\/a><\/span><\/em>&#8221; (<span style=\"color: #0000ff;\"><a href=\"http:\/\/www5.usp.br\/\"><span style=\"color: #0000ff;\">USP<\/span><\/a><\/span>)<\/strong><\/strong><\/span><\/p>\n<div align=\"justify\">\n<div style=\"text-align: center;\" align=\"justify\">\n<div align=\"justify\">\n<div align=\"justify\">\n<div align=\"justify\">\n<div align=\"justify\">\n<div style=\"text-align: left;\" align=\"justify\">\n<hr \/>\n<\/div>\n<\/div>\n<\/div>\n<\/div>\n<\/div>\n<\/div>\n<\/div>\n<hr \/>\n<\/div>\n","protected":false},"excerpt":{"rendered":"<p>\u2022 Enciclop\u00e9dia Brasileira de Teleodontologia (ISSN 2448-1181 &#8211; Encicl. Bras. Teleodontol. Polo de Odontologia Digital [&hellip;]<\/p>\n","protected":false},"author":58,"featured_media":0,"parent":0,"menu_order":0,"comment_status":"closed","ping_status":"closed","template":"","meta":{"footnotes":"","_links_to":"","_links_to_target":""},"class_list":["post-35570","page","type-page","status-publish","hentry"],"_links":{"self":[{"href":"https:\/\/sites.usp.br\/ebt\/index.php?rest_route=\/wp\/v2\/pages\/35570","targetHints":{"allow":["GET"]}}],"collection":[{"href":"https:\/\/sites.usp.br\/ebt\/index.php?rest_route=\/wp\/v2\/pages"}],"about":[{"href":"https:\/\/sites.usp.br\/ebt\/index.php?rest_route=\/wp\/v2\/types\/page"}],"author":[{"embeddable":true,"href":"https:\/\/sites.usp.br\/ebt\/index.php?rest_route=\/wp\/v2\/users\/58"}],"replies":[{"embeddable":true,"href":"https:\/\/sites.usp.br\/ebt\/index.php?rest_route=%2Fwp%2Fv2%2Fcomments&post=35570"}],"version-history":[{"count":4,"href":"https:\/\/sites.usp.br\/ebt\/index.php?rest_route=\/wp\/v2\/pages\/35570\/revisions"}],"predecessor-version":[{"id":35797,"href":"https:\/\/sites.usp.br\/ebt\/index.php?rest_route=\/wp\/v2\/pages\/35570\/revisions\/35797"}],"wp:attachment":[{"href":"https:\/\/sites.usp.br\/ebt\/index.php?rest_route=%2Fwp%2Fv2%2Fmedia&parent=35570"}],"curies":[{"name":"wp","href":"https:\/\/api.w.org\/{rel}","templated":true}]}}