{"id":35583,"date":"2020-09-23T14:53:22","date_gmt":"2020-09-23T17:53:22","guid":{"rendered":"http:\/\/sites.usp.br\/ebt\/?page_id=35583"},"modified":"2021-02-22T15:36:45","modified_gmt":"2021-02-22T18:36:45","slug":"a-atividade-educativa-online-arauto-e-atributo-educacional","status":"publish","type":"page","link":"https:\/\/sites.usp.br\/ebt\/?page_id=35583","title":{"rendered":"A \u2013 Atividade Educativa Online: Arauto e Atributo Educacional"},"content":{"rendered":"<div style=\"text-align: left;\" align=\"center\">\n<p style=\"text-align: center;\"><span style=\"color: #800080;\"><strong><span style=\"font-size: 16px;\"><span style=\"font-family: Arial;\">ENCICLOP\u00c9DIA BRASILEIRA DE TELEODONTOLOGIA<br \/>\n<\/span><\/span><\/strong><\/span><strong><span style=\"font-size: 12px;\"><span style=\"font-family: Arial;\"> ISSN <span style=\"color: #0000ff;\"><a style=\"color: #0000ff;\" href=\"https:\/\/portal.issn.org\/resource\/ISSN\/2448-1181#\">2448-1181<\/a><\/span><\/span><\/span><\/strong><strong><span style=\"font-size: 12px;\"><span style=\"font-family: Arial;\"> (<span style=\"color: #0000ff;\"><a style=\"color: #0000ff;\" href=\"https:\/\/sites.usp.br\/podae\/wp-content\/uploads\/sites\/36\/2019\/06\/Encicl.-Bras.Teleodontol.jpg\">SIBi<\/a><\/span>) \/ <span style=\"color: #0000ff;\"><a style=\"color: #0000ff;\" href=\"https:\/\/sites.usp.br\/ebt\/\">Site<\/a><\/span>: <a href=\"https:\/\/sites.usp.br\/ebt\/?page_id=115\"><span style=\"color: #0000ff;\">Expediente<\/span><\/a> (<span style=\"color: #0000ff;\"><a style=\"color: #0000ff;\" href=\"https:\/\/sites.usp.br\/ebt\/?p=251\"><em>Sum\u00e1rios<\/em><\/a> <span style=\"color: #000000;\">e<\/span> <em><a style=\"color: #0000ff;\" href=\"https:\/\/sites.usp.br\/ebt\/?p=251\"><span style=\"color: #0000ff;\">Suplementos<\/span><\/a><\/em><\/span>)<br \/>\n<\/span><\/span><\/strong><strong><span style=\"font-size: 12px;\"><span style=\"font-family: Arial;\"> Polo de Odontologia Digital Aplicado \u00e0 Educa\u00e7\u00e3o<\/span><\/span><\/strong> <span style=\"font-size: 12px;\"><span style=\"font-family: Arial;\"><span style=\"color: #0000ff;\"><span style=\"color: #000000;\">(<\/span><\/span><\/span><\/span><a href=\"https:\/\/sites.usp.br\/podae\/\"><span style=\"color: #0000ff;\"><strong><span style=\"font-size: 12px;\"><span style=\"font-family: Arial;\">PODAE<\/span><\/span><\/strong><\/span><\/a><span style=\"font-size: 12px;\"><span style=\"font-family: Arial;\"><span style=\"color: #0000ff;\"><span style=\"color: #000000;\">)<strong>:<\/strong><\/span><\/span><\/span><\/span><strong><span style=\"font-size: 12px;\"><span style=\"font-family: Arial;\"><span style=\"color: #0000ff;\"><span style=\"color: #000000;\"> <span style=\"color: #0000ff;\"><a style=\"color: #0000ff;\" href=\"https:\/\/www.forp.usp.br\/\">FORP<\/a><\/span> \/<a href=\"https:\/\/www5.usp.br\/\"><span style=\"color: #0000ff;\"> USP<\/span><\/a><\/span><\/span><\/span><\/span><\/strong><\/p>\n<div style=\"text-align: left;\" align=\"center\">\n<address style=\"text-align: right;\">\n<div align=\"center\">\n<hr style=\"width: 321px;\" \/>\n<\/div>\n<\/address>\n<\/div>\n<\/div>\n<address style=\"text-align: right;\">\n<hr style=\"width: 321px;\" \/>\n<div align=\"center\">\n<p><span style=\"color: #000000;\"><strong><span style=\"font-size: 10px;\"><span style=\"color: #ff0000; font-size: 14px;\">\u2666<\/span> <\/span><\/strong><\/span><a href=\"https:\/\/sites.usp.br\/ebt\/?page_id=282\"><span style=\"color: #0000ff;\"><strong><span style=\"font-size: 12px;\"><span style=\"font-family: Arial;\">Fasc\u00edculo A <\/span><\/span><\/strong><\/span><\/a><span style=\"font-size: 12px;\"><span style=\"font-family: Arial;\">(<\/span><\/span><strong><span style=\"font-size: 12px;\"><span style=\"font-family: Arial;\">Janeiro a Dezembro<\/span><\/span><\/strong><span style=\"font-size: 12px;\"><span style=\"font-family: Arial;\">)<\/span><\/span><strong><span style=\"font-size: 12px;\"><span style=\"font-family: Arial;\"> \/ <\/span><\/span><\/strong><span style=\"color: #000000;\"><strong><span style=\"font-size: 10px;\"> <span style=\"color: #0000ff;\"><a style=\"color: #0000ff;\" href=\"https:\/\/sites.usp.br\/ebt\/?page_id=35583\">Suplemento Anual<\/a>: <\/span><\/span><\/strong><\/span><span style=\"font-size: 10px;\"><strong>Janeiro e Julh<\/strong><\/span><span style=\"color: #000000;\"><span style=\"font-size: 10px;\"><span style=\"color: #0000ff;\"><strong>o <\/strong><\/span><\/span><strong><span style=\"font-size: 10px;\">\/ <span style=\"text-decoration: underline;\">Visitantes:<\/span><\/span><\/strong><\/span><a href=\"https:\/\/contador.s12.com.br\"><img decoding=\"async\" class=\"\" src=\"https:\/\/contador.s12.com.br\/img-BCaBz2zddbZB7bxc-21.gif\" alt=\"contador de visitas gratis\" width=\"50\" height=\"10 border=\" \/><\/a><\/p>\n<hr style=\"width: 321px;\" \/>\n<\/div>\n<\/address>\n<address style=\"text-align: right;\">\u00a0<\/address>\n<div style=\"text-align: left;\" align=\"center\">\n<p style=\"text-align: center;\"><span style=\"color: #800080;\"><strong><span style=\"font-size: 16px;\"><span style=\"font-family: Arial;\">\u00a0<\/span><\/span><\/strong><\/span><\/p>\n<\/div>\n","protected":false},"excerpt":{"rendered":"<p>ENCICLOP\u00c9DIA BRASILEIRA DE TELEODONTOLOGIA ISSN 2448-1181 (SIBi) \/ Site: Expediente (Sum\u00e1rios e Suplementos) Polo de [&hellip;]<\/p>\n","protected":false},"author":58,"featured_media":0,"parent":282,"menu_order":0,"comment_status":"closed","ping_status":"closed","template":"","meta":{"footnotes":"","_links_to":"","_links_to_target":""},"class_list":["post-35583","page","type-page","status-publish","hentry"],"_links":{"self":[{"href":"https:\/\/sites.usp.br\/ebt\/index.php?rest_route=\/wp\/v2\/pages\/35583","targetHints":{"allow":["GET"]}}],"collection":[{"href":"https:\/\/sites.usp.br\/ebt\/index.php?rest_route=\/wp\/v2\/pages"}],"about":[{"href":"https:\/\/sites.usp.br\/ebt\/index.php?rest_route=\/wp\/v2\/types\/page"}],"author":[{"embeddable":true,"href":"https:\/\/sites.usp.br\/ebt\/index.php?rest_route=\/wp\/v2\/users\/58"}],"replies":[{"embeddable":true,"href":"https:\/\/sites.usp.br\/ebt\/index.php?rest_route=%2Fwp%2Fv2%2Fcomments&post=35583"}],"version-history":[{"count":4,"href":"https:\/\/sites.usp.br\/ebt\/index.php?rest_route=\/wp\/v2\/pages\/35583\/revisions"}],"predecessor-version":[{"id":36793,"href":"https:\/\/sites.usp.br\/ebt\/index.php?rest_route=\/wp\/v2\/pages\/35583\/revisions\/36793"}],"up":[{"embeddable":true,"href":"https:\/\/sites.usp.br\/ebt\/index.php?rest_route=\/wp\/v2\/pages\/282"}],"wp:attachment":[{"href":"https:\/\/sites.usp.br\/ebt\/index.php?rest_route=%2Fwp%2Fv2%2Fmedia&parent=35583"}],"curies":[{"name":"wp","href":"https:\/\/api.w.org\/{rel}","templated":true}]}}