{"id":35599,"date":"2020-09-23T14:59:36","date_gmt":"2020-09-23T17:59:36","guid":{"rendered":"http:\/\/sites.usp.br\/ebt\/?page_id=35599"},"modified":"2020-09-23T14:59:36","modified_gmt":"2020-09-23T17:59:36","slug":"a-08-abordagem-profissional-publicacao-ensino-e-pesquisa-divulgar-e-preciso-despertai-compartilhai","status":"publish","type":"page","link":"https:\/\/sites.usp.br\/ebt\/?page_id=35599","title":{"rendered":"A.08 Abordagem Profissional (Publica\u00e7\u00e3o Ensino e Pesquisa): Divulgar \u00e9 Preciso \u2013 Despertai! Compartilhai!"},"content":{"rendered":"","protected":false},"excerpt":{"rendered":"","protected":false},"author":58,"featured_media":0,"parent":282,"menu_order":0,"comment_status":"closed","ping_status":"closed","template":"","meta":{"footnotes":"","_links_to":"","_links_to_target":""},"class_list":["post-35599","page","type-page","status-publish","hentry"],"_links":{"self":[{"href":"https:\/\/sites.usp.br\/ebt\/index.php?rest_route=\/wp\/v2\/pages\/35599","targetHints":{"allow":["GET"]}}],"collection":[{"href":"https:\/\/sites.usp.br\/ebt\/index.php?rest_route=\/wp\/v2\/pages"}],"about":[{"href":"https:\/\/sites.usp.br\/ebt\/index.php?rest_route=\/wp\/v2\/types\/page"}],"author":[{"embeddable":true,"href":"https:\/\/sites.usp.br\/ebt\/index.php?rest_route=\/wp\/v2\/users\/58"}],"replies":[{"embeddable":true,"href":"https:\/\/sites.usp.br\/ebt\/index.php?rest_route=%2Fwp%2Fv2%2Fcomments&post=35599"}],"version-history":[{"count":1,"href":"https:\/\/sites.usp.br\/ebt\/index.php?rest_route=\/wp\/v2\/pages\/35599\/revisions"}],"predecessor-version":[{"id":35600,"href":"https:\/\/sites.usp.br\/ebt\/index.php?rest_route=\/wp\/v2\/pages\/35599\/revisions\/35600"}],"up":[{"embeddable":true,"href":"https:\/\/sites.usp.br\/ebt\/index.php?rest_route=\/wp\/v2\/pages\/282"}],"wp:attachment":[{"href":"https:\/\/sites.usp.br\/ebt\/index.php?rest_route=%2Fwp%2Fv2%2Fmedia&parent=35599"}],"curies":[{"name":"wp","href":"https:\/\/api.w.org\/{rel}","templated":true}]}}