{"id":35613,"date":"2020-09-23T15:09:40","date_gmt":"2020-09-23T18:09:40","guid":{"rendered":"http:\/\/sites.usp.br\/ebt\/?page_id=35613"},"modified":"2020-09-23T16:15:10","modified_gmt":"2020-09-23T19:15:10","slug":"04a-atividade-educativa-online-abordagem-dinamica-movimento-e-acao-versus-inercia-cultural","status":"publish","type":"page","link":"https:\/\/sites.usp.br\/ebt\/?page_id=35613","title":{"rendered":"04\u00aa Atividade Educativa Online (Abordagem Din\u00e2mica): Movimento e A\u00e7\u00e3o versus In\u00e9rcia Cultural"},"content":{"rendered":"","protected":false},"excerpt":{"rendered":"","protected":false},"author":58,"featured_media":0,"parent":35583,"menu_order":0,"comment_status":"closed","ping_status":"closed","template":"","meta":{"footnotes":"","_links_to":"","_links_to_target":""},"class_list":["post-35613","page","type-page","status-publish","hentry"],"_links":{"self":[{"href":"https:\/\/sites.usp.br\/ebt\/index.php?rest_route=\/wp\/v2\/pages\/35613","targetHints":{"allow":["GET"]}}],"collection":[{"href":"https:\/\/sites.usp.br\/ebt\/index.php?rest_route=\/wp\/v2\/pages"}],"about":[{"href":"https:\/\/sites.usp.br\/ebt\/index.php?rest_route=\/wp\/v2\/types\/page"}],"author":[{"embeddable":true,"href":"https:\/\/sites.usp.br\/ebt\/index.php?rest_route=\/wp\/v2\/users\/58"}],"replies":[{"embeddable":true,"href":"https:\/\/sites.usp.br\/ebt\/index.php?rest_route=%2Fwp%2Fv2%2Fcomments&post=35613"}],"version-history":[{"count":1,"href":"https:\/\/sites.usp.br\/ebt\/index.php?rest_route=\/wp\/v2\/pages\/35613\/revisions"}],"predecessor-version":[{"id":35614,"href":"https:\/\/sites.usp.br\/ebt\/index.php?rest_route=\/wp\/v2\/pages\/35613\/revisions\/35614"}],"up":[{"embeddable":true,"href":"https:\/\/sites.usp.br\/ebt\/index.php?rest_route=\/wp\/v2\/pages\/35583"}],"wp:attachment":[{"href":"https:\/\/sites.usp.br\/ebt\/index.php?rest_route=%2Fwp%2Fv2%2Fmedia&parent=35613"}],"curies":[{"name":"wp","href":"https:\/\/api.w.org\/{rel}","templated":true}]}}