{"id":35619,"date":"2020-09-23T15:10:51","date_gmt":"2020-09-23T18:10:51","guid":{"rendered":"http:\/\/sites.usp.br\/ebt\/?page_id=35619"},"modified":"2020-09-23T16:13:38","modified_gmt":"2020-09-23T19:13:38","slug":"07a-atividade-educativa-online-abordagem-pedagogica-acao-multidisciplinar-clinica-laboratorio","status":"publish","type":"page","link":"https:\/\/sites.usp.br\/ebt\/?page_id=35619","title":{"rendered":"07\u00aa Atividade Educativa Online (Abordagem Pedag\u00f3gica): A\u00e7\u00e3o Multidisciplinar (Cl\u00ednica \/ Laborat\u00f3rio)"},"content":{"rendered":"","protected":false},"excerpt":{"rendered":"","protected":false},"author":58,"featured_media":0,"parent":35583,"menu_order":0,"comment_status":"closed","ping_status":"closed","template":"","meta":{"footnotes":"","_links_to":"","_links_to_target":""},"class_list":["post-35619","page","type-page","status-publish","hentry"],"_links":{"self":[{"href":"https:\/\/sites.usp.br\/ebt\/index.php?rest_route=\/wp\/v2\/pages\/35619","targetHints":{"allow":["GET"]}}],"collection":[{"href":"https:\/\/sites.usp.br\/ebt\/index.php?rest_route=\/wp\/v2\/pages"}],"about":[{"href":"https:\/\/sites.usp.br\/ebt\/index.php?rest_route=\/wp\/v2\/types\/page"}],"author":[{"embeddable":true,"href":"https:\/\/sites.usp.br\/ebt\/index.php?rest_route=\/wp\/v2\/users\/58"}],"replies":[{"embeddable":true,"href":"https:\/\/sites.usp.br\/ebt\/index.php?rest_route=%2Fwp%2Fv2%2Fcomments&post=35619"}],"version-history":[{"count":1,"href":"https:\/\/sites.usp.br\/ebt\/index.php?rest_route=\/wp\/v2\/pages\/35619\/revisions"}],"predecessor-version":[{"id":35620,"href":"https:\/\/sites.usp.br\/ebt\/index.php?rest_route=\/wp\/v2\/pages\/35619\/revisions\/35620"}],"up":[{"embeddable":true,"href":"https:\/\/sites.usp.br\/ebt\/index.php?rest_route=\/wp\/v2\/pages\/35583"}],"wp:attachment":[{"href":"https:\/\/sites.usp.br\/ebt\/index.php?rest_route=%2Fwp%2Fv2%2Fmedia&parent=35619"}],"curies":[{"name":"wp","href":"https:\/\/api.w.org\/{rel}","templated":true}]}}