{"id":35646,"date":"2020-09-23T15:33:16","date_gmt":"2020-09-23T18:33:16","guid":{"rendered":"http:\/\/sites.usp.br\/ebt\/?page_id=35646"},"modified":"2021-02-16T12:05:24","modified_gmt":"2021-02-16T15:05:24","slug":"03-abordagem-articular-a-pratica-docente-area-da-saude-compartilhando-acoes","status":"publish","type":"page","link":"https:\/\/sites.usp.br\/ebt\/?page_id=35646","title":{"rendered":"03 Abordagem Articular: A Pr\u00e1tica Docente (\u00c1rea da Sa\u00fade) \u2013 Compartilhando A\u00e7\u00f5es"},"content":{"rendered":"<p style=\"text-align: center;\"><span style=\"color: #800080;\"><strong><span style=\"font-size: 16px;\"><span style=\"font-family: Arial;\">ENCICLOP\u00c9DIA BRASILEIRA DE TELEODONTOLOGIA<br \/>\n<\/span><\/span><\/strong><\/span><strong><span style=\"font-size: 12px;\"><span style=\"font-family: Arial;\"> ISSN <span style=\"color: #0000ff;\"><a style=\"color: #0000ff;\" href=\"https:\/\/portal.issn.org\/resource\/ISSN\/2448-1181#\">2448-1181<\/a><\/span><\/span><\/span><\/strong><strong><span style=\"font-size: 12px;\"><span style=\"font-family: Arial;\"> \/ <\/span><\/span><\/strong><span style=\"font-size: 12px;\"><span style=\"font-family: Arial;\"><strong>(<span style=\"color: #0000ff;\"><a style=\"color: #0000ff;\" href=\"https:\/\/sites.usp.br\/podae\/wp-content\/uploads\/sites\/36\/2019\/06\/Encicl.-Bras.Teleodontol.jpg\">SIBi<\/a><\/span>) \/ <span style=\"color: #0000ff;\"><a style=\"color: #0000ff;\" href=\"https:\/\/sites.usp.br\/ebt\/\">Site<\/a><\/span>: <span style=\"color: #0000ff;\"><a style=\"color: #0000ff;\" href=\"https:\/\/sites.usp.br\/ebt\/?page_id=115\">Expediente<\/a> <span style=\"color: #000000;\">(<\/span><\/span><a href=\"https:\/\/sites.usp.br\/ebt\/?p=251\"><span style=\"color: #0000ff;\">Sum\u00e1rios<\/span><\/a><span style=\"color: #0000ff;\"> \/ <\/span><a href=\"https:\/\/sites.usp.br\/ebt\/?p=251\"><span style=\"color: #0000ff;\">Suplementos<\/span><\/a><\/strong><\/span><\/span><strong><span style=\"font-size: 12px;\"><span style=\"font-family: Arial;\"><span style=\"color: #000000;\">)<\/span><br \/>\n<\/span><\/span><\/strong><strong><span style=\"font-size: 12px;\"><span style=\"font-family: Arial;\"> Polo de Odontologia Digital Aplicado \u00e0 Educa\u00e7\u00e3o <\/span><\/span><\/strong><span style=\"font-size: 12px;\"><span style=\"font-family: Arial;\">(<\/span><\/span><strong><span style=\"font-size: 12px;\"><span style=\"font-family: Arial;\"><a href=\"https:\/\/sites.usp.br\/podae\/?page_id=89\"><span style=\"color: #0000ff;\">PODAE<\/span><\/a><\/span><\/span><\/strong><span style=\"font-size: 12px;\"><span style=\"font-family: Arial;\"><span style=\"color: #0000ff;\">)<\/span><\/span><\/span><strong><span style=\"font-size: 12px;\"><span style=\"font-family: Arial;\"><span style=\"color: #0000ff;\">: <\/span><a href=\"https:\/\/www.forp.usp.br\/\"><span style=\"color: #0000ff;\">FORP<\/span><\/a> \/ <span style=\"color: #0000ff;\"><a style=\"color: #0000ff;\" href=\"https:\/\/www5.usp.br\/\">USP<\/a><\/span><\/span><\/span><\/strong> <strong><span style=\"font-size: 12px;\"><span style=\"font-family: Arial;\"><br \/>\n<\/span><\/span><\/strong><\/p>\n<div style=\"text-align: left;\" align=\"center\">\n<address style=\"text-align: right;\">\n<div align=\"center\">\n<hr style=\"width: 321px;\" \/>\n<\/div>\n<\/address>\n<\/div>\n<p style=\"text-align: center;\"><strong><span style=\"font-size: 14 px;\"><span style=\"font-family: Arial;\"><span style=\"color: #000000;\"><span style=\"font-size: 10px;\"><a href=\"https:\/\/sites.usp.br\/ebt\/?page_id=35637\"><span style=\"color: #0000ff;\">1\u00aa Atividade Educativa Online<\/span><\/a> \/ <span style=\"color: #0000ff;\"><a style=\"color: #0000ff;\" href=\"https:\/\/sites.usp.br\/ebt\/?page_id=282\">Fasc\u00edculo A<\/a><\/span> <\/span><\/span> <\/span><\/span><\/strong><\/p>\n<address style=\"text-align: right;\">\n<hr style=\"width: 321px;\" \/>\n<\/address>\n<address><em><span style=\"color: #ff0000; font-size: 14px;\">\u2666 <\/span><\/em><span style=\"color: #ff0000;\"><span style=\"font-size: 10px;\"><strong><span style=\"color: #0000ff;\"><em><span style=\"color: #000000; font-size: 14px;\">Lisete Diniz Ribas Casagrande &#8211; <\/span><\/em><\/span><\/strong><\/span><\/span><span style=\"font-size: 10px;\"><strong><a href=\"https:\/\/uspdigital.usp.br\/telefonia\/telFormularioEmail.jsp?codigoPessoaUsuario=0&amp;codigoPessoa=75623&amp;nomePessoa=Luiz Carlos Pardini&amp;print=s\"><span style=\"color: #0000ff;\">E-mail<\/span><\/a> <\/strong><span style=\"color: #0000ff;\"><span style=\"color: #ff0000;\"><span style=\"color: #000000;\">&#8211;<\/span><\/span> <\/span> <span style=\"color: #0000ff;\"> <strong><a style=\"color: #0000ff;\" href=\"http:\/\/sites.usp.br\/ebt\/forp-expediente-encicl-bras-teleodontol\/parecerista-relator-consultor-avaliador\/lisete-diniz-ribas-casagrande\/\">informa\u00e7\u00f5es Adicionais<\/a><\/strong> <\/span><\/span><\/address>\n<address>\n<address><em><em><em><span style=\"color: #ff0000; font-size: 14px;\"><strong>\u25ca <\/strong><\/span><\/em><\/em><\/em><span style=\"color: #ff0000;\"><span style=\"font-size: 10px;\"><strong><span style=\"color: #0000ff;\"><em><span style=\"color: #000000; font-size: 14px;\">L<\/span><\/em><\/span><\/strong><\/span><\/span><span style=\"color: #ff0000;\"><span style=\"font-size: 10px;\"><strong><span style=\"color: #0000ff;\"><em><span style=\"color: #000000; font-size: 14px;\">uiz Carlos Pardini &#8211;<\/span><\/em> <\/span><\/strong><\/span><\/span><span style=\"font-size: 10px;\"><strong><span style=\"color: #0000ff;\"><span style=\"color: #ff0000;\"><span style=\"color: #000000;\"><a style=\"color: #0000ff;\" href=\"https:\/\/uspdigital.usp.br\/telefonia\/telFormularioEmail.jsp?codigoPessoaUsuario=0&amp;codigoPessoa=75623&amp;nomePessoa=Luiz Carlos Pardini&amp;print=s\">E-mail<\/a> <em><span style=\"color: #000000; font-size: 14px;\">&#8211;<\/span><\/em> <a style=\"color: #0000ff;\" href=\"http:\/\/sites.usp.br\/ebt\/forp-expediente-encicl-bras-teleodontol\/parecerista-relator-consultor-avaliador\/luiz-carlos-pardini\/\">Informa\u00e7\u00f5es adicionais<\/a><\/span><\/span><\/span><\/strong><\/span><\/address>\n<\/address>\n<address>\n<address style=\"text-align: right;\">\n<hr style=\"width: 321px;\" \/>\n<\/address>\n<\/address>\n<hr \/>\n<address style=\"text-align: right;\"><strong><span style=\"font-size: 12px;\"><span style=\"font-size: 10px;\">p\u00e1gina 2<\/span><br \/>\n<\/span><\/strong><\/address>\n<hr \/>\n<p style=\"text-align: justify;\"><span style=\"color: #000000; font-family: Arial;\"><span style=\"font-size: 12px; line-height: 18px;\"><strong>CASAGRANDE. L.D.R., PARDINI, L.C. <\/strong><strong>Abordagem Articular: A Pr\u00e1tica Docente (\u00c1rea da Sa\u00fade) \u2013 Compartilhando A\u00e7\u00f5es. Encicl. Bras.Teleodontol., Volume 1 (Serie A<\/strong>)<strong>: p\u00e1gina 3, janeiro, 2011. Suplemento. ISSN 2448-1181<\/strong>.<\/span><\/span><\/p>\n<hr \/>\n<p><span style=\"font-family: Arial;\"><strong>Abordagem Articular <\/strong>deve estimular a<strong> Pr\u00e1tica Docente <\/strong>com \u00eanfase na<strong> \u00c1rea da Sa\u00fade. No Programa d<\/strong>de algo durante express\u00e3o oral ou escrita.produ\u00e7\u00e3o urso de\u00a0<strong> Compartilhando A\u00e7\u00f5es.<\/strong><\/span><\/p>\n<p><span style=\"font-family: Arial;\"><strong>Abordagem Articular<\/strong> necessita de ampla <strong>Articula\u00e7\u00e3o Educacional<\/strong> entre Institui\u00e7\u00e3o (Minist\u00e9rio da Educa\u00e7\u00e3o \u2013 MEC), Docente e Discente e, paralelamente, com apoio de Avalia\u00e7\u00e3o Diagn\u00f3stica da Proposta Pol\u00edtico Pedag\u00f3gica.<\/span><\/p>\n<p style=\"text-align: justify;\"><span style=\"font-family: Arial;\"><strong>Abordagem Articular <\/strong><\/span><span style=\"font-family: Arial;\">Desde a publica\u00e7\u00e3o do trabalho de pesquisa de ROZENDO et al (1999) que identificou e caracterizou as pr\u00e1ticas docentes em rela\u00e7\u00e3o ao planejamento, execu\u00e7\u00e3o e avalia\u00e7\u00e3o de atividades e de ensino-aprendizagem, sendo o universo composto por 29 professores (\u00e1rea de sa\u00fade, no Brasil: Odontologia, Medicina, Enfermagem, Farm\u00e1cia, Psicologia, Nutri\u00e7\u00e3o, Servi\u00e7o Social e Medicina Veterin\u00e1ria., aluno de P\u00f3s-Gradua\u00e7\u00e3o da Disciplina de Did\u00e1tica) que voluntariamente responderam a um question\u00e1rio composto por quest\u00f5esemi-abertas.ROZENDO et al (1999) constataram a pr\u00e1tica de \u201cEduca\u00e7\u00e3o Banc\u00e1ria\u201d, segundo a denomina\u00e7\u00e3o de Paulo Freire, caracterizada por \u00eanfase na transmiss\u00e3o de informa\u00e7\u00f5es, cargas hor\u00e1rias muito grandes, pouca integra\u00e7\u00e3o das disciplinas e aulas expositivas e atua\u00e7\u00e3o pedag\u00f3gica [1,2,3,4].<\/span><\/p>\n<p style=\"text-align: justify;\"><span style=\"font-family: Arial;\">Surge o questionamento: Ser\u00e1 que at\u00e9 hoje (at\u00e9 a presente data) ainda o Ensino Superior (\u00c1rea da Sa\u00fade) permanece a \u201cEduca\u00e7\u00e3o Banc\u00e1ria\u201c? (Forum de Discuss\u00e3o: Sala de Aula)* Os rec\u00e9m-contratados para o ensino superior tem seu foco centrado quase que exclusivamente na sua \u00e1rea de atua\u00e7\u00e3o (Especializa\u00e7\u00e3o, Atualiza\u00e7\u00e3o, Mestrado e Doutorado) ao iniciar a \u201cCarreira Acad\u00eamica\u201d.<br \/>\nNeste s\u00e9culo XXI, Abordagem Articular deve, constantemente, \u201c(re)avaliar\u201d as novas e atualizadas Pr\u00e1tica Docente, principalmente, na \u00c1rea da Sa\u00fade e \u201cCompartilhando A\u00e7\u00f5es\u201d com a Comunidade Educacional para o Di\u00e1logo Pedag\u00f3gico.<\/span><\/p>\n<p style=\"text-align: justify;\"><span style=\"font-family: Arial;\"><strong>Abordagem Articular<\/strong>: A<strong> Doc\u00eancia <\/strong>e o<strong> Mon\u00f3logo <\/strong>(<strong>Curr\u00edculo e Did\u00e1tica<\/strong>) \u00e9 fundamental na Arte de<strong> Educar<\/strong> \u00e9 foco em a\u00e7\u00f5es (formativa e assertiva), d<\/span><span style=\"font-family: Arial;\">esperta e auxilia o Ensino Superior com avalia\u00e7\u00f5es peri\u00f3dicas<\/span><span style=\"font-family: Arial; line-height: 1.5;\">.<br \/>\n<\/span><\/p>\n<hr \/>\n<div align=\"justify\">\n<div align=\"justify\">\n<div align=\"justify\">\n<div align=\"justify\"><span style=\"font-size: 12px;\"><em><strong><span style=\"text-decoration: underline;\">REFER\u00caNCIAS<\/span><\/strong><\/em><\/span><\/div>\n<div style=\"font-size: 12px;\" align=\"justify\">\n<div align=\"justify\"><span style=\"font-size: 12px;\">1.<\/span><span style=\"font-size: 12px;\"> BRASIL &#8211; Diretrizes e Bases da Educa\u00e7\u00e3o Nacional, 1996. [<span style=\"color: #0000ff;\"><strong><a style=\"color: #0000ff;\" href=\"http:\/\/www.planalto.gov.br\/ccivil_03\/leis\/L9394compilado.htm\">Lei 9.394<\/a><\/strong><\/span>]<\/span><\/div>\n<div align=\"justify\">2. BRASIL &#8211; Regula o Exerc\u00edcio da Odontologia. Lei n\u00ba 5.081 de 24\/08\/1966. D.O., Se\u00e7\u00e3o I. Parte I, 26\/08\/1966. [<strong><span style=\"color: #0000ff;\"><a style=\"color: #0000ff;\" href=\"http:\/\/www.planalto.gov.br\/ccivil_03\/leis\/L5081.htm\">Lei n\u00ba 5.081<\/a><\/span><\/strong>]<\/div>\n<div align=\"justify\"><span style=\"font-size: 12px;\">3. BRASIL &#8211; Diretrizes Curriculares Nacionais do Curso de Gradua\u00e7\u00e3o em Odontologia, 2002. [<span style=\"color: #0000ff;\"><strong><a style=\"color: #0000ff;\" href=\"http:\/\/portal.mec.gov.br\/cne\/arquivos\/pdf\/CES032002.pdf\">Resolu\u00e7\u00e3o CNE\/CES 3<\/a><\/strong><\/span>].<\/span><\/div>\n<div align=\"justify\"><span style=\"font-size: 12px;\">4. FREIRE, PAULO. Carta de Paulo Freire aos professores. Estud. av., S\u00e3o Paulo , 15(42): 259-268, Aug. 2001 [<strong><span style=\"color: #0000ff;\"><a style=\"color: #0000ff;\" href=\"http:\/\/www.scielo.br\/pdf\/ea\/v15n42\/v15n42a13.pdf\">PDF<\/a><\/span><\/strong>]<br \/>\n<\/span><\/div>\n<div align=\"justify\"><span style=\"font-size: 12px;\">5. ROZENDO, C.A.; CASAGRANDE, L.D.R.; SCHNEIDER, J.F.; PARDINI, L.C. Uma an\u00e1lise das pr\u00e1ticas docentes de professores universit\u00e1rios da \u00e1rea de sa\u00fade. Rev. latino-am.enfermagem, Ribeir\u00e3o Preto, 7( 2): 15-23, abril 1999. [<strong><span style=\"color: #0000ff;\"><a style=\"color: #0000ff;\" href=\"http:\/\/www.scielo.br\/scielo.php?script=sci_arttext&amp;pid=S0104-11691999000200003&amp;lng=pt&amp;nrm=iso\"><span style=\"color: #0000ff;\">LINK<\/span><\/a><\/span><\/strong>]<\/span><\/div>\n<\/div>\n<\/div>\n<\/div>\n<\/div>\n<div style=\"text-align: justify;\" align=\"justify\">\n<div style=\"text-align: center;\" align=\"justify\">\n<address style=\"text-align: right;\">\n<hr \/>\n<hr \/>\n<\/address>\n<\/div>\n<\/div>\n<div style=\"text-align: left;\" align=\"center\">\n<div style=\"text-align: center;\" align=\"center\">\n<div align=\"justify\">\n<p><span style=\"font-size: 10px;\"><strong><span style=\"color: #ff0000; font-size: 10px;\"><span style=\"color: #ff0000; font-size: 14px;\"><em>\u2666<\/em>\u25ca<\/span><\/span> <span style=\"font-size: 10px;\"><strong>Universidade de S\u00e3o Paulo (<span style=\"color: #0000ff;\"><a style=\"color: #0000ff;\" href=\"http:\/\/www5.usp.br\/\">USP<\/a><\/span> \/ <span style=\"color: #0000ff;\"><a style=\"color: #0000ff;\" href=\"https:\/\/uspdigital.usp.br\/wsusuario\/\">SistemasUSP<\/a><\/span>), Faculdade de Odontologia de Ribeir\u00e3o (<span style=\"color: #0000ff;\"><a style=\"color: #0000ff;\" href=\"http:\/\/www.forp.usp.br\/\">FORP<\/a><\/span> \/ <span style=\"color: #0000ff;\"><a style=\"color: #0000ff;\" href=\"http:\/\/www.prpg.usp.br\/index.php\/pt-br\/faca-pos-na-usp\/ache-um-programa?art_title=&amp;unidades%5B%5D=Faculdade+de+Odontologia+de+Ribeir%C3%A3o+Preto&amp;area_pos_graduacao%5B%5D=Ci%C3%AAncias+Biol%C3%B3gicas+e+da+Sa%C3%BAde&amp;art_language=pt-BR&amp;boxchecked=0&amp;search=programas_de_ps_graduaco&amp;task=search\">PgPG<\/a><\/span>) \/ <\/strong><\/span>Disciplinas: <em>Metodologia do Ensino Superior<\/em> (1995-2000). <em>Did\u00e1tica para o Ensino Superior<\/em> (1996-2000)<\/strong><\/span><span style=\"font-size: 10px;\"><span style=\"font-size: 10px;\"><strong>. <em>Metodologias e Din\u00e2mica no Ensino da Odontolog<\/em>ia (1995-2000). Respons\u00e1veis: Profs. Drs. Lisete Diniz Ribas Casagrande e Luiz Carlos Pardini. Programa de Aperfei\u00e7oamento de Ensino (<a href=\"http:\/\/www.prpg.usp.br\/index.php\/pt-br\/pae\/o-que-pae\"><span style=\"color: #0000ff;\">PAE<\/span><\/a>): <em>Metodologias e Din\u00e2mica no Ensino da Odontologia <\/em>(Respons\u00e1vel: Luiz Carlos Pardini 05\/05\/2000 at\u00e9 presente data<\/strong>)<strong><br \/>\n<\/strong><\/span><\/span><\/p>\n<hr \/>\n<p style=\"text-align: justify;\"><span style=\"font-size: 10px;\"><strong><span style=\"text-decoration: underline;\">Recebido<\/span>: 1\/3\/2011 &#8211; <span style=\"color: #0000ff;\"><a style=\"color: #0000ff;\" href=\"https:\/\/sites.usp.br\/ebt\/?page_id=3292\">Parecerista<\/a>: <\/span>1\/4\/2011 &#8211; <span style=\"text-decoration: underline;\">Reformulado<\/span>: 2\/4\/2011 &#8211; <span style=\"text-decoration: underline;\">Publicado<\/span>: 2\/4\/2011 &#8211; Enciclop\u00e9dia Brasileira de Teleodontologia<\/strong><br \/>\n<\/span><\/p>\n<\/div>\n<\/div>\n<hr \/>\n<\/div>\n<p>&nbsp;<\/p>\n","protected":false},"excerpt":{"rendered":"<p>ENCICLOP\u00c9DIA BRASILEIRA DE TELEODONTOLOGIA ISSN 2448-1181 \/ (SIBi) \/ Site: Expediente (Sum\u00e1rios \/ Suplementos) Polo [&hellip;]<\/p>\n","protected":false},"author":58,"featured_media":0,"parent":35637,"menu_order":0,"comment_status":"closed","ping_status":"closed","template":"","meta":{"footnotes":"","_links_to":"","_links_to_target":""},"class_list":["post-35646","page","type-page","status-publish","hentry"],"_links":{"self":[{"href":"https:\/\/sites.usp.br\/ebt\/index.php?rest_route=\/wp\/v2\/pages\/35646","targetHints":{"allow":["GET"]}}],"collection":[{"href":"https:\/\/sites.usp.br\/ebt\/index.php?rest_route=\/wp\/v2\/pages"}],"about":[{"href":"https:\/\/sites.usp.br\/ebt\/index.php?rest_route=\/wp\/v2\/types\/page"}],"author":[{"embeddable":true,"href":"https:\/\/sites.usp.br\/ebt\/index.php?rest_route=\/wp\/v2\/users\/58"}],"replies":[{"embeddable":true,"href":"https:\/\/sites.usp.br\/ebt\/index.php?rest_route=%2Fwp%2Fv2%2Fcomments&post=35646"}],"version-history":[{"count":4,"href":"https:\/\/sites.usp.br\/ebt\/index.php?rest_route=\/wp\/v2\/pages\/35646\/revisions"}],"predecessor-version":[{"id":37087,"href":"https:\/\/sites.usp.br\/ebt\/index.php?rest_route=\/wp\/v2\/pages\/35646\/revisions\/37087"}],"up":[{"embeddable":true,"href":"https:\/\/sites.usp.br\/ebt\/index.php?rest_route=\/wp\/v2\/pages\/35637"}],"wp:attachment":[{"href":"https:\/\/sites.usp.br\/ebt\/index.php?rest_route=%2Fwp%2Fv2%2Fmedia&parent=35646"}],"curies":[{"name":"wp","href":"https:\/\/api.w.org\/{rel}","templated":true}]}}