{"id":35817,"date":"2020-10-02T18:44:54","date_gmt":"2020-10-02T21:44:54","guid":{"rendered":"http:\/\/sites.usp.br\/ebt\/?page_id=35817"},"modified":"2020-10-02T18:44:54","modified_gmt":"2020-10-02T21:44:54","slug":"biblioteca-digital-construcao-da-informacao-online","status":"publish","type":"page","link":"https:\/\/sites.usp.br\/ebt\/?page_id=35817","title":{"rendered":"Biblioteca Digital: Constru\u00e7\u00e3o da Informa\u00e7\u00e3o Online"},"content":{"rendered":"","protected":false},"excerpt":{"rendered":"","protected":false},"author":58,"featured_media":0,"parent":35766,"menu_order":0,"comment_status":"closed","ping_status":"closed","template":"","meta":{"footnotes":"","_links_to":"","_links_to_target":""},"class_list":["post-35817","page","type-page","status-publish","hentry"],"_links":{"self":[{"href":"https:\/\/sites.usp.br\/ebt\/index.php?rest_route=\/wp\/v2\/pages\/35817","targetHints":{"allow":["GET"]}}],"collection":[{"href":"https:\/\/sites.usp.br\/ebt\/index.php?rest_route=\/wp\/v2\/pages"}],"about":[{"href":"https:\/\/sites.usp.br\/ebt\/index.php?rest_route=\/wp\/v2\/types\/page"}],"author":[{"embeddable":true,"href":"https:\/\/sites.usp.br\/ebt\/index.php?rest_route=\/wp\/v2\/users\/58"}],"replies":[{"embeddable":true,"href":"https:\/\/sites.usp.br\/ebt\/index.php?rest_route=%2Fwp%2Fv2%2Fcomments&post=35817"}],"version-history":[{"count":1,"href":"https:\/\/sites.usp.br\/ebt\/index.php?rest_route=\/wp\/v2\/pages\/35817\/revisions"}],"predecessor-version":[{"id":35818,"href":"https:\/\/sites.usp.br\/ebt\/index.php?rest_route=\/wp\/v2\/pages\/35817\/revisions\/35818"}],"up":[{"embeddable":true,"href":"https:\/\/sites.usp.br\/ebt\/index.php?rest_route=\/wp\/v2\/pages\/35766"}],"wp:attachment":[{"href":"https:\/\/sites.usp.br\/ebt\/index.php?rest_route=%2Fwp%2Fv2%2Fmedia&parent=35817"}],"curies":[{"name":"wp","href":"https:\/\/api.w.org\/{rel}","templated":true}]}}