{"id":37112,"date":"2021-02-22T11:56:16","date_gmt":"2021-02-22T14:56:16","guid":{"rendered":"http:\/\/sites.usp.br\/ebt\/?page_id=37112"},"modified":"2021-02-22T11:57:32","modified_gmt":"2021-02-22T14:57:32","slug":"10-abordagem-articular-aprendizagem-na-busca-do-conhecimento-clinico","status":"publish","type":"page","link":"https:\/\/sites.usp.br\/ebt\/?page_id=37112","title":{"rendered":"10 Abordagem Articular: Aprendizagem na Busca do Conhecimento Cl\u00ednico"},"content":{"rendered":"<p style=\"text-align: center;\"><span style=\"color: #800080;\"><strong><span style=\"font-size: 16px;\"><span style=\"font-family: Arial;\">ENCICLOP\u00c9DIA BRASILEIRA DE TELEODONTOLOGIA<br \/>\n<\/span><\/span><\/strong><\/span><strong><span style=\"font-size: 12px;\"><span style=\"font-family: Arial;\">ISSN <span style=\"color: #0000ff;\"><a style=\"color: #0000ff;\" href=\"https:\/\/portal.issn.org\/resource\/ISSN\/2448-1181#\">2448-1181<\/a><\/span><\/span><\/span><\/strong><strong><span style=\"font-size: 12px;\"><span style=\"font-family: Arial;\"> \/ <span style=\"color: #0000ff;\"><a style=\"color: #0000ff;\" href=\"https:\/\/sites.usp.br\/podae\/wp-content\/uploads\/sites\/36\/2019\/06\/Encicl.-Bras.Teleodontol.jpg\">SIBi<\/a><\/span> \/ <a href=\"https:\/\/sites.usp.br\/podae\/?page_id=3320\"><span style=\"color: #0000ff;\">Expediente<\/span><\/a> \/ Fasc\u00edculos <\/span><\/span><\/strong><span style=\"font-size: 12px;\"><span style=\"font-family: Arial;\">(<\/span><\/span><span style=\"color: #0000ff;\"><strong><span style=\"font-size: 12px;\"><span style=\"font-family: Arial;\"><a style=\"color: #0000ff;\" href=\"https:\/\/sites.usp.br\/podae\/?page_id=120\">A-Z<\/a><\/span><\/span><\/strong><\/span><span style=\"font-size: 12px;\"><span style=\"font-family: Arial;\">)<\/span><\/span><strong><span style=\"font-size: 12px;\"><span style=\"font-family: Arial;\"><br \/>\n<\/span><\/span><\/strong><strong><span style=\"font-size: 12px;\"><span style=\"font-family: Arial;\"> Polo de Odontologia Digital Aplicado \u00e0 Educa\u00e7\u00e3o <\/span><\/span><\/strong><span style=\"font-size: 12px;\"><span style=\"font-family: Arial;\">(<\/span><\/span><strong><span style=\"font-size: 12px;\"><span style=\"font-family: Arial;\"><a href=\"https:\/\/sites.usp.br\/podae\/?page_id=89\"><span style=\"color: #0000ff;\">PODAE<\/span><\/a><\/span><\/span><\/strong><span style=\"font-size: 12px;\"><span style=\"font-family: Arial;\"><span style=\"color: #0000ff;\">)<\/span><\/span><\/span><strong><span style=\"font-size: 12px;\"><span style=\"font-family: Arial;\"><span style=\"color: #0000ff;\">: <\/span><a href=\"https:\/\/www.forp.usp.br\/\"><span style=\"color: #0000ff;\">FORP<\/span><\/a> \/ <span style=\"color: #0000ff;\"><a style=\"color: #0000ff;\" href=\"https:\/\/www5.usp.br\/\">USP<\/a><\/span><\/span><\/span><\/strong> <strong><span style=\"font-size: 12px;\"><span style=\"font-family: Arial;\"><br \/>\n<\/span><\/span><\/strong> <strong><span style=\"font-size: 14px;\"><span style=\"font-family: Arial;\"><span style=\"color: #0000ff;\"><em><span style=\"color: #000000;\"><span style=\"text-decoration: underline; color: #0000ff;\"><a style=\"color: #0000ff; text-decoration: underline;\" href=\"https:\/\/sites.usp.br\/podae\/?page_id=3391\">1\u00aa Atividad<\/a><\/span><\/span><\/em><\/span><\/span><\/span><\/strong><strong><span style=\"font-size: 14px;\"><span style=\"font-family: Arial;\"><span style=\"color: #0000ff;\"><em><span style=\"color: #000000;\"><span style=\"text-decoration: underline; color: #0000ff;\"><a style=\"color: #0000ff; text-decoration: underline;\" href=\"https:\/\/sites.usp.br\/podae\/?page_id=3391\">e Educativa Onlin<\/a>e<\/span> <\/span><\/em><\/span><\/span><\/span><\/strong><strong><span style=\"font-size: 12px;\"><span style=\"font-family: Arial;\"><br \/>\n<\/span><\/span><\/strong><span style=\"color: #000000;\"><strong><span style=\"font-size: 10px;\"><span style=\"color: #ff0000; font-size: 14px;\">\u2666<\/span> <\/span><\/strong><\/span><span style=\"color: #000000;\"><strong><span style=\"font-size: 10px;\"><span style=\"text-decoration: underline;\">SUM\u00c1RIOS<\/span><\/span><\/strong><\/span><strong><span style=\"font-size: 12px;\"><span style=\"font-family: Arial;\">: <\/span><\/span><\/strong><span style=\"color: #000000;\"><strong><span style=\"font-size: 10px;\"><span style=\"color: #0000ff;\"><a style=\"color: #0000ff;\" href=\"https:\/\/sites.usp.br\/podae\/?page_id=3288\"><span style=\"color: #0000ff;\">Fasc\u00edculo A<\/span><\/a><\/span> e <a href=\"https:\/\/sites.usp.br\/podae\/?page_id=3387\"><span style=\"color: #0000ff;\">Suplemento Anua<\/span>l<\/a> <\/span><\/strong><\/span><\/p>\n<address style=\"text-align: right;\">\n<hr style=\"width: 321px;\" \/>\n<\/address>\n<address><span style=\"color: #ff0000;\"><span style=\"font-size: 10px;\"><strong><span style=\"color: #0000ff;\"><em><span style=\"color: #000000; font-size: 14px;\">Dionis\u00edo Vinha <\/span><\/em><\/span><\/strong><\/span><\/span><span style=\"font-size: 10px;\"><strong><span style=\"color: #0000ff;\">&#8211; <a style=\"color: #0000ff;\" href=\"http:\/\/buscatextual.cnpq.br\/buscatextual\/email.do?metodo=apresentar&amp;seqIdPessoa=11644&amp;nomeDestinatario=Dionisio_Vinha\">E-mail<\/a> &#8211; <a style=\"color: #0000ff;\" href=\"http:\/\/lattes.cnpq.br\/7764721506268656\">Curr\u00edculo Lattes<\/a> &#8211; <a href=\"https:\/\/sites.usp.br\/podae\/?page_id=8038\"> <span style=\"color: #0000ff;\"><strong>informa\u00e7\u00f5es Adicionais<\/strong> <\/span><\/a><\/span><\/strong><\/span><\/address>\n<address>\n<address><span style=\"color: #ff0000;\"><span style=\"font-size: 10px;\"><strong><span style=\"color: #0000ff;\"><em><span style=\"color: #000000; font-size: 14px;\">Guilherme Briao Camacho &#8211; <\/span><\/em><\/span><\/strong><\/span><\/span><span style=\"font-size: 10px;\"><strong><span style=\"color: #0000ff;\"><span style=\"color: #ff0000;\"><span style=\"color: #000000;\"><a href=\"http:\/\/buscatextual.cnpq.br\/buscatextual\/email.do?metodo=apresentar&amp;seqIdPessoa=188256&amp;nomeDestinatario=Guilherme_Briao_Camacho\">E-mail<\/a> <em><span style=\"color: #000000; font-size: 14px;\">&#8211;<\/span><\/em> <a href=\"http:\/\/buscatextual.cnpq.br\/buscatextual\/visualizacv.do?id=K4766600D0&amp;tokenCaptchar=03AOLTBLT8GB-sRVcYWaBhUkrIqlKyQuDG6r4gwe_rFE2vJpy95jzXpq2z-h5s7QmjNUE10J4DO9-boL8xqeuJH83fTaBedwmOOO2Y8JGDfuMfFHccZDg700P9-VJSs-0pkwvogDD2sPTpLoHiCjQT9z2Wn9gzU-K-opknlVMlqv78kbY9kvbYCTWQeEgq8pxthDSIDSWTVvPdDyVM-XFxIReorM79pEw0JL_pCVMIorB7BgcFphZBQ7hMkDNdBtsugp2TnalSUcVIZmgvYCxcBqMiXqP8XbtE0dJamrsAH1S-aoP89VJ44i0NG6RPYJ0o06HFmyqrzQNHRszZQSEf6CHcnyIFQ8gu8y8pvAreKo7OkQVg7g6rdyz4RFbRP_5PbcAPwKVVRHpAxBd0112vUKIG2QMnxd26sEnm6yTgXnO6j-_KWjKRqTDMQLruXYRKsA3q7qogqVi4Vs5Ei5QdAz5qE_egYKYnNG0F7Dvt2DBzcH3NgB7AE8nNbS5Km0EQd0QHcaCxX9BI7LEVk_eGT1FlBPul6lj8abtFXjrrsXbvtMSvB8m_BEUWIZVzU7tD9xeId0FVA0OwPuP8YvgjHHi0u8f_CudJ4g\">Curr\u00edculo Lattes<\/a> &#8211; <\/span><\/span><\/span><\/strong><\/span><\/address>\n<\/address>\n<address>\n<address style=\"text-align: right;\">\n<hr style=\"width: 321px;\" \/>\n<\/address>\n<\/address>\n<hr \/>\n<address style=\"text-align: right;\"><strong><span style=\"font-size: 12px;\"><span style=\"font-size: 10px;\">p\u00e1gina 2<\/span><br \/>\n<\/span><\/strong><\/address>\n<hr \/>\n<p style=\"text-align: justify;\"><span style=\"color: #000000; font-family: Arial;\"><span style=\"font-size: 12px; line-height: 18px;\"><strong>VINHA, D., CAMACHO, B.G. Abordagem Articular: Aprendizagem na Busca do Conhecimento Cl\u00ednico<\/strong><strong>. Encicl. Bras.Teleodontol., Volume 1 (<a href=\"https:\/\/sites.usp.br\/podae\/?page_id=3288\"><span style=\"color: #0000ff;\">Fasc\u00edculo A<\/span><\/a>): p\u00e1gina 2, abril, 2011. Suplemento. ISSN 2448-1181<\/strong>.<\/span><\/span><\/p>\n<hr \/>\n<p style=\"text-align: justify;\"><span style=\"font-family: Arial;\"><strong>Abordagem Articular <\/strong>necessita da ampla Articula\u00e7\u00e3o Educacional entre Institui\u00e7\u00e3o, Docente e Discente com apoio de <strong>Avalia\u00e7\u00e3o Diagn\u00f3stica<\/strong> da <strong>Proposta Pol\u00edtico Pedag\u00f3gica<\/strong>. <\/span><\/p>\n<p style=\"text-align: justify;\"><span style=\"font-family: Arial;\"><strong>Curr\u00edculo<\/strong> e <strong>Did\u00e1tica<\/strong> s\u00e3o partes de a\u00e7\u00e3o cont\u00ednua explicitada na Matriz Curricular como no &#8220;<strong>Curr\u00edculo Oculto<\/strong>&#8221; (Procedimento do Professor: Comportamento Profissional &#8211; Docente Participativo &#8211; Referencial Educacional). <\/span><\/p>\n<p style=\"text-align: justify;\"><span style=\"font-family: Arial;\"><strong>Abordagem Articular<\/strong> \u00e9 fundamental para a atua\u00e7\u00e3o da Doc\u00eancia (Participa\u00e7\u00e3o Compartilhada &#8211; Educador \/ Educando) evitando a centralizar as a\u00e7\u00f5es pedag\u00f3gicas no Professor (Docente) com \u00eanfase no &#8220;Mon\u00f3logo&#8221; ( Professor &#8211; Centro e Fulcro): &#8220;Senhor da Verdade&#8221;. No Curso de P\u00f3s-Gradua\u00e7\u00e3o (Programa de P\u00f3s-Gradua\u00e7\u00e3o) \u00e9 relevante na Matriz Curricular (Curr\u00edculo) a intera\u00e7\u00e3o com &#8220;Did\u00e1tica&#8221;, ampliando os conhecimentos no Ensino e Aprendizado do aluno (futuro profissional): Cirurgia\u00f5-Dentica. A Atua\u00e7\u00e3o profissional \u00e9 fundamental para o desenvolimento e aplica\u00e7\u00e3o da Sa\u00fade Bucal [1,2,3,4,5]. <\/span><\/p>\n<p style=\"text-align: justify;\"><span style=\"font-family: Arial;\"><strong>Abordagem Articular<\/strong>: A<strong> Doc\u00eancia <\/strong>e o<strong> Mon\u00f3logo <\/strong>(<strong>Curr\u00edculo e Did\u00e1tica<\/strong>) \u00e9 fundamental na Arte de<strong> Educar<\/strong> \u00e9 foco em a\u00e7\u00f5es (formativa e assertiva), d<\/span><span style=\"font-family: Arial;\">esperta e auxilia o Ensino Superior com avalia\u00e7\u00f5es peri\u00f3dicas<\/span><span style=\"font-family: Arial; line-height: 1.5;\">.<br \/>\n<\/span><\/p>\n<hr \/>\n<div align=\"justify\">\n<div align=\"justify\">\n<div align=\"justify\">\n<div align=\"justify\"><span style=\"font-size: 12px;\"><em><strong><span style=\"text-decoration: underline;\">REFER\u00caNCIAS<\/span><\/strong><\/em><\/span><\/div>\n<div style=\"font-size: 12px;\" align=\"justify\">\n<div align=\"justify\"><span style=\"font-size: 12px;\">1. C\u00caNTOLA, A.L.B.; SILVA, M. F.; UETANABARA, R.; ROPERTO, R.C.; MANDARINO, F.; RIOS, M.A.; PARDINI, L.C. Avalia\u00e7\u00e3o da radiopacidade de diferentes resinas compostas universais e compact\u00e1veis. Jornal Brasileiro de Cl\u00ednica &amp; Est\u00e9tica em Odontologia, 6(1): 01-07, 2006.<\/span><\/div>\n<div align=\"justify\">2. CAMACHO, G.B.; VINHA, D.; PANZER,H ; NONAKA, T ; GON\u00c7ALVES, M. Surface Roughness of a dental ceramic after polishing with differents vehicles and diamond pastes. Brazilian Dental Journal, v. 17, p. 191-194, 2006. [<strong><span style=\"color: #0000ff;\"><a style=\"color: #0000ff;\" href=\"http:\/\/www.scielo.br\/scielo.php?script=sci_arttext&amp;pid=S0103-64402006000300003&amp;lng=pt&amp;nrm=iso\">LINK<\/a><\/span><\/strong>].<\/div>\n<div align=\"justify\">3. SILVA, M.F.; UETANABARO, R.; PARDINI, L.C.; MANDARINO, F.; CENTOLA, A.L.B.; RIOS, M.A.. Influ\u00eancia da kVp de aparelho de raios X na radiopacidade de diferentes resinas compostas. Revista do Instituto de Ci\u00eancias da Sa\u00fade (UNIP), S\u00e3o Paulo &#8211; UNIP, 22(3): 219-222, 2004.<\/div>\n<div align=\"justify\">4. UETANABARO, R.; SILVA, M. F.; MAZZETTO, M.O.; MANDARINO, F. ; PARDINI,L.C. Radiopacidade de resinas compostas.. Revista Brasileira de Odontologia, Rio de Janeiro, 63(1-2):56-60, 2006.<\/div>\n<div align=\"justify\"><span style=\"font-size: 12px;\">5. ROZENDO, C.A.; CASAGRANDE, L.D.R.; SCHNEIDER, J.F.; PARDINI, L.C. Uma an\u00e1lise das pr\u00e1ticas docentes de professores universit\u00e1rios da \u00e1rea de sa\u00fade. Rev. latino-am.enfermagem, Ribeir\u00e3o Preto, 7( 2): 15-23, abril 1999. [<strong><span style=\"color: #0000ff;\"><a style=\"color: #0000ff;\" href=\"http:\/\/www.scielo.br\/scielo.php?script=sci_arttext&amp;pid=S0104-11691999000200003&amp;lng=pt&amp;nrm=iso\"><span style=\"color: #0000ff;\">LINK<\/span><\/a><\/span><\/strong>]<\/span><\/div>\n<\/div>\n<\/div>\n<\/div>\n<\/div>\n<div style=\"text-align: justify;\" align=\"justify\">\n<div style=\"text-align: center;\" align=\"justify\">\n<address style=\"text-align: right;\">\n<hr \/>\n<hr \/>\n<\/address>\n<\/div>\n<\/div>\n<div style=\"text-align: left;\" align=\"center\">\n<div style=\"text-align: center;\" align=\"center\">\n<div align=\"justify\">\n<p style=\"text-align: justify;\"><span style=\"font-size: 10px;\"><strong><span style=\"text-decoration: underline;\">Recebido<\/span>: 4\/1\/2011 &#8211; <span style=\"color: #0000ff;\"><a style=\"color: #0000ff;\" href=\"http:\/\/sites.usp.br\/ebt\/forp-expediente-encicl-bras-teleodontol\/parecerista-relator-consultor-avaliador\/\">Parecerista<\/a>: <\/span>5\/1\/2011 &#8211; <span style=\"text-decoration: underline;\">Reformulado<\/span>: 9\/1\/2011 &#8211; <span style=\"text-decoration: underline;\">Publicado<\/span>: 10\/4\/2011 &#8211; Enciclop\u00e9dia Brasileira de Teleodontologia <\/strong><br \/>\n<\/span><\/p>\n<\/div>\n<\/div>\n<hr \/>\n<\/div>\n<p>&nbsp;<\/p>\n","protected":false},"excerpt":{"rendered":"<p>ENCICLOP\u00c9DIA BRASILEIRA DE TELEODONTOLOGIA ISSN 2448-1181 \/ SIBi \/ Expediente \/ Fasc\u00edculos (A-Z) Polo de [&hellip;]<\/p>\n","protected":false},"author":58,"featured_media":0,"parent":35637,"menu_order":0,"comment_status":"closed","ping_status":"closed","template":"","meta":{"footnotes":"","_links_to":"","_links_to_target":""},"class_list":["post-37112","page","type-page","status-publish","hentry"],"_links":{"self":[{"href":"https:\/\/sites.usp.br\/ebt\/index.php?rest_route=\/wp\/v2\/pages\/37112","targetHints":{"allow":["GET"]}}],"collection":[{"href":"https:\/\/sites.usp.br\/ebt\/index.php?rest_route=\/wp\/v2\/pages"}],"about":[{"href":"https:\/\/sites.usp.br\/ebt\/index.php?rest_route=\/wp\/v2\/types\/page"}],"author":[{"embeddable":true,"href":"https:\/\/sites.usp.br\/ebt\/index.php?rest_route=\/wp\/v2\/users\/58"}],"replies":[{"embeddable":true,"href":"https:\/\/sites.usp.br\/ebt\/index.php?rest_route=%2Fwp%2Fv2%2Fcomments&post=37112"}],"version-history":[{"count":4,"href":"https:\/\/sites.usp.br\/ebt\/index.php?rest_route=\/wp\/v2\/pages\/37112\/revisions"}],"predecessor-version":[{"id":37116,"href":"https:\/\/sites.usp.br\/ebt\/index.php?rest_route=\/wp\/v2\/pages\/37112\/revisions\/37116"}],"up":[{"embeddable":true,"href":"https:\/\/sites.usp.br\/ebt\/index.php?rest_route=\/wp\/v2\/pages\/35637"}],"wp:attachment":[{"href":"https:\/\/sites.usp.br\/ebt\/index.php?rest_route=%2Fwp%2Fv2%2Fmedia&parent=37112"}],"curies":[{"name":"wp","href":"https:\/\/api.w.org\/{rel}","templated":true}]}}