{"id":37150,"date":"2021-02-22T15:30:52","date_gmt":"2021-02-22T18:30:52","guid":{"rendered":"http:\/\/sites.usp.br\/ebt\/?page_id=37150"},"modified":"2021-02-22T15:31:56","modified_gmt":"2021-02-22T18:31:56","slug":"22-abordagem-profissional-a-experiencia-profissional-radiologia-e-atm","status":"publish","type":"page","link":"https:\/\/sites.usp.br\/ebt\/?page_id=37150","title":{"rendered":"22 Abordagem Profissional: A Experi\u00eancia Profissional (Radiologia e ATM)"},"content":{"rendered":"<address>\n<address><em><span style=\"color: #ff0000; font-size: 14px;\">\u2666 <\/span><\/em><span style=\"color: #ff0000;\"><span style=\"color: #ff0000;\"><span style=\"font-size: 10px;\"><strong><span style=\"color: #0000ff;\"><em><span style=\"color: #ff0000;\"><em><strong><span style=\"color: #000000; font-size: 14px;\">Takami Hirono Hotta &#8211;<\/span><\/strong><\/em><\/span><\/em><span style=\"color: #ff0000;\"><strong><span style=\"font-size: 10px;\"><span style=\"color: #0000ff;\"><span style=\"color: #0000ff;\"> <span style=\"color: #000000;\">{<\/span><\/span><\/span><\/span><\/strong><\/span><\/span><\/strong><\/span><\/span><\/span><span style=\"font-size: 10px;\"><strong><span style=\"color: #0000ff;\"><span style=\"color: #ff0000;\"><strong><span style=\"font-size: 10px;\"><span style=\"color: #000000;\">E-mailUSP] <span style=\"color: #ff0000;\"><span style=\"color: #ff0000;\"><span style=\"font-size: 10px;\"><strong><span style=\"color: #0000ff;\"><em><span style=\"color: #ff0000;\"><em><strong><span style=\"color: #000000; font-size: 14px;\">&#8211;<\/span><\/strong><\/em><\/span><\/em> <\/span><\/strong><\/span><\/span><\/span><span style=\"color: #0000ff;\"> Curr\u00edculo Lattes <\/span><\/span><\/span><\/strong><\/span><\/span><\/strong><\/span><\/address>\n<\/address>\n<address>\n<address><em><span style=\"color: #ff0000; font-size: 14px;\">\u2666 <\/span><\/em><span style=\"color: #ff0000;\"><span style=\"font-size: 10px;\"><strong><span style=\"color: #0000ff;\"><em><span style=\"color: #000000; font-size: 14px;\">L<\/span><\/em><\/span><\/strong><\/span><\/span><span style=\"color: #ff0000;\"><span style=\"color: #ff0000;\"><span style=\"font-size: 10px;\"><strong><span style=\"color: #0000ff;\"><em><span style=\"color: #ff0000;\"><em><strong><span style=\"color: #000000; font-size: 14px;\">uiz Carlos Pardini &#8211;<\/span><\/strong><\/em><\/span><\/em><span style=\"color: #ff0000;\"><strong><span style=\"font-size: 10px;\"><span style=\"color: #0000ff;\"><span style=\"color: #0000ff;\"> <span style=\"color: #000000;\">{<\/span><\/span><\/span><\/span><\/strong><\/span><\/span><\/strong><\/span><\/span><\/span><span style=\"font-size: 10px;\"><strong><span style=\"color: #0000ff;\"><span style=\"color: #ff0000;\"><strong><span style=\"font-size: 10px;\"><span style=\"color: #000000;\"><a style=\"color: #0000ff;\" href=\"https:\/\/uspdigital.usp.br\/telefonia\/telFormularioEmail.jsp?codigoPessoaUsuario=0&amp;codigoPessoa=75623&amp;nomePessoa=Luiz Carlos Pardini&amp;print=s\">E-mailUSP<\/a>] <span style=\"color: #ff0000;\"><span style=\"color: #ff0000;\"><span style=\"font-size: 10px;\"><strong><span style=\"color: #0000ff;\"><em><span style=\"color: #ff0000;\"><em><strong><span style=\"color: #000000; font-size: 14px;\">&#8211;<\/span><\/strong><\/em><\/span><\/em> <\/span><\/strong><\/span><\/span><\/span><span style=\"color: #0000ff;\"> <a style=\"color: #0000ff;\" href=\"http:\/\/buscatextual.cnpq.br\/buscatextual\/visualizacv.do?metodo=apresentar&amp;id=K4796807T1\">Curr\u00edculo Lattes<\/a> <\/span><\/span><\/span><\/strong><\/span><\/span><\/strong><\/span><\/address>\n<\/address>\n<hr \/>\n<hr \/>\n<address style=\"text-align: right;\"><strong><span style=\"font-size: 10px;\"><span style=\"font-size: 12px;\"><span style=\"color: #ff0000;\"><span style=\"color: #0000ff;\"><em><span style=\"color: #000000; font-size: 14px;\"><a style=\"color: #0000ff;\" href=\"http:\/\/sites.usp.br\/ebt\/forp-a-d-encl-bras-teleodontol\/a\/atividade-online-arauto-e-atributo-educacional\/atividade-online-abordagem-profissional-atuacao-clinica-cirurgiao-dentista\/\">2\u00aa. Atividade Online <\/a>(Janeiro 2011) &#8211; Abordagem Cl\u00ednica: Viv\u00eancia e Experi\u00eancia Profissional <\/span><\/em><\/span><\/span>\/ <\/span>p\u00e1gina 2<\/span><\/strong><\/address>\n<hr \/>\n<p style=\"text-align: justify;\"><span style=\"font-size: 10px;\"><span style=\"color: #ff0000; font-size: 10px;\"><span style=\"color: #ff0000; font-size: 14px;\">\u25ca<\/span><\/span> HOTTA, T. H., PARDINI, L.C. Abordagem Profissional: A Experi\u00eancia Profissional (Radiologia e ATM). Encicl. Bras. Teleodontol., Volume 2 (S\u00e9rie A): p\u00e1gina 1, janeiro, <\/span><span style=\"font-size: 10px;\"> 2012, ISSN 2448-1181<\/span><\/p>\n<hr \/>\n<p style=\"text-align: justify;\"><span style=\"font-family: Arial;\"><strong>Disfun\u00e7\u00e3o Temporomandibular<\/strong> (<strong>DTM<\/strong>) abrange variedade de problemas e alera\u00e7\u00f5es relacionados com a musculatura mastigat\u00f3ria, articula\u00e7\u00f5es temporomandibulares (<strong>ATMs<\/strong>) e demais estruturas associadas caracterizados por dores em articula\u00e7\u00f5es temporomandibulares, m\u00fasculos mastigat\u00f3rios, m\u00fasculos do pesco\u00e7o, limita\u00e7\u00f5es e desvios nos movimentos excursivos da mand\u00edbula, ru\u00eddos articulares e relacionamento oclusal alterado. <\/span><\/p>\n<p style=\"text-align: justify;\"><span style=\"font-family: Arial;\"><strong>Abordagem Profissiona<\/strong>l est\u00e1 diretamente associada com a Experi\u00eancia Profissional (Cirurgi\u00e3o-Dentista) em Radiologia (Imagenologia) e Articula\u00e7\u00f5es Temporomandibulares (ATM).<\/span><\/p>\n<p style=\"text-align: justify;\"><span style=\"font-family: Arial;\">Na Literatura Cient\u00edfica, atualmente, existem controv\u00e9rsias quanto \u00e0 Etiologia exclusiva da <strong>Disfun\u00e7\u00e3o Temporomandibular<\/strong> (<strong>DTM<\/strong>) havendo tend\u00eancia em assumir que \u00e9 multifatorial. <\/span><span style=\"font-family: Arial; line-height: 1.5;\">A rela\u00e7\u00e3o entre Oclus\u00e3o e DTM \u00e9 um assunto muito discutido nos trabalhos (Peri\u00f3dicos Cient\u00edfaicos) nos quais foram encontradas correla\u00e7\u00f5es entre maloclus\u00e3o ou interfer\u00eancias e disfun\u00e7\u00e3o, e outros que n\u00e3o relataram os mesmos resultados (HOTTA et al., 2003). <\/span><span style=\"font-family: Arial;\">A <strong>Estrat\u00e9gia Motivadora<\/strong> transcendendo a Literatura Educacional est\u00e1 na descoberta do Educando associado com seu principal interesse e as realiza\u00e7\u00f5es e<\/span><span style=\"font-family: Arial; line-height: 1.5;\"> inicia-se muito antes das contextualiza\u00e7\u00e3o das atividades educacionais (Curso, Especializa\u00e7\u00e3o, Atualiza\u00e7\u00e3o) est\u00e1 intimamente ligado, incrustado e delimitado no projeto de vida (atua\u00e7\u00e3o profissional) almejado pelo do Educando.<br \/>\n<\/span><\/p>\n<hr \/>\n<div style=\"text-align: left;\" align=\"center\">\n<div style=\"text-align: center;\" align=\"center\">\n<div align=\"justify\">\n<p style=\"text-align: justify;\"><strong><span style=\"font-size: 10px;\">REFER\u00caNCIAS<\/span><\/strong><\/p>\n<div style=\"text-align: justify;\" align=\"justify\">\n<div align=\"justify\"><span style=\"font-size: 10px;\">1. BRASIL &#8211; Diretrizes Curriculares Nacionais do Curso de Gradua\u00e7\u00e3o em Odontologia, 2002. [<span style=\"color: #0000ff;\"><strong><a href=\"http:\/\/sites.usp.br\/ebt\/wp-content\/uploads\/sites\/44\/2014\/11\/Resolu\u00e7\u00e3o-19-02-2002.pdf\">Resolu\u00e7\u00e3o CNE\/CES 3<\/a><\/strong><\/span>]<\/span><\/div>\n<div align=\"justify\"><span style=\"font-size: 10px;\">2. HOTTA, T.H.,BATAGLION, A., BATAGLION, C. ,BEZZON, O.L.l. Involvement of dental occlusion and trigeminal neuralgia: a clinical report. J Prosthet Dent 77(4):343-45,1997, [<span style=\"color: #0000ff;\"><strong><a href=\"http:\/\/www.thejpd.org\/article\/S0022-3913(97)70155-0\/fulltext?refuid=S0022-3913(00)70084-9&amp;refissn=0022-3913\">LINK<\/a><\/strong><\/span>].<\/span><\/div>\n<div align=\"justify\"><span style=\"font-size: 10px;\">3. HOTTA T.H. Avalia\u00e7\u00f5es cl\u00ednicas e radiogr\u00e1ficas de pacientes com sinais e sintomas de desordens temporomandibulares submetidos ao uso de pr\u00f3teses parciais remov\u00edveis terap\u00eauticas. Ribeir\u00e3o Preto, 1998. 166 p. Disserta\u00e7\u00e3o de Mestrado (Reabilita\u00e7\u00e3o Oral), Faculdade de Odontologia de Ribeir\u00e3o Preto, Universidade de S\u00e3o Paulo. [Orientador: Luiz de Jesus Nunes] . <\/span><\/div>\n<div align=\"justify\"><span style=\"font-size: 10px;\">4. World Health Organization. [<span style=\"color: #0000ff;\"><strong><a href=\"http:\/\/www.who.int\/en\/\">WHO<\/a><\/strong><\/span>] casa<\/span><\/div>\n<hr \/>\n<\/div>\n<p><span style=\"font-size: 10px;\"><strong><span style=\"text-decoration: underline;\">Recebido<\/span>:<\/strong>3\/01\/2011 &#8211; <strong><span style=\"text-decoration: underline;\">Publicado<\/span>:<\/strong> 02\/01\/2012 &#8211; Enciclop\u00e9dia Brasileira de Teleodontologia &#8211; ISSN 2448-1181<br \/>\n<\/span><\/p>\n<\/div>\n<\/div>\n<hr \/>\n<\/div>\n","protected":false},"excerpt":{"rendered":"<p>\u2666 Takami Hirono Hotta &#8211; {E-mailUSP] &#8211; Curr\u00edculo Lattes \u2666 Luiz Carlos Pardini &#8211; {E-mailUSP] [&hellip;]<\/p>\n","protected":false},"author":58,"featured_media":0,"parent":35637,"menu_order":0,"comment_status":"closed","ping_status":"closed","template":"","meta":{"footnotes":"","_links_to":"","_links_to_target":""},"class_list":["post-37150","page","type-page","status-publish","hentry"],"_links":{"self":[{"href":"https:\/\/sites.usp.br\/ebt\/index.php?rest_route=\/wp\/v2\/pages\/37150","targetHints":{"allow":["GET"]}}],"collection":[{"href":"https:\/\/sites.usp.br\/ebt\/index.php?rest_route=\/wp\/v2\/pages"}],"about":[{"href":"https:\/\/sites.usp.br\/ebt\/index.php?rest_route=\/wp\/v2\/types\/page"}],"author":[{"embeddable":true,"href":"https:\/\/sites.usp.br\/ebt\/index.php?rest_route=\/wp\/v2\/users\/58"}],"replies":[{"embeddable":true,"href":"https:\/\/sites.usp.br\/ebt\/index.php?rest_route=%2Fwp%2Fv2%2Fcomments&post=37150"}],"version-history":[{"count":1,"href":"https:\/\/sites.usp.br\/ebt\/index.php?rest_route=\/wp\/v2\/pages\/37150\/revisions"}],"predecessor-version":[{"id":37151,"href":"https:\/\/sites.usp.br\/ebt\/index.php?rest_route=\/wp\/v2\/pages\/37150\/revisions\/37151"}],"up":[{"embeddable":true,"href":"https:\/\/sites.usp.br\/ebt\/index.php?rest_route=\/wp\/v2\/pages\/35637"}],"wp:attachment":[{"href":"https:\/\/sites.usp.br\/ebt\/index.php?rest_route=%2Fwp%2Fv2%2Fmedia&parent=37150"}],"curies":[{"name":"wp","href":"https:\/\/api.w.org\/{rel}","templated":true}]}}