{"id":37207,"date":"2021-03-03T14:47:10","date_gmt":"2021-03-03T17:47:10","guid":{"rendered":"http:\/\/sites.usp.br\/ebt\/?page_id=37207"},"modified":"2021-03-03T15:11:13","modified_gmt":"2021-03-03T18:11:13","slug":"01-editorial-2a-atividade-educativa-online-como-participar","status":"publish","type":"page","link":"https:\/\/sites.usp.br\/ebt\/?page_id=37207","title":{"rendered":"01 Editorial. 2\u00aa Atividade Educativa Online. Como Participar?"},"content":{"rendered":"<div style=\"text-align: left;\" align=\"center\">\n<div style=\"text-align: left;\" align=\"center\">\n<p style=\"text-align: center;\"><span style=\"color: #800080;\"><strong><span style=\"font-size: 16px;\"><span style=\"font-family: Arial;\">ENCICLOP\u00c9DIA BRASILEIRA DE TELEODONTOLOGIA<br \/>\n<\/span><\/span><\/strong><\/span><strong><span style=\"font-size: 12px;\"><span style=\"font-family: Arial;\">ISSN <span style=\"color: #0000ff;\"><a style=\"color: #0000ff;\" href=\"https:\/\/portal.issn.org\/resource\/ISSN\/2448-1181#\">2448-1181<\/a><\/span><\/span><\/span><\/strong><strong><span style=\"font-size: 12px;\"><span style=\"font-family: Arial;\"> \/ <span style=\"color: #0000ff;\"><a style=\"color: #0000ff;\" href=\"https:\/\/sites.usp.br\/podae\/wp-content\/uploads\/sites\/36\/2019\/06\/Encicl.-Bras.Teleodontol.jpg\">SIBi<\/a><\/span> \/ <a href=\"https:\/\/sites.usp.br\/podae\/?page_id=3320\"><span style=\"color: #0000ff;\">Expediente<\/span><\/a> \/ Fasc\u00edculos <\/span><\/span><\/strong><span style=\"font-size: 12px;\"><span style=\"font-family: Arial;\">(<\/span><\/span><strong><span style=\"font-size: 12px;\"><span style=\"font-family: Arial;\"><span style=\"color: #0000ff;\"><a style=\"color: #0000ff;\" href=\"https:\/\/sites.usp.br\/podae\/?page_id=120\">A-Z<\/a><\/span><\/span><\/span><\/strong><span style=\"font-size: 12px;\"><span style=\"font-family: Arial;\">)<\/span><\/span><strong><span style=\"font-size: 12px;\"><span style=\"font-family: Arial;\"><br \/>\n<\/span><\/span><\/strong><strong><span style=\"font-size: 12px;\"><span style=\"font-family: Arial;\"> Polo de Odontologia Digital Aplicado \u00e0 Educa\u00e7\u00e3o <\/span><\/span><\/strong><span style=\"font-size: 12px;\"><span style=\"font-family: Arial;\">(<\/span><\/span><strong><span style=\"font-size: 12px;\"><span style=\"font-family: Arial;\"><a href=\"https:\/\/sites.usp.br\/podae\/?page_id=89\"><span style=\"color: #0000ff;\">PODAE<\/span><\/a><\/span><\/span><\/strong><span style=\"font-size: 12px;\"><span style=\"font-family: Arial;\"><span style=\"color: #0000ff;\">)<\/span><\/span><\/span><strong><span style=\"font-size: 12px;\"><span style=\"font-family: Arial;\"><span style=\"color: #0000ff;\">: <\/span><a href=\"https:\/\/www.forp.usp.br\/\"><span style=\"color: #0000ff;\">FORP<\/span><\/a> \/ <span style=\"color: #0000ff;\"><a style=\"color: #0000ff;\" href=\"https:\/\/www5.usp.br\/\">USP<\/a><\/span><\/span><\/span><\/strong> <strong><span style=\"font-size: 12px;\"><span style=\"font-family: Arial;\"><br \/>\n<\/span><\/span><\/strong> <a href=\"https:\/\/sites.usp.br\/podae\/?page_id=3468\"><strong><span style=\"font-size: 14px;\"><span style=\"font-family: Arial;\"><span style=\"color: #0000ff;\"><em><span style=\"color: #000000;\"><span style=\"text-decoration: underline; color: #0000ff;\">2\u00aa Atividad<\/span><\/span><\/em><\/span><\/span><\/span><\/strong><strong><span style=\"font-size: 14px;\"><span style=\"font-family: Arial;\"><span style=\"color: #0000ff;\"><em><span style=\"color: #000000;\"><span style=\"text-decoration: underline; color: #0000ff;\">e Educativa Online<\/span> <\/span><\/em><\/span><\/span><\/span><\/strong><\/a><strong><span style=\"font-size: 12px;\"><span style=\"font-family: Arial;\"><br \/>\n<\/span><\/span><\/strong><span style=\"color: #000000;\"><strong><span style=\"font-size: 10px;\"><span style=\"color: #ff0000; font-size: 14px;\">\u2666<\/span> <\/span><\/strong><\/span><span style=\"color: #000000;\"><strong><span style=\"font-size: 10px;\"><span style=\"text-decoration: underline;\">SUM\u00c1RIOS<\/span><\/span><\/strong><\/span><strong><span style=\"font-size: 12px;\"><span style=\"font-family: Arial;\">: <\/span><\/span><\/strong><span style=\"color: #000000;\"><strong><span style=\"font-size: 10px;\"><span style=\"color: #0000ff;\"><a style=\"color: #0000ff;\" href=\"https:\/\/sites.usp.br\/podae\/?page_id=3288\"><span style=\"color: #0000ff;\">Fasc\u00edculo A<\/span><\/a><\/span> e <a href=\"https:\/\/sites.usp.br\/podae\/?page_id=3387\"><span style=\"color: #0000ff;\">Suplemento Anual <\/span><\/a><\/span><\/strong><\/span><\/p>\n<hr style=\"width: 321px;\" \/>\n<hr style=\"width: 321px;\" \/>\n<\/div>\n<hr \/>\n<address style=\"text-align: right;\"><strong><span style=\"font-size: 12px;\"><span style=\"font-family: Arial;\"><span style=\"color: #0000ff;\"><span style=\"color: #000000;\">p\u00e1gina 1<\/span><\/span><\/span><\/span><\/strong><\/address>\n<hr \/>\n<p style=\"text-align: justify;\"><span style=\"font-family: Arial;\"><strong>2\u00ba Atividade Educativa Online<\/strong> est\u00e1 sob supervis\u00e3o da <strong>Equipe <\/strong>(<strong><a href=\"https:\/\/sites.usp.br\/podae\/?page_id=3320\"><span style=\"color: #0000ff;\">Expedient<\/span>e<\/a><\/strong>) do <strong>Polo de Odontologia Digital Aplicado \u00e0 Educa\u00e7\u00e3o <\/strong>(<strong><span style=\"color: #0000ff;\"><a style=\"color: #0000ff;\" href=\"https:\/\/sites.usp.br\/podae\/\">PODA<\/a><\/span>E<\/strong>) associados <\/span><span style=\"font-family: Arial;\">est\u00e1 associada com o <strong>Corpo Editorial<\/strong> e <strong>Assessores<\/strong> (<span style=\"color: #0000ff;\"><a style=\"color: #0000ff;\" href=\"https:\/\/sites.usp.br\/podae\/?page_id=3336\">Pareceristas<\/a><\/span>) <\/span><span style=\"font-family: Arial;\">com a\u00e7\u00f5es educadoras das <strong>Multiplataformas Digitais: <\/strong><strong>Enciclop\u00e9dia Brasileira de Teleodontologia<\/strong> (<a href=\"https:\/\/portal.issn.org\/resource\/ISSN\/2448-1181#\"><strong><span style=\"color: #0000ff;\">ISSN PORTAL<\/span><\/strong><\/a>: <strong>2448-1181<\/strong> \u2013 <strong>Encicl. Bras. Teleodont<\/strong>ol. SIBI) e da <strong>Revista Brasileira de Teleodontologia<\/strong> (<a href=\"https:\/\/portal.issn.org\/resource\/ISSN\/1809-0745#\"><span style=\"color: #0000ff;\"><strong>ISSN PORTA<\/strong>L<\/span><\/a>: <strong>1809-0745<\/strong> \u2013 <strong>Rev. Bras. Teleodontol<\/strong>.\/ LATINDEX). <\/span><span style=\"font-family: Arial;\">Estas parcerias contribuem com as <strong>Estrat\u00e9gicas Midi\u00e1ticas<\/strong> (Inova\u00e7\u00f5es Tecnol\u00f3gicas) com o Foco Educacional:<strong> Miss\u00e3o<\/strong>, <strong>Vis\u00e3<\/strong>o e <strong>Valores<\/strong><br \/>\n<\/span><\/p>\n<p style=\"text-align: justify;\"><span style=\"font-family: Arial;\"><strong>Miss\u00e3o:<\/strong> Contribuir para a <strong>Forma\u00e7\u00e3o Acad\u00eamica<\/strong> e<strong> Profissional<\/strong> (\u00c1rea da Sa\u00fade: Odontologia) estimulando a <strong>Inclus\u00e3o Digital<\/strong> e a <strong>Discuss\u00e3o Participativa<\/strong> (<strong>Di\u00e1logo Interativo<\/strong>) estimulando a busca do saber<strong>.<\/strong><br \/>\n<\/span><\/p>\n<p style=\"text-align: justify;\"><span style=\"font-family: Arial;\"><strong>Vis\u00e3o<\/strong> <strong>Pessoal:<\/strong> Ampliar os conhecimentos cient\u00edficos (<strong>Educa\u00e7\u00e3o Baseado em Evid\u00eancias<\/strong> &#8211; <strong>EBE<\/strong>). Gerar e Motivar as continuas a\u00e7\u00f5es pedag\u00f3gicas (&#8220;buscar&#8217; e &#8220;procurar&#8221;) com atualiza\u00e7\u00f5es disponibilizadas (Livre Aces) nos <strong>Multimeios Digitais<\/strong> (<strong>Tecnologia da Informa\u00e7\u00e3o<\/strong> &#8211; TI na <strong>World Wide Web<\/strong> (WWW): <strong>Rede Mundial de Computador<\/strong> (&#8220;Internet&#8221;).<br \/>\n<\/span><\/p>\n<p style=\"text-align: justify;\"><span style=\"font-family: Arial;\"><strong>Valores<\/strong>: <\/span><span style=\"font-family: Arial;\">Gerar e despertar as a\u00e7\u00f5es \u00e9ticas <\/span><span style=\"font-family: Arial;\"> com as informa\u00e7\u00f5es (t\u00e9cnicas e\/ou cient\u00edficas) enviadas por Educadores, Educando e Pesquisadores.<\/span><\/p>\n<p style=\"text-align: justify;\"><span style=\"font-family: Arial;\"><strong> Formata\u00e7\u00e3o: <\/strong>&#8220;<strong>Hipertexto<\/strong>&#8221; (<\/span><span style=\"font-family: Arial;\"><strong>Titulo,<\/strong> <strong>Conte\u00fado e Refer\u00eancias<\/strong>) associados ao &#8220;<strong><span style=\"font-size: 14px;\"><span style=\"font-size: 15px;\"><em><span style=\"color: #000000;\"><span style=\"text-decoration: underline;\">Tema do Evento<\/span><\/span><\/em><\/span><\/span><\/strong>&#8220;. S\u00e3o disponibilizados (<em>publicados periodicamente<\/em>), em meses espec\u00edficos objetivando o amplo debate cient\u00edfico e a intersec\u00e7\u00e3o educacional: <strong>\u00c1rea da Sa\u00fade<\/strong> (\u00c1reas Correlatas: <em>Humanas<\/em> e<em> Exatas<\/em>). <\/span><span style=\"font-family: Arial;\"><strong>Formata\u00e7\u00e3o <\/strong>compat\u00edvel com os crit\u00e9rios da proposta educacional (&#8220;<a href=\"https:\/\/sites.usp.br\/podae\/?page_id=3395\"><strong><span style=\"color: #0000ff;\">Normas de Publica\u00e7\u00e3o<\/span><\/strong><\/a>&#8220;). O Autor Respons\u00e1vel dever\u00e1 enviar: <strong><em>arquivo.doc<\/em><\/strong> (Editor Chefe): <a href=\"https:\/\/sites.usp.br\/podae\/?page_id=3323\"><em><strong><span style=\"color: #0000ff;\">E-Mail<\/span><\/strong><\/em><\/a> <\/span><\/p>\n<p style=\"text-align: justify;\"><span style=\"font-family: Arial;\"><strong>Procedimentos: <\/strong>Avalia\u00e7\u00f5es Volunt\u00e1rias dos <a href=\"https:\/\/sites.usp.br\/podae\/?page_id=3336\"><strong><span style=\"color: #0000ff;\">Pareceristas<\/span><\/strong><\/a>. Analisar\u00e3o o &#8220;<strong>Texto Online<\/strong>&#8221; (Hipertexto): 1) Aprova\u00e7\u00e3o, 2) Reprova\u00e7\u00e3o, 3) Reformula\u00e7\u00e3o (Reenviar em 7 dias). <\/span><span style=\"font-family: Arial;\"><strong><span style=\"color: #000000;\">Publica\u00e7\u00e3o Online<\/span>: Anual<\/strong> (<strong><span style=\"color: #0000ff;\"><a style=\"color: #0000ff;\" href=\"https:\/\/sites.usp.br\/podae\/?page_id=120\">Fasc\u00edculos<\/a><\/span><\/strong>) e <strong><span style=\"color: #0000ff;\"><a style=\"color: #0000ff;\" href=\"https:\/\/sites.usp.br\/podae\/?page_id=10595\"><em>Suplemento<\/em><\/a><\/span><\/strong>): Ordem de recebimento e devida aceita\u00e7\u00e3o do Editor.<\/span><\/p>\n<p style=\"text-align: center;\"><span style=\"font-family: Arial;\"><strong><span style=\"font-size: 14px;\"><span style=\"font-size: 15px;\"><em><span style=\"color: #000000;\"><span style=\"text-decoration: underline;\">Data Limite<\/span><\/span><\/em><\/span><\/span><\/strong>: <strong>2012<\/strong><\/span><\/p>\n<ul>\n<li style=\"text-align: justify;\"><span style=\"font-family: Arial;\"><strong>1\u00ba Semestre<\/strong> (at\u00e9 30 Abril) \/ <\/span><span style=\"font-family: Arial;\"><strong>2\u00ba Semestre<\/strong> (at\u00e9 31 de Agosto)<br \/>\n<\/span><\/li>\n<\/ul>\n<p>&nbsp;<\/p>\n<p style=\"text-align: justify;\"><span style=\"font-family: Arial;\">Neste s\u00e9culo XXI a modernidade tecnol\u00f3gica \u00e9 uma das ferramentas midi\u00e1ticas conduzindo para os conhecimentos digitais ampliando as atua\u00e7\u00f5es educacionais e profissionais estimulando as a\u00e7\u00f5es participativas.<\/span><\/p>\n<p style=\"text-align: right;\"><span style=\"font-family: Arial;\"><strong>Equipe Editorial<\/strong><\/span><\/p>\n<hr \/>\n<div align=\"justify\"><span style=\"font-size: 10px;\"><strong><span style=\"text-decoration: underline;\">Publicado<\/span><\/strong> 1\/4\/2012<br \/>\n<\/span><\/div>\n<div style=\"text-align: center;\" align=\"justify\">\n<hr \/>\n<hr \/>\n<p><strong><span style=\"font-size: 12px;\"><span style=\"font-family: Arial;\"><span style=\"font-size: 10px;\"><strong>Encicl. Bras. Teledontol<\/strong>. <strong>ISSN 2448-1181 <\/strong><\/span><\/span><\/span><\/strong><\/p>\n<\/div>\n<div style=\"text-align: left;\" align=\"center\">\n<hr \/>\n<\/div>\n<\/div>\n","protected":false},"excerpt":{"rendered":"<p>ENCICLOP\u00c9DIA BRASILEIRA DE TELEODONTOLOGIA ISSN 2448-1181 \/ SIBi \/ Expediente \/ Fasc\u00edculos (A-Z) Polo de [&hellip;]<\/p>\n","protected":false},"author":58,"featured_media":0,"parent":35609,"menu_order":0,"comment_status":"closed","ping_status":"closed","template":"","meta":{"footnotes":"","_links_to":"","_links_to_target":""},"class_list":["post-37207","page","type-page","status-publish","hentry"],"_links":{"self":[{"href":"https:\/\/sites.usp.br\/ebt\/index.php?rest_route=\/wp\/v2\/pages\/37207","targetHints":{"allow":["GET"]}}],"collection":[{"href":"https:\/\/sites.usp.br\/ebt\/index.php?rest_route=\/wp\/v2\/pages"}],"about":[{"href":"https:\/\/sites.usp.br\/ebt\/index.php?rest_route=\/wp\/v2\/types\/page"}],"author":[{"embeddable":true,"href":"https:\/\/sites.usp.br\/ebt\/index.php?rest_route=\/wp\/v2\/users\/58"}],"replies":[{"embeddable":true,"href":"https:\/\/sites.usp.br\/ebt\/index.php?rest_route=%2Fwp%2Fv2%2Fcomments&post=37207"}],"version-history":[{"count":3,"href":"https:\/\/sites.usp.br\/ebt\/index.php?rest_route=\/wp\/v2\/pages\/37207\/revisions"}],"predecessor-version":[{"id":37232,"href":"https:\/\/sites.usp.br\/ebt\/index.php?rest_route=\/wp\/v2\/pages\/37207\/revisions\/37232"}],"up":[{"embeddable":true,"href":"https:\/\/sites.usp.br\/ebt\/index.php?rest_route=\/wp\/v2\/pages\/35609"}],"wp:attachment":[{"href":"https:\/\/sites.usp.br\/ebt\/index.php?rest_route=%2Fwp%2Fv2%2Fmedia&parent=37207"}],"curies":[{"name":"wp","href":"https:\/\/api.w.org\/{rel}","templated":true}]}}