{"id":37240,"date":"2021-03-03T15:20:08","date_gmt":"2021-03-03T18:20:08","guid":{"rendered":"http:\/\/sites.usp.br\/ebt\/?page_id=37240"},"modified":"2021-03-03T15:20:57","modified_gmt":"2021-03-03T18:20:57","slug":"04-abordagem-clinica-interdisciplinaridade-radiologia-odontologica-e-odontopediatria","status":"publish","type":"page","link":"https:\/\/sites.usp.br\/ebt\/?page_id=37240","title":{"rendered":"04 Abordagem Cl\u00ednica (Interdisciplinaridade): Radiologia Odontol\u00f3gica e Odontopediatria"},"content":{"rendered":"<div style=\"text-align: left;\" align=\"center\">\n<div style=\"text-align: left;\" align=\"center\">\n<div style=\"text-align: left;\" align=\"center\">\n<p style=\"text-align: center;\"><span style=\"color: #800080;\"><strong><span style=\"font-size: 16px;\"><span style=\"font-family: Arial;\">ENCICLOP\u00c9DIA BRASILEIRA DE TELEODONTOLOGIA<br \/>\n<\/span><\/span><\/strong><\/span><strong><span style=\"font-size: 12px;\"><span style=\"font-family: Arial;\">ISSN <span style=\"color: #0000ff;\"><a style=\"color: #0000ff;\" href=\"https:\/\/portal.issn.org\/resource\/ISSN\/2448-1181#\">2448-1181<\/a><\/span><\/span><\/span><\/strong><strong><span style=\"font-size: 12px;\"><span style=\"font-family: Arial;\"> \/ <span style=\"color: #0000ff;\"><a style=\"color: #0000ff;\" href=\"https:\/\/sites.usp.br\/podae\/wp-content\/uploads\/sites\/36\/2019\/06\/Encicl.-Bras.Teleodontol.jpg\">SIBi<\/a><\/span> \/ <a href=\"https:\/\/sites.usp.br\/podae\/?page_id=3320\"><span style=\"color: #0000ff;\">Expediente<\/span><\/a> \/ Fasc\u00edculos <\/span><\/span><\/strong><span style=\"font-size: 12px;\"><span style=\"font-family: Arial;\">(<\/span><\/span><strong><span style=\"font-size: 12px;\"><span style=\"font-family: Arial;\"><span style=\"color: #0000ff;\"><a style=\"color: #0000ff;\" href=\"https:\/\/sites.usp.br\/podae\/?page_id=120\">A-Z<\/a><\/span><\/span><\/span><\/strong><span style=\"font-size: 12px;\"><span style=\"font-family: Arial;\">)<\/span><\/span><strong><span style=\"font-size: 12px;\"><span style=\"font-family: Arial;\"><br \/>\n<\/span><\/span><\/strong><strong><span style=\"font-size: 12px;\"><span style=\"font-family: Arial;\"> Polo de Odontologia Digital Aplicado \u00e0 Educa\u00e7\u00e3o <\/span><\/span><\/strong><span style=\"font-size: 12px;\"><span style=\"font-family: Arial;\">(<\/span><\/span><strong><span style=\"font-size: 12px;\"><span style=\"font-family: Arial;\"><a href=\"https:\/\/sites.usp.br\/podae\/?page_id=89\"><span style=\"color: #0000ff;\">PODAE<\/span><\/a><\/span><\/span><\/strong><span style=\"font-size: 12px;\"><span style=\"font-family: Arial;\"><span style=\"color: #0000ff;\">)<\/span><\/span><\/span><strong><span style=\"font-size: 12px;\"><span style=\"font-family: Arial;\"><span style=\"color: #0000ff;\">: <\/span><a href=\"https:\/\/www.forp.usp.br\/\"><span style=\"color: #0000ff;\">FORP<\/span><\/a> \/ <span style=\"color: #0000ff;\"><a style=\"color: #0000ff;\" href=\"https:\/\/www5.usp.br\/\">USP<\/a><\/span><\/span><\/span><\/strong> <strong><span style=\"font-size: 12px;\"><span style=\"font-family: Arial;\"><br \/>\n<\/span><\/span><\/strong> <a href=\"https:\/\/sites.usp.br\/podae\/?page_id=3468\"><strong><span style=\"font-size: 14px;\"><span style=\"font-family: Arial;\"><span style=\"color: #0000ff;\"><em><span style=\"color: #000000;\"><span style=\"text-decoration: underline; color: #0000ff;\">2\u00aa Atividad<\/span><\/span><\/em><\/span><\/span><\/span><\/strong><strong><span style=\"font-size: 14px;\"><span style=\"font-family: Arial;\"><span style=\"color: #0000ff;\"><em><span style=\"color: #000000;\"><span style=\"text-decoration: underline; color: #0000ff;\">e Educativa Online<\/span> <\/span><\/em><\/span><\/span><\/span><\/strong><\/a><strong><span style=\"font-size: 12px;\"><span style=\"font-family: Arial;\"><br \/>\n<\/span><\/span><\/strong><span style=\"color: #000000;\"><strong><span style=\"font-size: 10px;\"><span style=\"color: #ff0000; font-size: 14px;\">\u2666<\/span> <\/span><\/strong><\/span><span style=\"color: #000000;\"><strong><span style=\"font-size: 10px;\"><span style=\"text-decoration: underline;\">SUM\u00c1RIOS<\/span><\/span><\/strong><\/span><strong><span style=\"font-size: 12px;\"><span style=\"font-family: Arial;\">: <\/span><\/span><\/strong><span style=\"color: #000000;\"><strong><span style=\"font-size: 10px;\"><span style=\"color: #0000ff;\"><a style=\"color: #0000ff;\" href=\"https:\/\/sites.usp.br\/podae\/?page_id=3288\"><span style=\"color: #0000ff;\">Fasc\u00edculo A<\/span><\/a><\/span> e <a href=\"https:\/\/sites.usp.br\/podae\/?page_id=3387\"><span style=\"color: #0000ff;\">Suplemento Anual <\/span><\/a><\/span><\/strong><\/span><\/p>\n<hr style=\"width: 321px;\" \/>\n<\/div>\n<hr \/>\n<address><span style=\"color: #ff0000;\"><span style=\"font-size: 10px;\"><strong><span style=\"color: #0000ff;\"><em><span style=\"color: #000000; font-size: 14px;\">Maria Cristina Borsatto &#8211; <\/span><\/em><\/span><\/strong><\/span><\/span><span style=\"font-size: 10px;\"><strong><span style=\"color: #0000ff;\">E-mail<\/span><\/strong> &#8211; <\/span><a href=\"http:\/\/lattes.cnpq.br\/5250087490365411\"><span style=\"font-size: 10px;\"><strong><span style=\"color: #0000ff;\"><span style=\"color: #ff0000;\"><span style=\"color: #000000;\"><span style=\"color: #0000ff;\">Curr\u00edculo Lattes<\/span><\/span><\/span><\/span><\/strong><\/span><\/a><strong><span style=\"font-size: 10px;\"><span style=\"color: #0000ff;\"><span style=\"color: #ff0000;\"><span style=\"color: #000000;\"> &#8211; <a href=\"https:\/\/sites.usp.br\/podae\/?page_id=8378\"><span style=\"color: #0000ff;\">informa\u00e7\u00f5es Adicion<\/span>ais<\/a><\/span><\/span><\/span><\/span><\/strong><\/address>\n<address>\n<address><span style=\"color: #ff0000;\"><span style=\"font-size: 10px;\"><strong><span style=\"color: #0000ff;\"><em><span style=\"color: #000000; font-size: 14px;\">L<\/span><\/em><\/span><\/strong><\/span><\/span><span style=\"color: #ff0000;\"><span style=\"font-size: 10px;\"><strong><span style=\"color: #0000ff;\"><em><span style=\"color: #000000; font-size: 14px;\">uiz Carlos Pardini &#8211;<\/span><\/em> <\/span><\/strong><\/span><\/span><span style=\"font-size: 10px;\"><strong><span style=\"color: #0000ff;\"><span style=\"color: #ff0000;\"><span style=\"color: #000000;\"><a style=\"color: #0000ff;\" href=\"https:\/\/uspdigital.usp.br\/telefonia\/telFormularioEmail.jsp?codigoPessoaUsuario=0&amp;codigoPessoa=75623&amp;nomePessoa=Luiz Carlos Pardini&amp;print=s\">E-mail<\/a> <em><span style=\"color: #000000; font-size: 14px;\">&#8211;<\/span><\/em> <a style=\"color: #0000ff;\" href=\"http:\/\/buscatextual.cnpq.br\/buscatextual\/visualizacv.do?metodo=apresentar&amp;id=K4796807T1\">Curr\u00edculo Lattes<\/a> &#8211; <a style=\"color: #0000ff;\" href=\"http:\/\/sites.usp.br\/ebt\/forp-expediente-encicl-bras-teleodontol\/parecerista-relator-consultor-avaliador\/luiz-carlos-pardini\/\">Informa\u00e7\u00f5es adicionais<\/a><\/span><\/span><\/span><\/strong><\/span><\/address>\n<\/address>\n<address>\n<address style=\"text-align: right;\">\n<hr style=\"width: 321px;\" \/>\n<\/address>\n<\/address>\n<hr \/>\n<address style=\"text-align: right;\"><span style=\"font-size: 12px;\"><span style=\"font-size: 12pxpx;\"><span style=\"font-family: Arial;\"><span style=\"color: #0000ff;\"><span style=\"color: #000000;\"> <\/span><\/span><\/span><\/span><\/span><strong><span style=\"font-size: 12px;\"><span style=\"font-size: 10px;\">p\u00e1gina 4<\/span><br \/>\n<\/span><\/strong><\/address>\n<hr \/>\n<p style=\"text-align: justify;\"><span style=\"color: #000000; font-family: Arial;\"><span style=\"font-size: 12px; line-height: 18px;\"><strong>BORSATTO, M.C., PARDINI, L.C. Abordagem Cl\u00ednica (Cirurgi\u00e3o-Dentista): Perfil Profissional (Estomatologia: Prevenir vs Tratar)<\/strong><strong>. Encicl. Bras.Teleodontol., Volume 2 (<a href=\"https:\/\/sites.usp.br\/podae\/?page_id=3288\"><span style=\"color: #0000ff;\">Fasc\u00edculo A<\/span><\/a>): p\u00e1gina 4, maio, 2012. Suplemento. ISSN 2448-1181<\/strong>.<\/span><\/span><\/p>\n<hr \/>\n<p style=\"text-align: justify;\"><span style=\"font-family: Arial;\"><strong>Abordagem Cl\u00ednica<\/strong> a\u00e7\u00e3o da atua\u00e7\u00e3o do Cirurgi\u00e3o-Dentista na compet\u00eancia do <strong>Perfil Profissional <\/strong>(<strong>Estomatologia<\/strong>) com foco no dilema moderno (Paradigma Educacional: Interdisciplinaridade): Radiologia Odontol\u00f3gica e Odontopediatria<b>.<\/b><\/span><\/p>\n<p style=\"text-align: justify;\"><span style=\"font-family: Arial;\">Curso de Gradua\u00e7\u00e3o (<strong>Odontolo<\/strong>gia)  \u00e9 extremamente relevante na <strong>Matriz Curricula<\/strong>r (Curr\u00edculo) a intera\u00e7\u00e3o com <\/span><span style=\"font-family: Arial;\">saberes e pr\u00e1ticas com foco na<\/span><span style=\"font-family: Arial;\"> <\/span><span style=\"font-family: Arial;\">multidisciplinaridade, interdisciplinaridade, e transdisciplinaridade nas atividades (Te\u00f3ricas e\/ou Praticas) das a\u00e7\u00f5es educacionais <\/span><\/p>\n<p style=\"text-align: justify;\"><span style=\"font-family: Arial;\"><strong>PERUCHI <\/strong>et al., (2000 E 2001) demostraram, mediante  pesquisa cl\u00ednica e relato de caso, a relev\u00e2ncia e a import\u00e2ncia de compartilhar as informa\u00e7\u00f5es e os conhecimento t\u00e9cnicos e cient\u00edficos com \u00eanfase na Interdisciplinaridade (Radiologia Odontol\u00f3gica e Odontopediatria).<\/span><\/p>\n<p style=\"text-align: justify;\"><span style=\"font-family: Arial;\"><strong>Neste s\u00e9culo XXI no  Abordagem Educacional <\/strong>\u00e9 fundamental para a atua\u00e7\u00e3o da Doc\u00eancia (Participa\u00e7\u00e3o Compartilhada &#8211; Educador \/ Educando) contribuindo para a divulga\u00e7\u00e3o dos conte\u00fados cient\u00edficos [,1,2,3,4]. <\/span><span style=\"font-family: Arial; line-height: 1.5;\"><br \/>\n<\/span><\/p>\n<hr \/>\n<div align=\"justify\">\n<div align=\"justify\">\n<div align=\"justify\">\n<div align=\"justify\"><span style=\"font-size: 12px;\"><em><strong><span style=\"text-decoration: underline;\">REFER\u00caNCIAS<\/span><\/strong><\/em><\/span><\/div>\n<div style=\"font-size: 12px;\" align=\"justify\">\n<div align=\"justify\"><span style=\"font-size: 12px;\">1. ARA\u00daJO, L.A.P. ; PERUCHI, C. M. S. ; PARDINI, L.C. ; FREITAS , A.C.  Osteomielite de Garr\u00e9: relato de caso cl\u00ednico. Stoma (Lisboa), Lisboa, v. 35, p. 41-53, 1995.<\/span><\/div>\n<div align=\"justify\"><span style=\"font-size: 12px;\">2. PERUCHI, C.M.S.; SILVA, E.B.; PARDINI, L.C.; BORSATO, M.C. ; ARA\u00daJO , L.A.P. An\u00e1lise radiogr\u00e1fica da incid\u00eancia de fragmentos radiculares de dentes dec\u00edduos retidos em pacientes jovens: etiologia e conduta. ROBRAC. Revista de Odontologia do Brasil Central, Goi\u00e2nia, 9(28): 51-54, 2000. [<a href=\"http:\/\/www.robrac.org.br\/seer\/index.php\/ROBRAC\/article\/view\/238\/209\"><span style=\"color: #0000ff;\"><strong>LINK<\/strong><\/span><\/a>].<\/span><\/div>\n<div align=\"justify\"><span style=\"font-size: 12px;\">3. PERUCHI, C. M.S.; SILVA, E. B.; BORATO, M.C.; PARDINI, L.C.;  GOSUEN, L.C.  Tratamento alternativo n\u00e3o cir\u00fargico de cisto dent\u00edgero em crian\u00e7a: relato de caso cl\u00ednico. ROBRAC. Revista de Odontologia do Brasil Central, Goi\u00e2nia, 9(28):9-13, 2001. [<strong><a href=\"http:\/\/www.robrac.org.br\/seer\/index.php\/ROBRAC\/article\/view\/219\/190\">LINK<\/a><\/strong>]<\/span><\/div>\n<div align=\"justify\"><span style=\"font-size: 12px;\">4. ROZENDO, C.A.; CASAGRANDE, L.D.R.; SCHNEIDER, J.F.; PARDINI, L.C. Uma an\u00e1lise das pr\u00e1ticas docentes de professores universit\u00e1rios da \u00e1rea de sa\u00fade. Rev. latino-am.enfermagem, Ribeir\u00e3o Preto, 7( 2): 15-23, abril 1999. [<strong><span style=\"color: #0000ff;\"><a style=\"color: #0000ff;\" href=\"http:\/\/www.scielo.br\/scielo.php?script=sci_arttext&amp;pid=S0104-11691999000200003&amp;lng=pt&amp;nrm=iso\"><span style=\"color: #0000ff;\">LINK<\/span><\/a><\/span><\/strong>]<\/span><\/div>\n<\/div>\n<\/div>\n<\/div>\n<\/div>\n<div style=\"text-align: justify;\" align=\"justify\">\n<div style=\"text-align: center;\" align=\"justify\">\n<address style=\"text-align: right;\">\n<hr \/>\n<hr \/>\n<\/address>\n<\/div>\n<\/div>\n<div style=\"text-align: left;\" align=\"center\">\n<div style=\"text-align: center;\" align=\"center\">\n<div align=\"justify\">\n<p><span style=\"font-size: 10px;\"><strong><span style=\"text-decoration: underline;\">Recebido<\/span>: 2\/1\/2012 &#8211; <span style=\"color: #0000ff;\"><a style=\"color: #0000ff;\" href=\"http:\/\/sites.usp.br\/ebt\/forp-expediente-encicl-bras-teleodontol\/parecerista-relator-consultor-avaliador\/\">Parecerista<\/a>: <\/span>2\/1\/2012 &#8211; <span style=\"text-decoration: underline;\">Reformulado<\/span>: 2\/1\/2012 &#8211; <span style=\"text-decoration: underline;\">Publicado<\/span>: 2\/1\/2012 &#8211; Enciclop\u00e9dia Brasileira de Teleodontologia<\/strong><br \/>\n<\/span><\/p>\n<\/div>\n<\/div>\n<hr \/>\n<\/div>\n<p>&nbsp;<\/p>\n<\/div>\n<\/div>\n","protected":false},"excerpt":{"rendered":"<p>ENCICLOP\u00c9DIA BRASILEIRA DE TELEODONTOLOGIA ISSN 2448-1181 \/ SIBi \/ Expediente \/ Fasc\u00edculos (A-Z) Polo de [&hellip;]<\/p>\n","protected":false},"author":58,"featured_media":0,"parent":35609,"menu_order":0,"comment_status":"closed","ping_status":"closed","template":"","meta":{"footnotes":"","_links_to":"","_links_to_target":""},"class_list":["post-37240","page","type-page","status-publish","hentry"],"_links":{"self":[{"href":"https:\/\/sites.usp.br\/ebt\/index.php?rest_route=\/wp\/v2\/pages\/37240","targetHints":{"allow":["GET"]}}],"collection":[{"href":"https:\/\/sites.usp.br\/ebt\/index.php?rest_route=\/wp\/v2\/pages"}],"about":[{"href":"https:\/\/sites.usp.br\/ebt\/index.php?rest_route=\/wp\/v2\/types\/page"}],"author":[{"embeddable":true,"href":"https:\/\/sites.usp.br\/ebt\/index.php?rest_route=\/wp\/v2\/users\/58"}],"replies":[{"embeddable":true,"href":"https:\/\/sites.usp.br\/ebt\/index.php?rest_route=%2Fwp%2Fv2%2Fcomments&post=37240"}],"version-history":[{"count":2,"href":"https:\/\/sites.usp.br\/ebt\/index.php?rest_route=\/wp\/v2\/pages\/37240\/revisions"}],"predecessor-version":[{"id":37242,"href":"https:\/\/sites.usp.br\/ebt\/index.php?rest_route=\/wp\/v2\/pages\/37240\/revisions\/37242"}],"up":[{"embeddable":true,"href":"https:\/\/sites.usp.br\/ebt\/index.php?rest_route=\/wp\/v2\/pages\/35609"}],"wp:attachment":[{"href":"https:\/\/sites.usp.br\/ebt\/index.php?rest_route=%2Fwp%2Fv2%2Fmedia&parent=37240"}],"curies":[{"name":"wp","href":"https:\/\/api.w.org\/{rel}","templated":true}]}}