{"id":37243,"date":"2021-03-03T15:22:14","date_gmt":"2021-03-03T18:22:14","guid":{"rendered":"http:\/\/sites.usp.br\/ebt\/?page_id=37243"},"modified":"2021-03-03T15:23:04","modified_gmt":"2021-03-03T18:23:04","slug":"05-abordagem-clinica-protese-total-higiene-e-manutencao-da-saude-bucal","status":"publish","type":"page","link":"https:\/\/sites.usp.br\/ebt\/?page_id=37243","title":{"rendered":"05 Abordagem Cl\u00ednica (Pr\u00f3tese Total): Higiene e Manuten\u00e7\u00e3o da Sa\u00fade Bucal"},"content":{"rendered":"<div style=\"text-align: left;\" align=\"center\">\n<div style=\"text-align: left;\" align=\"center\">\n<div style=\"text-align: left;\" align=\"center\">\n<p style=\"text-align: center;\"><span style=\"color: #800080;\"><strong><span style=\"font-size: 16px;\"><span style=\"font-family: Arial;\">ENCICLOP\u00c9DIA BRASILEIRA DE TELEODONTOLOGIA<br \/>\n<\/span><\/span><\/strong><\/span><strong><span style=\"font-size: 12px;\"><span style=\"font-family: Arial;\">ISSN <span style=\"color: #0000ff;\"><a style=\"color: #0000ff;\" href=\"https:\/\/portal.issn.org\/resource\/ISSN\/2448-1181#\">2448-1181<\/a><\/span><\/span><\/span><\/strong><strong><span style=\"font-size: 12px;\"><span style=\"font-family: Arial;\"> \/ <span style=\"color: #0000ff;\"><a style=\"color: #0000ff;\" href=\"https:\/\/sites.usp.br\/podae\/wp-content\/uploads\/sites\/36\/2019\/06\/Encicl.-Bras.Teleodontol.jpg\">SIBi<\/a><\/span> \/ <a href=\"https:\/\/sites.usp.br\/podae\/?page_id=3320\"><span style=\"color: #0000ff;\">Expediente<\/span><\/a> \/ Fasc\u00edculos <\/span><\/span><\/strong><span style=\"font-size: 12px;\"><span style=\"font-family: Arial;\">(<\/span><\/span><strong><span style=\"font-size: 12px;\"><span style=\"font-family: Arial;\"><span style=\"color: #0000ff;\"><a style=\"color: #0000ff;\" href=\"https:\/\/sites.usp.br\/podae\/?page_id=120\">A-Z<\/a><\/span><\/span><\/span><\/strong><span style=\"font-size: 12px;\"><span style=\"font-family: Arial;\">)<\/span><\/span><strong><span style=\"font-size: 12px;\"><span style=\"font-family: Arial;\"><br \/>\n<\/span><\/span><\/strong><strong><span style=\"font-size: 12px;\"><span style=\"font-family: Arial;\"> Polo de Odontologia Digital Aplicado \u00e0 Educa\u00e7\u00e3o <\/span><\/span><\/strong><span style=\"font-size: 12px;\"><span style=\"font-family: Arial;\">(<\/span><\/span><strong><span style=\"font-size: 12px;\"><span style=\"font-family: Arial;\"><a href=\"https:\/\/sites.usp.br\/podae\/?page_id=89\"><span style=\"color: #0000ff;\">PODAE<\/span><\/a><\/span><\/span><\/strong><span style=\"font-size: 12px;\"><span style=\"font-family: Arial;\"><span style=\"color: #0000ff;\">)<\/span><\/span><\/span><strong><span style=\"font-size: 12px;\"><span style=\"font-family: Arial;\"><span style=\"color: #0000ff;\">: <\/span><a href=\"https:\/\/www.forp.usp.br\/\"><span style=\"color: #0000ff;\">FORP<\/span><\/a> \/ <span style=\"color: #0000ff;\"><a style=\"color: #0000ff;\" href=\"https:\/\/www5.usp.br\/\">USP<\/a><\/span><\/span><\/span><\/strong> <strong><span style=\"font-size: 12px;\"><span style=\"font-family: Arial;\"><br \/>\n<\/span><\/span><\/strong> <a href=\"https:\/\/sites.usp.br\/podae\/?page_id=3468\"><strong><span style=\"font-size: 14px;\"><span style=\"font-family: Arial;\"><span style=\"color: #0000ff;\"><em><span style=\"color: #000000;\"><span style=\"text-decoration: underline; color: #0000ff;\">2\u00aa Atividad<\/span><\/span><\/em><\/span><\/span><\/span><\/strong><strong><span style=\"font-size: 14px;\"><span style=\"font-family: Arial;\"><span style=\"color: #0000ff;\"><em><span style=\"color: #000000;\"><span style=\"text-decoration: underline; color: #0000ff;\">e Educativa Online<\/span> <\/span><\/em><\/span><\/span><\/span><\/strong><\/a><strong><span style=\"font-size: 12px;\"><span style=\"font-family: Arial;\"><br \/>\n<\/span><\/span><\/strong><span style=\"color: #000000;\"><strong><span style=\"font-size: 10px;\"><span style=\"color: #ff0000; font-size: 14px;\">\u2666<\/span> <\/span><\/strong><\/span><span style=\"color: #000000;\"><strong><span style=\"font-size: 10px;\"><span style=\"text-decoration: underline;\">SUM\u00c1RIOS<\/span><\/span><\/strong><\/span><strong><span style=\"font-size: 12px;\"><span style=\"font-family: Arial;\">: <\/span><\/span><\/strong><span style=\"color: #000000;\"><strong><span style=\"font-size: 10px;\"><span style=\"color: #0000ff;\"><a style=\"color: #0000ff;\" href=\"https:\/\/sites.usp.br\/podae\/?page_id=3288\"><span style=\"color: #0000ff;\">Fasc\u00edculo A<\/span><\/a><\/span> e <a href=\"https:\/\/sites.usp.br\/podae\/?page_id=3387\"><span style=\"color: #0000ff;\">Suplemento Anual <\/span><\/a><\/span><\/strong><\/span><\/p>\n<hr style=\"width: 321px;\" \/>\n<\/div>\n<hr \/>\n<address><span style=\"color: #ff0000;\"><span style=\"font-size: 10px;\"><strong><span style=\"color: #0000ff;\"><em><span style=\"color: #000000; font-size: 14px;\">Ana L\u00facia Caetano Pereira &#8211; <\/span><\/em><\/span><\/strong><\/span><\/span><span style=\"font-size: 10px;\"><strong><span style=\"color: #0000ff;\">E-mail<\/span><\/strong> &#8211; <\/span><span style=\"font-size: 10px;\"><strong><span style=\"color: #0000ff;\"><span style=\"color: #ff0000;\"><span style=\"color: #000000;\"><span style=\"color: #0000ff;\">Curr\u00edculo Latte<\/span><\/span><\/span><\/span><\/strong><\/span><span style=\"font-size: 10px;\"><strong><span style=\"color: #0000ff;\"><span style=\"color: #ff0000;\"><span style=\"color: #000000;\"><span style=\"color: #0000ff;\">s<\/span><\/span><\/span><\/span><\/strong><\/span><strong><span style=\"font-size: 10px;\"><span style=\"color: #0000ff;\"><span style=\"color: #ff0000;\"><span style=\"color: #000000;\"> &#8211; <\/span><\/span><\/span><\/span><\/strong><\/address>\n<address>\n<address><span style=\"color: #ff0000;\"><span style=\"font-size: 10px;\"><strong><span style=\"color: #0000ff;\"><em><span style=\"color: #000000; font-size: 14px;\">L<\/span><\/em><\/span><\/strong><\/span><\/span><span style=\"color: #ff0000;\"><span style=\"font-size: 10px;\"><strong><span style=\"color: #0000ff;\"><em><span style=\"color: #000000; font-size: 14px;\">uiz Carlos Pardini &#8211;<\/span><\/em> <\/span><\/strong><\/span><\/span><span style=\"font-size: 10px;\"><strong><span style=\"color: #0000ff;\"><span style=\"color: #ff0000;\"><span style=\"color: #000000;\"><a style=\"color: #0000ff;\" href=\"https:\/\/uspdigital.usp.br\/telefonia\/telFormularioEmail.jsp?codigoPessoaUsuario=0&amp;codigoPessoa=75623&amp;nomePessoa=Luiz Carlos Pardini&amp;print=s\">E-mail<\/a> <em><span style=\"color: #000000; font-size: 14px;\">&#8211;<\/span><\/em> <a style=\"color: #0000ff;\" href=\"http:\/\/buscatextual.cnpq.br\/buscatextual\/visualizacv.do?metodo=apresentar&amp;id=K4796807T1\">Curr\u00edculo Lattes<\/a> &#8211; <a style=\"color: #0000ff;\" href=\"http:\/\/sites.usp.br\/ebt\/forp-expediente-encicl-bras-teleodontol\/parecerista-relator-consultor-avaliador\/luiz-carlos-pardini\/\">Informa\u00e7\u00f5es adicionais<\/a><\/span><\/span><\/span><\/strong><\/span><\/address>\n<\/address>\n<address>\n<address style=\"text-align: right;\">\n<hr style=\"width: 321px;\" \/>\n<\/address>\n<\/address>\n<hr \/>\n<address style=\"text-align: right;\"><span style=\"font-size: 12px;\"><span style=\"font-size: 12pxpx;\"><span style=\"font-family: Arial;\"><span style=\"color: #0000ff;\"><span style=\"color: #000000;\">  <\/span><\/span><\/span><\/span><\/span><strong><span style=\"font-size: 12px;\"> <span style=\"font-size: 10px;\">p\u00e1gina 5<\/span><br \/>\n<\/span><\/strong><\/address>\n<hr \/>\n<p style=\"text-align: justify;\"><span style=\"color: #000000; font-family: Arial;\"><span style=\"font-size: 12px; line-height: 18px;\"><b style=\"color: #000000; font-family: Arial; font-size: 12px;\">PEREIRA, A.L.C.; PARDINI, L.C. Abordagem Cl\u00ednica (<\/b><span style=\"color: #000000; font-family: Arial;\"><span style=\"font-size: 12px;\"><b>Pr\u00f3tese<\/b><\/span><\/span><b style=\"color: #000000; font-family: Arial; font-size: 12px;\"> Total): Higiene e Manuten\u00e7\u00e3o da Sa\u00fade Bucal<\/b><strong style=\"color: #000000; font-family: Arial; font-size: 12px;\">. Encicl. Bras.Teleodontol., Volume 2 (<\/strong><\/span><\/span><span style=\"font-family: Arial;\"><span style=\"font-size: 12px; line-height: 18px;\"><strong style=\"color: #000000; font-family: Arial; font-size: 12px;\"><a href=\"https:\/\/sites.usp.br\/podae\/?page_id=3288\">Fasc\u00edculo <\/a><\/strong><\/span><\/span><span style=\"color: #000000; font-family: Arial;\"><span style=\"font-size: 12px; line-height: 18px;\"><strong style=\"color: #000000; font-family: Arial; font-size: 12px;\"><a href=\"https:\/\/sites.usp.br\/podae\/?page_id=3288\"><span style=\"color: #0000ff;\">A<\/span><\/a>): p\u00e1gina 5, maio, 2012. Suplemento. ISSN 2448-1181<\/strong><span style=\"color: #000000; font-family: Arial;\"><span style=\"font-size: 12px;\">.<\/span><\/span><\/span><\/span><\/p>\n<hr \/>\n<p style=\"text-align: justify;\"><span style=\"font-family: Arial;\"><strong>Abordagem Cl\u00ednica<\/strong> a\u00e7\u00e3o da atua\u00e7\u00e3o do Cirurgi\u00e3o-Dentista na compet\u00eancia do <strong>Perfil Profissional <\/strong>(<strong>Estomatologia<\/strong>) com foco no dilema moderno (Paradigma Educacional): Higiene Bucal (A Arte do Convencimento para Pacientes Portadores de Pr\u00f3tese  Total)<b>.<\/b><\/span><\/p>\n<p style=\"text-align: justify;\"><span style=\"font-family: Arial;\">Dentaduras completas devem ser compat\u00edveis com o meio bucal restaurando suas fun\u00e7\u00f5es , e cabe ao profissional transmitir ao paciente de forma adequada as orienta\u00e7\u00f5es para manuten\u00e7\u00e3o da pr\u00f3tese e sa\u00fade bucal. Nos \u00faltimos anos avan\u00e7os na \u00e1rea de pr\u00f3tese total, tem sido estudado. Por\u00e9m, necessita-se de um portador saud\u00e1vel.<\/span><\/p>\n<p style=\"text-align: justify;\"><span style=\"font-family: Arial;\">Pode se dizer que a sa\u00fade bucal da popula\u00e7\u00e3o brasileira \u00e9 calamitosa. Dados epidemiol\u00f3gicos de sa\u00fade bucal trazem que 50% da popula\u00e7\u00e3o s\u00e3o ed\u00eantulos . <\/span><\/p>\n<p style=\"text-align: justify;\"><span style=\"font-family: Arial;\">O tratamento por pr\u00f3tese total e dado como f\u00e1cil e de curto prazo. Entretanto, o simples fato do paciente estar com a pr\u00f3tese confeccionada, restituindo as fun\u00e7\u00f5es de est\u00e9tica, mastigat\u00f3ria e fon\u00e9tica n\u00e3o significa que o tratamento esteja finalizado, pois \u00e9 de suma import\u00e2ncia a orienta\u00e7\u00e3o sobre higiene, manuten\u00e7\u00e3o ,o retorno peri\u00f3dico do paciente, para que o profissional examine as condi\u00e7\u00f5es da cavidade oral, assim como, analise o estado de conserva\u00e7\u00e3o da pr\u00f3tese total.<\/span><\/p>\n<p style=\"text-align: justify;\"><span style=\"font-family: Arial;\">Este trabalho foi realizado com pacientes volunt\u00e1rios da regi\u00e3o de Alfenas atendidos na Universidade de Alfenas e um protocolo de pesquisa onde foi poss\u00edvel analisar, o grau de manuten\u00e7\u00e3o e higiene das pr\u00f3teses totais .As rela\u00e7\u00f5es de est\u00e9tica , fon\u00e9tica e fun\u00e7\u00e3o mastigat\u00f3ria das pr\u00f3teses atuais .O n\u00edvel de sa\u00fade bucal a partir da presen\u00e7a ou n\u00e3o de altera\u00e7\u00f5es patol\u00f3gicas atrav\u00e9s de exame clinico e radiogr\u00e1fico. E as implica\u00e7\u00f5es do ensino de gradua\u00e7\u00e3o na forma\u00e7\u00e3o dos profissionais da \u00e1rea.<\/span><\/p>\n<p style=\"text-align: justify;\"><span style=\"font-family: Arial;\">O cirurgi\u00e3o-dentista deve conscientizar-se de que a entrega da pr\u00f3tese total n\u00e3o \u00e9 o fim do tratamento, h\u00e1 necessidade de um controle peri\u00f3dico. Necessita-se de uma conscientiza\u00e7\u00e3o do portador de pr\u00f3tese quanto a import\u00e2ncia da manuten\u00e7\u00e3o e controle e sua sa\u00fade bucal. Quanto \u00e0 confec\u00e7\u00e3o das pr\u00f3teses notou-se que muitas estavam em desacordo.Os pacientes apresentaram, les\u00f5es, principalmente de candid\u00edase. Se faz necess\u00e1rio, uma maior conscientiza\u00e7\u00e3o para o ensino desta disciplina.<\/span><\/p>\n<p style=\"text-align: justify;\"><span style=\"font-family: Arial;\"><strong>Pesquisas <\/strong> demonstraram a relev\u00e2ncia e a import\u00e2ncia de compartilhar as informa\u00e7\u00f5es e os conhecimento t\u00e9cnicos e cient\u00edficos com \u00eanfase na Orienta\u00e7\u00e3o do Paciente Desdentado Total da real necessidade de  Higiene e Manuten\u00e7\u00e3o da Sa\u00fade Bucal<br \/>\n<\/span><\/p>\n<p style=\"text-align: justify;\"><span style=\"font-family: Arial;\"><strong>Neste s\u00e9culo XXI no  Abordagem Educacional <\/strong>\u00e9 fundamental para a atua\u00e7\u00e3o da Doc\u00eancia (Participa\u00e7\u00e3o Compartilhada &#8211; Educador \/ Educando) contribuindo para a divulga\u00e7\u00e3o dos conte\u00fados cient\u00edficos [1,2,3,4]. <\/span><span style=\"font-family: Arial; line-height: 1.5;\"><br \/>\n<\/span><\/p>\n<hr \/>\n<div align=\"justify\">\n<div align=\"justify\">\n<div align=\"justify\">\n<div align=\"justify\"><span style=\"font-size: 12px;\"><em><strong><span style=\"text-decoration: underline;\">REFER\u00caNCIAS<\/span><\/strong><\/em><\/span><\/div>\n<div style=\"font-size: 12px;\" align=\"justify\">\n<div align=\"justify\"><span style=\"font-size: 12px;\"><span style=\"font-size: 12px;\">1. LOVATO, C.H.; PARANHOS, H.F.O.; PANZERI, H.; PARDINI, L.C. Materiais e m\u00e9todos para higieniza\u00e7\u00e3o de pr\u00f3tese total. In: Resumos do I Simp\u00f3sio de Inicia\u00e7\u00e3o Cient\u00edfica da Universidade de S\u00e3o Paulo, Ribeir\u00e3o Preto, SP, 1995, p.136.<\/span><\/span><\/div>\n<div align=\"justify\">2. LOVATO, C. H.; PARANHOS, H. F.O.; PARDINI, L.C. &#8211; Pr\u00f3tesis total: protocolo de evaluaci\u00f3n de Ia instalaci\u00f3n. Revista da Asociaci\u00f3n Odontol\u00f3gica Argentina, v.89. n.4, p.399-404, jul.\/ago. 2001.<\/div>\n<div align=\"justify\">3. PARANHOS, H.F.O.; ABR\u00c3O, W.; PARDINI, L.C.; GABARRA, E.Z.; SILVA, P. &#8211; Avalia\u00e7\u00e3o da conduta de 262 pacientes desdentados totais quanto ao uso cont\u00ednuo da pr\u00f3tese total. Revista Odonto, v.5, n.14, p.21-5, nov. 1997.<\/div>\n<div align=\"justify\">4. PEREIRA, A.L.C.Avalia\u00e7\u00e3o do Portador de Pr\u00f3tese Total: Higiene e Manuten\u00e7\u00e3o da Sa\u00fade Bucal. Faculdade de Odontologia de Ribeir\u00e3o Preto da Universidade de S\u00e3o Paulo, Programa de P\u00f3s-Gradua\u00e7\u00e3o (Mestrado) em Reabilita\u00e7\u00e3o Oral, 1999.[Orientador: <strong><span style=\"color: #0000ff;\"><a style=\"color: #0000ff;\" href=\"http:\/\/buscatextual.cnpq.br\/buscatextual\/visualizacv.do?metodo=apresentar&amp;id=K4796807T1\">Luiz Carlos Pardini<\/a><\/span><\/strong>]<\/div>\n<div align=\"justify\"><\/div>\n<\/div>\n<\/div>\n<\/div>\n<\/div>\n<div style=\"text-align: justify;\" align=\"justify\">\n<div style=\"text-align: center;\" align=\"justify\">\n<address style=\"text-align: right;\">\n<hr \/>\n<hr \/>\n<\/address>\n<\/div>\n<\/div>\n<div style=\"text-align: left;\" align=\"center\">\n<div style=\"text-align: center;\" align=\"center\">\n<div align=\"justify\">\n<p><span style=\"font-size: 10px;\"><strong><span style=\"text-decoration: underline;\">Recebido<\/span>: 2\/1\/2012 &#8211; <span style=\"color: #0000ff;\"><a style=\"color: #0000ff;\" href=\"http:\/\/sites.usp.br\/ebt\/forp-expediente-encicl-bras-teleodontol\/parecerista-relator-consultor-avaliador\/\">Parecerista<\/a>: <\/span>2\/1\/2012 &#8211; <span style=\"text-decoration: underline;\">Reformulado<\/span>: 2\/1\/2012 &#8211; <span style=\"text-decoration: underline;\">Publicado<\/span>: 2\/1\/2012 &#8211; Enciclop\u00e9dia Brasileira de Teleodontologia<\/strong><br \/>\n<\/span><\/p>\n<\/div>\n<\/div>\n<hr \/>\n<\/div>\n<p>&nbsp;<\/p>\n<\/div>\n<\/div>\n","protected":false},"excerpt":{"rendered":"<p>ENCICLOP\u00c9DIA BRASILEIRA DE TELEODONTOLOGIA ISSN 2448-1181 \/ SIBi \/ Expediente \/ Fasc\u00edculos (A-Z) Polo de [&hellip;]<\/p>\n","protected":false},"author":58,"featured_media":0,"parent":35609,"menu_order":0,"comment_status":"closed","ping_status":"closed","template":"","meta":{"footnotes":"","_links_to":"","_links_to_target":""},"class_list":["post-37243","page","type-page","status-publish","hentry"],"_links":{"self":[{"href":"https:\/\/sites.usp.br\/ebt\/index.php?rest_route=\/wp\/v2\/pages\/37243","targetHints":{"allow":["GET"]}}],"collection":[{"href":"https:\/\/sites.usp.br\/ebt\/index.php?rest_route=\/wp\/v2\/pages"}],"about":[{"href":"https:\/\/sites.usp.br\/ebt\/index.php?rest_route=\/wp\/v2\/types\/page"}],"author":[{"embeddable":true,"href":"https:\/\/sites.usp.br\/ebt\/index.php?rest_route=\/wp\/v2\/users\/58"}],"replies":[{"embeddable":true,"href":"https:\/\/sites.usp.br\/ebt\/index.php?rest_route=%2Fwp%2Fv2%2Fcomments&post=37243"}],"version-history":[{"count":1,"href":"https:\/\/sites.usp.br\/ebt\/index.php?rest_route=\/wp\/v2\/pages\/37243\/revisions"}],"predecessor-version":[{"id":37244,"href":"https:\/\/sites.usp.br\/ebt\/index.php?rest_route=\/wp\/v2\/pages\/37243\/revisions\/37244"}],"up":[{"embeddable":true,"href":"https:\/\/sites.usp.br\/ebt\/index.php?rest_route=\/wp\/v2\/pages\/35609"}],"wp:attachment":[{"href":"https:\/\/sites.usp.br\/ebt\/index.php?rest_route=%2Fwp%2Fv2%2Fmedia&parent=37243"}],"curies":[{"name":"wp","href":"https:\/\/api.w.org\/{rel}","templated":true}]}}