{"id":37259,"date":"2021-03-03T15:37:48","date_gmt":"2021-03-03T18:37:48","guid":{"rendered":"http:\/\/sites.usp.br\/ebt\/?page_id=37259"},"modified":"2021-03-03T15:39:08","modified_gmt":"2021-03-03T18:39:08","slug":"13-abordagem-clinica-cirurgiao-dentista-expectativa-profissional-radiologia-e-implantodontia","status":"publish","type":"page","link":"https:\/\/sites.usp.br\/ebt\/?page_id=37259","title":{"rendered":"13 Abordagem Cl\u00ednica (Cirurgi\u00e3o-Dentista): Expectativa Profissional (Radiologia e Implantodontia)"},"content":{"rendered":"<p style=\"text-align: center;\"><strong><span style=\"font-size: 16px;\"><span style=\"font-family: Arial;\">Enciclop\u00e9dia Brasileira de Teleodontologia<\/span><\/span><\/strong><br \/>\n<strong><span style=\"font-size: 14px;\"><span style=\"font-family: Arial;\"><span style=\"color: #0000ff;\"><span style=\"color: #000000;\">Publica\u00e7\u00e3o Anual<\/span> <\/span><\/span><\/span><\/strong><span style=\"font-size: 14px;\"><span style=\"font-family: Arial;\"><span style=\"color: #0000ff;\">(<\/span><\/span><\/span><strong><span style=\"font-size: 14px;\"><span style=\"font-family: Arial;\"><span style=\"color: #0000ff;\"><span style=\"font-size: 15px;\"><em><span style=\"color: #000000;\"><span style=\"text-decoration: underline;\">Suplemento<\/span><\/span><\/em><\/span>: <a style=\"color: #0000ff;\" href=\"http:\/\/sites.usp.br\/ebt\/forp-a-d-encl-bras-teleodontol\/a\/atividade-online-arauto-e-atributo-educacional\/\">Sum\u00e1rio<\/a><\/span><\/span><\/span><\/strong><span style=\"font-size: 14px;\"><span style=\"font-family: Arial;\"><span style=\"color: #0000ff;\"><span style=\"color: #000000;\">): <strong>Abril 2012<\/strong><\/span><\/span><\/span><\/span><strong><span style=\"font-size: 14px;\"><span style=\"font-family: Arial;\"><span style=\"color: #0000ff;\"> <span style=\"color: #000000;\">\/<\/span> <a style=\"color: #0000ff;\" href=\"http:\/\/sites.usp.br\/ebt\/forp-a-d-encl-bras-teleodontol\/a\/\">S\u00e9rie A<\/a> &#8211; <a style=\"color: #0000ff;\" href=\"http:\/\/sites.usp.br\/ebt\/forp-a-d-encl-bras-teleodontol\/a\/atividade-online-arauto-e-atributo-educacional\/atividade-online-abordagem-clinica-atuacao-do-cirurgiao-dentista\/\">2\u00aa Atividade Online<\/a><\/span><\/span><\/span><\/strong><br \/>\n<strong><span style=\"font-size: 14px;\"><span style=\"font-family: Arial;\"><span style=\"font-size: 15px;\"><em><span style=\"color: #000000;\"><span style=\"text-decoration: underline;\">Tema<\/span><\/span><\/em><\/span> &#8211; Processo Ensino Aprendizado: Atua\u00e7\u00e3o Profissional (Compet\u00eancia Profissionais)<br \/>\nEixo Educacional: Viv\u00eancia e Experi\u00eancia Profissional<\/span><\/span><\/strong><\/p>\n<address>\n<address style=\"text-align: right;\">\n<hr style=\"width: 321px;\" \/>\n<\/address>\n<\/address>\n<address>\n<address><em><span style=\"color: #ff0000; font-size: 14px;\"> \u2666 <\/span><\/em><span style=\"color: #ff0000;\"><span style=\"font-size: 10px;\"><strong><span style=\"color: #0000ff;\"><em><span style=\"color: #000000; font-size: 14px;\">Marcelo Rodrigues Azenha &#8211; <\/span><\/em><\/span><\/strong><\/span><\/span><span style=\"font-size: 10px;\"><strong><span style=\"color: #0000ff;\"><span style=\"color: #ff0000;\"><strong><span style=\"font-size: 10px;\"><span style=\"color: #000000;\"><span style=\"color: #ff0000;\"><span style=\"color: #ff0000;\"><span style=\"font-size: 10px;\"><strong><span style=\"color: #0000ff;\"><span style=\"font-size: 10px;\"><strong><span style=\"color: #0000ff;\"><span style=\"color: #ff0000;\"><strong><span style=\"font-size: 10px;\"><span style=\"color: #000000;\"><span style=\"color: #0000ff;\"><a style=\"color: #0000ff;\" href=\"http:\/\/buscatextual.cnpq.br\/buscatextual\/email.do?metodo=apresentar&amp;seqIdPessoa=2959377&amp;nomeDestinatario=Marcelo_Rodrigues_Azenha\">E<\/a><a style=\"color: #0000ff;\" href=\"http:\/\/buscatextual.cnpq.br\/buscatextual\/email.do?metodo=apresentar&amp;seqIdPessoa=2959377&amp;nomeDestinatario=Marcelo_Rodrigues_Azenha\">mail<\/a> <\/span><span style=\"color: #ff0000;\"><span style=\"color: #ff0000;\"><span style=\"font-size: 10px;\"><strong><span style=\"color: #0000ff;\"><em><span style=\"color: #ff0000;\"><em><strong><span style=\"color: #000000; font-size: 14px;\">&#8211;<\/span><\/strong><\/em><\/span><\/em> <\/span><\/strong><\/span><\/span><\/span><a href=\"http:\/\/lattes.cnpq.br\/6345383221164792\"><span style=\"color: #0000ff;\"> Curr\u00edculo Lattes <\/span><\/a><\/span> <\/span><\/strong><\/span><\/span><\/strong><\/span> <\/span><\/strong><\/span><\/span><\/span><\/span><\/span><\/strong><\/span><\/span><\/strong><\/span><\/address>\n<address><span style=\"color: #ff0000;\"><span style=\"color: #ff0000;\"><span style=\"font-size: 10px;\"><strong><span style=\"color: #0000ff;\"><em><span style=\"color: #ff0000;\"><em><strong><span style=\"color: #000000; font-size: 14px;\"><span style=\"color: #ff0000; font-size: 14px;\">\u2666 <\/span>Luiz Carlos Pardini &#8211;<\/span><\/strong><\/em><\/span><\/em><span style=\"color: #ff0000;\"><strong><span style=\"font-size: 10px;\"><span style=\"color: #0000ff;\"><span style=\"color: #0000ff;\"> <span style=\"color: #000000;\">{<\/span><\/span><\/span><\/span><\/strong><\/span><\/span><\/strong><\/span><\/span><\/span><span style=\"font-size: 10px;\"><strong><span style=\"color: #0000ff;\"><span style=\"color: #ff0000;\"><strong><span style=\"font-size: 10px;\"><span style=\"color: #000000;\"><a style=\"color: #0000ff;\" href=\"https:\/\/uspdigital.usp.br\/telefonia\/telFormularioEmail.jsp?codigoPessoaUsuario=0&amp;codigoPessoa=75623&amp;nomePessoa=Luiz Carlos Pardini&amp;print=s\">E-mailUSP<\/a>] <span style=\"color: #ff0000;\"><span style=\"color: #ff0000;\"><span style=\"font-size: 10px;\"><strong><span style=\"color: #0000ff;\"><em><span style=\"color: #ff0000;\"><em><strong><span style=\"color: #000000; font-size: 14px;\">&#8211;<\/span><\/strong><\/em><\/span><\/em> <\/span><\/strong><\/span><\/span><\/span><span style=\"color: #0000ff;\"><a style=\"color: #0000ff;\" href=\"http:\/\/buscatextual.cnpq.br\/buscatextual\/visualizacv.do?metodo=apresentar&amp;id=K4796807T1\">Curr\u00edculo Lattes <\/a> <\/span><\/span> <\/span><\/strong><\/span><\/span><\/strong><\/span><\/address>\n<\/address>\n<hr \/>\n<hr \/>\n<address style=\"text-align: right;\"><strong><span style=\"font-size: 10px;\"> p\u00e1gina 2<\/span><\/strong><\/address>\n<hr \/>\n<p style=\"text-align: justify;\"><span style=\"font-size: 10px;\"><span style=\"color: #ff0000; font-size: 10px;\"><span style=\"color: #ff0000; font-size: 14px;\">\u25ca<\/span><\/span> <strong>AZENHA, M.R.; PARDINI, L.C. Abordagem Cl\u00ednica (Cirurgi\u00e3o-Dentista): Expectativa Profissional (Radiologia e Implantodontia). Encicl. Bras. Teleodontol., Volume 2 (S\u00e9rie A): p\u00e1gina 2, abril, <\/strong><\/span><span style=\"font-size: 10px;\"><strong> 2012, IS<\/strong>SN 2448-1181<\/span><\/p>\n<hr \/>\n<p style=\"text-align: justify;\"><span style=\"font-family: Arial;\"><strong>Arte de Educar<\/strong> \u00e9 cont\u00ednua na <strong>Inclus\u00e3o Educacional<\/strong>: <strong>Ensinar <\/strong><\/span><span style=\"font-family: Arial;\">(1\u00ba. Momento)<\/span><span style=\"font-family: Arial;\">. <strong>Arte de Educar<\/strong> reflete atitude, habilidade, conduta, procedimento (&#8220;<em>maneira de ser<\/em>&#8220;) do Educador fato amplamente consolidado por Paulo Freire [1,2,3,4]. <\/span><\/p>\n<p style=\"text-align: justify;\"><span style=\"font-family: Arial;\"><strong>Gest\u00e3o Educadora<\/strong> efetiva estimula a\u00e7\u00e3o educacional (<strong>Ambiente Colaborativo de Aprendizagem) <\/strong>no Ensino Superior com a\u00e7\u00f5es no di\u00e1logo virtual como se fosse um &#8220;cronista&#8221; , e o educando apenas passivamente observa e escuta mas n\u00e3o ouve (n\u00e3o digere) . <\/span><\/p>\n<p style=\"text-align: justify;\"><span style=\"font-family: Arial;\"><strong>Arte de Educar <\/strong>(<strong>Atividade de Primeiro Encontro<\/strong>) incentiva (<strong>Aprendizagem Significativa<\/strong>) e conduz o <strong>Modelo de Gest\u00e3o <\/strong>em<strong> Educa\u00e7\u00e3o <\/strong>(<strong>Odontologia)<\/strong>, obedecendo as orienta\u00e7\u00f5es do<strong> Conselho Federal de Odontologia<\/strong> &#8211; <strong><span style=\"color: #0000ff;\"><a href=\"http:\/\/cfo.org.br\/\"><span style=\"color: #0000ff;\">CFO<\/span><\/a><\/span><\/strong>). <strong>Educar <\/strong>(<strong>Qualidade do Ensino<\/strong>) promove as descobertas educacionais (cognitivo, psicomotor, \u00e9tico e reflex\u00e3o cr\u00edtica) e incentiva a colabora\u00e7\u00e3o (<strong>Educa\u00e7\u00e3o Participativa<\/strong>). M<\/span><span style=\"font-family: Arial;\">otivar, facilitar e despertar conduzem para <strong>Educa\u00e7\u00e3o Transformadora<\/strong>, transcendendo a Literatura Educacional das &#8220;Classifica\u00e7\u00f5es das Doen\u00e7as&#8221; [<strong><span style=\"color: #0000ff;\"><a style=\"color: #0000ff;\" href=\"http:\/\/sites.usp.br\/ebt\/wp-content\/uploads\/sites\/44\/2014\/11\/ICD10-2010.pdf\">3<\/a>] <\/span><\/strong><span style=\"color: #0000ff;\"><span style=\"color: #000000;\">e as orienta\u00e7\u00f5es das condutas e procedimentos em Odontologia [<\/span><\/span><strong><span style=\"color: #0000ff;\"><a style=\"color: #0000ff;\" href=\"http:\/\/www.who.int\/en\/\">4<\/a><\/span><\/strong>]. <\/span><\/p>\n<p style=\"text-align: justify;\"><span style=\"font-family: Arial;\"><strong>Arte de Educar<\/strong> est\u00e1 intimamente associada a <\/span><strong style=\"font-family: Arial;\">Gest\u00e3o em Estrat\u00e9gia Educacional<\/strong><span style=\"font-family: Arial;\">, inicia-se muito antes das contextualiza\u00e7\u00e3o e <\/span><span style=\"font-family: Arial;\">implanta\u00e7\u00e3o do <strong>Projeto Pol\u00edtico Pedag\u00f3gico <\/strong>(<strong>PPP<\/strong>). Em Odontologia a &#8220;<strong>Arte de Educar<\/strong>&#8221; \u00e9 o motor propulsor: &#8220;<em>Saber de Qualidade<\/em>&#8221; (<strong>BRASIL<\/strong>, <span style=\"text-decoration: underline;\"><span style=\"color: #0000ff;\"><strong><a style=\"color: #0000ff; text-decoration: underline;\" href=\"http:\/\/emec.mec.gov.br\/emec\/consulta-cadastro\/detalhamento\/d96957f455f6405d14c6542552b0f6eb\/NTU=\">Site do MEC<\/a><\/strong><\/span><\/span>). <strong>Arte de Educar<\/strong> \u00e9 foco em a\u00e7\u00f5es (formativa e assertiva), d<\/span><span style=\"font-family: Arial;\">esperta e auxilia o Ensino Superior com avalia\u00e7\u00f5es peri\u00f3dicas (<span style=\"color: #0000ff;\"><strong><a style=\"color: #0000ff;\" href=\"http:\/\/emec.mec.gov.br\/modulos\/visao_comum\/php\/login\/comum_login.php?691ba69561e311dd66adaae89947c631=YWJhX2F2YWxpYWRvcg==\">emec-Avaliador<\/a><\/strong><\/span>) associados aos processos comportamentais do Educando (&#8220;<em>desejo e vontade de aprender<\/em>&#8220;<\/span><span style=\"font-family: Arial;\">) com apoio das ferramentas virtuais facilitadoras (<strong><span style=\"color: #0000ff;\"><a style=\"color: #0000ff;\" href=\"http:\/\/www5.usp.br\/\">USP<\/a><\/span><\/strong> &#8211; <a href=\"https:\/\/uspdigital.usp.br\/jupiterweb\/listarGradeCurricular?codcg=58&amp;codcur=58012&amp;codhab=0&amp;tipo=N\"><strong><span style=\"color: #0000ff;\">FORP<\/span><\/strong><\/a> &#8211; <span style=\"color: #0000ff;\"><strong><a style=\"color: #0000ff;\" href=\"http:\/\/sites.usp.br\/podae\/\">PODAE<\/a><\/strong><\/span> &#8211; <strong><span style=\"color: #0000ff;\"><a style=\"color: #0000ff;\" href=\"http:\/\/sites.usp.br\/LACIRO\/\">Laciro<\/a><\/span><\/strong>), Diretrizes Educacionais (<strong>BRASIL<\/strong>, 1996, 2002) estabelecidas pelo <strong>Minist\u00e9rio da Educa\u00e7\u00e3o<\/strong> (<span style=\"color: #0000ff;\"><strong><a style=\"color: #0000ff;\" href=\"http:\/\/portal.mec.gov.br\/\">MEC<\/a><\/strong><\/span>) e <strong>Sistema Nacional de Avalia\u00e7\u00e3o da Educa\u00e7\u00e3o Superior<\/strong> (<span style=\"color: #0000ff;\"><strong><a href=\"http:\/\/sites.usp.br\/ebt\/wp-content\/uploads\/sites\/44\/2014\/11\/Lei_10861_2004_SINAES.pdf\"><span style=\"color: #0000ff;\">SINAES<\/span><\/a><\/strong><\/span>, <\/span><span style=\"font-family: Arial; line-height: 1.5;\">2004) atuando na globaliza\u00e7\u00e3o e divulga\u00e7\u00e3o da ci\u00eancia (<a href=\"https:\/\/www.researchgate.net\/institution\/University_of_Sao_Paulo\">&#8220;<em><strong><span style=\"color: #0000ff;\">USP &#8211; &#8220;Top Institutions<\/span><\/strong><\/em>&#8220;<\/a>).<br \/>\n<\/span><\/p>\n<hr \/>\n<p style=\"text-align: justify;\"><strong><span style=\"font-size: 10px;\"> REFER\u00caNCIAS<br \/>\n<\/span><\/strong><\/p>\n<div style=\"text-align: justify;\" align=\"justify\">\n<div align=\"justify\"><span style=\"font-size: 10px;\">1. FREIRE, P. Conscientiza\u00e7\u00e3o. S\u00e3o Paulo: Cortez &amp; Moraes, 1979.[<span style=\"color: #0000ff;\"><strong><a style=\"color: #0000ff;\" href=\"http:\/\/www.paulofreire.ufpb.br\/paulofreire\/Controle?tipo=Livrox&amp;op=listar&amp;id=0&amp;obra_critica=C\">LINK<\/a><\/strong><\/span>]<br \/>\n<\/span><\/div>\n<div align=\"justify\"><span style=\"font-size: 10px;\">2. FREIRE, P. A import\u00e2ncia do ato de ler. 23\u00aa ed., S\u00e3o Paulo: Autores Associados: Cortez, 1989. [<span style=\"color: #0000ff;\"><strong><a style=\"color: #0000ff;\" href=\"http:\/\/www.paulofreire.ufpb.br\/paulofreire\/Controle?tipo=Livrox&amp;op=listar&amp;id=0&amp;obra_critica=C\">LINK<\/a><\/strong><\/span>] <\/span><\/div>\n<div align=\"justify\"><span style=\"font-size: 10px;\">3. GADOTTI, M.; FREIRE, P.; GUIMAR\u00c3ES , S. Pedagogia: di\u00e1logo e conflito, 6\u00aa ed.,S\u00e3o Paulo: Cortez, 1995. <\/span><span style=\"font-size: 10px;\"><a href=\"http:\/\/www.paulofreire.ufpb.br\/paulofreire\/Controle?tipo=Livrox&amp;op=listar&amp;id=0&amp;obra_critica=C\">[<span style=\"color: #0000ff;\"><strong>LINK<\/strong><\/span><\/a>]<\/span><\/div>\n<div align=\"justify\"><span style=\"font-size: 10px;\">4. FREIRE, P. Pol\u00edtica e educa\u00e7\u00e3o, 5\u00aa ed, S\u00e3o Paulo: Cortez, 2001. [<span style=\"color: #0000ff;\"><strong><a style=\"color: #0000ff;\" href=\"http:\/\/www.paulofreire.ufpb.br\/paulofreire\/Controle?tipo=Livrox&amp;op=listar&amp;id=0&amp;obra_critica=C\">LINK<\/a><\/strong><\/span>]<br \/>\n<\/span><\/div>\n<div style=\"text-align: center;\" align=\"justify\">\n<address style=\"text-align: right;\">\n<hr \/>\n<hr \/>\n<\/address>\n<\/div>\n<\/div>\n<div style=\"text-align: left;\" align=\"center\">\n<div style=\"text-align: center;\" align=\"center\">\n<div align=\"justify\">\n<p><span style=\"font-size: 10px;\"><strong><span style=\"color: #ff0000;\"><span style=\"color: #ff0000; font-size: 10px;\"><span style=\"color: #ff0000; font-size: 14px;\">\u25ca<\/span><\/span> <\/span> Universidade de S\u00e3o Paulo (<\/strong><\/span><span style=\"font-size: 10px;\"><strong><span style=\"color: #0000ff;\"><a style=\"color: #0000ff;\" href=\"http:\/\/www5.usp.br\/\">USP<\/a><\/span><\/strong><\/span><span style=\"font-size: 10px;\"><strong>), Faculdade de Odontologia de Ribeir\u00e3o Preto (<\/strong><\/span><span style=\"font-size: 10px;\"><strong><span style=\"color: #0000ff;\"><a style=\"color: #0000ff;\" href=\"http:\/\/www.forp.usp.br\/\">FORP<\/a><\/span><\/strong><\/span><span style=\"font-size: 10px;\"><strong>), Laborat\u00f3rio de An\u00e1lise de Controle da Imagem Radiogr\u00e1fica Odontol\u00f3gica (<span style=\"color: #0000ff;\"><span style=\"color: #000000;\"><span style=\"color: #0000ff;\"><a style=\"color: #0000ff;\" href=\"http:\/\/sites.usp.br\/laciro\/\">LACIRO<\/a><\/span> e<\/span> <a style=\"color: #0000ff;\" href=\"http:\/\/dgp.cnpq.br\/dgp\/espelhogrupo\/7860212987967525#linhaPesquisa\">Diret\u00f3rio de Grupo do CNpQ<\/a><\/span>).<\/strong><\/span><span style=\"font-size: 10px;\"><strong> Respons\u00e1vel<\/strong><\/span><span style=\"font-size: 10px;\"><span style=\"font-size: 10px;\"><strong>: Prof. Dr. Luiz Carlos Pardini. Pesquisador Colaborador: Prof. Dr. Marcelo Rodrigues Azenha<br \/>\n<\/strong><\/span><\/span><\/p>\n<hr \/>\n<p><strong><span style=\"font-size: 10px;\"><span style=\"text-decoration: underline;\">Recebido<\/span>: 2\/1\/2012 &#8211; <span style=\"text-decoration: underline;\">Publicado<\/span>: 3\/1\/2012 &#8211; Enciclop\u00e9dia Brasileira de Teleodontologia &#8211; ISNN 2448-1181<br \/>\n<\/span><\/strong><\/p>\n<\/div>\n<\/div>\n<hr \/>\n<\/div>\n","protected":false},"excerpt":{"rendered":"<p>Enciclop\u00e9dia Brasileira de Teleodontologia Publica\u00e7\u00e3o Anual (Suplemento: Sum\u00e1rio): Abril 2012 \/ S\u00e9rie A &#8211; 2\u00aa [&hellip;]<\/p>\n","protected":false},"author":58,"featured_media":0,"parent":35609,"menu_order":0,"comment_status":"closed","ping_status":"closed","template":"","meta":{"footnotes":"","_links_to":"","_links_to_target":""},"class_list":["post-37259","page","type-page","status-publish","hentry"],"_links":{"self":[{"href":"https:\/\/sites.usp.br\/ebt\/index.php?rest_route=\/wp\/v2\/pages\/37259","targetHints":{"allow":["GET"]}}],"collection":[{"href":"https:\/\/sites.usp.br\/ebt\/index.php?rest_route=\/wp\/v2\/pages"}],"about":[{"href":"https:\/\/sites.usp.br\/ebt\/index.php?rest_route=\/wp\/v2\/types\/page"}],"author":[{"embeddable":true,"href":"https:\/\/sites.usp.br\/ebt\/index.php?rest_route=\/wp\/v2\/users\/58"}],"replies":[{"embeddable":true,"href":"https:\/\/sites.usp.br\/ebt\/index.php?rest_route=%2Fwp%2Fv2%2Fcomments&post=37259"}],"version-history":[{"count":2,"href":"https:\/\/sites.usp.br\/ebt\/index.php?rest_route=\/wp\/v2\/pages\/37259\/revisions"}],"predecessor-version":[{"id":37261,"href":"https:\/\/sites.usp.br\/ebt\/index.php?rest_route=\/wp\/v2\/pages\/37259\/revisions\/37261"}],"up":[{"embeddable":true,"href":"https:\/\/sites.usp.br\/ebt\/index.php?rest_route=\/wp\/v2\/pages\/35609"}],"wp:attachment":[{"href":"https:\/\/sites.usp.br\/ebt\/index.php?rest_route=%2Fwp%2Fv2%2Fmedia&parent=37259"}],"curies":[{"name":"wp","href":"https:\/\/api.w.org\/{rel}","templated":true}]}}