{"id":37293,"date":"2021-03-04T14:29:57","date_gmt":"2021-03-04T17:29:57","guid":{"rendered":"http:\/\/sites.usp.br\/ebt\/?page_id=37293"},"modified":"2021-03-04T14:31:24","modified_gmt":"2021-03-04T17:31:24","slug":"04-atividade-educativa-online-abordagem-compartilhada-forp-usp-didatica","status":"publish","type":"page","link":"https:\/\/sites.usp.br\/ebt\/?page_id=37293","title":{"rendered":"04 Atividade Educativa Online (Abordagem Compartilhada): FORP \/ USP \u2013 Did\u00e1tica"},"content":{"rendered":"<p style=\"text-align: center;\"><span style=\"color: #800080;\"><strong><span style=\"font-size: 16px;\"><span style=\"font-family: Arial;\">ENCICLOP\u00c9DIA BRASILEIRA DE TELEODONTOLOGIA<br \/>\n<\/span><\/span><\/strong><\/span><strong><span style=\"font-size: 12px;\"><span style=\"font-family: Arial;\">ISSN <span style=\"color: #0000ff;\"><a style=\"color: #0000ff;\" href=\"https:\/\/portal.issn.org\/resource\/ISSN\/2448-1181#\">2448-1181<\/a><\/span><\/span><\/span><\/strong><strong><span style=\"font-size: 12px;\"><span style=\"font-family: Arial;\"> \/ <span style=\"color: #0000ff;\"><a style=\"color: #0000ff;\" href=\"https:\/\/sites.usp.br\/podae\/wp-content\/uploads\/sites\/36\/2019\/06\/Encicl.-Bras.Teleodontol.jpg\">SIBi<\/a><\/span> \/ <a href=\"https:\/\/sites.usp.br\/podae\/?page_id=3320\"><span style=\"color: #0000ff;\">Expediente<\/span><\/a> \/ <span style=\"color: #0000ff;\"><a style=\"color: #0000ff;\" href=\"https:\/\/sites.usp.br\/podae\/?page_id=120\">Fasc\u00edculos<\/a><\/span> (A-Z)<br \/>\n<\/span><\/span><\/strong><strong><span style=\"font-size: 12px;\"><span style=\"font-family: Arial;\"> Polo de Odontologia Digital Aplicado \u00e0 Educa\u00e7\u00e3o <\/span><\/span><\/strong><span style=\"font-size: 12px;\"><span style=\"font-family: Arial;\">(<\/span><\/span><strong><span style=\"font-size: 12px;\"><span style=\"font-family: Arial;\"><a href=\"https:\/\/sites.usp.br\/podae\/?page_id=89\"><span style=\"color: #0000ff;\">PODAE<\/span><\/a><\/span><\/span><\/strong><span style=\"font-size: 12px;\"><span style=\"font-family: Arial;\"><span style=\"color: #0000ff;\">)<\/span><\/span><\/span><strong><span style=\"font-size: 12px;\"><span style=\"font-family: Arial;\"><span style=\"color: #0000ff;\">: <\/span><a href=\"https:\/\/www.forp.usp.br\/\"><span style=\"color: #0000ff;\">FORP<\/span><\/a> \/ <span style=\"color: #0000ff;\"><a style=\"color: #0000ff;\" href=\"https:\/\/www5.usp.br\/\">USP<\/a><\/span><\/span><\/span><\/strong> <strong><span style=\"font-size: 12px;\"><span style=\"font-family: Arial;\"><br \/>\n<\/span><\/span><\/strong> <a href=\"https:\/\/sites.usp.br\/podae\/?page_id=3470\"><strong><span style=\"font-size: 14px;\"><span style=\"font-family: Arial;\"><span style=\"color: #0000ff;\"><em><span style=\"color: #000000;\"><span style=\"text-decoration: underline; color: #0000ff;\">3\u00aa Atividad<\/span><\/span><\/em><\/span><\/span><\/span><\/strong><strong><span style=\"font-size: 14px;\"><span style=\"font-family: Arial;\"><span style=\"color: #0000ff;\"><em><span style=\"color: #000000;\"><span style=\"text-decoration: underline; color: #0000ff;\">e Educativa Online<\/span> <\/span><\/em><\/span><\/span><\/span><\/strong><\/a><strong><span style=\"font-size: 12px;\"><span style=\"font-family: Arial;\"><br \/>\n<\/span><\/span><\/strong><span style=\"color: #000000;\"><strong><span style=\"font-size: 10px;\"><span style=\"color: #ff0000; font-size: 14px;\">\u2666<\/span> <\/span><\/strong><\/span><span style=\"color: #000000;\"><strong><span style=\"font-size: 10px;\"><span style=\"text-decoration: underline;\">SUM\u00c1RIOS<\/span><\/span><\/strong><\/span><strong><span style=\"font-size: 12px;\"><span style=\"font-family: Arial;\">: <\/span><\/span><\/strong><span style=\"color: #000000;\"><strong><span style=\"font-size: 10px;\"><span style=\"color: #0000ff;\"><a style=\"color: #0000ff;\" href=\"https:\/\/sites.usp.br\/podae\/?page_id=3288\"><span style=\"color: #0000ff;\">Fasc\u00edculo A<\/span><\/a><\/span> e <a href=\"https:\/\/sites.usp.br\/podae\/?page_id=3387\"><span style=\"color: #0000ff;\">Suplemento Anua<\/span>l<\/a>\u00a0<\/span><\/strong><\/span><\/p>\n<hr style=\"width: 321px;\" \/>\n<hr style=\"width: 321px;\" \/>\n<address><span style=\"color: #ff0000;\"><span style=\"font-size: 10px;\"><strong><span style=\"color: #0000ff;\"><em><span style=\"color: #000000; font-size: 14px;\">Heitor Panzeri <\/span><\/em><\/span><\/strong><\/span><\/span><em><span style=\"color: #ff0000; font-size: 14px;\"><span style=\"color: #ff0000;\"><span style=\"color: #000000; font-size: 14px;\"><strong> &#8211; <\/strong><\/span><\/span><\/span><\/em><span style=\"color: #ff0000;\"><strong><span style=\"font-size: 10px;\"><span style=\"color: #0000ff;\"><a style=\"color: #0000ff;\" href=\"http:\/\/buscatextual.cnpq.br\/buscatextual\/email.do?metodo=apresentar&amp;seqIdPessoa=40818&amp;nomeDestinatario=Heitor_Panzeri\">Email<\/a> &#8211;<\/span><\/span><\/strong><\/span> <span style=\"color: #ff0000;\"><strong><span style=\"font-size: 10px;\"><span style=\"color: #0000ff;\"><a style=\"color: #0000ff;\" href=\"http:\/\/lattes.cnpq.br\/6804071459907042\"><span style=\"color: #0000ff;\">Curr\u00edculo Latt<\/span>es<\/a><\/span><\/span><\/strong><\/span><span style=\"color: #ff0000;\"><strong><span style=\"font-size: 10px;\"><span style=\"color: #0000ff;\"> &#8211; <a href=\"https:\/\/sites.usp.br\/podae\/?page_id=8754\"><span style=\"color: #0000ff;\">Informa\u00e7\u00f5es Adicio<\/span>nais <\/a><\/span><\/span><\/strong><\/span><\/address>\n<address>\n<address style=\"text-align: right;\">\n<hr style=\"width: 321px;\" \/>\n<\/address>\n<\/address>\n<hr \/>\n<address style=\"text-align: right;\"><strong><span style=\"font-size: 12px;\"><span style=\"font-size: 10px;\">p\u00e1gina 4<\/span><br \/>\n<\/span><\/strong><\/address>\n<hr \/>\n<p style=\"text-align: justify;\"><span style=\"color: #000000; font-family: Arial;\"><span style=\"font-size: 12px; line-height: 18px;\"><strong>PANZERI, H. Atividade Educativa Online (Abordagem Compartilhada): FORP \/ USP &#8211; Did\u00e1tica<\/strong><strong>. Encicl. Bras.Teleodontol., Volume 3 (<span style=\"color: #0000ff;\"><a style=\"color: #0000ff;\" href=\"https:\/\/sites.usp.br\/podae\/?page_id=3288\">Fasc\u00edculo A<\/a><\/span>): p\u00e1gina 1, maio, 2013. Suplemento. ISSN 2448-1181<\/strong>.<\/span><\/span><\/p>\n<hr \/>\n<p style=\"text-align: justify;\"><span style=\"font-family: Arial;\">A <strong>Faculdade de Odontologia de Ribeir\u00e3o<\/strong> (FORP \/ USP) com a implanta\u00e7\u00e3o da &#8220;P\u00f3s &#8211; Gradua\u00e7\u00e3o&#8221; (Reabilita\u00e7\u00e3o Oral), sob a responsabilidade dos docentes respons\u00e1veis: <strong>Lisete Diniz Ribas Casagrande <\/strong>e <strong>Luiz Carlos Pardini<\/strong> ofereceu\u00a0 as Disciplinas: Metodologia do Ensino Superior (1995-2000), Did\u00e1tica para o Ensino Superior (1996-2000) e Metodologias e Din\u00e2mica no Ensino da Odontologia (1995-2000) tendo como foco principal o Educando [1,2,3,4].\u00a0 <\/span><\/p>\n<p style=\"text-align: justify;\"><span style=\"font-family: Arial;\">Atualmente, no Programa de P\u00f3s-Gradua\u00e7\u00e3o0 (FORP) \u00e9 oferecido a Disciplina a <strong>Metodologias e Din\u00e2mica no Ensino da Odontologia<\/strong> tem como respons\u00e1veis Luiz Carlos Pardini (05\/05\/2000 at\u00e9 presente data). <\/span><\/p>\n<p style=\"text-align: justify;\"><span style=\"font-family: Arial;\">Cumpre salientar que e disciplina a <strong>Metodologias e Din\u00e2mica no Ensino da Odontologia<\/strong> faz parte das atividades do <strong>Programa de Aperfei\u00e7oamento de Ensino<\/strong> (<strong><a href=\"http:\/\/www.prpg.usp.br\/index.php\/pt-br\/pae\/o-que-pae\">PAE<\/a><\/strong>) que destina-se exclusivamente aos Educandos (Alunos de P\u00f3s-Gradua\u00e7\u00e3o) matriculados nos <strong>Programa de P\u00f3s-Gradua\u00e7\u00e3o <\/strong>(<strong><a href=\"http:\/\/www.prpg.usp.br\/index.php\/pt-br\/\">Pr-PG<\/a><\/strong>). nPrograma (PAE) a<\/span><span style=\"font-family: Arial;\">liada a<strong> Pr\u00e1tica Docente<\/strong> (<strong>\u00c1rea da Sa\u00fade<\/strong>) ampliando e<strong> Compartilhando A\u00e7\u00f5es <\/strong>necessita da ampla Articula\u00e7\u00e3o Educacional entre Institui\u00e7\u00e3o (Minist\u00e9rio da Educa\u00e7\u00e3o &#8211; <strong><span style=\"color: #0000ff;\"><a style=\"color: #0000ff;\" href=\"http:\/\/portal.mec.gov.br\/sesu-secretaria-de-educacao-superior\/apresentacao\">MEC<\/a><\/span><\/strong>), Docente e Discente e, paralelamente, com apoio de <strong>Avalia\u00e7\u00e3o Diagn\u00f3stica<\/strong> da <strong>Proposta Pol\u00edtico Pedag\u00f3gica<\/strong>. <\/span><\/p>\n<p style=\"text-align: justify;\"><span style=\"font-family: Arial;\"><strong>ROZENDO <\/strong>et al (<strong>1999<\/strong>) constataram a pr\u00e1tica de &#8220;Educa\u00e7\u00e3o Banc\u00e1ria&#8221;, segundo a denomina\u00e7\u00e3o de <strong>Paulo Freire<\/strong>, (<a href=\"http:\/\/portal.mec.gov.br\/ultimas-noticias\/222-537011943\/17681-paulo-freire-e-declarado-o-patrono-da-educacao-brasileira\">MEC<\/a> &#8211; <strong>Patrono da Educa\u00e7\u00e3o Brasileira<\/strong>)\u00a0 caracterizada por \u00eanfase na transmiss\u00e3o de informa\u00e7\u00f5es, cargas hor\u00e1rias muito grandes, pouca integra\u00e7\u00e3o das disciplinas e aulas expositivas e atua\u00e7\u00e3o pedag\u00f3gica.<\/span><\/p>\n<p style=\"text-align: justify;\"><span style=\"font-family: Arial;\">Neste s\u00e9culo XXI, <strong>Abordagem Articular <\/strong>deve, constantemente, &#8220;(re)avaliar&#8221; as novas e atualizadas <strong>Pr\u00e1tica Docente<\/strong>, principalmente, na \u00c1rea da Sa\u00fade e &#8220;<strong>Compartilhando A\u00e7\u00f5es&#8221;<\/strong> com a <strong>Comunidade Educaciona<\/strong>l para o <strong>Di\u00e1logo Pedag\u00f3gico<\/strong><\/span><span style=\"font-family: Arial; line-height: 1.5;\">.<br \/>\n<\/span><\/p>\n<hr \/>\n<div align=\"justify\">\n<div align=\"justify\">\n<div align=\"justify\">\n<div align=\"justify\"><span style=\"font-size: 12px;\"><em><strong><span style=\"text-decoration: underline;\">REFER\u00caNCIAS<\/span><\/strong><\/em><\/span><\/div>\n<div style=\"font-size: 12px;\" align=\"justify\">\n<div align=\"justify\"><span style=\"font-size: 12px;\">1. CAMPOS, A. A. ; PIRES-DE-SOUZA, F.C.P.; GUGELMIN, M.C.M.S.; OLIVEIRA, L.M. ; PARDINI, L.C. ; CASAGRANDE, L.D.R. Curr\u00edculos de graduaci\u00f3n en Odontolog\u00eda: generalistas versus especialistas. Revista Fola Oral, Argentina, 4(13): 170-173, 1998.<br \/>\n<\/span><\/div>\n<div align=\"justify\">2. CASAGRANDE. L.D.R., PARDINI. L.C. Abordagem Articular: A Doc\u00eancia e o Mon\u00f3logo (Curr\u00edculo e Did\u00e1tica). Encicl. Bras.Teleodontol., Volume 1 (Fasc\u00edculo A): p\u00e1gina 2, abril, 2011. Suplemento. ISSN 2448-1181. [<strong><span style=\"color: #0000ff;\"><a style=\"color: #0000ff;\" href=\"https:\/\/sites.usp.br\/podae\/?page_id=3430\">LINK<\/a><\/span><\/strong>].<\/div>\n<div align=\"justify\">3. CASAGRANDE, L.D.R.; PARDINI. L.C. Abordagem Articular: A Pr\u00e1tica Docente (\u00c1rea da Sa\u00fade) \u2013 Compartilhando A\u00e7\u00f5es. Encicl. Bras.Teleodontol., Volume 1 (S\u00e9rie A): p\u00e1gina 3, maio, 2011. Suplemento. ISSN 2448-1181. [<a href=\"https:\/\/sites.usp.br\/podae\/?page_id=5406\"><strong><span style=\"color: #0000ff;\">LINK<\/span><\/strong><\/a>]<\/div>\n<div align=\"justify\"><span style=\"font-size: 12px;\">5. ROZENDO, C.A.; CASAGRANDE, L.D.R.; SCHNEIDER, J.F.; PARDINI, L.C. Uma an\u00e1lise das pr\u00e1ticas docentes de professores universit\u00e1rios da \u00e1rea de sa\u00fade. Rev. latino-am.enfermagem, Ribeir\u00e3o Preto, 7( 2): 15-23, abril 1999. [<strong><span style=\"color: #0000ff;\"><a style=\"color: #0000ff;\" href=\"http:\/\/www.scielo.br\/scielo.php?script=sci_arttext&amp;pid=S0104-11691999000200003&amp;lng=pt&amp;nrm=iso\"><span style=\"color: #0000ff;\">LINK<\/span><\/a><\/span><\/strong>]<\/span><\/div>\n<\/div>\n<\/div>\n<\/div>\n<\/div>\n<div style=\"text-align: justify;\" align=\"justify\">\n<div style=\"text-align: center;\" align=\"justify\">\n<address style=\"text-align: right;\">\n<hr \/>\n<hr \/>\n<\/address>\n<\/div>\n<\/div>\n<div style=\"text-align: left;\" align=\"center\">\n<div style=\"text-align: center;\" align=\"center\">\n<div align=\"justify\">\n<p><span style=\"font-size: 10px;\"><strong><span style=\"text-decoration: underline;\">Recebido<\/span>: 21\/4\/2013 &#8211; <span style=\"color: #0000ff;\"><a style=\"color: #0000ff;\" href=\"http:\/\/sites.usp.br\/ebt\/forp-expediente-encicl-bras-teleodontol\/parecerista-relator-consultor-avaliador\/\">Parecerista<\/a>: <\/span>29\/4\/2013 &#8211; <span style=\"text-decoration: underline;\">Publicado<\/span>: 1\/5\/2013- Enciclop\u00e9dia Brasileira de Teleodontologia<\/strong><br \/>\n<\/span><\/p>\n<\/div>\n<\/div>\n<hr \/>\n<\/div>\n<p>&nbsp;<\/p>\n","protected":false},"excerpt":{"rendered":"<p>ENCICLOP\u00c9DIA BRASILEIRA DE TELEODONTOLOGIA ISSN 2448-1181 \/ SIBi \/ Expediente \/ Fasc\u00edculos (A-Z) Polo de [&hellip;]<\/p>\n","protected":false},"author":58,"featured_media":0,"parent":35611,"menu_order":0,"comment_status":"closed","ping_status":"closed","template":"","meta":{"footnotes":"","_links_to":"","_links_to_target":""},"class_list":["post-37293","page","type-page","status-publish","hentry"],"_links":{"self":[{"href":"https:\/\/sites.usp.br\/ebt\/index.php?rest_route=\/wp\/v2\/pages\/37293","targetHints":{"allow":["GET"]}}],"collection":[{"href":"https:\/\/sites.usp.br\/ebt\/index.php?rest_route=\/wp\/v2\/pages"}],"about":[{"href":"https:\/\/sites.usp.br\/ebt\/index.php?rest_route=\/wp\/v2\/types\/page"}],"author":[{"embeddable":true,"href":"https:\/\/sites.usp.br\/ebt\/index.php?rest_route=\/wp\/v2\/users\/58"}],"replies":[{"embeddable":true,"href":"https:\/\/sites.usp.br\/ebt\/index.php?rest_route=%2Fwp%2Fv2%2Fcomments&post=37293"}],"version-history":[{"count":1,"href":"https:\/\/sites.usp.br\/ebt\/index.php?rest_route=\/wp\/v2\/pages\/37293\/revisions"}],"predecessor-version":[{"id":37294,"href":"https:\/\/sites.usp.br\/ebt\/index.php?rest_route=\/wp\/v2\/pages\/37293\/revisions\/37294"}],"up":[{"embeddable":true,"href":"https:\/\/sites.usp.br\/ebt\/index.php?rest_route=\/wp\/v2\/pages\/35611"}],"wp:attachment":[{"href":"https:\/\/sites.usp.br\/ebt\/index.php?rest_route=%2Fwp%2Fv2%2Fmedia&parent=37293"}],"curies":[{"name":"wp","href":"https:\/\/api.w.org\/{rel}","templated":true}]}}