{"id":37302,"date":"2021-03-04T14:38:32","date_gmt":"2021-03-04T17:38:32","guid":{"rendered":"http:\/\/sites.usp.br\/ebt\/?page_id=37302"},"modified":"2021-03-04T14:40:42","modified_gmt":"2021-03-04T17:40:42","slug":"22-abordagem-compartilhada-repartir-acoes-educacionais","status":"publish","type":"page","link":"https:\/\/sites.usp.br\/ebt\/?page_id=37302","title":{"rendered":"22 Abordagem Compartilhada: Repartir A\u00e7\u00f5es Educacionais"},"content":{"rendered":"<p><em><span style=\"color: #ff0000; font-size: 14px;\"><em>\u2666 <\/em><\/span><\/em><span style=\"color: #ff0000;\"><span style=\"color: #000000; font-size: 14px;\"><em><strong><span class=\"\">Andr\u00e9a C\u00e2ndido dos Reis<\/span> <\/strong><\/em><\/span><\/span><span style=\"color: #ff0000;\"><strong><span style=\"font-size: 10px;\"><span style=\"color: #0000ff;\"><span style=\"color: #0000ff;\">&#8211; <a style=\"color: #0000ff;\" href=\"http:\/\/buscatextual.cnpq.br\/buscatextual\/email.do?metodo=apresentar&amp;seqIdPessoa=124952&amp;nomeDestinatario=Andr\u00e9a_C\u00e2ndido_dos_Reis\">Email<\/a> &#8211; <\/span><a style=\"color: #0000ff;\" href=\"http:\/\/lattes.cnpq.br\/2370643501645082\">Curr\u00edculo Lattes<\/a><br \/>\n<\/span><\/span><\/strong><\/span><\/p>\n<hr \/>\n<hr \/>\n<address style=\"text-align: right;\"><strong><span style=\"font-size: 10px;\"><span style=\"font-size: 12px;\"><span style=\"color: #ff0000;\"><span style=\"color: #0000ff;\"><em><span style=\"color: #000000; font-size: 14px;\"><span style=\"color: #0000ff;\"><a style=\"color: #0000ff;\" href=\"http:\/\/sites.usp.br\/ebt\/forp-a-d-encl-bras-teleodontol\/a\/atividade-online-arauto-e-atributo-educacional\/02-abordagem-compartilhada-comunicacao-interpessoal-e-intrapessoal\/\">3\u00aa Atividade Online<\/a><\/span> (Janeiro 2013) &#8211; Abordagem Cl\u00ednica: Viv\u00eancia e Experi\u00eancia Profissional <\/span><\/em><\/span><\/span>\/ <\/span>p\u00e1gina 1<\/span><\/strong><\/address>\n<hr \/>\n<p style=\"text-align: justify;\"><strong><span style=\"font-size: 10px;\">REIS, A. C. Abordagem Compartilhada: A Tecnol\u00f3gica e a Inova\u00e7\u00e3o em Materiais Odontol\u00f3gico . Encicl. Bras. Teleodontol., volume 3 (S\u00e9rie A): p\u00e1gina 1, janeiro, 2013. ISNN 2448-1181<br \/>\n<\/span><\/strong><\/p>\n<hr \/>\n<p style=\"text-align: justify;\"><span style=\"font-family: Arial;\"> Desde 2013 a atua\u00e7\u00e3o do<strong> Grupo de Desenvolvimento, Tecnologia e Inova\u00e7\u00e3o em Materiais Odontol\u00f3gicos <\/strong>(<span style=\"color: #0000ff;\"><strong><a style=\"color: #0000ff;\" href=\"http:\/\/dgp.cnpq.br\/dgp\/espelhogrupo\/2949509505674906\">GDTIMO<\/a><\/strong><\/span>) contribui com os avan\u00e7os tecnol\u00f3gicos e cient\u00edficos. A Equipe Multidisciplinar \u00e9 composto por pesquisadores e alunos (Programa de P\u00f3s-Gradua\u00e7\u00e3o e alunos de Gradua\u00e7\u00e3o) com destaque para as a\u00e7\u00f5es educacionais em Inicia\u00e7\u00e3o Cient\u00edfica.[1,2,3].<\/span><\/p>\n<p style=\"text-align: justify;\"><span style=\"font-family: Arial;\"><span style=\"color: #0000ff;\"><strong><a style=\"color: #0000ff;\" href=\"http:\/\/dgp.cnpq.br\/dgp\/espelhogrupo\/2949509505674906\">GDTIMO<\/a><\/strong><\/span> atua em pol\u00edticas de pesquisas que estimulam o desenvolvimento de novos materiais que possam proporcionar benef\u00edcios \u00e0 sociedade. <\/span><\/p>\n<p style=\"text-align: justify;\"><span style=\"font-family: Arial;\">Atualmente, neste s\u00e9culo XXI, os desenvolvimentos t\u00e9cnicos e cient\u00edficos sobre Biomateriais Odontol\u00f3gicos (Materiais Odontol\u00f3gicos) contribuindo para manter e ampliar as a\u00e7\u00f5es construtivas no ensino e aprendizado..<\/span><\/p>\n<hr \/>\n<p style=\"text-align: justify;\"><strong><span style=\"font-size: 10px;\">REFER\u00caNCIAS<\/span><\/strong><\/p>\n<div style=\"text-align: justify;\" align=\"justify\">\n<div align=\"justify\"><span style=\"font-size: 10px;\">1. MAZZOL, C.R.; REIS, A.C.; SHIMANO, A.C.; VALENTE, M.L.C. In vitro analysis of the influence of surface treatment of dental implants on primary stability. Braz. oral res. 26 (4) 2012 [<strong><span style=\"color: #0000ff;\"><a style=\"color: #0000ff;\" href=\"http:\/\/www.scielo.br\/pdf\/bor\/v26n4\/mazz828-aop.pdf\">PDF<\/a><\/span><\/strong>]<\/span><\/div>\n<\/div>\n<div style=\"text-align: left;\" align=\"center\">\n<div style=\"text-align: center;\" align=\"center\">\n<div align=\"justify\">\n<hr \/>\n<\/div>\n<div align=\"justify\">\n<p><span style=\"font-size: 10px;\"><strong><span style=\"color: #ff0000;\"><span style=\"color: #ff0000; font-size: 10px;\"><span style=\"color: #ff0000; font-size: 14px;\">\u25ca<\/span><\/span> <\/span>Universidade de S\u00e3o Paulo (<\/strong><\/span><span style=\"font-size: 10px; color: #0000ff;\"><strong><a style=\"color: #0000ff;\" href=\"http:\/\/www5.usp.br\/\">USP<\/a><\/strong><\/span><span style=\"font-size: 10px;\"><strong>), Faculdade de Odontologia de Ribeir\u00e3o Preto (<\/strong><\/span><span style=\"font-size: 10px; color: #0000ff;\"><strong><a style=\"color: #0000ff;\" href=\"http:\/\/www.forp.usp.br\/\">FORP<\/a><\/strong><\/span><strong><span style=\"font-size: 10px;\">),Grupo de Desenvolvimento, Tecnologia e Inova\u00e7\u00e3o em Materiais Odontol\u00f3gicos (GDTIMO \/ <span style=\"color: #0000ff;\"><a style=\"color: #0000ff;\" href=\"http:\/\/dgp.cnpq.br\/dgp\/espelhogrupo\/2949509505674906\">Diret\u00f3rio de Grupo CNpQ<\/a><\/span> \/<\/span><span style=\"font-size: 10px;\">.<\/span><\/strong><span style=\"font-size: 10px;\"><strong> Respons\u00e1vel<\/strong><\/span><span style=\"font-size: 10px;\"><span style=\"font-size: 10px;\"><strong>: Profa. Dra. Andr\u00e9a C\u00e2ndido dos Reis.<\/strong><\/span><\/span><\/p>\n<hr \/>\n<\/div>\n<div align=\"justify\"><strong><span style=\"font-size: 10px;\"><span style=\"text-decoration: underline;\">Recebido<\/span>: 2\/01\/2012 &#8211; <span style=\"text-decoration: underline;\">Publicado<\/span>: 3\/01\/2013 &#8211; Enciclop\u00e9dia Brasileira de Teleodontologia &#8211; ISNN 2448-1181<br \/>\n<\/span><\/strong><\/div>\n<\/div>\n<hr \/>\n<\/div>\n","protected":false},"excerpt":{"rendered":"<p>\u2666 Andr\u00e9a C\u00e2ndido dos Reis &#8211; Email &#8211; Curr\u00edculo Lattes 3\u00aa Atividade Online (Janeiro 2013) [&hellip;]<\/p>\n","protected":false},"author":58,"featured_media":0,"parent":35611,"menu_order":0,"comment_status":"closed","ping_status":"closed","template":"","meta":{"footnotes":"","_links_to":"","_links_to_target":""},"class_list":["post-37302","page","type-page","status-publish","hentry"],"_links":{"self":[{"href":"https:\/\/sites.usp.br\/ebt\/index.php?rest_route=\/wp\/v2\/pages\/37302","targetHints":{"allow":["GET"]}}],"collection":[{"href":"https:\/\/sites.usp.br\/ebt\/index.php?rest_route=\/wp\/v2\/pages"}],"about":[{"href":"https:\/\/sites.usp.br\/ebt\/index.php?rest_route=\/wp\/v2\/types\/page"}],"author":[{"embeddable":true,"href":"https:\/\/sites.usp.br\/ebt\/index.php?rest_route=\/wp\/v2\/users\/58"}],"replies":[{"embeddable":true,"href":"https:\/\/sites.usp.br\/ebt\/index.php?rest_route=%2Fwp%2Fv2%2Fcomments&post=37302"}],"version-history":[{"count":2,"href":"https:\/\/sites.usp.br\/ebt\/index.php?rest_route=\/wp\/v2\/pages\/37302\/revisions"}],"predecessor-version":[{"id":37304,"href":"https:\/\/sites.usp.br\/ebt\/index.php?rest_route=\/wp\/v2\/pages\/37302\/revisions\/37304"}],"up":[{"embeddable":true,"href":"https:\/\/sites.usp.br\/ebt\/index.php?rest_route=\/wp\/v2\/pages\/35611"}],"wp:attachment":[{"href":"https:\/\/sites.usp.br\/ebt\/index.php?rest_route=%2Fwp%2Fv2%2Fmedia&parent=37302"}],"curies":[{"name":"wp","href":"https:\/\/api.w.org\/{rel}","templated":true}]}}