{"id":37306,"date":"2021-03-04T14:41:45","date_gmt":"2021-03-04T17:41:45","guid":{"rendered":"http:\/\/sites.usp.br\/ebt\/?page_id=37306"},"modified":"2021-03-04T14:43:05","modified_gmt":"2021-03-04T17:43:05","slug":"21-abordagem-compartilhada-interdisciplinaridade-imagenologia-e-protese-parcial-removivel","status":"publish","type":"page","link":"https:\/\/sites.usp.br\/ebt\/?page_id=37306","title":{"rendered":"21 Abordagem Compartilhada: Interdisciplinaridade (Imagenologia e Pr\u00f3tese Parcial Remov\u00edvel)"},"content":{"rendered":"<address>\n<address><em><span style=\"color: #ff0000; font-size: 14px;\">\u2666 <strong><span style=\"color: #000000;\">Val\u00e9ria Oliveira Pagnano de Souza &#8211; <\/span><\/strong><\/span><\/em><span style=\"font-size: 10px;\"><strong><span style=\"color: #0000ff;\"><span style=\"color: #ff0000;\"><strong><span style=\"font-size: 10px;\"><span style=\"color: #000000;\"><span style=\"font-size: 10px;\"><strong><span style=\"color: #0000ff;\"><span style=\"color: #ff0000;\"><strong><span style=\"font-size: 10px;\"><span style=\"color: #000000;\"><span style=\"color: #0000ff;\"><a style=\"color: #0000ff;\" href=\"http:\/\/buscatextual.cnpq.br\/buscatextual\/email.do?metodo=apresentar&amp;seqIdPessoa=140882&amp;nomeDestinatario=Val\u00e9ria_Oliveira_Pagnano_de_Souza\">E-mail<\/a><\/span><\/span><\/span><\/strong><\/span><\/span><\/strong><\/span><\/span><\/span><\/strong><\/span><\/span><\/strong><\/span><span style=\"font-size: 10px;\"><strong><span style=\"color: #0000ff;\"><span style=\"color: #ff0000;\"><strong><span style=\"font-size: 10px;\"><span style=\"color: #000000;\"><span style=\"color: #ff0000;\"><span style=\"color: #ff0000;\"><span style=\"font-size: 10px;\"><strong><span style=\"color: #0000ff;\"> &#8211; <a href=\"http:\/\/lattes.cnpq.br\/6435045620621697\"><span style=\"color: #0000ff;\">Curr\u00edculo Lattes<\/span> <\/a><\/span><\/strong><\/span><\/span><\/span><\/span><\/span><\/strong><\/span><\/span><\/strong><\/span><\/address>\n<address><span style=\"color: #ff0000;\"><span style=\"font-size: 10px;\"><strong><span style=\"color: #0000ff;\"><em><span style=\"color: #000000; font-size: 14px;\"><span style=\"color: #ff0000; font-size: 14px;\">\u2666<\/span> L<\/span><\/em><\/span><\/strong><\/span><\/span><span style=\"color: #ff0000;\"><span style=\"color: #ff0000;\"><span style=\"font-size: 10px;\"><strong><span style=\"color: #0000ff;\"><em><span style=\"color: #ff0000;\"><em><strong><span style=\"color: #000000; font-size: 14px;\">uiz Carlos Pardini &#8211;<\/span><\/strong><\/em><\/span><\/em><span style=\"color: #ff0000;\"><strong><span style=\"font-size: 10px;\"><span style=\"color: #0000ff;\"><span style=\"color: #0000ff;\"> <span style=\"color: #000000;\">{<\/span><\/span><\/span><\/span><\/strong><\/span><\/span><\/strong><\/span><\/span><\/span><span style=\"font-size: 10px;\"><strong><span style=\"color: #0000ff;\"><span style=\"color: #ff0000;\"><strong><span style=\"font-size: 10px;\"><span style=\"color: #000000;\"><a style=\"color: #0000ff;\" href=\"https:\/\/uspdigital.usp.br\/telefonia\/telFormularioEmail.jsp?codigoPessoaUsuario=0&amp;codigoPessoa=75623&amp;nomePessoa=Luiz Carlos Pardini&amp;print=s\">E-mailUSP<\/a>] <span style=\"color: #ff0000;\"><span style=\"color: #ff0000;\"><span style=\"font-size: 10px;\"><strong><span style=\"color: #0000ff;\"><em><span style=\"color: #ff0000;\"><em><strong><span style=\"color: #000000; font-size: 14px;\">&#8211;<\/span><\/strong><\/em><\/span><\/em> <\/span><\/strong><\/span><\/span><\/span><span style=\"color: #0000ff;\"> <a style=\"color: #0000ff;\" href=\"http:\/\/buscatextual.cnpq.br\/buscatextual\/visualizacv.do?metodo=apresentar&amp;id=K4796807T1\">Curr\u00edculo Lattes<\/a> <\/span><\/span> <\/span><\/strong><\/span><\/span><\/strong><\/span><\/address>\n<\/address>\n<hr \/>\n<hr \/>\n<address style=\"text-align: right;\"><strong><span style=\"font-size: 10px;\"><span style=\"font-size: 12px;\"><span style=\"color: #ff0000;\"><span style=\"color: #0000ff;\"><em><span style=\"color: #000000; font-size: 14px;\"><span style=\"color: #0000ff;\"><a style=\"color: #0000ff;\" href=\"http:\/\/sites.usp.br\/ebt\/forp-a-d-encl-bras-teleodontol\/a\/atividade-online-arauto-e-atributo-educacional\/02-abordagem-compartilhada-comunicacao-interpessoal-e-intrapessoal\/\">3\u00aa Atividade Online<\/a><\/span> (Janeiro 2013) &#8211; Abordagem Cl\u00ednica: Viv\u00eancia e Experi\u00eancia Profissional <\/span><\/em><\/span><\/span>\/ <\/span><\/span><\/strong><strong><span style=\"font-size: 10px;\">p\u00e1gina 4<\/span><\/strong><\/address>\n<hr \/>\n<p style=\"text-align: justify;\"><strong><span style=\"font-size: 10px;\">PAGNANO, V. O; PARDINI, L.C. Abordagem Compartilhada: Interdisciplinaridade (Imagenologia e Pr\u00f3tese Parcial Remov\u00edvel). Bras. Teleodontol., volume 1 (S\u00e9rie A): p\u00e1gina 1, janeiro, <\/span><span style=\"font-size: 10px;\"> 2011. ISSN 2448-1181<\/span><\/strong><\/p>\n<hr \/>\n<p style=\"text-align: justify;\"><span style=\"font-family: Arial;\"><strong>Arte de Educar<\/strong> \u00e9 cont\u00ednua na <strong>Inclus\u00e3o Educacional<\/strong>: <strong>Ensinar <\/strong><\/span><span style=\"font-family: Arial;\">(1\u00ba. Momento)<\/span><span style=\"font-family: Arial;\">. <strong>Arte de Educar<\/strong> reflete atitude, habilidade, conduta, procedimento (&#8220;<em>maneira de ser<\/em>&#8220;) do Educador fato amplamente consolidado por Paulo Freire [1,2,3,4]. <\/span><\/p>\n<p style=\"text-align: justify;\"><span style=\"font-family: Arial;\"><strong>Gest\u00e3o Educadora<\/strong> efetiva estimula a\u00e7\u00e3o educacional (<strong>Ambiente Colaborativo de Aprendizagem) <\/strong>no Ensino Superior com a\u00e7\u00f5es no di\u00e1logo virtual como se fosse um &#8220;cronista&#8221; , e o educando apenas passivamente observa e escuta mas n\u00e3o ouve (n\u00e3o digere) . <\/span><\/p>\n<p style=\"text-align: justify;\"><span style=\"font-family: Arial;\"><strong>Arte de Educar <\/strong>(<strong>Atividade de Primeiro Encontro<\/strong>) incentiva (<strong>Aprendizagem Significativa<\/strong>) e conduz o <strong>Modelo de Gest\u00e3o <\/strong>em<strong> Educa\u00e7\u00e3o <\/strong>(<strong>Odontologia)<\/strong>, obedecendo as orienta\u00e7\u00f5es do<strong> Conselho Federal de Odontologia<\/strong> &#8211; <strong><span style=\"color: #0000ff;\"><a href=\"http:\/\/cfo.org.br\/\"><span style=\"color: #0000ff;\">CFO<\/span><\/a><\/span><\/strong>). <strong>Educar <\/strong>(<strong>Qualidade do Ensino<\/strong>) promove as descobertas educacionais (cognitivo, psicomotor, \u00e9tico e reflex\u00e3o cr\u00edtica) e incentiva a colabora\u00e7\u00e3o (<strong>Educa\u00e7\u00e3o Participativa<\/strong>). M<\/span><span style=\"font-family: Arial;\">otivar, facilitar e despertar conduzem para <strong>Educa\u00e7\u00e3o Transformadora<\/strong>, transcendendo a Literatura Educacional das &#8220;Classifica\u00e7\u00f5es das Doen\u00e7as&#8221; [<strong><span style=\"color: #0000ff;\"><a style=\"color: #0000ff;\" href=\"http:\/\/sites.usp.br\/ebt\/wp-content\/uploads\/sites\/44\/2014\/11\/ICD10-2010.pdf\">3<\/a>] <\/span><\/strong><span style=\"color: #0000ff;\"><span style=\"color: #000000;\">e as orienta\u00e7\u00f5es das condutas e procedimentos em Odontologia [<\/span><\/span><strong><span style=\"color: #0000ff;\"><a style=\"color: #0000ff;\" href=\"http:\/\/www.who.int\/en\/\">4<\/a><\/span><\/strong>]. <\/span><\/p>\n<p style=\"text-align: justify;\"><span style=\"font-family: Arial;\"><strong>Arte de Educar<\/strong> est\u00e1 intimamente associada a <\/span><strong style=\"font-family: Arial;\">Gest\u00e3o em Estrat\u00e9gia Educacional<\/strong><span style=\"font-family: Arial;\">, inicia-se muito antes das contextualiza\u00e7\u00e3o e <\/span><span style=\"font-family: Arial;\">implanta\u00e7\u00e3o do <strong>Projeto Pol\u00edtico Pedag\u00f3gico <\/strong>(<strong>PPP<\/strong>). Em Odontologia a &#8220;<strong>Arte de Educar<\/strong>&#8221; \u00e9 o motor propulsor: &#8220;<em>Saber de Qualidade<\/em>&#8221; (<strong>BRASIL<\/strong>, <span style=\"text-decoration: underline;\"><span style=\"color: #0000ff;\"><strong><a style=\"color: #0000ff; text-decoration: underline;\" href=\"http:\/\/emec.mec.gov.br\/emec\/consulta-cadastro\/detalhamento\/d96957f455f6405d14c6542552b0f6eb\/NTU=\">Site do MEC<\/a><\/strong><\/span><\/span>). <strong>Arte de Educar<\/strong> \u00e9 foco em a\u00e7\u00f5es (formativa e assertiva), d<\/span><span style=\"font-family: Arial;\">esperta e auxilia o Ensino Superior com avalia\u00e7\u00f5es peri\u00f3dicas (<span style=\"color: #0000ff;\"><strong><a style=\"color: #0000ff;\" href=\"http:\/\/emec.mec.gov.br\/modulos\/visao_comum\/php\/login\/comum_login.php?691ba69561e311dd66adaae89947c631=YWJhX2F2YWxpYWRvcg==\">emec-Avaliador<\/a><\/strong><\/span>) associados aos processos comportamentais do Educando (&#8220;<em>desejo e vontade de aprender<\/em>&#8220;<\/span><span style=\"font-family: Arial;\">) com apoio das ferramentas virtuais facilitadoras (<strong><span style=\"color: #0000ff;\"><a style=\"color: #0000ff;\" href=\"http:\/\/www5.usp.br\/\">USP<\/a><\/span><\/strong> &#8211; <a href=\"https:\/\/uspdigital.usp.br\/jupiterweb\/listarGradeCurricular?codcg=58&amp;codcur=58012&amp;codhab=0&amp;tipo=N\"><strong><span style=\"color: #0000ff;\">FORP<\/span><\/strong><\/a> &#8211; <span style=\"color: #0000ff;\"><strong><a style=\"color: #0000ff;\" href=\"http:\/\/sites.usp.br\/podae\/\">PODAE<\/a><\/strong><\/span> &#8211; <strong><span style=\"color: #0000ff;\"><a style=\"color: #0000ff;\" href=\"http:\/\/sites.usp.br\/LACIRO\/\">Laciro<\/a><\/span><\/strong>), Diretrizes Educacionais (<strong>BRASIL<\/strong>, 1996, 2002) estabelecidas pelo <strong>Minist\u00e9rio da Educa\u00e7\u00e3o<\/strong> (<span style=\"color: #0000ff;\"><strong><a style=\"color: #0000ff;\" href=\"http:\/\/portal.mec.gov.br\/\">MEC<\/a><\/strong><\/span>) e <strong>Sistema Nacional de Avalia\u00e7\u00e3o da Educa\u00e7\u00e3o Superior<\/strong> (<span style=\"color: #0000ff;\"><strong><a href=\"http:\/\/sites.usp.br\/ebt\/wp-content\/uploads\/sites\/44\/2014\/11\/Lei_10861_2004_SINAES.pdf\"><span style=\"color: #0000ff;\">SINAES<\/span><\/a><\/strong><\/span>, <\/span><span style=\"font-family: Arial; line-height: 1.5;\">2004) atuando na globaliza\u00e7\u00e3o e divulga\u00e7\u00e3o da ci\u00eancia (<a href=\"https:\/\/www.researchgate.net\/institution\/University_of_Sao_Paulo\">&#8220;<em><strong><span style=\"color: #0000ff;\">USP &#8211; &#8220;Top Institutions<\/span><\/strong><\/em>&#8220;<\/a>).<br \/>\n<\/span><\/p>\n<hr \/>\n<p style=\"text-align: justify;\"><strong><span style=\"font-size: 10px;\"> REFER\u00caNCIAS<br \/>\n<\/span><\/strong><\/p>\n<div style=\"text-align: justify;\" align=\"justify\">\n<div align=\"justify\"><span style=\"font-size: 10px;\">1. FREIRE, P. Conscientiza\u00e7\u00e3o. S\u00e3o Paulo: Cortez &amp; Moraes, 1979. [<span style=\"color: #0000ff;\"><strong><a style=\"color: #0000ff;\" href=\"http:\/\/www.paulofreire.ufpb.br\/paulofreire\/Controle?tipo=Livrox&amp;op=listar&amp;id=0&amp;obra_critica=C\">LINK<\/a><\/strong><\/span>]<br \/>\n<\/span><\/div>\n<div align=\"justify\"><span style=\"font-size: 10px;\">2. FREIRE, P. A import\u00e2ncia do ato de ler. 23\u00aa ed., S\u00e3o Paulo: Autores Associados: Cortez, 1989 [<span style=\"color: #0000ff;\"><strong><a style=\"color: #0000ff;\" href=\"http:\/\/www.paulofreire.ufpb.br\/paulofreire\/Controle?tipo=Livrox&amp;op=listar&amp;id=0&amp;obra_critica=C\">LINK<\/a><\/strong><\/span>] <\/span><\/div>\n<div align=\"justify\"><span style=\"font-size: 10px;\">3. GADOTTI, M., <span style=\"font-size: 10px;\">FREIRE,<\/span> P. Guimar\u00e3es, S. Pedagogia: di\u00e1logo e conflito, 4\u00aa. ed.,S\u00e3o Paulo: Cortez, 1995 <\/span><span style=\"font-size: 10px;\"><a href=\"http:\/\/www.paulofreire.ufpb.br\/paulofreire\/Controle?tipo=Livrox&amp;op=listar&amp;id=0&amp;obra_critica=C\">[<span style=\"color: #0000ff;\"><strong>LINK<\/strong><\/span><\/a>]<\/span><\/div>\n<div align=\"justify\"><span style=\"font-size: 10px;\">4. FREIRE, P. Pol\u00edtica e educa\u00e7\u00e3o, 5\u00aa. ed, S\u00e3o Paulo: Cortez, 2001. [<span style=\"color: #0000ff;\"><strong><a style=\"color: #0000ff;\" href=\"http:\/\/www.paulofreire.ufpb.br\/paulofreire\/Controle?tipo=Livrox&amp;op=listar&amp;id=0&amp;obra_critica=C\">LINK<\/a><\/strong><\/span>]<br \/>\n<\/span><\/div>\n<div style=\"text-align: center;\" align=\"justify\">\n<address style=\"text-align: right;\">\n<hr \/>\n<hr \/>\n<\/address>\n<\/div>\n<\/div>\n<div style=\"text-align: left;\" align=\"center\">\n<div style=\"text-align: center;\" align=\"center\">\n<div align=\"justify\"><span style=\"font-size: 10px;\"><strong> <span style=\"text-decoration: underline;\">Recebido<\/span>: 2\/01\/2011 &#8211; <span style=\"text-decoration: underline;\">Publicado<\/span>: 4\/01\/2011 &#8211; Enciclop\u00e9dia Brasileira de Teleodontologia &#8211; ISNN 2448-1181<\/strong><br \/>\n<\/span><\/div>\n<\/div>\n<hr \/>\n<\/div>\n","protected":false},"excerpt":{"rendered":"<p>\u2666 Val\u00e9ria Oliveira Pagnano de Souza &#8211; E-mail &#8211; Curr\u00edculo Lattes \u2666 Luiz Carlos Pardini [&hellip;]<\/p>\n","protected":false},"author":58,"featured_media":0,"parent":35611,"menu_order":0,"comment_status":"closed","ping_status":"closed","template":"","meta":{"footnotes":"","_links_to":"","_links_to_target":""},"class_list":["post-37306","page","type-page","status-publish","hentry"],"_links":{"self":[{"href":"https:\/\/sites.usp.br\/ebt\/index.php?rest_route=\/wp\/v2\/pages\/37306","targetHints":{"allow":["GET"]}}],"collection":[{"href":"https:\/\/sites.usp.br\/ebt\/index.php?rest_route=\/wp\/v2\/pages"}],"about":[{"href":"https:\/\/sites.usp.br\/ebt\/index.php?rest_route=\/wp\/v2\/types\/page"}],"author":[{"embeddable":true,"href":"https:\/\/sites.usp.br\/ebt\/index.php?rest_route=\/wp\/v2\/users\/58"}],"replies":[{"embeddable":true,"href":"https:\/\/sites.usp.br\/ebt\/index.php?rest_route=%2Fwp%2Fv2%2Fcomments&post=37306"}],"version-history":[{"count":1,"href":"https:\/\/sites.usp.br\/ebt\/index.php?rest_route=\/wp\/v2\/pages\/37306\/revisions"}],"predecessor-version":[{"id":37307,"href":"https:\/\/sites.usp.br\/ebt\/index.php?rest_route=\/wp\/v2\/pages\/37306\/revisions\/37307"}],"up":[{"embeddable":true,"href":"https:\/\/sites.usp.br\/ebt\/index.php?rest_route=\/wp\/v2\/pages\/35611"}],"wp:attachment":[{"href":"https:\/\/sites.usp.br\/ebt\/index.php?rest_route=%2Fwp%2Fv2%2Fmedia&parent=37306"}],"curies":[{"name":"wp","href":"https:\/\/api.w.org\/{rel}","templated":true}]}}