{"id":37335,"date":"2021-03-05T15:42:43","date_gmt":"2021-03-05T18:42:43","guid":{"rendered":"http:\/\/sites.usp.br\/ebt\/?page_id=37335"},"modified":"2021-03-05T15:47:15","modified_gmt":"2021-03-05T18:47:15","slug":"04-abordagem-dinamica-a-arte-do-ensino-pratico","status":"publish","type":"page","link":"https:\/\/sites.usp.br\/ebt\/?page_id=37335","title":{"rendered":"04 Abordagem Din\u00e2mica: A Arte do Ensino Pr\u00e1tico"},"content":{"rendered":"<address><span style=\"color: #ff0000; font-size: 14px;\">\u2666 <\/span><span style=\"color: #ff0000;\"><span style=\"color: #000000; font-size: 14px;\"><em><strong>Marisa Semprini <\/strong><\/em><\/span><\/span><span style=\"color: #ff0000;\"><strong><span style=\"font-size: 10px;\"><span style=\"color: #0000ff;\"><span style=\"color: #0000ff;\">&#8211; <\/span><\/span><a href=\"http:\/\/buscatextual.cnpq.br\/buscatextual\/email.do?metodo=apresentar&amp;seqIdPessoa=134501&amp;nomeDestinatario=Marisa_Semprini\"><span style=\"color: #0000ff;\"><span style=\"color: #0000ff;\">E-mail<\/span><\/span><\/a> <span style=\"color: #0000ff;\"><span style=\"color: #0000ff;\">&#8211; <\/span><\/span><a href=\"http:\/\/lattes.cnpq.br\/5966278075918311\"><span style=\"color: #0000ff;\"><span style=\"color: #0000ff;\">Curr\u00edculo Lattes<\/span><\/span><\/a> <\/span><\/strong><\/span><\/address>\n<address><em><span style=\"color: #ff0000; font-size: 14px;\"><em>\u2666 <\/em><\/span><\/em><span style=\"color: #ff0000;\"><span style=\"color: #ff0000;\"><span style=\"font-size: 10px;\"><strong><span style=\"color: #0000ff;\"><em><span style=\"color: #ff0000;\"><em><strong><span style=\"color: #000000; font-size: 14px;\">Luiz Carlos Pardini <\/span><\/strong><\/em><\/span><\/em><span style=\"color: #ff0000;\"><strong><span style=\"font-size: 10px;\"><span style=\"color: #0000ff;\"><span style=\"color: #0000ff;\">&#8211; <\/span><\/span><\/span><\/strong><\/span><\/span><span style=\"color: #0000ff;\"><strong><span style=\"font-size: 10px;\"><strong><strong><a href=\"http:\/\/buscatextual.cnpq.br\/buscatextual\/email.do?metodo=apresentar&amp;seqIdPessoa=396158&amp;nomeDestinatario=Luiz_Carlos_Pardini\"><span style=\"color: #0000ff;\">E-mail<\/span><\/a> <\/strong><\/strong><\/span><\/strong><\/span><span style=\"color: #0000ff;\"><span style=\"color: #ff0000;\"><strong><span style=\"font-size: 10px;\"><span style=\"color: #0000ff;\"><span style=\"color: #0000ff;\">&#8211; <\/span><\/span><span style=\"color: #0000ff;\"><a href=\"http:\/\/buscatextual.cnpq.br\/buscatextual\/visualizacv.do?metodo=apresentar&amp;id=K4796807T1\"><span style=\"color: #0000ff;\">Curr\u00edculo Lattes<\/span><\/a><\/span> <\/span><\/strong><\/span> <\/span><\/strong><\/span><\/span><\/span><\/address>\n<hr \/>\n<hr \/>\n<address style=\"text-align: right;\"><strong><span style=\"font-size: 10px;\"><span style=\"color: #ff0000;\"><span style=\"color: #0000ff;\"><em><span style=\"color: #000000; font-size: 14px;\">4\u00aa. Atividade Online (Janeiro 2014) &#8211; Abordagem Din\u00e2mica: Viv\u00eancia e Experi\u00eancia Profissional <\/span><\/em><\/span><\/span>\/ p\u00e1gina 1<\/span><\/strong><\/address>\n<hr \/>\n<p style=\"text-align: justify;\"><span style=\"font-size: 10px;\">SEMPRINI, M; PARDINI, L.C. Abordagem Din\u00e2mica: A arte do Ensino Pr\u00e1tico. Encicl. Bras. Teleodontol., Volume 2 (S\u00e9rie A): p\u00e1gina 1, janeiro, 2012. ISSN 2448-1181<strong><br \/>\n<\/strong><\/span><\/p>\n<hr \/>\n<p style=\"text-align: justify;\"><span style=\"font-family: Arial;\"><strong>Arte de Educar<\/strong> \u00e9 cont\u00ednua na <strong>Inclus\u00e3o Educacional<\/strong>: <strong>Ensinar <\/strong><\/span><span style=\"font-family: Arial;\">(1\u00ba. Momento)<\/span><span style=\"font-family: Arial;\">. <strong>Arte de Educar<\/strong> reflete atitude, habilidade, conduta, procedimento (&#8220;<em>maneira de ser<\/em>&#8220;) do Educador. <strong>Gest\u00e3o Educadora<\/strong> efetiva estimula a\u00e7\u00e3o educacional (<strong>Ambiente Colaborativo de Aprendizagem) <\/strong>no Ensino Superior (<strong>BRASIL, <span style=\"text-decoration: underline;\"><span style=\"color: #0000ff;\"><a style=\"color: #0000ff; text-decoration: underline;\" href=\"http:\/\/www.eproinfo.mec.gov.br\/help\/principal\/principal01.htm\">e-Proinfo<\/a><\/span><\/span><\/strong>). <strong>Arte de Educar <\/strong>(<strong>Atividade de Primeiro Encontro<\/strong>) incentiva (<strong>Aprendizagem Significativa<\/strong>) e conduz o <strong>Modelo de Gest\u00e3o <\/strong>em<strong> Educa\u00e7\u00e3o <\/strong>(<strong>Odontologia)<\/strong>, obedecendo as orienta\u00e7\u00f5es do<strong> Conselho Federal de Odontologia<\/strong> &#8211; <strong><span style=\"color: #0000ff;\"><a href=\"http:\/\/cfo.org.br\/\"><span style=\"color: #0000ff;\">CFO<\/span><\/a><\/span><\/strong>). <\/span><\/p>\n<p style=\"text-align: justify;\"><span style=\"font-family: Arial;\"><strong>Educar <\/strong>(<strong>Qualidade do Ensino<\/strong>) promove as descobertas educacionais (cognitivo, psicomotor, \u00e9tico e reflex\u00e3o cr\u00edtica) e incentiva a colabora\u00e7\u00e3o (<strong>Educa\u00e7\u00e3o Participativa<\/strong>). M<\/span><span style=\"font-family: Arial;\">otivar, facilitar e despertar conduzem para <strong>Educa\u00e7\u00e3o Transformadora<\/strong>, transcendendo a Literatura Educacional das &#8220;Classifica\u00e7\u00f5es das Doen\u00e7as&#8221; [<strong><span style=\"color: #0000ff;\"><a style=\"color: #0000ff;\" href=\"http:\/\/sites.usp.br\/ebt\/wp-content\/uploads\/sites\/44\/2014\/11\/ICD10-2010.pdf\">3<\/a>] <\/span><\/strong><span style=\"color: #0000ff;\"><span style=\"color: #000000;\">e as orienta\u00e7\u00f5es das condutas e procedimentos em Odontologia [<\/span><\/span><strong><span style=\"color: #0000ff;\"><a style=\"color: #0000ff;\" href=\"http:\/\/www.who.int\/en\/\">4<\/a><\/span><\/strong>]. <\/span><\/p>\n<p style=\"text-align: justify;\"><span style=\"font-family: Arial;\"><strong>Arte de Educar<\/strong> est\u00e1 intimamente associada a <\/span><strong style=\"font-family: Arial;\">Gest\u00e3o em Estrat\u00e9gia Educacional<\/strong><span style=\"font-family: Arial;\">, inicia-se muito antes das contextualiza\u00e7\u00e3o e <\/span><span style=\"font-family: Arial;\">implanta\u00e7\u00e3o do <strong>Projeto Pol\u00edtico Pedag\u00f3gico <\/strong>(<strong>PPP<\/strong>). <\/span><\/p>\n<p style=\"text-align: justify;\"><span style=\"font-family: Arial;\">Em Odontologia a &#8220;<strong>Arte de Educar<\/strong>&#8221; \u00e9 o motor propulsor: &#8220;<em>Saber de Qualidade<\/em>&#8221; (<strong>BRASIL<\/strong>, <span style=\"text-decoration: underline;\"><span style=\"color: #0000ff;\"><strong><a style=\"color: #0000ff; text-decoration: underline;\" href=\"http:\/\/emec.mec.gov.br\/emec\/consulta-cadastro\/detalhamento\/d96957f455f6405d14c6542552b0f6eb\/NTU=\">Site do MEC<\/a><\/strong><\/span><\/span>). <strong>Arte de Educar<\/strong> \u00e9 foco em a\u00e7\u00f5es (formativa e assertiva), d<\/span><span style=\"font-family: Arial;\">esperta e auxilia o Ensino Superior (<span style=\"color: #0000ff;\"><strong><a style=\"color: #0000ff;\" href=\"http:\/\/sites.usp.br\/ebt\/forp-u-z\/u\/2011-2\/\">USP\/emec<\/a><\/strong><\/span>) associados aos processos comportamentais do Educando (&#8220;<em>desejo e vontade de aprender<\/em>&#8220;<\/span><span style=\"font-family: Arial;\">) com apoio das ferramentas virtuais facilitadoras (<strong><span style=\"color: #0000ff;\"><a style=\"color: #0000ff;\" href=\"http:\/\/www5.usp.br\/\">USP<\/a><\/span><\/strong> &#8211; <a href=\"https:\/\/uspdigital.usp.br\/jupiterweb\/listarGradeCurricular?codcg=58&amp;codcur=58012&amp;codhab=0&amp;tipo=N\"><strong><span style=\"color: #0000ff;\">FORP<\/span><\/strong><\/a> &#8211; <span style=\"color: #0000ff;\"><strong><a style=\"color: #0000ff;\" href=\"http:\/\/sites.usp.br\/podae\/\">PODAE<\/a><\/strong><\/span> &#8211; <strong><span style=\"color: #0000ff;\"><a style=\"color: #0000ff;\" href=\"http:\/\/sites.usp.br\/LACIRO\/\">Laciro<\/a><\/span><\/strong>), Diretrizes Educacionais (<strong>BRASIL<\/strong>, 1996, 2002) estabelecidas pelo <strong>Minist\u00e9rio da Educa\u00e7\u00e3o<\/strong> (<span style=\"color: #0000ff;\"><strong><a style=\"color: #0000ff;\" href=\"http:\/\/portal.mec.gov.br\/\">MEC<\/a><\/strong><\/span>) e <strong>Sistema Nacional de Avalia\u00e7\u00e3o da Educa\u00e7\u00e3o Superior<\/strong> (<span style=\"color: #0000ff;\"><strong><a href=\"http:\/\/sites.usp.br\/ebt\/wp-content\/uploads\/sites\/44\/2014\/11\/Lei_10861_2004_SINAES.pdf\"><span style=\"color: #0000ff;\">SINAES<\/span><\/a><\/strong><\/span>, <\/span><span style=\"font-family: Arial; line-height: 1.5;\">2004) atuando na globaliza\u00e7\u00e3o e divulga\u00e7\u00e3o da ci\u00eancia (<a href=\"https:\/\/www.researchgate.net\/institution\/University_of_Sao_Paulo\">&#8220;<em><strong><span style=\"color: #0000ff;\">USP &#8211; &#8220;Top Institutions<\/span><\/strong><\/em>&#8220;<\/a>).<br \/>\n<\/span><\/p>\n<hr \/>\n<p style=\"text-align: justify;\"><strong><span style=\"font-size: 10px;\">REFER\u00caNCIAS<\/span><\/strong><\/p>\n<div style=\"text-align: justify;\" align=\"justify\">\n<div align=\"justify\"><span style=\"font-size: 10px;\">1. BRASIL &#8211; Diretrizes e Bases da Educa\u00e7\u00e3o Nacional, 1996. [<span style=\"color: #0000ff;\"><strong><a href=\"http:\/\/sites.usp.br\/ebt\/wp-content\/uploads\/sites\/44\/2014\/11\/Lei_9.394.pdf\"><span style=\"color: #0000ff;\">Lei 9.394<\/span><\/a><\/strong><\/span>]<\/span><\/div>\n<div align=\"justify\"><span style=\"font-size: 10px;\">2. BRASIL &#8211; Diretrizes Curriculares Nacionais do Curso de Gradua\u00e7\u00e3o em Odontologia, 2002. [<span style=\"color: #0000ff;\"><strong><a href=\"http:\/\/sites.usp.br\/ebt\/wp-content\/uploads\/sites\/44\/2014\/11\/Resolu\u00e7\u00e3o-19-02-2002.pdf\"><span style=\"color: #0000ff;\">Resolu\u00e7\u00e3o CNE\/CES 3<\/span><\/a><\/strong><\/span>]<\/span><\/div>\n<div align=\"justify\"><span style=\"font-size: 10px;\">3. World Health Organization: International Statistical Classification of Diseases and Related Health Problems, Tenth Revision Instruction Manual. Geneva, World Health Organization, 2004. [<span style=\"color: #0000ff;\"><strong><a href=\"http:\/\/sites.usp.br\/ebt\/wp-content\/uploads\/sites\/44\/2014\/11\/ICD10-2010.pdf\"><span style=\"color: #0000ff;\">ICD<\/span><\/a><\/strong><\/span>] <\/span><\/div>\n<div align=\"justify\"><span style=\"font-size: 10px;\">4. World Health Organization. [<span style=\"color: #0000ff;\"><strong><a href=\"http:\/\/www.who.int\/en\/\"><span style=\"color: #0000ff;\">WHO<\/span><\/a><\/strong><\/span>] <\/span><\/div>\n<div style=\"text-align: center;\" align=\"justify\">\n<address style=\"text-align: right;\">\n<hr \/>\n<hr \/>\n<\/address>\n<\/div>\n<\/div>\n","protected":false},"excerpt":{"rendered":"<p>\u2666 Marisa Semprini &#8211; E-mail &#8211; Curr\u00edculo Lattes \u2666 Luiz Carlos Pardini &#8211; E-mail &#8211; [&hellip;]<\/p>\n","protected":false},"author":58,"featured_media":0,"parent":35613,"menu_order":0,"comment_status":"closed","ping_status":"closed","template":"","meta":{"footnotes":"","_links_to":"","_links_to_target":""},"class_list":["post-37335","page","type-page","status-publish","hentry"],"_links":{"self":[{"href":"https:\/\/sites.usp.br\/ebt\/index.php?rest_route=\/wp\/v2\/pages\/37335","targetHints":{"allow":["GET"]}}],"collection":[{"href":"https:\/\/sites.usp.br\/ebt\/index.php?rest_route=\/wp\/v2\/pages"}],"about":[{"href":"https:\/\/sites.usp.br\/ebt\/index.php?rest_route=\/wp\/v2\/types\/page"}],"author":[{"embeddable":true,"href":"https:\/\/sites.usp.br\/ebt\/index.php?rest_route=\/wp\/v2\/users\/58"}],"replies":[{"embeddable":true,"href":"https:\/\/sites.usp.br\/ebt\/index.php?rest_route=%2Fwp%2Fv2%2Fcomments&post=37335"}],"version-history":[{"count":2,"href":"https:\/\/sites.usp.br\/ebt\/index.php?rest_route=\/wp\/v2\/pages\/37335\/revisions"}],"predecessor-version":[{"id":37337,"href":"https:\/\/sites.usp.br\/ebt\/index.php?rest_route=\/wp\/v2\/pages\/37335\/revisions\/37337"}],"up":[{"embeddable":true,"href":"https:\/\/sites.usp.br\/ebt\/index.php?rest_route=\/wp\/v2\/pages\/35613"}],"wp:attachment":[{"href":"https:\/\/sites.usp.br\/ebt\/index.php?rest_route=%2Fwp%2Fv2%2Fmedia&parent=37335"}],"curies":[{"name":"wp","href":"https:\/\/api.w.org\/{rel}","templated":true}]}}