{"id":37358,"date":"2021-03-05T16:01:18","date_gmt":"2021-03-05T19:01:18","guid":{"rendered":"http:\/\/sites.usp.br\/ebt\/?page_id=37358"},"modified":"2021-03-05T16:01:18","modified_gmt":"2021-03-05T19:01:18","slug":"16-abordagem-dinamica-desenvolvimento-da-educacao-participativa","status":"publish","type":"page","link":"https:\/\/sites.usp.br\/ebt\/?page_id=37358","title":{"rendered":"16 Abordagem Din\u00e2mica: Desenvolvimento da Educa\u00e7\u00e3o Participativa"},"content":{"rendered":"","protected":false},"excerpt":{"rendered":"","protected":false},"author":58,"featured_media":0,"parent":35613,"menu_order":0,"comment_status":"closed","ping_status":"closed","template":"","meta":{"footnotes":"","_links_to":"","_links_to_target":""},"class_list":["post-37358","page","type-page","status-publish","hentry"],"_links":{"self":[{"href":"https:\/\/sites.usp.br\/ebt\/index.php?rest_route=\/wp\/v2\/pages\/37358","targetHints":{"allow":["GET"]}}],"collection":[{"href":"https:\/\/sites.usp.br\/ebt\/index.php?rest_route=\/wp\/v2\/pages"}],"about":[{"href":"https:\/\/sites.usp.br\/ebt\/index.php?rest_route=\/wp\/v2\/types\/page"}],"author":[{"embeddable":true,"href":"https:\/\/sites.usp.br\/ebt\/index.php?rest_route=\/wp\/v2\/users\/58"}],"replies":[{"embeddable":true,"href":"https:\/\/sites.usp.br\/ebt\/index.php?rest_route=%2Fwp%2Fv2%2Fcomments&post=37358"}],"version-history":[{"count":1,"href":"https:\/\/sites.usp.br\/ebt\/index.php?rest_route=\/wp\/v2\/pages\/37358\/revisions"}],"predecessor-version":[{"id":37359,"href":"https:\/\/sites.usp.br\/ebt\/index.php?rest_route=\/wp\/v2\/pages\/37358\/revisions\/37359"}],"up":[{"embeddable":true,"href":"https:\/\/sites.usp.br\/ebt\/index.php?rest_route=\/wp\/v2\/pages\/35613"}],"wp:attachment":[{"href":"https:\/\/sites.usp.br\/ebt\/index.php?rest_route=%2Fwp%2Fv2%2Fmedia&parent=37358"}],"curies":[{"name":"wp","href":"https:\/\/api.w.org\/{rel}","templated":true}]}}