{"id":37398,"date":"2021-03-09T15:36:30","date_gmt":"2021-03-09T18:36:30","guid":{"rendered":"http:\/\/sites.usp.br\/ebt\/?page_id=37398"},"modified":"2021-03-09T15:44:16","modified_gmt":"2021-03-09T18:44:16","slug":"07-abordagem-educacional-diagnostico-diferencial-e-tratamento-transversal-2","status":"publish","type":"page","link":"https:\/\/sites.usp.br\/ebt\/?page_id=37398","title":{"rendered":"07 Abordagem Educacional: Diagn\u00f3stico Diferencial e Tratamento Transversal"},"content":{"rendered":"<address><span style=\"color: #ff0000; font-size: 14px;\">\u2666 <\/span><span style=\"color: #ff0000;\"><span style=\"color: #000000; font-size: 14px;\"><em><strong>Maria da Gl\u00f3ria Chiarello de Mattos <\/strong><\/em><\/span><\/span><span style=\"color: #ff0000;\"><strong><span style=\"font-size: 10px;\"><span style=\"color: #0000ff;\"><span style=\"color: #0000ff;\">&#8211; <a style=\"color: #0000ff;\" href=\"https:\/\/uspdigital.usp.br\/telefonia\/telFormularioEmail.jsp?codigoPessoaUsuario=0&amp;codigoPessoa=75623&amp;nomePessoa=Maria da Gl\u00f3ria Chiarello de Mattos&amp;print=s\">E-mail(USP)<\/a> &#8211; <\/span><\/span><span style=\"color: #0000ff;\"><span style=\"color: #0000ff;\">Curr\u00edculo Lattes<\/span><\/span><span style=\"color: #0000ff;\"><span style=\"color: #0000ff;\"> &#8211; Informa\u00e7\u00f5es Adicionais<br \/>\n<\/span><\/span><\/span><\/strong><\/span><\/address>\n<address><em><span style=\"color: #ff0000; font-size: 14px;\"><em>\u2666 <\/em><\/span><\/em><span style=\"color: #ff0000;\"><span style=\"color: #ff0000;\"><span style=\"font-size: 10px;\"><strong><span style=\"color: #0000ff;\"><em><span style=\"color: #ff0000;\"><em><strong><span style=\"color: #000000; font-size: 14px;\">Luiz Carlos Pardini <\/span><\/strong><\/em><\/span><\/em><span style=\"color: #ff0000;\"><strong><span style=\"font-size: 10px;\"><span style=\"color: #0000ff;\"><span style=\"color: #0000ff;\">&#8211; <a style=\"color: #0000ff;\" href=\"https:\/\/uspdigital.usp.br\/telefonia\/telFormularioEmail.jsp?codigoPessoaUsuario=0&amp;codigoPessoa=75623&amp;nomePessoa=Luiz%20Carlos Pardini&amp;print=s\">E-mail(USP)<\/a> &#8211; <\/span><\/span><span style=\"color: #0000ff;\"><a href=\"http:\/\/buscatextual.cnpq.br\/buscatextual\/visualizacv.do?metodo=apresentar&amp;id=K4796807T1\"><span style=\"color: #0000ff;\">Curr\u00edculo Lattes <\/span><\/a> <span style=\"color: #0000ff;\">&#8211;<\/span><span style=\"color: #0000ff;\"> Informa\u00e7\u00f5es Adicionais<\/span><\/span> <\/span><\/strong><\/span><\/span><\/strong><\/span><\/span><\/span><\/address>\n<hr \/>\n<hr \/>\n<address style=\"text-align: right;\"><strong><span style=\"font-size: 10px;\">p\u00e1gina 1<\/span><\/strong><\/address>\n<hr \/>\n<p style=\"text-align: justify;\"><span style=\"font-size: 10px;\">MATTOS, M.G.C.; PARDINI, L.C. Abordagem Educacional: Diagn\u00f3stico Diferencial e Tratamento Transversal. Encicl. Bras.Teleodontol., Volume 2 (S\u00e9rie A): p\u00e1gina 1, julho, 2012. ISSN 2448 1181<strong><br \/>\n<\/strong><\/span><\/p>\n<hr \/>\n<p style=\"text-align: justify;\"><span style=\"font-family: Arial;\">A<strong>bordagem Educacional, <\/strong>em <strong>Odontologia, <\/strong>qual a Expectativa Futura? A <strong>Era da Interativa<\/strong> (s\u00e9culo XXI) gera expectativa da realidade midi\u00e1tica em<strong> Educa\u00e7\u00e3o Superior<\/strong> e demonstra real necessidade de constante atualiza\u00e7\u00e3o (Multimeio Educacional) para acompanhar o avan\u00e7o tecnol\u00f3gico, cient\u00edfico e profissional: <strong><span style=\"color: #0000ff;\"><a style=\"color: #0000ff;\" href=\"http:\/\/sites.usp.br\/ebt\/forp-a-d\/a\/2011-abordagem-educacional\/atividade-profissional-cirurgiao-dentista\/\">Cirurgi\u00e3o-Dentista.<\/a><\/span> Abordagem Educacional <\/strong>(<strong>Odontologia Interativa<\/strong>), no Curso de Gradua\u00e7\u00e3o (<strong>FORP<\/strong> \/ <strong><span style=\"color: #0000ff;\"><a style=\"color: #0000ff;\" href=\"http:\/\/sites.usp.br\/podae\/\">PODAE<\/a><\/span><\/strong>) contribu\u00ed com a\u00e7\u00e3o, mudan\u00e7a e atua\u00e7\u00e3o educacional (<strong>Processo de Aprendizagem<\/strong>) com destaque para a Metodologia Construtiva Significativa com inova\u00e7\u00e3o de conte\u00fado program\u00e1tico (<strong><span style=\"color: #0000ff;\"><a style=\"color: #0000ff;\" href=\"http:\/\/sites.usp.br\/ebt\/forp-a-d\/a\/2011-abordagem-educacional\/a-educacao-multidisciplinar-estomatologia-foco-na-equipe\/\">Educa\u00e7\u00e3o Multidisciplinar<\/a><\/span><\/strong>) visa promover e empenhar na constru\u00e7\u00e3o do conhecimento, desenvolvendo (<strong>Aprendizado de Qualidade<\/strong>), construindo e organizando o &#8220;conhecimento efetivo&#8221;. A<strong>bordagem Educacional<\/strong> transcende a realidade educacional centrado no <strong>Educador<\/strong>, mas reflete conduta em interatividade (<strong><span style=\"color: #0000ff;\"><a style=\"color: #0000ff;\" href=\"http:\/\/sites.usp.br\/ebt\/forp-a-d\/a\/2011-abordagem-educacional\/a-estrategia-educacional-midiatica-motivacao-permanente\/\">Educacional Midi\u00e1tica<\/a><\/span><\/strong>) com procedimento que estimule o <strong>Educando<\/strong> (<strong>Gest\u00e3o Educadora: Realidade Social<\/strong>) com <strong>Aprendizagem Significativa<\/strong>.<br \/>\n<\/span><\/p>\n<p style=\"text-align: justify;\"><span style=\"font-family: Arial;\"><strong>Odontologia Interativa <\/strong>reflete a expectativa futura e realidade (Conte\u00fado Program\u00e1tico): <strong>Odontologia Baseada em Evid\u00eancia<\/strong> (OBE) com mecanismos interativos das novas tecnologias (<strong>Modelo de Gest\u00e3o em Educa\u00e7\u00e3o<\/strong>).<strong> Odontologia Interativa <\/strong>promove descoberta dos pressupostos educacionais (cognitivos, psicomotor, \u00e9tico e reflex\u00e3o cr\u00edtica) enfatiza o desempenho colaborativo (<strong>Educa\u00e7\u00e3o Participativa<\/strong>). M<\/span><span style=\"font-family: Arial;\">otivar, facilitar e despertar conduz a <strong>Aprendizagem Significativa<\/strong> transcendendo contextos da Literatura Educacional associado a <\/span><span style=\"font-family: Arial;\">contextualiza\u00e7\u00f5es (<\/span><span style=\"font-family: Arial;\"><strong>Projeto Projeto Pol\u00edtico Pedag\u00f3gico <\/strong>(<strong>PPP<\/strong>). E<\/span><span style=\"font-family: Arial;\">xpectativa nos avan\u00e7os <\/span><span style=\"font-family: Arial;\">tecnol\u00f3gicos e cient\u00edficos<\/span> <span style=\"font-family: Arial;\">promove e estimula o processo educacional, criando e implantando recursos pedag\u00f3gicos interativos na produ\u00e7\u00e3o de multimeios <\/span><span style=\"font-family: Arial;\">educacionais <\/span><span style=\"font-family: Arial;\">(<strong>Gest\u00e3o de Qualidade<\/strong>):<\/span><span style=\"font-family: Arial;\"> visando incentivar as participa\u00e7\u00f5es nas atividades reflexivas. <\/span><\/p>\n<hr \/>\n<p style=\"text-align: justify;\"><strong><span style=\"font-size: 10px;\">REFER\u00caNCIAS<\/span><\/strong><\/p>\n<div style=\"text-align: justify;\" align=\"justify\">\n<div align=\"justify\"><span style=\"font-size: 10px;\">1. BRASIL &#8211; Diretrizes e Bases da Educa\u00e7\u00e3o Nacional, 1996. [<span style=\"color: #0000ff;\"><strong><a href=\"http:\/\/sites.usp.br\/ebt\/wp-content\/uploads\/sites\/44\/2014\/11\/Lei_9.394.pdf\"><span style=\"color: #0000ff;\">Lei_9.394<\/span><\/a><\/strong><\/span>]<\/span><\/div>\n<div align=\"justify\"><span style=\"font-size: 10px;\">2. BRASIL &#8211; Diretrizes Curriculares Nacionais do Curso de Gradua\u00e7\u00e3o em Odontologia, 2002. [<span style=\"color: #0000ff;\"><strong><a href=\"http:\/\/sites.usp.br\/ebt\/wp-content\/uploads\/sites\/44\/2014\/11\/Resolu\u00e7\u00e3o-19-02-2002.pdf\"><span style=\"color: #0000ff;\">Resolu\u00e7\u00e3o CNE\/CES 3<\/span><\/a><\/strong><\/span>]<\/span><\/div>\n<div align=\"justify\"><span style=\"font-size: 10px;\">3. World Health Organization: International Statistical Classification of Diseases and Related Health Problems, Tenth Revision Instruction Manual. Geneva, World Health Organization, 2004. [<span style=\"color: #0000ff;\"><strong><a href=\"http:\/\/sites.usp.br\/ebt\/wp-content\/uploads\/sites\/44\/2014\/11\/ICD10-2010.pdf\"><span style=\"color: #0000ff;\">ICD<\/span><\/a><\/strong><\/span>] <\/span><\/div>\n<div align=\"justify\"><span style=\"font-size: 10px;\">4. World Health Organization. [<span style=\"color: #0000ff;\"><strong><a href=\"http:\/\/www.who.int\/en\/\"><span style=\"color: #0000ff;\">WHO<\/span><\/a><\/strong><\/span>] <\/span><\/div>\n<div style=\"text-align: center;\" align=\"justify\">\n<address style=\"text-align: right;\">\n<hr \/>\n<hr \/>\n<\/address>\n<\/div>\n<\/div>\n","protected":false},"excerpt":{"rendered":"<p>\u2666 Maria da Gl\u00f3ria Chiarello de Mattos &#8211; E-mail(USP) &#8211; Curr\u00edculo Lattes &#8211; Informa\u00e7\u00f5es Adicionais [&hellip;]<\/p>\n","protected":false},"author":58,"featured_media":0,"parent":35615,"menu_order":0,"comment_status":"closed","ping_status":"closed","template":"","meta":{"footnotes":"","_links_to":"","_links_to_target":""},"class_list":["post-37398","page","type-page","status-publish","hentry"],"_links":{"self":[{"href":"https:\/\/sites.usp.br\/ebt\/index.php?rest_route=\/wp\/v2\/pages\/37398","targetHints":{"allow":["GET"]}}],"collection":[{"href":"https:\/\/sites.usp.br\/ebt\/index.php?rest_route=\/wp\/v2\/pages"}],"about":[{"href":"https:\/\/sites.usp.br\/ebt\/index.php?rest_route=\/wp\/v2\/types\/page"}],"author":[{"embeddable":true,"href":"https:\/\/sites.usp.br\/ebt\/index.php?rest_route=\/wp\/v2\/users\/58"}],"replies":[{"embeddable":true,"href":"https:\/\/sites.usp.br\/ebt\/index.php?rest_route=%2Fwp%2Fv2%2Fcomments&post=37398"}],"version-history":[{"count":3,"href":"https:\/\/sites.usp.br\/ebt\/index.php?rest_route=\/wp\/v2\/pages\/37398\/revisions"}],"predecessor-version":[{"id":37403,"href":"https:\/\/sites.usp.br\/ebt\/index.php?rest_route=\/wp\/v2\/pages\/37398\/revisions\/37403"}],"up":[{"embeddable":true,"href":"https:\/\/sites.usp.br\/ebt\/index.php?rest_route=\/wp\/v2\/pages\/35615"}],"wp:attachment":[{"href":"https:\/\/sites.usp.br\/ebt\/index.php?rest_route=%2Fwp%2Fv2%2Fmedia&parent=37398"}],"curies":[{"name":"wp","href":"https:\/\/api.w.org\/{rel}","templated":true}]}}