{"id":37410,"date":"2021-03-09T16:06:46","date_gmt":"2021-03-09T19:06:46","guid":{"rendered":"http:\/\/sites.usp.br\/ebt\/?page_id=37410"},"modified":"2021-03-09T16:07:58","modified_gmt":"2021-03-09T19:07:58","slug":"abordagem-midiatica-acervo-digital-banco-de-tese-forp-usp-divulgacao-on-line","status":"publish","type":"page","link":"https:\/\/sites.usp.br\/ebt\/?page_id=37410","title":{"rendered":"Abordagem Midi\u00e1tica: Acervo Digital &#8211; Banco de Tese (FORP\/USP): Divulga\u00e7\u00e3o On-line."},"content":{"rendered":"<address><em><span style=\"color: #ff0000; font-size: 14px;\"><em>\u2666 <\/em><\/span><\/em><span style=\"color: #ff0000;\"><span style=\"color: #ff0000;\"><span style=\"font-size: 10px;\"><strong><span style=\"color: #0000ff;\"><em><span style=\"color: #ff0000;\"><em><strong><span style=\"color: #000000; font-size: 14px;\">Luiz Carlos Pardini &#8211;<\/span><\/strong><\/em><\/span><\/em><span style=\"color: #ff0000;\"><strong><span style=\"font-size: 10px;\"><span style=\"color: #0000ff;\"><span style=\"color: #0000ff;\"> <span style=\"color: #000000;\">{<\/span><\/span><\/span><\/span><\/strong><\/span><\/span><\/strong><\/span><\/span><\/span><span style=\"font-size: 10px;\"><strong><span style=\"color: #0000ff;\"><span style=\"color: #ff0000;\"><strong><span style=\"font-size: 10px;\"><span style=\"color: #000000;\"><a style=\"color: #0000ff;\" href=\"https:\/\/uspdigital.usp.br\/telefonia\/telFormularioEmail.jsp?codigoPessoaUsuario=0&amp;codigoPessoa=75623&amp;nomePessoa=Luiz Carlos Pardini&amp;print=s\">E-mailUSP<\/a>] <span style=\"color: #ff0000;\"><span style=\"color: #ff0000;\"><span style=\"font-size: 10px;\"><strong><span style=\"color: #0000ff;\"><em><span style=\"color: #ff0000;\"><em><strong><span style=\"color: #000000; font-size: 14px;\">&#8211;<\/span><\/strong><\/em><\/span><\/em> <\/span><\/strong><\/span><\/span><\/span> <\/span><span style=\"color: #0000ff;\"><a href=\"http:\/\/buscatextual.cnpq.br\/buscatextual\/visualizacv.do?metodo=apresentar&amp;id=K4796807T1\"><span style=\"color: #0000ff;\">Curr\u00edculo Lattes<\/span><\/a><\/span> <\/span><\/strong><\/span><\/span><\/strong><\/span><\/address>\n<hr \/>\n<hr \/>\n<address style=\"text-align: right;\"><strong><span style=\"font-size: 10px;\">p\u00e1gina 1 <\/span><\/strong><\/address>\n<hr \/>\n<p style=\"text-align: justify;\"><span style=\"font-size: 10px;\">PARDINI, L.C. Abordagem Midi\u00e1tica: Acervo Digital &#8211; Banco de Tese (FORP\/USP): Divulga\u00e7\u00e3o On-line. Encicl. Bras. Teleodontol., Volume 1 (S\u00e9rie A: p\u00e1gina 1, janeiro, <\/span><span style=\"font-size: 10px;\"> 2016. <\/span><span style=\"color: #000000;\"><span style=\"font-size: 10px;\">ISSN 2448-1181<\/span> <\/span><\/p>\n<hr \/>\n<p style=\"text-align: justify;\"><span style=\"color: #0000ff;\"><span style=\"font-family: Arial;\"><span style=\"color: #000000;\"><strong>Banco de Teses<\/strong> (<\/span><\/span><\/span><span style=\"color: #0000ff;\"><span style=\"font-family: Arial;\"><strong><a style=\"color: #0000ff;\" href=\"http:\/\/www.teses.usp.br\/index.php?option=com_jumi&amp;fileid=30&amp;Itemid=162&amp;lang=pt-br&amp;id=58\">Catalogo de Teses<\/a><\/strong><\/span><\/span><span style=\"color: #0000ff;\"><span style=\"font-family: Arial;\"><span style=\"color: #000000;\">) \u00e9 o formato moderno para a divulga\u00e7\u00f5es das \u00e1reas do saber (FORP\/P\u00f3s-Gradua\u00e7\u00e3o): <\/span><strong><a style=\"color: #0000ff;\" href=\"http:\/\/www.teses.usp.br\/index.php?option=com_jumi&amp;fileid=9&amp;Itemid=159&amp;lang=pt-br&amp;id=58137&amp;prog=58006&amp;exp=0\">Biologia Oral<\/a><\/strong>, <\/span><span style=\"font-family: Arial;\"><strong><a style=\"color: #0000ff;\" href=\"http:\/\/www.teses.usp.br\/index.php?option=com_jumi&amp;fileid=9&amp;Itemid=159&amp;lang=pt-br&amp;id=58136&amp;prog=58005&amp;exp=0\">Cirurgia-Buco-Maxilo<\/a><\/strong><\/span><span style=\"font-family: Arial;\">, <\/span><span style=\"font-family: Arial;\"><strong><a style=\"color: #0000ff;\" href=\"http:\/\/www.teses.usp.br\/index.php?option=com_jumi&amp;fileid=9&amp;Itemid=159&amp;lang=pt-br&amp;id=58133&amp;prog=58003&amp;exp=0\">Odontologia Restauradora<\/a><\/strong><\/span><span style=\"font-family: Arial;\">, <\/span><\/span><span style=\"font-family: Arial;\"><span style=\"color: #0000ff;\"><strong><a style=\"color: #0000ff;\" href=\"http:\/\/www.teses.usp.br\/index.php?option=com_jumi&amp;fileid=9&amp;Itemid=159&amp;lang=pt-br&amp;id=58135&amp;prog=58004&amp;exp=0\">Odontopediatria<\/a><\/strong>,<\/span> <\/span> <span style=\"color: #0000ff;\"><a style=\"color: #0000ff;\" href=\"http:\/\/www.teses.usp.br\/index.php?option=com_jumi&amp;fileid=9&amp;Itemid=159&amp;lang=pt-br&amp;id=58132&amp;prog=58005&amp;exp=0\"><span style=\"font-family: Arial;\"><strong>Periodontia<\/strong><\/span><\/a><\/span><span style=\"font-family: Arial;\"> e <\/span><span style=\"font-family: Arial;\"><span style=\"color: #0000ff;\"><a href=\"http:\/\/www.teses.usp.br\/index.php?option=com_jumi&amp;fileid=9&amp;Itemid=159&amp;lang=pt-br&amp;id=58131&amp;prog=58006&amp;exp=0\"><span style=\"color: #0000ff;\"><strong>Reabilita\u00e7\u00e3o Oral<\/strong><\/span><\/a><\/span><\/span><span style=\"font-family: Arial;\"><strong>. <\/strong><\/span><span style=\"font-family: Arial;\"><strong>Abordagem Articular <\/strong>deve incluir <strong>A\u00e7\u00e3o Educacional Concreta<\/strong> em <strong>Programa de P\u00f3s-Gradua\u00e7\u00e3o<\/strong> (<\/span><span style=\"font-family: Arial;\"><strong>Faculdade de Odontologia de Ribeir\u00e3o Preto<\/strong> (<span style=\"color: #0000ff;\"><strong><a style=\"color: #0000ff;\" href=\"http:\/\/www.forp.usp.br\/\">FORP<\/a><\/strong><\/span>) da<strong> Universidade de S\u00e3o Paulo <\/strong>(<span style=\"color: #0000ff;\"><strong><a style=\"color: #0000ff;\" href=\"http:\/\/www5.usp.br\/\">USP<\/a><\/strong><\/span>)<\/span><span style=\"font-family: Arial;\"> com foco no contempor\u00e2neo e na realidade cient\u00edfica e social.<\/span><\/p>\n<p style=\"text-align: justify;\"><span style=\"font-family: Arial;\">Neste s\u00e9culo XXI amplia-se as ferramentas educacionais em Educa\u00e7\u00e3o no Ensino Superior com miss\u00e3o de diminuir ou minimizar a &#8220;dicotomia&#8221; entre o Ensino e o Aprendizado dissociado do das atividades sociais, tendo como meta a inser\u00e7\u00e3o do P\u00f3s-graduando (futuro profissional) na \u00e1rea da Sa\u00fade Bucal conhecimento e aplica\u00e7\u00f5es dos conte\u00fados program\u00e1tico promovendo e estimulando a ampla participa\u00e7\u00e3o do educando [1,2,3,4].<\/span><\/p>\n<p style=\"text-align: justify;\"><span style=\"font-family: Arial;\"><strong>Banco de Disciplinas <\/strong>(<span style=\"color: #0000ff;\"><strong><a style=\"color: #0000ff;\" href=\"https:\/\/uspdigital.usp.br\/janus\/componente\/catalogoDisciplinasInicial.jsf?action=4&amp;tipo=D&amp;codcpg=58\">Cat\u00e1logo de Disciplinas<\/a><\/strong><\/span>) informa e orienta o Educando (P\u00f3s-graduando) para consulta no Programa de P\u00f3s-Gradua\u00e7\u00e3o<strong> (<span style=\"font-family: Arial;\"><span style=\"color: #0000ff;\"><strong><a style=\"color: #0000ff;\" href=\"http:\/\/www.forp.usp.br\/\">FORP<\/a><\/strong><\/span> \/ <span style=\"color: #0000ff;\"><strong><a style=\"color: #0000ff;\" href=\"http:\/\/www5.usp.br\/\">USP<\/a><\/strong><\/span><\/span><\/strong><span style=\"font-family: Arial;\">)<\/span><span style=\"font-family: Arial;\">:<\/span><strong><span style=\"font-family: Arial;\"><span style=\"color: #0000ff;\"> <a style=\"color: #0000ff;\" href=\"https:\/\/uspdigital.usp.br\/janus\/DisLista?codare=58138&amp;codcpg=58&amp;origem=C\">Biologia Oral<\/a><\/span>, <span style=\"color: #0000ff;\"><a style=\"color: #0000ff;\" href=\"https:\/\/uspdigital.usp.br\/janus\/DisLista?codare=58136&amp;codcpg=58&amp;origem=C\">Cirurgia-Buco-Maxilo<\/a><\/span>, <span style=\"color: #0000ff;\"><a style=\"color: #0000ff;\" href=\"https:\/\/uspdigital.usp.br\/janus\/DisLista?codare=58133&amp;codcpg=58&amp;origem=C\">Odontologia Restauradora<\/a><\/span>, <span style=\"color: #0000ff;\"><a style=\"color: #0000ff;\" href=\"https:\/\/uspdigital.usp.br\/janus\/DisLista?codare=58135&amp;codcpg=58&amp;origem=C\">Odontopediatria<\/a><\/span>, <span style=\"color: #0000ff;\"><a style=\"color: #0000ff;\" href=\"https:\/\/uspdigital.usp.br\/janus\/DisLista?codare=58132&amp;codcpg=58&amp;origem=C\">Periodontia<\/a><\/span> <\/span><\/strong><span style=\"font-family: Arial;\">e<\/span><strong><span style=\"font-family: Arial;\"> <span style=\"color: #0000ff;\"><a style=\"color: #0000ff;\" href=\"https:\/\/uspdigital.usp.br\/janus\/DisLista?codare=58131&amp;codcpg=58&amp;origem=C\">Reabilita\u00e7\u00e3o Oral<\/a><\/span>.<br \/>\n<\/span><\/strong><\/span><\/p>\n<p style=\"text-align: justify;\"><span style=\"font-family: Arial;\"> <strong>Abordagem Articular <\/strong>pode ser orientada por <strong>A\u00e7\u00e3o Educacional <\/strong>com apoio de Interatividade (&#8220;Coaching Educacional&#8221;) com profunda experi\u00eancia em Educa\u00e7\u00e3o Superior (Odontologia<\/span><span style=\"font-family: Arial;\"> &#8211; <span style=\"color: #0000ff;\"><strong><a style=\"color: #0000ff;\" href=\"http:\/\/sites.usp.br\/podae\/\">PODAE<\/a><\/strong><\/span> &#8211; <span style=\"color: #0000ff;\"><strong><a style=\"color: #0000ff;\" href=\"http:\/\/sites.usp.br\/LACIRO\/\">Laciro<\/a><\/strong><\/span>)<\/span><span style=\"font-family: Arial;\">. e P<\/span><span style=\"font-family: Arial;\">rograma de P\u00f3s-Gradua\u00e7\u00e3o<\/span><span style=\"font-family: Arial;\"> visando empenhar-se para ampliar os conhecimentos t\u00e9cnicos e cient\u00edficos com \u00eanfase na forma\u00e7\u00e3o do profissional na \u00e1rea da Sa\u00fade Bucal.<\/span><\/p>\n<hr \/>\n<p style=\"text-align: justify;\"><strong><span style=\"font-size: 10px;\">REFER\u00caNCIAS<br \/>\n<\/span><\/strong><\/p>\n<div style=\"text-align: justify;\" align=\"justify\">\n<div align=\"justify\"><span style=\"font-size: 10px;\">1. Freire, P. Conscientiza\u00e7\u00e3o. S\u00e3o Paulo: Cortez &amp; Moraes, 1979.[<span style=\"color: #0000ff;\"><strong><a style=\"color: #0000ff;\" href=\"http:\/\/www.paulofreire.ufpb.br\/paulofreire\/Controle?tipo=Livrox&amp;op=listar&amp;id=0&amp;obra_critica=C\">LINK<\/a><\/strong><\/span>]<br \/>\n<\/span><\/div>\n<div align=\"justify\"><span style=\"font-size: 10px;\">2. Freire, P. A import\u00e2ncia do ato de ler. 23\u00aa ed., S\u00e3o Paulo: Autores Associados: Cortez, 1989 [<span style=\"color: #0000ff;\"><strong><a style=\"color: #0000ff;\" href=\"http:\/\/www.paulofreire.ufpb.br\/paulofreire\/Controle?tipo=Livrox&amp;op=listar&amp;id=0&amp;obra_critica=C\">LINK<\/a><\/strong><\/span>] <\/span><\/div>\n<div align=\"justify\"><span style=\"font-size: 10px;\">3. Gadotti M., Freire, P. Guimar\u00e3es, S. Pedagogia: di\u00e1logo e conflito, 4. ed.,S\u00e3o Paulo: Cortez, 1995 <\/span><span style=\"font-size: 10px;\"><a href=\"http:\/\/www.paulofreire.ufpb.br\/paulofreire\/Controle?tipo=Livrox&amp;op=listar&amp;id=0&amp;obra_critica=C\">[<span style=\"color: #0000ff;\"><strong>LINK<\/strong><\/span><\/a>]<\/span><\/div>\n<div align=\"justify\"><span style=\"font-size: 10px;\">4. Freire, P. Pol\u00edtica e educa\u00e7\u00e3o, 5. ed, S\u00e3o Paulo, Cortez, 2001. [<span style=\"color: #0000ff;\"><strong><a style=\"color: #0000ff;\" href=\"http:\/\/www.paulofreire.ufpb.br\/paulofreire\/Controle?tipo=Livrox&amp;op=listar&amp;id=0&amp;obra_critica=C\">LINK<\/a><\/strong><\/span>]<br \/>\n<\/span><\/div>\n<div style=\"text-align: center;\" align=\"justify\">\n<address style=\"text-align: right;\">\n<hr \/>\n<hr \/>\n<\/address>\n<\/div>\n<\/div>\n<div style=\"text-align: left;\" align=\"center\">\n<div style=\"text-align: center;\" align=\"center\">\n<div align=\"justify\"><span style=\"font-size: 10px;\"><strong><span style=\"text-decoration: underline;\">Recebido<\/span>:<\/strong> 13\/11\/2015 &#8211; <strong><span style=\"text-decoration: underline;\">Publicado<\/span>:<\/strong> 01\/01\/2016 &#8211; Enciclop\u00e9dia Brasileira de Teleodontologia &#8211; ISNN 2448-1181<br \/>\n<\/span><\/div>\n<\/div>\n<hr \/>\n<\/div>\n<hr \/>\n","protected":false},"excerpt":{"rendered":"<p>\u2666 Luiz Carlos Pardini &#8211; {E-mailUSP] &#8211; Curr\u00edculo Lattes p\u00e1gina 1 PARDINI, L.C. Abordagem Midi\u00e1tica: [&hellip;]<\/p>\n","protected":false},"author":58,"featured_media":0,"parent":35615,"menu_order":0,"comment_status":"closed","ping_status":"closed","template":"","meta":{"footnotes":"","_links_to":"","_links_to_target":""},"class_list":["post-37410","page","type-page","status-publish","hentry"],"_links":{"self":[{"href":"https:\/\/sites.usp.br\/ebt\/index.php?rest_route=\/wp\/v2\/pages\/37410","targetHints":{"allow":["GET"]}}],"collection":[{"href":"https:\/\/sites.usp.br\/ebt\/index.php?rest_route=\/wp\/v2\/pages"}],"about":[{"href":"https:\/\/sites.usp.br\/ebt\/index.php?rest_route=\/wp\/v2\/types\/page"}],"author":[{"embeddable":true,"href":"https:\/\/sites.usp.br\/ebt\/index.php?rest_route=\/wp\/v2\/users\/58"}],"replies":[{"embeddable":true,"href":"https:\/\/sites.usp.br\/ebt\/index.php?rest_route=%2Fwp%2Fv2%2Fcomments&post=37410"}],"version-history":[{"count":2,"href":"https:\/\/sites.usp.br\/ebt\/index.php?rest_route=\/wp\/v2\/pages\/37410\/revisions"}],"predecessor-version":[{"id":37412,"href":"https:\/\/sites.usp.br\/ebt\/index.php?rest_route=\/wp\/v2\/pages\/37410\/revisions\/37412"}],"up":[{"embeddable":true,"href":"https:\/\/sites.usp.br\/ebt\/index.php?rest_route=\/wp\/v2\/pages\/35615"}],"wp:attachment":[{"href":"https:\/\/sites.usp.br\/ebt\/index.php?rest_route=%2Fwp%2Fv2%2Fmedia&parent=37410"}],"curies":[{"name":"wp","href":"https:\/\/api.w.org\/{rel}","templated":true}]}}