{"id":37448,"date":"2021-03-09T16:35:08","date_gmt":"2021-03-09T19:35:08","guid":{"rendered":"http:\/\/sites.usp.br\/ebt\/?page_id=37448"},"modified":"2021-03-09T16:35:08","modified_gmt":"2021-03-09T19:35:08","slug":"17-abordagem-articular-diagnostico-bucal-aprendizagem-humanista","status":"publish","type":"page","link":"https:\/\/sites.usp.br\/ebt\/?page_id=37448","title":{"rendered":"17 Abordagem Articular: Diagn\u00f3stico Bucal (Aprendizagem Humanista)"},"content":{"rendered":"<p style=\"text-align: center;\"><span style=\"color: #800080;\"><strong><span style=\"font-size: 16px;\"><span style=\"font-family: Arial;\">ENCICLOP\u00c9DIA BRASILEIRA DE TELEODONTOLOGIA<br \/>\n<\/span><\/span><\/strong><\/span><strong><span style=\"font-size: 12px;\"><span style=\"font-family: Arial;\">ISSN <span style=\"color: #0000ff;\"><a style=\"color: #0000ff;\" href=\"https:\/\/portal.issn.org\/resource\/ISSN\/2448-1181#\">2448-1181<\/a><\/span><\/span><\/span><\/strong><strong><span style=\"font-size: 12px;\"><span style=\"font-family: Arial;\"> \/ <span style=\"color: #0000ff;\"><a style=\"color: #0000ff;\" href=\"https:\/\/sites.usp.br\/podae\/wp-content\/uploads\/sites\/36\/2019\/06\/Encicl.-Bras.Teleodontol.jpg\">SIBi<\/a><\/span> \/ <a href=\"https:\/\/sites.usp.br\/podae\/?page_id=3320\"><span style=\"color: #0000ff;\">Expediente<\/span><\/a> \/ Fasc\u00edculos <\/span><\/span><\/strong><span style=\"font-size: 12px;\"><span style=\"font-family: Arial;\">(<\/span><\/span><span style=\"color: #0000ff;\"><strong><span style=\"font-size: 12px;\"><span style=\"font-family: Arial;\"><a style=\"color: #0000ff;\" href=\"https:\/\/sites.usp.br\/podae\/?page_id=120\">A-Z<\/a><\/span><\/span><\/strong><\/span><span style=\"font-size: 12px;\"><span style=\"font-family: Arial;\">)<\/span><\/span><strong><span style=\"font-size: 12px;\"><span style=\"font-family: Arial;\"><br \/>\n<\/span><\/span><\/strong><strong><span style=\"font-size: 12px;\"><span style=\"font-family: Arial;\"> Polo  de Odontologia Digital Aplicado \u00e0 Educa\u00e7\u00e3o <\/span><\/span><\/strong><span style=\"font-size: 12px;\"><span style=\"font-family: Arial;\">(<\/span><\/span><strong><span style=\"font-size: 12px;\"><span style=\"font-family: Arial;\"><span style=\"color: #0000ff;\">PODAE<\/span><\/span><\/span><\/strong><span style=\"font-size: 12px;\"><span style=\"font-family: Arial;\"><span style=\"color: #0000ff;\">)<\/span><\/span><\/span><strong><span style=\"font-size: 12px;\"><span style=\"font-family: Arial;\"><span style=\"color: #0000ff;\">: <\/span><span style=\"color: #0000ff;\">FORP<\/span> \/ <span style=\"color: #0000ff;\">USP<\/span><\/span><\/span><\/strong> <strong><span style=\"font-size: 12px;\"><span style=\"font-family: Arial;\"><br \/>\n<\/span><\/span><\/strong> <a href=\"https:\/\/sites.usp.br\/podae\/?page_id=3476\"><strong><span style=\"font-size: 14px;\"><span style=\"font-family: Arial;\"><span style=\"color: #0000ff;\"><em><span style=\"color: #000000;\"><span style=\"text-decoration: underline; color: #0000ff;\">6\u00aa Atividade Educativa Online <\/span><\/span><\/em><\/span><\/span><\/span><\/strong><\/a><strong><span style=\"font-size: 14px;\"><span style=\"font-family: Arial;\"><span style=\"color: #0000ff;\"><em><span style=\"color: #000000;\"> <\/span><\/em><\/span><\/span><\/span><\/strong><strong><span style=\"font-size: 12px;\"><span style=\"font-family: Arial;\"><br \/>\n<\/span><\/span><\/strong><span style=\"color: #000000;\"><strong><span style=\"font-size: 10px;\"><span style=\"color: #ff0000; font-size: 14px;\">\u2666<\/span> <\/span><\/strong><\/span><span style=\"color: #000000;\"><strong><span style=\"font-size: 10px;\"><span style=\"text-decoration: underline;\">SUM\u00c1RIOS<\/span><\/span><\/strong><\/span><strong><span style=\"font-size: 12px;\"><span style=\"font-family: Arial;\">: <\/span><\/span><\/strong><span style=\"color: #000000;\"><strong><span style=\"font-size: 10px;\"><span style=\"color: #0000ff;\"><a style=\"color: #0000ff;\" href=\"https:\/\/sites.usp.br\/podae\/?page_id=3288\"><span style=\"color: #0000ff;\">Fasc\u00edculo A<\/span><\/a><\/span> e <a href=\"https:\/\/sites.usp.br\/podae\/?page_id=3387\"><span style=\"color: #0000ff;\">Suplemento Anua<\/span>l<\/a> <\/span><\/strong><\/span><\/p>\n<address style=\"text-align: right;\">\n<hr style=\"width: 321px;\" \/>\n<\/address>\n<address><span style=\"color: #ff0000;\"><span style=\"font-size: 10px;\"><strong style=\"color: #333333; text-align: justify;\"><span style=\"color: #ff0000; font-size: 10px;\"><span style=\"color: #ff0000; font-size: 14px;\">\u25ca <\/span><\/span><\/strong><strong><span style=\"color: #0000ff;\"><em><span style=\"color: #000000; font-size: 14px;\">Suzie Aparecida de Lacerda <\/span><\/em><\/span><\/strong><span style=\"color: #0000ff;\"><em><span style=\"color: #000000; font-size: 14px;\">&#8211; <\/span><\/em><\/span><\/span><\/span><span style=\"font-size: 10px;\"><span style=\"color: #0000ff;\"><a style=\"color: #0000ff;\" href=\"http:\/\/buscatextual.cnpq.br\/buscatextual\/email.do?metodo=apresentar&amp;seqIdPessoa=134549&amp;nomeDestinatario=Suzie_Aparecida_de_Lacerda\"><strong>E-mail <\/strong><\/a><span style=\"color: #ff0000;\"><span style=\"color: #000000;\">&#8211;<\/span><\/span> <\/span> <span style=\"color: #0000ff;\"><a href=\"http:\/\/buscatextual.cnpq.br\/buscatextual\/visualizacv.do?metodo=apresentar&amp;id=K4767062T2\"><strong><span style=\"text-decoration: underline;\">Curr\u00edculo Lat<span style=\"color: #0000ff; text-decoration: underline;\">te<\/span><\/span><span style=\"text-decoration: underline;\"><span style=\"color: #0000ff; text-decoration: underline;\">s<\/span><\/span> <\/strong><\/a>&#8211; <a style=\"color: #0000ff;\" href=\"https:\/\/sites.usp.br\/podae\/?page_id=9542\"><strong>informa\u00e7\u00f5es Adicionais<\/strong> <\/a><\/span><\/span><\/address>\n<address>\n<hr style=\"width: 321px;\" \/>\n<\/address>\n<hr \/>\n<address style=\"text-align: right;\"><strong><span style=\"font-size: 12px;\"><span style=\"font-size: 10px;\">p\u00e1gina 7<\/span> <\/span><\/strong><\/address>\n<hr \/>\n<p style=\"text-align: justify;\"><span style=\"color: #000000; font-family: Arial;\"><span style=\"font-size: 12px; line-height: 18px;\"><strong>LACERDA, S. A. Abordagem Articular: Diagn\u00f3stico Bucal (Aprendizagem Humanista)<\/strong><strong>. Encicl. Bras.Teleodontol., Volume 6 (<a href=\"https:\/\/sites.usp.br\/podae\/?page_id=3288\"><span style=\"color: #0000ff;\">Fasc\u00edculo A<\/span><\/a>): p\u00e1gina 2, abril, 2016. Suplemento. ISSN 2448-1181<\/strong>.<\/span><\/span><\/p>\n<hr \/>\n<p style=\"text-align: justify;\"><span style=\"font-family: Arial;\"><strong>Abordagem Articular<\/strong> (<strong>Estomatologia<\/strong>):<strong> Acolhimento Human\u00edstico <\/strong><\/span><span style=\"font-family: Arial;\"> necessita da ampla Articula\u00e7\u00e3o Educacional entre Institui\u00e7\u00e3o, Docente e Discente com apoio de <strong>Avalia\u00e7\u00e3o Diagn\u00f3stica<\/strong> da <strong>Proposta Pol\u00edtico Pedag\u00f3gica<\/strong>.<\/span><\/p>\n<p style=\"text-align: justify;\"><span style=\"font-family: Arial;\"><strong>O Conselho Federal de Odontologia <\/strong>(<strong><a href=\"http:\/\/www.crosp.org.br\/\"><span style=\"color: #0000ff;\">CFO<\/span><\/a> &#8211; <a href=\"http:\/\/www.crosp.org.br\/uploads\/publicacoes\/MANUALDEREGISTRODEESPECIALISTA-SITE.pdf\"><span style=\"color: #0000ff;\">Especialidades<\/span><\/a><\/strong>) orienta as<\/span><span style=\"font-family: Arial;\"> a\u00e7\u00f5es educacionais no Ensino Superior.<\/span><\/p>\n<p style=\"text-align: justify;\"><span style=\"font-family: Arial;\"><strong>Curr\u00edculo<\/strong> e <strong>Did\u00e1tica<\/strong> s\u00e3o partes de a\u00e7\u00e3o cont\u00ednua explicitada na Matriz Curricular como no &#8220;<strong>Curr\u00edculo Oculto<\/strong>&#8221; (Procedimento do Professor: Comportamento Profissional &#8211; Docente Participativo &#8211; Referencial Educacional). <\/span><\/p>\n<p style=\"text-align: justify;\"><span style=\"font-family: Arial;\"><strong>Abordagem Articular<\/strong>: Mon\u00f3logo. Docente centro das aten\u00e7\u00f5es &#8220;Senhor Pleno do Saber&#8221;. A &#8220;Saliva\u00e7\u00e3o&#8221; (Mon\u00f3logo &#8211; somente o Professor Atua &#8211; Professor Falante) \u00e9 o instrumento pedag\u00f3gico:. &#8220;Eu sei. Eu apresento a mat\u00e9ria (Tema da Aula): Mastigado e Digerido. <\/span><\/p>\n<p style=\"text-align: justify;\"><span style=\"font-family: Arial;\"><strong>Arte de Educar<\/strong> reflete atitude, habilidade, conduta, procedimento (&#8220;<em>maneira de ser<\/em>&#8220;) do Educador fato amplamente consolidado nas atividades de pesquisa [1,2.3]<br \/>\n<\/span><\/p>\n<p style=\"text-align: justify;\"><span style=\"font-family: Arial;\"><strong>Abordagem Articular<\/strong> \u00e9 fundamental para a atua\u00e7\u00e3o da Doc\u00eancia (Participa\u00e7\u00e3o Compartilhada &#8211; Educador \/ Educando) evitando a centralizar as a\u00e7\u00f5es pedag\u00f3gicas no Professor (Docente) com \u00eanfase no &#8220;Mon\u00f3logo&#8221; ( Professor &#8211; Centro e Fulcro): &#8220;Senhor da Verdade&#8221;. No Curso de P\u00f3s-Gradua\u00e7\u00e3o (Programa de P\u00f3s-Gradua\u00e7\u00e3o) \u00e9 relevante na Matriz Curricular (Curr\u00edculo) a intera\u00e7\u00e3o com &#8220;Did\u00e1tica&#8221;, ampliando os conhecimentos no Ensino e Aprendizado do aluno (futuro profissional da educa\u00e7\u00e3o em Odontologia).<\/span><\/p>\n<p style=\"text-align: justify;\"><span style=\"font-family: Arial;\"><strong>Abordagem Articular<\/strong>: A<strong> Doc\u00eancia <\/strong>e o<strong> Mon\u00f3logo <\/strong>(<strong>Curr\u00edculo e Did\u00e1tica<\/strong>) \u00e9 fundamental na Arte de<strong> Educar<\/strong> \u00e9 foco em a\u00e7\u00f5es (formativa e assertiva), d<\/span><span style=\"font-family: Arial;\">esperta e auxilia o Ensino Superior com avalia\u00e7\u00f5es peri\u00f3dicas<\/span><span style=\"font-family: Arial; line-height: 1.5;\">.<br \/>\n<\/span><\/p>\n<hr \/>\n<div align=\"justify\">\n<div align=\"justify\">\n<div align=\"justify\">\n<div align=\"justify\"><span style=\"font-size: 12px;\"><em><strong><span style=\"text-decoration: underline;\">REFER\u00caNCIAS<\/span><\/strong><\/em><\/span><\/div>\n<div style=\"font-size: 12px;\" align=\"justify\">\n<div align=\"justify\">1. BALABANIAN, C.A, COUTINHO-NETTO, J., LAMANO-CARVALHO ,T.L., LACERDA, S.A,   BRENTEGANI, L.G.  Biocompatibility of natural latex implanted into dental alveolus of rats. J Oral Sci. 48(1):201-205, 2006.<\/div>\n<div align=\"justify\">2. LACERDA, S.A., MATUOKA,R.I., MACEDO, R.M., PETENUSCI, S.O., CAMPOS A. A., BRENTEGANI, L.G. Bone quaility associated with daily intake of coffee: a biochemical, radiographhistometrcic and study. Braz. Dent. J., 21(3):199-204, 2010. [ <strong><span style=\"color: #0000ff;\"><a style=\"color: #0000ff;\" href=\"http:\/\/www.scielo.br\/pdf\/bdj\/v21n3\/v21n3a04.pdf\">PDF<\/a> <\/span><\/strong>]<\/div>\n<div align=\"justify\">3. PRATA C.A, LACERDA, S.A, BRETENGANI L.G. Autogenous bone graft associated with enamel matrix proteins in bone repair. Impl Dent 16(1):1-4, 2007.<\/div>\n<\/div>\n<\/div>\n<\/div>\n<\/div>\n<div style=\"text-align: justify;\" align=\"justify\">\n<div style=\"text-align: center;\" align=\"justify\">\n<address style=\"text-align: right;\">\n<hr \/>\n<hr \/>\n<\/address>\n<\/div>\n<\/div>\n<div style=\"text-align: left;\" align=\"center\">\n<div style=\"text-align: center;\" align=\"center\">\n<div align=\"justify\">\n<p><span style=\"font-size: 10px;\"><strong><span style=\"color: #ff0000; font-size: 10px;\"><span style=\"color: #ff0000; font-size: 14px;\">\u25ca <\/span><\/span> <span style=\"font-size: 10px;\"><strong>Universidade de S\u00e3o Paulo (<span style=\"color: #0000ff;\"><a style=\"color: #0000ff;\" href=\"http:\/\/www5.usp.br\/\">USP<\/a><\/span> \/ <span style=\"color: #0000ff;\"><a style=\"color: #0000ff;\" href=\"https:\/\/uspdigital.usp.br\/wsusuario\/\">SistemasUSP<\/a><\/span>), Faculdade de Odontologia de Ribeir\u00e3o (<span style=\"color: #0000ff;\"><a style=\"color: #0000ff;\" href=\"http:\/\/www.forp.usp.br\/\">FORP<\/a><\/span> ) .<\/strong><\/span>Centro de Atendimento Especializado em Diagn\u00f3stico Oral (<span style=\"color: #0000ff;\"><a style=\"color: #0000ff;\" href=\"http:\/\/dgp.cnpq.br\/dgp\/espelhogrupo\/8539124714161383\">CAEDO<\/a><\/span> &#8211; Respons\u00e1vel a<em>t\u00e9 at\u00e9 a presente data<\/em><\/strong><span style=\"font-size: 10px; text-align: center;\">)<\/span><\/span><\/p>\n<hr \/>\n<p style=\"text-align: justify;\"><span style=\"font-size: 10px;\"><strong><span style=\"text-decoration: underline;\">Recebido<\/span>: 21\/3\/2015 &#8211; <span style=\"color: #0000ff;\"><a style=\"color: #0000ff;\" href=\"http:\/\/sites.usp.br\/ebt\/forp-expediente-encicl-bras-teleodontol\/parecerista-relator-consultor-avaliador\/\">Parecerista<\/a>: <\/span>1\/4\/2015 &#8211; <span style=\"text-decoration: underline;\">Publicado<\/span>: 7\/4\/2016 &#8211; Enciclop\u00e9dia Brasileira de Teleodontologia<\/strong><br \/>\n<\/span><\/p>\n<\/div>\n<\/div>\n<hr \/>\n<\/div>\n<p>&nbsp;<\/p>\n","protected":false},"excerpt":{"rendered":"<p>ENCICLOP\u00c9DIA BRASILEIRA DE TELEODONTOLOGIA ISSN 2448-1181 \/ SIBi \/ Expediente \/ Fasc\u00edculos (A-Z) Polo de [&hellip;]<\/p>\n","protected":false},"author":58,"featured_media":0,"parent":35617,"menu_order":0,"comment_status":"closed","ping_status":"closed","template":"","meta":{"footnotes":"","_links_to":"","_links_to_target":""},"class_list":["post-37448","page","type-page","status-publish","hentry"],"_links":{"self":[{"href":"https:\/\/sites.usp.br\/ebt\/index.php?rest_route=\/wp\/v2\/pages\/37448","targetHints":{"allow":["GET"]}}],"collection":[{"href":"https:\/\/sites.usp.br\/ebt\/index.php?rest_route=\/wp\/v2\/pages"}],"about":[{"href":"https:\/\/sites.usp.br\/ebt\/index.php?rest_route=\/wp\/v2\/types\/page"}],"author":[{"embeddable":true,"href":"https:\/\/sites.usp.br\/ebt\/index.php?rest_route=\/wp\/v2\/users\/58"}],"replies":[{"embeddable":true,"href":"https:\/\/sites.usp.br\/ebt\/index.php?rest_route=%2Fwp%2Fv2%2Fcomments&post=37448"}],"version-history":[{"count":1,"href":"https:\/\/sites.usp.br\/ebt\/index.php?rest_route=\/wp\/v2\/pages\/37448\/revisions"}],"predecessor-version":[{"id":37449,"href":"https:\/\/sites.usp.br\/ebt\/index.php?rest_route=\/wp\/v2\/pages\/37448\/revisions\/37449"}],"up":[{"embeddable":true,"href":"https:\/\/sites.usp.br\/ebt\/index.php?rest_route=\/wp\/v2\/pages\/35617"}],"wp:attachment":[{"href":"https:\/\/sites.usp.br\/ebt\/index.php?rest_route=%2Fwp%2Fv2%2Fmedia&parent=37448"}],"curies":[{"name":"wp","href":"https:\/\/api.w.org\/{rel}","templated":true}]}}