{"id":6529,"date":"2011-01-14T13:45:33","date_gmt":"2011-01-14T15:45:33","guid":{"rendered":"http:\/\/sites.usp.br\/ebt\/?page_id=6529"},"modified":"2017-02-25T16:19:25","modified_gmt":"2017-02-25T19:19:25","slug":"luiz-guilherme-brentegani","status":"publish","type":"page","link":"https:\/\/sites.usp.br\/ebt\/?page_id=6529","title":{"rendered":"Luiz Guilherme Brentegani"},"content":{"rendered":"<address><span style=\"color: #ff0000;font-size: 14px\">\u2666\u00a0<\/span><em><span style=\"color: #ff0000\"><em><strong><span style=\"color: #000000;font-size: 14px\">Luiz Guilherme Brentegani \u00a0<\/span><\/strong><\/em><\/span><\/em><span style=\"color: #ff0000\"><span style=\"color: #000000;font-size: 14px\">(Parecerista 2011- 2014)<\/span><\/span><span style=\"color: #ff0000\"><span style=\"font-size: 10px\"><span style=\"color: #0000ff\"><span style=\"color: #0000ff\">\u00a0\u00a0<\/span><\/span><\/span><\/span><span style=\"color: #ff0000\"><span style=\"font-size: 10px\"><span style=\"color: #0000ff\"><span style=\"color: #000000\"><br \/>\n<\/span><\/span><\/span><\/span><\/address>\n<hr \/>\n<p style=\"text-align: justify\"><span style=\"font-size: 10px\">BRENTEGANI, L.G. \u00a0Parecerista Volunt\u00e1rio dos textos (Acesso Livre &#8211; Online) da Enciclop\u00e9dia Brasileira de Teleodontologia (ISNN).<br \/>\n<\/span><\/p>\n<hr \/>\n<p style=\"text-align: justify\"><span style=\"font-family: Arial\"><strong>Luiz Guilherme Brentegani\u00a0 <\/strong>(<strong>Parecerista<\/strong>) Relator (2011 &#8211; 2014) dos textos (Hipertextos), enviado para publica\u00e7\u00e3o online. Participa , voluntariamente, na fun\u00e7\u00e3o de &#8220;<em>ad hoc<\/em>&#8220;, atividade fundamental nas atua\u00e7\u00f5es acad\u00eamicas e cient\u00edficas que s\u00e3o disponibilizadas para \u00a0<strong>Livre Acesso<\/strong><\/span><\/p>\n<p style=\"text-align: justify\"><span style=\"font-family: Arial\"><strong>Luiz Guilherme Brentegani<\/strong> participa ativamente das atividades cient\u00edficas deste peri\u00f3dico cient\u00edfico como Membro da Comiss\u00e3o Editorial.<\/span><\/p>\n<div style=\"text-align: justify\" align=\"justify\">\n<div style=\"text-align: center\" align=\"justify\">\n<address style=\"text-align: right\">\n<hr \/>\n<hr \/>\n<p style=\"text-align: justify\"><em><strong><span style=\"font-size: 12px\">CERTIFICA\u00c7\u00c3O<br \/>\n<\/span><\/strong><\/em><\/p>\n<div style=\"text-align: justify\" align=\"justify\">\n<div align=\"justify\"><span style=\"font-size: 13px\"> A atividade de parecerista volunt\u00e1rio referente \u00e0s publica\u00e7\u00f5es online (Enciclop\u00e9dia Brasileira de Teleodontologia) \u00e9 realizada desde 2011. [<span style=\"color: #0000ff\"><strong><span style=\"text-decoration: underline;color: #0000ff\">pdf-certificado<\/span><\/strong><\/span>]. Para receber a senha objetivando a impress\u00e3o do certificado entrar em contato com Equipe (<a href=\"http:\/\/sites.usp.br\/ebt\/forp-contato\/\"><span style=\"text-decoration: underline;color: #0000ff\"><strong>e-mail<\/strong><\/span><\/a>).<br \/>\n<\/span><\/div>\n<div style=\"text-align: center\" align=\"justify\">\n<address style=\"text-align: right\">\n<hr \/>\n<address style=\"text-align: right\"><span style=\"font-size: 10px\">Enciclop\u00e9dia Brasileira de Teleodontologia (ISBN) <\/span><\/address>\n<\/address>\n<\/div>\n<\/div>\n<\/address>\n<\/div>\n<\/div>\n","protected":false},"excerpt":{"rendered":"<p>\u2666\u00a0Luiz Guilherme Brentegani \u00a0(Parecerista 2011- 2014)\u00a0\u00a0 BRENTEGANI, L.G. \u00a0Parecerista Volunt\u00e1rio dos textos (Acesso Livre &#8211; [&hellip;]<\/p>\n","protected":false},"author":58,"featured_media":0,"parent":3292,"menu_order":0,"comment_status":"open","ping_status":"closed","template":"","meta":{"footnotes":"","_links_to":"","_links_to_target":""},"class_list":["post-6529","page","type-page","status-publish","hentry"],"_links":{"self":[{"href":"https:\/\/sites.usp.br\/ebt\/index.php?rest_route=\/wp\/v2\/pages\/6529","targetHints":{"allow":["GET"]}}],"collection":[{"href":"https:\/\/sites.usp.br\/ebt\/index.php?rest_route=\/wp\/v2\/pages"}],"about":[{"href":"https:\/\/sites.usp.br\/ebt\/index.php?rest_route=\/wp\/v2\/types\/page"}],"author":[{"embeddable":true,"href":"https:\/\/sites.usp.br\/ebt\/index.php?rest_route=\/wp\/v2\/users\/58"}],"replies":[{"embeddable":true,"href":"https:\/\/sites.usp.br\/ebt\/index.php?rest_route=%2Fwp%2Fv2%2Fcomments&post=6529"}],"version-history":[{"count":6,"href":"https:\/\/sites.usp.br\/ebt\/index.php?rest_route=\/wp\/v2\/pages\/6529\/revisions"}],"predecessor-version":[{"id":19292,"href":"https:\/\/sites.usp.br\/ebt\/index.php?rest_route=\/wp\/v2\/pages\/6529\/revisions\/19292"}],"up":[{"embeddable":true,"href":"https:\/\/sites.usp.br\/ebt\/index.php?rest_route=\/wp\/v2\/pages\/3292"}],"wp:attachment":[{"href":"https:\/\/sites.usp.br\/ebt\/index.php?rest_route=%2Fwp%2Fv2%2Fmedia&parent=6529"}],"curies":[{"name":"wp","href":"https:\/\/api.w.org\/{rel}","templated":true}]}}