{"id":6814,"date":"2015-10-09T09:28:48","date_gmt":"2015-10-09T12:28:48","guid":{"rendered":"http:\/\/sites.usp.br\/ebt\/?page_id=6814"},"modified":"2016-05-19T16:40:36","modified_gmt":"2016-05-19T19:40:36","slug":"xxxxx","status":"publish","type":"page","link":"https:\/\/sites.usp.br\/ebt\/?page_id=6814","title":{"rendered":"Teleodontologia (FORP): A\u00e7\u00e3o Cont\u00ednua &#8211; Ensino e Aprendizado Online"},"content":{"rendered":"<address><span style=\"color: #ff0000;font-size: 14px\">\u2666 <\/span><span style=\"color: #ff0000\"><span style=\"color: #000000;font-size: 14px\"><em><strong>Marisa Semprini\u00a0<\/strong><\/em><\/span><\/span><span style=\"color: #ff0000\"><strong><span style=\"font-size: 10px\"><span style=\"color: #0000ff\"><span style=\"color: #0000ff\">&#8211; <\/span><\/span><a href=\"http:\/\/buscatextual.cnpq.br\/buscatextual\/email.do?metodo=apresentar&amp;seqIdPessoa=134501&amp;nomeDestinatario=Marisa_Semprini\"><span style=\"color: #0000ff\"><span style=\"color: #0000ff\">E-mail<\/span><\/span><\/a> <span style=\"color: #0000ff\"><span style=\"color: #0000ff\">&#8211; <\/span><\/span><a href=\"http:\/\/lattes.cnpq.br\/5966278075918311\"><span style=\"color: #0000ff\"><span style=\"color: #0000ff\">Curr\u00edculo Lattes<\/span><\/span><\/a><span style=\"color: #0000ff\"><span style=\"color: #0000ff\"> &#8211; <\/span><\/span><span style=\"color: #0000ff\"><a href=\"http:\/\/buscatextual.cnpq.br\/buscatextual\/graficos.do?metodo=apresentar&amp;codRHCript=K4767048T2&amp;nome=Marisa%20Semprini\"><span style=\"color: #0000ff\">Indicador de Produ\u00e7\u00e3o<\/span><\/a><\/span><span style=\"color: #0000ff\"><span style=\"color: #0000ff\"> &#8211; <\/span><\/span><span style=\"color: #0000ff\"><a href=\"https:\/\/www.worldcat.org\/search?q=Marisa+Semprini&amp;fq=&amp;dblist=638&amp;fc=yr:_50&amp;qt=show_more_yr%3A&amp;cookie\"><span style=\"color: #0000ff\">WorldCat<\/span><\/a> <\/span><span style=\"color: #0000ff\"><span style=\"color: #0000ff\">&#8211; <\/span><\/span><a href=\"http:\/\/www.hindawi.com\/94218326\/\"><span style=\"color: #0000ff\">Hindawi<\/span> <\/a><span style=\"color: #0000ff\"><span style=\"color: #0000ff\">&#8211;\u00a0<\/span><\/span><span style=\"color: #0000ff\"><a href=\"https:\/\/scholar.google.com\/scholar?q=%22Marisa+Semprini%22&amp;btnG=&amp;hl=en&amp;as_sdt=0%2C5\"><span style=\"color: #0000ff\">Google Scholar<\/span><\/a><\/span><span style=\"color: #0000ff\"><span style=\"color: #0000ff\"> &#8211;\u00a0<\/span><\/span><a href=\"http:\/\/academic.research.microsoft.com\/Search?query=%22Marisa%20Semprini%22\"><span style=\"color: #0000ff\">Academic Search (Microsoft)<\/span><\/a><span style=\"color: #0000ff\"><span style=\"color: #0000ff\"> &#8211; <\/span><\/span><\/span><\/strong><\/span><span style=\"color: #ff0000\"><strong><span style=\"font-size: 10px\"><span style=\"color: #0000ff\"><a href=\"http:\/\/search.scielo.org\/?output=site&amp;lang=pt&amp;from=0&amp;sort=&amp;format=abstract&amp;count=20&amp;fb=&amp;page=1&amp;q=au%3A%22Marisa+Semprini%22&amp;index=&amp;where=ORG&amp;search_form_submit=Pesquisar\"><span style=\"color: #0000ff\">Scielo<\/span><\/a><\/span><\/span><\/strong><\/span><span style=\"color: #ff0000\"><strong><span style=\"font-size: 10px\"><span style=\"color: #0000ff\"><span style=\"color: #0000ff\"><br \/>\n<\/span><\/span><\/span><\/strong><\/span><\/address>\n<address><em><span style=\"color: #ff0000;font-size: 14px\"><em>\u2666 <\/em><\/span><\/em><span style=\"color: #ff0000\"><span style=\"color: #ff0000\"><span style=\"font-size: 10px\"><strong><span style=\"color: #0000ff\"><em><span style=\"color: #ff0000\"><em><strong><span style=\"color: #000000;font-size: 14px\">Luiz Carlos Pardini <\/span><\/strong><\/em><\/span><\/em><span style=\"color: #ff0000\"><strong><span style=\"font-size: 10px\"><span style=\"color: #0000ff\"><span style=\"color: #0000ff\">&#8211;\u00a0<\/span><\/span><\/span><\/strong><\/span><\/span><span style=\"color: #0000ff\"><strong><span style=\"font-size: 10px\"><strong><strong><a href=\"http:\/\/buscatextual.cnpq.br\/buscatextual\/email.do?metodo=apresentar&amp;seqIdPessoa=396158&amp;nomeDestinatario=Luiz_Carlos_Pardini\"><span style=\"color: #0000ff\">E-mail<\/span><\/a> <\/strong><\/strong><\/span><\/strong><\/span><span style=\"color: #0000ff\"><span style=\"color: #ff0000\"><strong><span style=\"font-size: 10px\"><span style=\"color: #0000ff\"><span style=\"color: #0000ff\">&#8211;\u00a0<\/span><\/span><span style=\"color: #0000ff\"><a href=\"http:\/\/buscatextual.cnpq.br\/buscatextual\/visualizacv.do?metodo=apresentar&amp;id=K4796807T1\"><span style=\"color: #0000ff\">Curr\u00edculo Lattes<\/span><\/a><\/span><span style=\"color: #0000ff\"><span style=\"color: #0000ff\"> &#8211; <\/span><\/span><span style=\"color: #0000ff\"><a href=\"http:\/\/buscatextual.cnpq.br\/buscatextual\/graficos.do?metodo=apresentar&amp;chttp:\/\/buscatextual.cnpq.br\/buscatextual\/graficos.do?metodo=apresentar&amp;codRHCript=K4796807T1&amp;nome=Luiz%20Carlos%20Pardini\"><span style=\"color: #0000ff\">Ind<\/span><span style=\"color: #0000ff\">icaddor de Produ\u00e7\u00e3o<\/span><\/a><\/span><span style=\"color: #0000ff\"><span style=\"color: #0000ff\"> &#8211; <\/span><\/span><span style=\"color: #0000ff\"><a href=\"http:\/\/www.researchgate.net\/profile\/Luiz_Pardini\"><span style=\"color: #0000ff\">ReseachGate<\/span><\/a><\/span><\/span><span style=\"font-size: 10px\"><span style=\"color: #0000ff\"><span style=\"color: #0000ff\"> &#8211; <\/span><\/span><\/span><\/strong><\/span><span style=\"color: #ff0000\"><span style=\"font-size: 10px\"><span style=\"color: #0000ff\"><strong><a href=\"https:\/\/www.worldcat.org\/search?q=Luiz+Carlos+Pardini&amp;fq=&amp;dblist=638&amp;fc=ap:_50&amp;qt=show_more_ap%3A&amp;cookie\"><span style=\"color: #0000ff\">WorldCat<\/span><\/a><\/strong><\/span><span style=\"color: #0000ff\"><span style=\"color: #0000ff\"> &#8211; <\/span><\/span><\/span><\/span><span style=\"color: #ff0000\"><span style=\"font-size: 10px\"><strong><span style=\"color: #0000ff\"><a href=\"http:\/\/www.researcherid.com\/ProfileView.action?SID=2BpY8DkV99Ynj3FAnEZ&amp;returnCode=ROUTER.Success&amp;queryString=KG0UuZjN5WlmNqvDyK2XsaRf8PrjBjCreUY6OcVSBaI%253D&amp;SrcApp=CR&amp;Init=Yes\"><span style=\"color: #0000ff\">ResearchID<\/span><\/a><\/span><\/strong><span style=\"color: #0000ff\"> &#8211; <\/span><strong><span style=\"color: #0000ff\"><a href=\"http:\/\/scholar.google.com.br\/citations?user=-QOIWgUAAAAJ&amp;hl=pt-BR\"><span style=\"color: #0000ff\">Google Acad\u00eamico<\/span><\/a><\/span><span style=\"color: #0000ff\"><span style=\"color: #000000\"> &#8211; <span style=\"color: #0000ff\"><a href=\"https:\/\/scholar.google.com\/scholar?hl=en&amp;q=%22Luiz+Carlos+Pardini%22&amp;btnG=&amp;as_sdt=1%2C5&amp;as_sdtp=\"><span style=\"color: #0000ff;font-size: 10px\">Google Scholar<\/span><\/a><\/span> &#8211; <span style=\"color: #0000ff\"><a href=\"http:\/\/academic.research.microsoft.com\/Search?query=%22Luiz%20Carlos%20Pardini%22\"><span style=\"color: #0000ff\">Academic Seach (Microsoft)<\/span><\/a><\/span> &#8211; <span style=\"color: #0000ff\"><a href=\"http:\/\/search.scielo.org\/?output=site&amp;lang=pt&amp;from=0&amp;sort=&amp;format=abstract&amp;count=20&amp;fb=&amp;page=1&amp;q=au%3A%22Luiz+Carlos%2C+Pardini%22&amp;index=&amp;where=ORG&amp;search_form_submit=Pesquisar\"><span style=\"color: #0000ff\">Scielo<\/span><\/a><\/span> &#8211; <span style=\"color: #0000ff\"><a href=\"https:\/\/social.stoa.usp.br\/pardini\"><span style=\"color: #0000ff\">STOA<\/span><\/a><\/span> &#8211; <a href=\"http:\/\/apps.webofknowledge.com\/Search.do?product=UA&amp;SID=1E3jjWCJfsh6D2zhUFC&amp;search_mode=GeneralSearch&amp;prID=933d96bb-cdb1-4c3a-8325-1ec742f8079c\"><span style=\"color: #0000ff\">Web of Science<\/span><\/a> &#8211; <\/span><\/span><span style=\"color: #0000ff\"><a href=\"http:\/\/www.ncbi.nlm.nih.gov\/pubmed\/?term=Luiz+Carlos+Pardini\"><span style=\"color: #0000ff\">PubMed<\/span><\/a> <\/span><span style=\"color: #0000ff\"><span style=\"color: #000000\">&#8211; <span style=\"color: #0000ff\"><a href=\"http:\/\/usp-br.academia.edu\/LPardini\"><span style=\"color: #0000ff\">Academic<\/span><\/a><\/span>.<span style=\"color: #0000ff\"><a href=\"http:\/\/www.academia.edu\/2916650\/Curriculo\"><span style=\"color: #0000ff\">edu<\/span><\/a><\/span><br \/>\n<\/span><\/span><\/strong><\/span><\/span><\/span><\/strong><\/span><\/span><\/span><\/address>\n<hr \/>\n<hr \/>\n<address style=\"text-align: right\"><strong><span style=\"font-size: 10px\">p\u00e1gina 1<\/span><\/strong><\/address>\n<hr \/>\n<p style=\"text-align: justify\"><span style=\"font-size: 10px\">SEMPRINI, M; PARDINI, L.C. Teleodontologia (FORP): A\u00e7\u00e3o Cont\u00ednua &#8211; Ensino e Aprendizado Online. Enciclop\u00e9dia Brasileira de Teleodontologia, Volume 1 (S\u00e9rie 1T): p\u00e1gina T, janeiro, 2011. [<strong><span style=\"color: #0000ff\"><a href=\"http:\/\/sites.usp.br\/ebt\/wp-content\/uploads\/sites\/44\/2015\/06\/20011_A_1.jan_p1.pdf\"><span style=\"color: #0000ff\">PDF<\/span><\/a><\/span><\/strong>] &#8211;<strong> ISSN<br \/>\n<\/strong><\/span><\/p>\n<hr \/>\n<p style=\"text-align: justify\"><span style=\"font-family: Arial\"><strong>Arte de Educar<\/strong> \u00e9 cont\u00ednua visando a <strong>Inclus\u00e3o Educacional<\/strong>: <strong>Ensinar <\/strong><\/span><span style=\"font-family: Arial\">(1\u00ba. Momento)<\/span><span style=\"font-family: Arial\">.\u00a0<strong>Arte de Educar<\/strong> reflete atitude, habilidade, conduta, procedimento da &#8220;<em>maneira de ser<\/em>&#8221; do Educador. A <strong>Gest\u00e3o Educadora<\/strong> efetiva estimula a\u00e7\u00f5es em <strong>Ambiente Colaborativo de Aprendizagem <\/strong>(<strong>BRASIL, <span style=\"color: #0000ff\"><a href=\"http:\/\/e-proinfo.mec.gov.br\/eproinfo\/web\/main.jsp?url=http:\/\/e-proinfo.mec.gov.br\/eproinfo\/interativo\/acessar_espaco_sistema\/acessar.htm#pos\/_\/http:\/\/e-proinfo.mec.gov.br\/eproinfo\/interativo\/acessar_espaco_sistema\/acessar.htm\/_\/end_pos\/_\/\"><span style=\"color: #0000ff\">e-Proinf<\/span><\/a>o<\/span><\/strong>). <strong>Arte de Educar <\/strong>(<strong>Atividade de Primeiro Encontro<\/strong>) cristaliza a <strong>Aprendizagem Significativa,\u00a0<\/strong>sinaliza o<strong> Modelo de Gest\u00e3o em Educa\u00e7\u00e3o <\/strong>(<strong>Odontologia<\/strong>)<strong>\u00a0<\/strong>em sintonia com Conselho Federal de Odontologia (<strong><span style=\"color: #0000ff\"><a href=\"http:\/\/cfo.org.br\/\"><span style=\"color: #0000ff\">CFO<\/span><\/a><\/span><\/strong>). <strong>Ensinar <\/strong>promove descobertas dos pressupostos educacionais (cognitivo, psicomotor, \u00e9tico e reflex\u00e3o cr\u00edtica) congrega desempenho colaborativo (<strong>Educa\u00e7\u00e3o Participativa<\/strong>). M<\/span><span style=\"font-family: Arial\">otivar, facilitar e despertar conduzem a <strong>Aprendizagem Significativa<\/strong> transcendendo os contextos da Literatura Educacional.<\/span><\/p>\n<p style=\"text-align: justify\"><span style=\"font-family: Arial\"><strong>Arte de Educar<\/strong> est\u00e1 intimamente associada a\u00a0<\/span><strong style=\"font-family: Arial\">Gest\u00e3o em Estrat\u00e9gia Educacional<\/strong><span style=\"font-family: Arial\">, inicia-se muito antes das contextualiza\u00e7\u00e3o e <\/span><span style=\"font-family: Arial\">implanta\u00e7\u00e3o do <strong>Projeto Pol\u00edtico Pedag\u00f3gico (PPP)<\/strong>. Em Odontologia a &#8220;<strong>Arte de Educar<\/strong>&#8221; \u00e9 o motor propulsor: &#8220;<em>Saber de Qualidade<\/em>&#8221; (<strong>BRASIL<\/strong>, <span style=\"color: #0000ff\"><strong><a style=\"color: #0000ff\" href=\"http:\/\/emec.mec.gov.br\/emec\/consulta-cadastro\/detalhamento\/d96957f455f6405d14c6542552b0f6eb\/NTU=\">Site do MEC<\/a><\/strong><\/span>). <strong>Arte de Educar<\/strong> \u00e9 foco em a\u00e7\u00f5es (formativa e assertiva), d<\/span><span style=\"font-family: Arial\">esperta e auxilia o\u00a0<span style=\"color: #0000ff\"><strong><a style=\"color: #0000ff\" href=\"http:\/\/sites.usp.br\/ebt\/forp-u-z\/u\/2011-2\/\">Ensino Superior<\/a><\/strong><\/span> (Sa\u00fade Bucal) associados aos processos comportamentais do Educando (&#8220;<em>desejo e vontade de aprender<\/em>&#8220;<\/span><span style=\"font-family: Arial\">) com apoio das ferramentas virtuais facilitadoras (<strong>BRASIL<\/strong>, 1996, 2002) estabelecidas (Minist\u00e9rio da Educa\u00e7\u00e3o &#8211; <strong><span style=\"color: #0000ff\"><span style=\"color: #0000ff\"><a href=\"http:\/\/portal.mec.gov.br\/\">MEC<\/a><\/span><\/span><\/strong>) e o Sistema Nacional de Avalia\u00e7\u00e3o da Educa\u00e7\u00e3o Superior (<span style=\"color: #0000ff\"><strong><a href=\"http:\/\/sites.usp.br\/ebt\/wp-content\/uploads\/sites\/44\/2014\/11\/Lei_10861_2004_SINAES.pdf\"><span style=\"color: #0000ff\">SINAES<\/span><\/a><\/strong><\/span>, 2004). <strong>Arte de Educar<\/strong>\u00a0compartilha (<strong><span style=\"color: #0000ff\"><a href=\"http:\/\/sites.usp.br\/podae\/podae\/equipe\/\"><span style=\"color: #0000ff\">Equipe<\/span><\/a><\/span><\/strong> &#8211; <strong><span style=\"color: #0000ff\"><a href=\"http:\/\/sites.usp.br\/podae\/\"><span style=\"color: #0000ff\">PODAE<\/span><\/a><\/span><\/strong> &#8211; <strong><span style=\"color: #0000ff\"><a href=\"http:\/\/sites.usp.br\/podae\/teleodontologia\/\"><span style=\"color: #0000ff\">Teleodontologia<\/span><\/a><\/span><\/strong>),\u00a0atua e desenvolve a <strong>Gest\u00e3o Educacional\u00a0<\/strong>(Laborat\u00f3rios, <strong><span style=\"color: #0000ff\"><a href=\"https:\/\/uspdigital.usp.br\/tycho\/gruposPesquisaListarAreasConhecimento?areaConhecimento=40200000&amp;nomeArea=Odontologia\"><span style=\"color: #0000ff\">Grupos de Pesquisa\/USP<\/span><\/a><\/span><\/strong> e Multicentro de Pesquisa) com participa\u00e7\u00f5es volunt\u00e1rias e efetivas (Docente, Discente e Funcion\u00e1rio) aliado\u00a0<\/span><span style=\"font-family: Arial\">a <strong><span style=\"color: #0000ff\"><a href=\"http:\/\/www.inovacao.usp.br\/\"><span style=\"color: #0000ff\">Ag\u00eancia de Informa\u00e7\u00e3o\/USP<\/span><\/a><\/span><\/strong><\/span><span style=\"font-family: Arial\">\u00a0fator desencadeante da divulga\u00e7\u00e3o (<span style=\"color: #0000ff\"><strong>Sistema Midi\u00e1tico<\/strong><\/span>\u00a0&#8211; &#8220;Livre Acesso&#8221;) referencial te\u00f3rico das produ\u00e7\u00f5es cient\u00edficas (<strong><span style=\"color: #0000ff\"><a href=\"https:\/\/uspdigital.usp.br\/tycho\/ProducaoAcademicaIntelectualUSP?codmnu=1110\"><span style=\"color: #0000ff\">Unidades\/USP<\/span><\/a><\/span><\/strong> e <strong><span style=\"color: #0000ff\"><a href=\"https:\/\/uspdigital.usp.br\/tycho\/ProducaoAcademicaIntelectualDepartamento?siglaUnidade=FORP&amp;anoInicio=2010&amp;anoTermino=2014\"><span style=\"color: #0000ff\">Pesquisadores\/FORP<\/span><\/a><\/span><\/strong>) baseadas nas informa\u00e7\u00f5es dos <strong>Curr\u00edculos Lattes<\/strong> (<span style=\"color: #0000ff\"><strong><a href=\"http:\/\/buscatextual.cnpq.br\/buscatextual\/busca.do?metodo=apresentar\"><span style=\"color: #0000ff\">Buscar Curr\u00edculos<\/span><\/a><\/strong><\/span>) e consolidadas (<span style=\"color: #0000ff\"><strong><a href=\"https:\/\/uspdigital.usp.br\/anuario\/AnuarioControle\"><span style=\"color: #0000ff\">Anu\u00e1rio Estat\u00edstico\/USP<\/span><\/a><\/strong><\/span> e <\/span><span style=\"font-family: Arial\"><strong><span style=\"color: #0000ff\"><a href=\"http:\/\/www.teses.usp.br\/index.php?option=com_jumi&amp;fileid=30&amp;Itemid=162&amp;lang=pt-br&amp;id=58\"><span style=\"color: #0000ff\">B<\/span><\/a><\/span><span style=\"color: #0000ff\"><a href=\"http:\/\/www.teses.usp.br\/index.php?option=com_jumi&amp;fileid=30&amp;Itemid=162&amp;lang=pt-br&amp;id=58\"><span style=\"color: #0000ff\">anco de Tese\/USP<\/span><\/a><\/span><\/strong><span style=\"color: #0000ff\">). <\/span>At\u00e9 <\/span><span style=\"font-family: Arial\">o presente momento, em Odontologia, as orienta\u00e7\u00f5es e as constru\u00e7\u00f5es s\u00e3o estabelecidas pela Organiza\u00e7\u00e3o Mundial de Sa\u00fade (<strong><span style=\"color: #0000ff\"><a href=\"http:\/\/www.who.int\/classifications\/icd\/en\/\"><span style=\"color: #0000ff\">OMS<\/span><\/a><\/span><\/strong>) e a <strong><span style=\"color: #0000ff\"><a href=\"http:\/\/sites.usp.br\/ebt\/wp-content\/uploads\/sites\/44\/2014\/11\/ICD10-2010.pdf\"><span style=\"color: #0000ff\">CID-10<\/span><\/a><\/span><\/strong>. <strong>Arte de Educar <\/strong>promove e estimula condutas educacionais implantando a produ\u00e7\u00e3o de Multimeios E<\/span><span style=\"font-family: Arial\">ducacionais <\/span><span style=\"font-family: Arial\">(multiuso e multim\u00eddia) com <strong>Gest\u00e3o de Qualidade<\/strong> (\u00eanfase n<\/span><span style=\"font-family: Arial\">a intera\u00e7\u00e3o) visando incentivar a participa\u00e7\u00e3o na\u00a0<strong>Inclus\u00e3o Digital<\/strong><strong>:\u00a0<\/strong><strong>Minist\u00e9rio da Ci\u00eancia e Tecnologia e Informa\u00e7\u00e3o<\/strong>\u00a0(<strong><a href=\"http:\/\/www.mcti.gov.br\/\"><span style=\"color: #0000ff\">MCT<\/span><span style=\"color: #0000ff\">I<\/span><\/a>)<\/strong>, <\/span><span style=\"font-family: Arial\"><strong>Instituto Brasileiro de Informa\u00e7\u00e3o em Ci\u00eancia e Tecnologia (<\/strong><span style=\"color: #0000ff\"><strong><a href=\"http:\/\/www.ibict.br\/sobre-o-ibict\"><span style=\"color: #0000ff\">IBICT<\/span><\/a><\/strong><\/span>) e <strong>Instituto<\/strong> <strong>Nacional de Tecnologia e Informa\u00e7\u00e3o <\/strong>(<strong><span style=\"color: #0000ff\"><a href=\"http:\/\/www.iti.gov.br\/\"><span style=\"color: #0000ff\">INTI<\/span><\/a><\/span>)<\/strong>.<\/span><\/p>\n<hr \/>\n<p style=\"text-align: justify\"><strong><span style=\"font-size: 10px\">REFER\u00caNCIAS<\/span><\/strong><\/p>\n<div style=\"text-align: justify\" align=\"justify\">\n<div align=\"justify\"><span style=\"font-size: 10px\">1. BRASIL &#8211; Diretrizes e Bases da Educa\u00e7\u00e3o Nacional, 1996. [<span style=\"color: #0000ff\"><strong><a href=\"http:\/\/sites.usp.br\/ebt\/wp-content\/uploads\/sites\/44\/2014\/11\/Lei_9.394.pdf\"><span style=\"color: #0000ff\">Lei 9.394<\/span><\/a><\/strong><\/span>]<\/span><\/div>\n<div align=\"justify\"><span style=\"font-size: 10px\">2. BRASIL &#8211; Diretrizes Curriculares Nacionais do Curso de Gradua\u00e7\u00e3o em Odontologia, 2002. [<span style=\"color: #0000ff\"><strong><a href=\"http:\/\/sites.usp.br\/ebt\/wp-content\/uploads\/sites\/44\/2014\/11\/Resolu\u00e7\u00e3o-19-02-2002.pdf\"><span style=\"color: #0000ff\">Resolu\u00e7\u00e3o CNE\/CES 3<\/span><\/a><\/strong><\/span>]<\/span><\/div>\n<div align=\"justify\"><span style=\"font-size: 10px\">3. World Health Organization: International Statistical Classification of Diseases and Related Health Problems, Tenth Revision Instruction Manual. Geneva, World Health Organization, 2004. [<span style=\"color: #0000ff\"><strong><a href=\"http:\/\/sites.usp.br\/ebt\/wp-content\/uploads\/sites\/44\/2014\/11\/ICD10-2010.pdf\"><span style=\"color: #0000ff\">ICD<\/span><\/a><\/strong><\/span>] <\/span><\/div>\n<div align=\"justify\"><span style=\"font-size: 10px\">4. World Health Organization. [<span style=\"color: #0000ff\"><strong><a href=\"http:\/\/www.who.int\/en\/\"><span style=\"color: #0000ff\">WHO<\/span><\/a><\/strong><\/span>] <\/span><\/div>\n<div style=\"text-align: center\" align=\"justify\">\n<address style=\"text-align: right\">\n<hr \/>\n<hr \/>\n<\/address>\n<\/div>\n<\/div>\n","protected":false},"excerpt":{"rendered":"<p>\u2666 Marisa Semprini\u00a0&#8211; E-mail &#8211; Curr\u00edculo Lattes &#8211; Indicador de Produ\u00e7\u00e3o &#8211; WorldCat &#8211; Hindawi [&hellip;]<\/p>\n","protected":false},"author":58,"featured_media":0,"parent":9926,"menu_order":0,"comment_status":"open","ping_status":"closed","template":"","meta":{"footnotes":"","_links_to":"","_links_to_target":""},"class_list":["post-6814","page","type-page","status-publish","hentry"],"_links":{"self":[{"href":"https:\/\/sites.usp.br\/ebt\/index.php?rest_route=\/wp\/v2\/pages\/6814","targetHints":{"allow":["GET"]}}],"collection":[{"href":"https:\/\/sites.usp.br\/ebt\/index.php?rest_route=\/wp\/v2\/pages"}],"about":[{"href":"https:\/\/sites.usp.br\/ebt\/index.php?rest_route=\/wp\/v2\/types\/page"}],"author":[{"embeddable":true,"href":"https:\/\/sites.usp.br\/ebt\/index.php?rest_route=\/wp\/v2\/users\/58"}],"replies":[{"embeddable":true,"href":"https:\/\/sites.usp.br\/ebt\/index.php?rest_route=%2Fwp%2Fv2%2Fcomments&post=6814"}],"version-history":[{"count":3,"href":"https:\/\/sites.usp.br\/ebt\/index.php?rest_route=\/wp\/v2\/pages\/6814\/revisions"}],"predecessor-version":[{"id":9028,"href":"https:\/\/sites.usp.br\/ebt\/index.php?rest_route=\/wp\/v2\/pages\/6814\/revisions\/9028"}],"up":[{"embeddable":true,"href":"https:\/\/sites.usp.br\/ebt\/index.php?rest_route=\/wp\/v2\/pages\/9926"}],"wp:attachment":[{"href":"https:\/\/sites.usp.br\/ebt\/index.php?rest_route=%2Fwp%2Fv2%2Fmedia&parent=6814"}],"curies":[{"name":"wp","href":"https:\/\/api.w.org\/{rel}","templated":true}]}}