{"id":6977,"date":"2011-12-12T09:50:50","date_gmt":"2011-12-12T11:50:50","guid":{"rendered":"http:\/\/sites.usp.br\/ebt\/?page_id=6977"},"modified":"2020-02-21T11:04:23","modified_gmt":"2020-02-21T14:04:23","slug":"usp-portal-da-transparencia-informacao-a-disposicao-da-comunidade","status":"publish","type":"page","link":"https:\/\/sites.usp.br\/ebt\/?page_id=6977","title":{"rendered":"01 USP (Portal da Transpar\u00eancia): Informa\u00e7\u00e3o \u00e0 Disposi\u00e7\u00e3o da Comunidade"},"content":{"rendered":"<address><span style=\"color: #ff0000; font-size: 14px;\">\u2666 <\/span><em><span style=\"color: #ff0000;\"><em><strong><span style=\"color: #000000; font-size: 14px;\">Amadeu Rodrigues da Silva J\u00fanior <\/span><\/strong><\/em><\/span><\/em><span style=\"color: #ff0000;\"><strong><span style=\"font-size: 10px;\"><span style=\"color: #0000ff;\"><span style=\"color: #0000ff;\">&#8211; <\/span><\/span><span style=\"color: #0000ff;\"><a href=\"http:\/\/sites.usp.br\/ebt\/forp-contato\/\"><span style=\"color: #0000ff;\">E-mail <\/span><\/a><\/span><span style=\"color: #0000ff;\"><span style=\"color: #0000ff;\">&#8211; <\/span><\/span><span style=\"color: #0000ff;\"><a href=\"http:\/\/lattes.cnpq.br\/4941647300671224\"><span style=\"color: #0000ff;\">Curr\u00edculo Lattes<\/span><\/a><\/span><span style=\"color: #0000ff;\"><span style=\"color: #0000ff;\">\u00a0<\/span><\/span><\/span><\/strong><\/span><\/address>\n<hr \/>\n<hr \/>\n<address style=\"text-align: right;\"><strong><span style=\"font-size: 10px;\">p\u00e1gina 1<\/span><\/strong><\/address>\n<hr \/>\n<p style=\"text-align: justify;\"><span style=\"font-size: 10px;\">SILVA jr. A.R. USP: USP: Portal da Transpar\u00eancia &#8211; Informa\u00e7\u00e3o \u00e0 Disposi\u00e7\u00e3o da Comunidade. Enciclop\u00e9dia Brasileira de Teleodontologia, Volume 1 (S\u00e9rie U): p\u00e1gina 1, dezembro, 2015. ISSNN<strong><br \/>\n<\/strong><\/span><\/p>\n<hr \/>\n<p style=\"text-align: justify;\"><span style=\"font-family: Arial;\"><strong>Universidade de S\u00e3o Paulo (<span style=\"color: #0000ff;\"><a style=\"color: #0000ff;\" href=\"http:\/\/www5.usp.br\/\">USP<\/a><\/span>) apresenta o <span style=\"color: #0000ff;\"><a style=\"color: #0000ff;\" href=\"http:\/\/www.transparencia.usp.br\/\">Portal da Transpar\u00eancia<\/a> <\/span><\/strong>a\u00e7\u00e3o cont\u00ednua visando a <strong>Inclus\u00e3o Social<\/strong> com destaque para o primeiro momento significativo: Ensinar. <strong>Arte de Educar<\/strong> reflete atitude, habilidade, conduta, procedimento da &#8220;<em>maneira de ser<\/em>&#8221; do Educador. <\/span><\/p>\n<p style=\"text-align: justify;\"><span style=\"font-family: Arial;\"><strong>USP (<span style=\"color: #0000ff;\"><a style=\"color: #0000ff;\" href=\"http:\/\/www5.usp.br\/fale-com-a-usp\/\">Atendimento Online<\/a><\/span>) <\/strong>estimula o comportamento enfatizando o desempenho participativo <\/span><span style=\"font-family: Arial;\">objetivando motivar, facilitar e despertar a aprendizagem significativa transcendendo os contextos da Literatura Educacional.<\/span><\/p>\n<p style=\"text-align: justify;\"><span style=\"font-family: Arial;\"><strong>Espiral (Aprendizagem de Qualidade) <\/strong>est\u00e1 intimamente associada com <\/span><strong style=\"font-family: Arial;\">Gest\u00e3o Educacional<\/strong><span style=\"font-family: Arial;\">, inicia-se muito antes das contextualiza\u00e7\u00f5es e <\/span><span style=\"font-family: Arial;\">implanta\u00e7\u00f5es do Projeto Pedag\u00f3gico (Projeto Pol\u00edtico Pedag\u00f3gico &#8211; PPP), em Odontologia com vis\u00e3o no futuro (Interatividade dos multimeios) a Inser\u00e7\u00e3o Digital como globaliza\u00e7\u00e3o do conhecimento t\u00e9cnico e cient\u00edfico: <strong>Teleodontologia<\/strong>.<br \/>\n<\/span><\/p>\n<p style=\"text-align: justify;\"><span style=\"font-family: Arial;\"><strong>Arte de Educar<\/strong> \u00e9 foco em a\u00e7\u00f5es (formativa e assertiva) <\/span><span style=\"font-family: Arial;\">estimulando e auxiliando a Educa\u00e7\u00e3o Superior (Sa\u00fade Bucal) associados aos processos comportamentais do Educando (habilidade, <\/span><span style=\"font-family: Arial;\">compet\u00eancia <\/span><span style=\"font-family: Arial;\">e atitude) com apoio das ferramentas virtuais facilitadoras (<strong>BRASIL<\/strong>, 1996, 2002) estabelecidas pelo Minist\u00e9rio da Educa\u00e7\u00e3o (<strong><span style=\"color: #0000ff;\"><a href=\"http:\/\/portal.mec.gov.br\/\"><span style=\"color: #0000ff;\">MEC<\/span><\/a><\/span><\/strong>) e o Sistema Nacional de Avalia\u00e7\u00e3o da Educa\u00e7\u00e3o Superior (<span style=\"color: #0000ff;\"><strong><a href=\"http:\/\/sites.usp.br\/ebt\/wp-content\/uploads\/sites\/44\/2014\/11\/Lei_10861_2004_SINAES.pdf\"><span style=\"color: #0000ff;\">SINAES<\/span><\/a><\/strong><\/span>, 2004).<\/span><\/p>\n<p style=\"text-align: justify;\"><span style=\"font-family: Arial;\">Aprendizagem de Qualidade (<strong>Arte de Educar<\/strong>) visa promover e estimular o processo educacional para a cria\u00e7\u00e3o e desenvolvimento de a\u00e7\u00f5es, recursos pedag\u00f3gicos (t\u00e9cnicos e cient\u00edficos) para a produ\u00e7\u00e3o de multimeios (multiusos e multim\u00eddia) educacionais (Gest\u00e3o de Qualidade) com \u00eanfase no Livre Acesso. <\/span><span style=\"font-family: Arial;\"><strong>Arte de Educar<\/strong> estabelece as intera\u00e7\u00f5es visam incentivar as participa\u00e7\u00f5es nas atividades reflexivas na <strong>Inclus\u00e3o Digital<\/strong> promovida pelo <strong>Minist\u00e9rio da Ci\u00eancia e Tecnologia e Informa\u00e7\u00e3o<\/strong> (<a href=\"http:\/\/www.mcti.gov.br\/\"><strong><span style=\"color: #0000ff;\">MCT<\/span><span style=\"color: #0000ff;\">I<\/span><\/strong><\/a>) <\/span><span style=\"font-family: Arial;\">e<strong> Instituto Brasileiro de Informa\u00e7\u00e3o em Ci\u00eancia e Tecnologia<\/strong> (<span style=\"color: #0000ff;\"><strong><a href=\"http:\/\/www.ibict.br\/sobre-o-ibict\"><span style=\"color: #0000ff;\">IBICT<\/span><\/a><\/strong><\/span>) e <strong>Instituto<\/strong> <strong>Instituto Nacional de Tecnologia e Informa\u00e7\u00e3o (<span style=\"color: #0000ff;\"><a href=\"http:\/\/www.iti.gov.br\/\"><span style=\"color: #0000ff;\">INTI<\/span><\/a><\/span>)<\/strong>.<\/span><\/p>\n<hr \/>\n<p style=\"text-align: justify;\"><strong><span style=\"font-size: 10px;\">REFER\u00caNCIAS<\/span><\/strong><\/p>\n<div style=\"text-align: justify;\" align=\"justify\">\n<div align=\"justify\"><span style=\"font-size: 10px;\">1. BRASIL &#8211; LEI N\u00ba 12.741, de 8 de dezembro de 2012.. [<span style=\"color: #0000ff;\"><strong><a href=\"http:\/\/www.planalto.gov.br\/ccivil_03\/_ato2011-2014\/2011\/lei\/l12527.htm\"><span style=\"color: #0000ff;\">Lei 9.394<\/span><\/a><\/strong><\/span>].<\/span><\/div>\n<div align=\"justify\"><\/div>\n<div style=\"text-align: center;\" align=\"justify\">\n<address style=\"text-align: right;\">\n<hr \/>\n<hr \/>\n<\/address>\n<\/div>\n<\/div>\n","protected":false},"excerpt":{"rendered":"<p>\u2666 Amadeu Rodrigues da Silva J\u00fanior &#8211; E-mail &#8211; Curr\u00edculo Lattes\u00a0 p\u00e1gina 1 SILVA jr. [&hellip;]<\/p>\n","protected":false},"author":58,"featured_media":0,"parent":9070,"menu_order":9,"comment_status":"open","ping_status":"closed","template":"","meta":{"footnotes":"","_links_to":"","_links_to_target":""},"class_list":["post-6977","page","type-page","status-publish","hentry"],"_links":{"self":[{"href":"https:\/\/sites.usp.br\/ebt\/index.php?rest_route=\/wp\/v2\/pages\/6977","targetHints":{"allow":["GET"]}}],"collection":[{"href":"https:\/\/sites.usp.br\/ebt\/index.php?rest_route=\/wp\/v2\/pages"}],"about":[{"href":"https:\/\/sites.usp.br\/ebt\/index.php?rest_route=\/wp\/v2\/types\/page"}],"author":[{"embeddable":true,"href":"https:\/\/sites.usp.br\/ebt\/index.php?rest_route=\/wp\/v2\/users\/58"}],"replies":[{"embeddable":true,"href":"https:\/\/sites.usp.br\/ebt\/index.php?rest_route=%2Fwp%2Fv2%2Fcomments&post=6977"}],"version-history":[{"count":4,"href":"https:\/\/sites.usp.br\/ebt\/index.php?rest_route=\/wp\/v2\/pages\/6977\/revisions"}],"predecessor-version":[{"id":35473,"href":"https:\/\/sites.usp.br\/ebt\/index.php?rest_route=\/wp\/v2\/pages\/6977\/revisions\/35473"}],"up":[{"embeddable":true,"href":"https:\/\/sites.usp.br\/ebt\/index.php?rest_route=\/wp\/v2\/pages\/9070"}],"wp:attachment":[{"href":"https:\/\/sites.usp.br\/ebt\/index.php?rest_route=%2Fwp%2Fv2%2Fmedia&parent=6977"}],"curies":[{"name":"wp","href":"https:\/\/api.w.org\/{rel}","templated":true}]}}