{"id":8285,"date":"2016-02-29T14:26:55","date_gmt":"2016-02-29T17:26:55","guid":{"rendered":"http:\/\/sites.usp.br\/ebt\/?page_id=8285"},"modified":"2020-09-23T16:38:08","modified_gmt":"2020-09-23T19:38:08","slug":"duvida_issn-2448-1181","status":"publish","type":"page","link":"https:\/\/sites.usp.br\/ebt\/?page_id=8285","title":{"rendered":"Perguntas \/ D\u00favidas?"},"content":{"rendered":"<p style=\"text-align: center;\"><a href=\"http:\/\/sites.usp.br\/ebt\/wp-login.php\"><img loading=\"lazy\" decoding=\"async\" class=\"attachment-266x266 aligncenter\" src=\"http:\/\/sites.usp.br\/podae\/wp-content\/uploads\/sites\/36\/2014\/05\/FORP_PODAE_00.jpg\" alt=\"FORP_PODAE_00\" width=\"41\" height=\"43\" \/><\/a><span style=\"color: #ff0000;\"><span style=\"font-size: 13px; color: #ff0000;\"><span style=\"color: #000000;\"><strong>Enciclop\u00e9dia Brasileira de Teleodontologia <\/strong>(<span style=\"text-decoration: underline; color: #0000ff;\"><strong><a style=\"color: #0000ff; text-decoration: underline;\" href=\"http:\/\/sites.usp.br\/ebt\/forp-expediente-encicl-bras-teleodontol\/issn-2448-1181-2\/\">ISSN 2448 &#8211; 1181<\/a><\/strong><\/span>) faz parte do &#8220;Projeto Educacional&#8221; da <strong>Faculdade de Odontologia de Ribeir\u00e3o Preto<\/strong>, da <strong>Universidade de S\u00e3o Paulo<\/strong> (FORP \/ USP).<br \/>\n<\/span><\/span><\/span><\/p>\n<div style=\"text-align: left;\" align=\"justify\"><span style=\"color: #ff0000;\"><span style=\"font-size: 13px; color: #ff0000;\"><span style=\"color: #000000;\">Relatores (Pareceristas &#8211; Assessores \u201c<em>ad hoc<\/em>\u201c): Pesquisadores de not\u00f3rio saber de Institui\u00e7\u00e3o de Ensino \/ Pesquisa\u00a0<\/span><\/span><\/span><\/div>\n<hr \/>\n<div style=\"text-align: justify;\" align=\"justify\">\n<div style=\"text-align: center;\" align=\"justify\">\n<address style=\"text-align: right;\">\n<hr \/>\n<\/address>\n<\/div>\n<\/div>\n","protected":false},"excerpt":{"rendered":"<p>Enciclop\u00e9dia Brasileira de Teleodontologia (ISSN 2448 &#8211; 1181) faz parte do &#8220;Projeto Educacional&#8221; da Faculdade [&hellip;]<\/p>\n","protected":false},"author":58,"featured_media":0,"parent":35570,"menu_order":0,"comment_status":"open","ping_status":"closed","template":"","meta":{"footnotes":"","_links_to":"","_links_to_target":""},"class_list":["post-8285","page","type-page","status-publish","hentry"],"_links":{"self":[{"href":"https:\/\/sites.usp.br\/ebt\/index.php?rest_route=\/wp\/v2\/pages\/8285","targetHints":{"allow":["GET"]}}],"collection":[{"href":"https:\/\/sites.usp.br\/ebt\/index.php?rest_route=\/wp\/v2\/pages"}],"about":[{"href":"https:\/\/sites.usp.br\/ebt\/index.php?rest_route=\/wp\/v2\/types\/page"}],"author":[{"embeddable":true,"href":"https:\/\/sites.usp.br\/ebt\/index.php?rest_route=\/wp\/v2\/users\/58"}],"replies":[{"embeddable":true,"href":"https:\/\/sites.usp.br\/ebt\/index.php?rest_route=%2Fwp%2Fv2%2Fcomments&post=8285"}],"version-history":[{"count":5,"href":"https:\/\/sites.usp.br\/ebt\/index.php?rest_route=\/wp\/v2\/pages\/8285\/revisions"}],"predecessor-version":[{"id":35051,"href":"https:\/\/sites.usp.br\/ebt\/index.php?rest_route=\/wp\/v2\/pages\/8285\/revisions\/35051"}],"up":[{"embeddable":true,"href":"https:\/\/sites.usp.br\/ebt\/index.php?rest_route=\/wp\/v2\/pages\/35570"}],"wp:attachment":[{"href":"https:\/\/sites.usp.br\/ebt\/index.php?rest_route=%2Fwp%2Fv2%2Fmedia&parent=8285"}],"curies":[{"name":"wp","href":"https:\/\/api.w.org\/{rel}","templated":true}]}}