{"id":89,"date":"2011-01-01T00:01:25","date_gmt":"2011-01-01T02:01:25","guid":{"rendered":"http:\/\/sites.usp.brprp\/?page_id=89"},"modified":"2020-12-05T13:55:14","modified_gmt":"2020-12-05T16:55:14","slug":"forp-a-d-encl-bras-teleodontol","status":"publish","type":"page","link":"https:\/\/sites.usp.br\/ebt\/?page_id=89","title":{"rendered":"A \/ E"},"content":{"rendered":"<div style=\"text-align: left;\" align=\"center\">\n<p style=\"text-align: center;\"><span style=\"color: #800080;\"><strong><span style=\"font-size: 16px;\"><span style=\"font-family: Arial;\">ENCICLOP\u00c9DIA BRASILEIRA DE TELEODONTOLOGIA<br \/>\n<\/span><\/span><\/strong><\/span><strong><span style=\"font-size: 12px;\"><span style=\"font-family: Arial;\"> ISSN <span style=\"color: #0000ff;\"><a style=\"color: #0000ff;\" href=\"https:\/\/portal.issn.org\/resource\/ISSN\/2448-1181#\">2448-1181<\/a><\/span><\/span><\/span><\/strong><strong><span style=\"font-size: 12px;\"><span style=\"font-family: Arial;\"> (<span style=\"color: #0000ff;\"><a style=\"color: #0000ff;\" href=\"https:\/\/sites.usp.br\/podae\/wp-content\/uploads\/sites\/36\/2019\/06\/Encicl.-Bras.Teleodontol.jpg\">SIBi<\/a><\/span>) \/ <span style=\"color: #0000ff;\"><a style=\"color: #0000ff;\" href=\"https:\/\/sites.usp.br\/ebt\/\">Site<\/a><\/span> (<a href=\"https:\/\/sites.usp.br\/ebt\/?page_id=115\"><span style=\"color: #0000ff;\">Expediente<\/span><\/a> \/ <span style=\"color: #0000ff;\"><a style=\"color: #0000ff;\" href=\"https:\/\/sites.usp.br\/ebt\/?p=251\">Sum\u00e1rio<\/a> <span style=\"color: #000000;\">e<\/span> <a style=\"color: #0000ff;\" href=\"https:\/\/sites.usp.br\/ebt\/?p=251\"><span style=\"color: #0000ff;\">Suplemento<\/span><\/a><\/span>)<br \/>\n<\/span><\/span><\/strong><strong><span style=\"font-size: 12px;\"><span style=\"font-family: Arial;\"> Polo de Odontologia Digital Aplicado \u00e0 Educa\u00e7\u00e3o<\/span><\/span><\/strong> <span style=\"font-size: 12px;\"><span style=\"font-family: Arial;\"><span style=\"color: #0000ff;\"><span style=\"color: #000000;\">(<\/span><\/span><\/span><\/span><a href=\"https:\/\/sites.usp.br\/podae\/\"><span style=\"color: #0000ff;\"><strong><span style=\"font-size: 12px;\"><span style=\"font-family: Arial;\">PODAE<\/span><\/span><\/strong><\/span><\/a><span style=\"font-size: 12px;\"><span style=\"font-family: Arial;\"><span style=\"color: #0000ff;\"><span style=\"color: #000000;\">)<strong>:<\/strong><\/span><\/span><\/span><\/span><strong><span style=\"font-size: 12px;\"><span style=\"font-family: Arial;\"><span style=\"color: #0000ff;\"><span style=\"color: #000000;\"> <span style=\"color: #0000ff;\"><a style=\"color: #0000ff;\" href=\"https:\/\/www.forp.usp.br\/\">FORP<\/a><\/span> \/<a href=\"https:\/\/www5.usp.br\/\"><span style=\"color: #0000ff;\"> USP<\/span><\/a><\/span><\/span><\/span><\/span><\/strong><\/p>\n<div style=\"text-align: left;\" align=\"center\">\n<address style=\"text-align: right;\">\n<div align=\"center\">\n<hr style=\"width: 321px;\" \/>\n<\/div>\n<\/address>\n<\/div>\n<\/div>\n<address style=\"text-align: right;\">\n<hr style=\"width: 321px;\" \/>\n<div align=\"center\">\n<p>&nbsp;<\/p>\n<\/div>\n<\/address>\n<address style=\"text-align: right;\">\u00a0<\/address>\n","protected":false},"excerpt":{"rendered":"<p>ENCICLOP\u00c9DIA BRASILEIRA DE TELEODONTOLOGIA ISSN 2448-1181 (SIBi) \/ Site (Expediente \/ Sum\u00e1rio e Suplemento) Polo [&hellip;]<\/p>\n","protected":false},"author":13,"featured_media":0,"parent":0,"menu_order":1,"comment_status":"closed","ping_status":"closed","template":"","meta":{"footnotes":"","_links_to":"","_links_to_target":""},"class_list":["post-89","page","type-page","status-publish","hentry"],"_links":{"self":[{"href":"https:\/\/sites.usp.br\/ebt\/index.php?rest_route=\/wp\/v2\/pages\/89","targetHints":{"allow":["GET"]}}],"collection":[{"href":"https:\/\/sites.usp.br\/ebt\/index.php?rest_route=\/wp\/v2\/pages"}],"about":[{"href":"https:\/\/sites.usp.br\/ebt\/index.php?rest_route=\/wp\/v2\/types\/page"}],"author":[{"embeddable":true,"href":"https:\/\/sites.usp.br\/ebt\/index.php?rest_route=\/wp\/v2\/users\/13"}],"replies":[{"embeddable":true,"href":"https:\/\/sites.usp.br\/ebt\/index.php?rest_route=%2Fwp%2Fv2%2Fcomments&post=89"}],"version-history":[{"count":5,"href":"https:\/\/sites.usp.br\/ebt\/index.php?rest_route=\/wp\/v2\/pages\/89\/revisions"}],"predecessor-version":[{"id":36751,"href":"https:\/\/sites.usp.br\/ebt\/index.php?rest_route=\/wp\/v2\/pages\/89\/revisions\/36751"}],"wp:attachment":[{"href":"https:\/\/sites.usp.br\/ebt\/index.php?rest_route=%2Fwp%2Fv2%2Fmedia&parent=89"}],"curies":[{"name":"wp","href":"https:\/\/api.w.org\/{rel}","templated":true}]}}