{"id":8992,"date":"2016-01-18T00:18:34","date_gmt":"2016-01-18T02:18:34","guid":{"rendered":"http:\/\/sites.usp.br\/ebt\/?page_id=8992"},"modified":"2017-03-28T15:56:03","modified_gmt":"2017-03-28T18:56:03","slug":"t-0-tematica-profissional-odontologia-avancos-tecnicos-e-cientificos","status":"publish","type":"page","link":"https:\/\/sites.usp.br\/ebt\/?page_id=8992","title":{"rendered":"T.08 Tem\u00e1tica Profissional (Odontologia): Avan\u00e7os T\u00e9cnicos e Cient\u00edficos"},"content":{"rendered":"<hr \/>\n<address style=\"text-align: right\"><span style=\"color: #fd8725;font-size: 14px\">\u2666 <\/span><strong><span style=\"font-size: 10px\">Enciclop\u00e9dia Brasileira de Teleodontologia, Volume\u00a0 8 (S\u00e9rie T) &#8211; ISSN 2448 -1181<br \/>\n<\/span><\/strong><\/address>\n<hr \/>\n<address style=\"text-align: right\"><span style=\"color: #ff0000;font-size: 14px\">\u2666 <\/span><strong><span style=\"font-size: 10px\">Sum\u00e1rio <\/span><\/strong><\/address>\n<hr \/>\n<hr \/>\n","protected":false},"excerpt":{"rendered":"<p>\u2666 Enciclop\u00e9dia Brasileira de Teleodontologia, Volume\u00a0 8 (S\u00e9rie T) &#8211; ISSN 2448 -1181 \u2666 Sum\u00e1rio<\/p>\n","protected":false},"author":58,"featured_media":0,"parent":1592,"menu_order":0,"comment_status":"open","ping_status":"closed","template":"","meta":{"footnotes":"","_links_to":"","_links_to_target":""},"class_list":["post-8992","page","type-page","status-publish","hentry"],"_links":{"self":[{"href":"https:\/\/sites.usp.br\/ebt\/index.php?rest_route=\/wp\/v2\/pages\/8992","targetHints":{"allow":["GET"]}}],"collection":[{"href":"https:\/\/sites.usp.br\/ebt\/index.php?rest_route=\/wp\/v2\/pages"}],"about":[{"href":"https:\/\/sites.usp.br\/ebt\/index.php?rest_route=\/wp\/v2\/types\/page"}],"author":[{"embeddable":true,"href":"https:\/\/sites.usp.br\/ebt\/index.php?rest_route=\/wp\/v2\/users\/58"}],"replies":[{"embeddable":true,"href":"https:\/\/sites.usp.br\/ebt\/index.php?rest_route=%2Fwp%2Fv2%2Fcomments&post=8992"}],"version-history":[{"count":6,"href":"https:\/\/sites.usp.br\/ebt\/index.php?rest_route=\/wp\/v2\/pages\/8992\/revisions"}],"predecessor-version":[{"id":20455,"href":"https:\/\/sites.usp.br\/ebt\/index.php?rest_route=\/wp\/v2\/pages\/8992\/revisions\/20455"}],"up":[{"embeddable":true,"href":"https:\/\/sites.usp.br\/ebt\/index.php?rest_route=\/wp\/v2\/pages\/1592"}],"wp:attachment":[{"href":"https:\/\/sites.usp.br\/ebt\/index.php?rest_route=%2Fwp%2Fv2%2Fmedia&parent=8992"}],"curies":[{"name":"wp","href":"https:\/\/api.w.org\/{rel}","templated":true}]}}