{"id":9077,"date":"2016-04-13T15:30:20","date_gmt":"2016-04-13T18:30:20","guid":{"rendered":"http:\/\/sites.usp.br\/ebt\/?page_id=9077"},"modified":"2018-04-26T13:26:31","modified_gmt":"2018-04-26T16:26:31","slug":"p-0-polo","status":"publish","type":"page","link":"https:\/\/sites.usp.br\/ebt\/?page_id=9077","title":{"rendered":"P.01 Polo de Odontologia Digital Aplicado \u00e0 Educa\u00e7\u00e3o (PODAE)"},"content":{"rendered":"<hr \/>\n<address style=\"text-align: right\"><span style=\"color: #fd8725;font-size: 14px\">\u2666 <\/span><strong><span style=\"font-size: 10px\">Enciclop\u00e9dia Brasileira de Teleodontologia, Volume 1\u00a0(<span style=\"color: #0000ff\"><a style=\"color: #0000ff\" href=\"http:\/\/sites.usp.br\/ebt\/forp-m-p-encl-bras-teleodontol\/p\/\">S\u00e9rie P<\/a><\/span>): janeiro \/ dezembro, 2011. ISSN 2448 -1181<br \/>\n<\/span><\/strong><\/address>\n<hr \/>\n<address style=\"text-align: right\"><span style=\"color: #ff0000;font-size: 14px\">\u2666 <\/span><strong><span style=\"font-size: 10px\">Sum\u00e1rio <\/span><\/strong><\/address>\n<hr \/>\n<hr \/>\n","protected":false},"excerpt":{"rendered":"<p>\u2666 Enciclop\u00e9dia Brasileira de Teleodontologia, Volume 1\u00a0(S\u00e9rie P): janeiro \/ dezembro, 2011. ISSN 2448 -1181 [&hellip;]<\/p>\n","protected":false},"author":58,"featured_media":0,"parent":1200,"menu_order":0,"comment_status":"open","ping_status":"closed","template":"","meta":{"footnotes":"","_links_to":"","_links_to_target":""},"class_list":["post-9077","page","type-page","status-publish","hentry"],"_links":{"self":[{"href":"https:\/\/sites.usp.br\/ebt\/index.php?rest_route=\/wp\/v2\/pages\/9077","targetHints":{"allow":["GET"]}}],"collection":[{"href":"https:\/\/sites.usp.br\/ebt\/index.php?rest_route=\/wp\/v2\/pages"}],"about":[{"href":"https:\/\/sites.usp.br\/ebt\/index.php?rest_route=\/wp\/v2\/types\/page"}],"author":[{"embeddable":true,"href":"https:\/\/sites.usp.br\/ebt\/index.php?rest_route=\/wp\/v2\/users\/58"}],"replies":[{"embeddable":true,"href":"https:\/\/sites.usp.br\/ebt\/index.php?rest_route=%2Fwp%2Fv2%2Fcomments&post=9077"}],"version-history":[{"count":4,"href":"https:\/\/sites.usp.br\/ebt\/index.php?rest_route=\/wp\/v2\/pages\/9077\/revisions"}],"predecessor-version":[{"id":31279,"href":"https:\/\/sites.usp.br\/ebt\/index.php?rest_route=\/wp\/v2\/pages\/9077\/revisions\/31279"}],"up":[{"embeddable":true,"href":"https:\/\/sites.usp.br\/ebt\/index.php?rest_route=\/wp\/v2\/pages\/1200"}],"wp:attachment":[{"href":"https:\/\/sites.usp.br\/ebt\/index.php?rest_route=%2Fwp%2Fv2%2Fmedia&parent=9077"}],"curies":[{"name":"wp","href":"https:\/\/api.w.org\/{rel}","templated":true}]}}