{"id":9140,"date":"2016-04-14T14:41:58","date_gmt":"2016-04-14T17:41:58","guid":{"rendered":"http:\/\/sites.usp.br\/ebt\/?page_id=9140"},"modified":"2018-09-20T16:41:17","modified_gmt":"2018-09-20T19:41:17","slug":"usp-pro-reitoria-de-graduacao-sistema-janus-gestao-academica-acoes-multidisciplinares","status":"publish","type":"page","link":"https:\/\/sites.usp.br\/ebt\/?page_id=9140","title":{"rendered":"03 USP: Pr\u00f3-Reitoria de Gradua\u00e7\u00e3o (Sistema Janus): A\u00e7\u00f5es Multidisciplinares"},"content":{"rendered":"","protected":false},"excerpt":{"rendered":"","protected":false},"author":58,"featured_media":0,"parent":18380,"menu_order":0,"comment_status":"open","ping_status":"closed","template":"","meta":{"footnotes":"","_links_to":"","_links_to_target":""},"class_list":["post-9140","page","type-page","status-publish","hentry"],"_links":{"self":[{"href":"https:\/\/sites.usp.br\/ebt\/index.php?rest_route=\/wp\/v2\/pages\/9140","targetHints":{"allow":["GET"]}}],"collection":[{"href":"https:\/\/sites.usp.br\/ebt\/index.php?rest_route=\/wp\/v2\/pages"}],"about":[{"href":"https:\/\/sites.usp.br\/ebt\/index.php?rest_route=\/wp\/v2\/types\/page"}],"author":[{"embeddable":true,"href":"https:\/\/sites.usp.br\/ebt\/index.php?rest_route=\/wp\/v2\/users\/58"}],"replies":[{"embeddable":true,"href":"https:\/\/sites.usp.br\/ebt\/index.php?rest_route=%2Fwp%2Fv2%2Fcomments&post=9140"}],"version-history":[{"count":4,"href":"https:\/\/sites.usp.br\/ebt\/index.php?rest_route=\/wp\/v2\/pages\/9140\/revisions"}],"predecessor-version":[{"id":32390,"href":"https:\/\/sites.usp.br\/ebt\/index.php?rest_route=\/wp\/v2\/pages\/9140\/revisions\/32390"}],"up":[{"embeddable":true,"href":"https:\/\/sites.usp.br\/ebt\/index.php?rest_route=\/wp\/v2\/pages\/18380"}],"wp:attachment":[{"href":"https:\/\/sites.usp.br\/ebt\/index.php?rest_route=%2Fwp%2Fv2%2Fmedia&parent=9140"}],"curies":[{"name":"wp","href":"https:\/\/api.w.org\/{rel}","templated":true}]}}