{"id":9156,"date":"2016-04-14T15:05:01","date_gmt":"2016-04-14T18:05:01","guid":{"rendered":"http:\/\/sites.usp.br\/ebt\/?page_id=9156"},"modified":"2018-09-20T16:41:58","modified_gmt":"2018-09-20T19:41:58","slug":"usp-pro-reitoria-de-graduacao-bolsa-de-estudo-promover-formacao-academcia-e-profissional","status":"publish","type":"page","link":"https:\/\/sites.usp.br\/ebt\/?page_id=9156","title":{"rendered":"04 USP: Pr\u00f3-Reitoria de Gradua\u00e7\u00e3o (Bolsa de Estudo): Promover a Forma\u00e7\u00e3o Academcia e Profissional"},"content":{"rendered":"<address><span style=\"color: #ff0000;font-size: 14px\">\u2666\u00a0<\/span> <span style=\"color: #ff0000\"><span style=\"color: #ff0000\"><span style=\"font-size: 10px\"><strong><span style=\"color: #0000ff\"><em><span style=\"color: #ff0000\"><em><strong><span style=\"color: #000000;font-size: 14px\">Luiz Carlos Pardini <\/span><\/strong><\/em><\/span><\/em><span style=\"color: #ff0000\"><strong><span style=\"font-size: 10px\"><span style=\"color: #0000ff\"><span style=\"color: #0000ff\">&#8211;<\/span><\/span><\/span><\/strong><\/span><\/span><\/strong><\/span><\/span><\/span> <span style=\"color: #ff0000\"><span style=\"color: #ff0000\"><span style=\"font-size: 10px\"><strong><span style=\"color: #0000ff\"><strong><span style=\"font-size: 10px\"><a style=\"color: #0000ff\" href=\"https:\/\/uspdigital.usp.br\/telefonia\/telFormularioEmail.jsp?codigoPessoaUsuario=0&amp;codigoPessoa=75623&amp;nomePessoa=Luiz Carlos Pardini&amp;print=s\">E-mail<span style=\"color: #000000\">(<\/span><em>USP<\/em><\/a><span style=\"color: #000000\">) <\/span><\/span><\/strong><span style=\"color: #ff0000\"><strong><span style=\"font-size: 10px\"><span style=\"color: #0000ff\"><span style=\"color: #0000ff\">&#8211; <\/span><\/span><span style=\"color: #0000ff\"><a href=\"http:\/\/buscatextual.cnpq.br\/buscatextual\/visualizacv.do?metodo=apresentar&amp;id=K4796807T1\"><span style=\"color: #0000ff\">Curr\u00edculo Lattes<\/span><\/a><\/span><span style=\"color: #0000ff\"><span style=\"color: #0000ff\">\u00a0<\/span><\/span><\/span><\/strong><\/span><\/span><\/strong><\/span><\/span><\/span><\/address>\n<hr \/>\n<hr \/>\n<address style=\"text-align: right\"><strong><span style=\"font-size: 10px\">p\u00e1gina 1<\/span><\/strong><\/address>\n<hr \/>\n<p style=\"text-align: justify\"><span style=\"font-size: 10px\">PARDINI, L.C. USP: Pr\u00f3-Reitoria de Gradua\u00e7\u00e3o (Bolsa de Estudo): Promover a Forma\u00e7\u00e3o Academcia e Profissional. Encicl. Bras. Teleodontol.,, Volume 1 (S\u00e9rie A): p\u00e1gina 1, fevereiro, 2016.\u00a0<strong> ISSN <\/strong><\/span><\/p>\n<hr \/>\n<p style=\"text-align: justify\"><span style=\"font-family: Arial\"><strong>Universidade de S\u00e3o Paulo <\/strong>(<strong>USP<\/strong>) institui o<strong> &#8220;Programa Unificado de Bolsa de Estudo&#8221; <\/strong>para estudante de Gradua\u00e7\u00e3o &#8220;<\/span><span style=\"font-family: Arial\"><strong>Bolsa de Estudo&#8221;. <\/strong>Cumpre destacar que os Cursos de Gradua\u00e7\u00e3o da USP s\u00e3o <strong>gratuitos<\/strong>. <\/span><\/p>\n<p style=\"text-align: justify\"><span style=\"font-family: Arial\">A Bolsa de Estudos (auxilio) tem como um dos objetivos incentivar o aluno a atuar em pesquisas com orienta\u00e7\u00e3o dos docentes.<br \/>\n<\/span><\/p>\n<p style=\"text-align: justify\"><span style=\"font-family: Arial\">As informa\u00e7\u00f5es est\u00e3o disponibilizando na <strong>Pr\u00f3-Reitoria de Gradua\u00e7\u00e3o (<span style=\"color: #0000ff\"><a style=\"color: #0000ff\" href=\"http:\/\/www5.usp.br\/ensino\/graduacao\/\">ProGradUSP<\/a><\/span>) <\/strong>estimulando as a\u00e7\u00f5es\u00a0 educacional, sendo que os docentes da FORP\/USP prestigiam esta iniciativa com projetos na \u00e1rea da Sa\u00fade (<strong>Odontologia<\/strong>) fortalecendo os conhecimentos dos estudantes futuros profissionais (<strong>Cirurgi\u00e3o-Dentista<\/strong>).<\/span><\/p>\n<p style=\"text-align: justify\"><span style=\"font-family: Arial\">Na FORP\/USP\u00a0 projetos s\u00e3o <\/span><span style=\"font-family: Arial\">orientadas e desenvolvidos nos laborat\u00f3rios de pesquisa (<strong>LACIRO<\/strong>, <\/span><span style=\"font-family: Arial\"><span style=\"text-decoration: underline\"><strong><span style=\"color: #0000ff\"><a style=\"color: #0000ff;text-decoration: underline\" href=\"http:\/\/sites.usp.br\/ebt\/forp-m-p\/p\/2011-2\/\">PODAE<\/a><\/span><\/strong><\/span>)\u00a0<\/span><span style=\"font-family: Arial\"> com fundamentos educacionais (<\/span><span style=\"font-family: Arial\"><strong>Abordagem Educacional<\/strong><\/span><span style=\"font-family: Arial\">) contribuindo para a forma\u00e7\u00e3o acad\u00eamica para motivar o <strong>Educando<\/strong> (futuro profissional) com conhecimentos atualizados [<strong><span style=\"color: #0000ff\"><a style=\"color: #0000ff\" href=\"http:\/\/sites.usp.br\/ebt\/wp-content\/uploads\/sites\/44\/2014\/11\/ICD10-2010.pdf\">3<\/a><\/span><\/strong>, <strong><span style=\"color: #0000ff\"><a style=\"color: #0000ff\" href=\"http:\/\/www.who.int\/en\/\">4<\/a><\/span><\/strong>] e inovadores (nos processos educacionais estimulando: habilidade, compet\u00eancia, atitude comportamental e \u00e9tica. <\/span><\/p>\n<p style=\"text-align: justify\"><span style=\"font-family: Arial\">O Educando (aluno) aprendiz participa em <strong><span style=\"color: #0000ff\"><a href=\"https:\/\/uspdigital.usp.br\/tycho\/gruposPesquisaListarAreasConhecimento?areaConhecimento=40200000&amp;nomeArea=Odontologia\"><span style=\"color: #0000ff\">Grupos de Pesquisa\/USP<\/span><\/a><\/span><\/strong> (<strong><a href=\"http:\/\/cnpq.br\/\">CNpQ<\/a><\/strong>) e Centros de Pesquisas (<strong><span style=\"color: #0000ff\"><a style=\"color: #0000ff\" href=\"http:\/\/sites.usp.br\/laciro\/\">LACIRO<\/a><\/span><\/strong>) <\/span><span style=\"font-family: Arial\">como fator desencadeante do ensino e aprendizado <\/span><span style=\"font-family: Arial\">com orienta\u00e7\u00f5es dos docentes.<\/span><\/p>\n<p style=\"text-align: justify\"><span style=\"font-family: Arial\">Os projetos de pesquisa s\u00e3o desenvolvidos (<strong>Ensinar\u00a0 com Projeto<\/strong>: Estrutura Organizacional Educativa) os conhecimentos (t\u00e9cnicos e cient\u00edficos) estabelecidas pela <strong>Organiza\u00e7\u00e3o Mundial de Sa\u00fade<\/strong> (<strong><span style=\"color: #0000ff\"><a href=\"http:\/\/www.who.int\/classifications\/icd\/en\/\"><span style=\"color: #0000ff\">OMS<\/span><\/a><\/span><\/strong>) com base <strong><span style=\"color: #0000ff\"><a href=\"http:\/\/sites.usp.br\/ebt\/wp-content\/uploads\/sites\/44\/2014\/11\/ICD10-2010.pdf\"><span style=\"color: #0000ff\">CID-10<\/span><\/a><\/span><\/strong>. <\/span><\/p>\n<p style=\"text-align: justify\"><span style=\"font-family: Arial\">O Gestor do Projeto de Pesquisa (Professor) deve estar ciente de conduzir com sensibilidade evidenciado pela &#8220;<span style=\"color: #0000ff\"><strong><a style=\"color: #0000ff\" href=\"http:\/\/sites.usp.br\/ebt\/forp-a-d\/a\/2011-teleodontologia-abordagem-educacional\/01-abordagem-educacional-arte-de-educar-1o-momento-ensinar-aprendizagem-significativa\/\">Arte de Ensinar<\/a><\/strong><\/span>&#8220;.\u00a0<\/span><\/p>\n<hr \/>\n<p style=\"text-align: justify\"><strong><span style=\"font-size: 10px\">REFER\u00caNCIAS<\/span><\/strong><\/p>\n<div style=\"text-align: justify\" align=\"justify\">\n<div align=\"justify\"><span style=\"font-size: 10px\">1. BRASIL &#8211; Diretrizes e Bases da Educa\u00e7\u00e3o Nacional, 1996. [<span style=\"color: #0000ff\"><strong><a href=\"http:\/\/sites.usp.br\/ebt\/wp-content\/uploads\/sites\/44\/2014\/11\/Lei_9.394.pdf\"><span style=\"color: #0000ff\">Lei- 9.394<\/span><\/a><\/strong><\/span>].<\/span><\/div>\n<div align=\"justify\"><span style=\"font-size: 10px\">2. BRASIL &#8211; Diretrizes Curriculares Nacionais do Curso de Gradua\u00e7\u00e3o em Odontologia, 2002. [<span style=\"color: #0000ff\"><strong><a href=\"http:\/\/sites.usp.br\/ebt\/wp-content\/uploads\/sites\/44\/2014\/11\/Resolu\u00e7\u00e3o-19-02-2002.pdf\"><span style=\"color: #0000ff\">Resolu\u00e7\u00e3o CNE\/CES 3<\/span><\/a><\/strong><\/span>].<\/span><\/div>\n<div align=\"justify\"><span style=\"font-size: 10px\">3. World Health Organization: International Statistical Classification of Diseases and Related Health Problems, 10th\u00a0 Revision Instruction Manual. Geneva, World Health Organization, 2010. [<span style=\"color: #0000ff\"><strong><a href=\"http:\/\/sites.usp.br\/ebt\/wp-content\/uploads\/sites\/44\/2014\/11\/ICD10-2010.pdf\"><span style=\"color: #0000ff\">ICD<\/span><\/a><\/strong><\/span>] <\/span><\/div>\n<div align=\"justify\"><span style=\"font-size: 10px\">4. World Health Organization. [<span style=\"color: #0000ff\"><strong><a href=\"http:\/\/www.who.int\/en\/\"><span style=\"color: #0000ff\">WHO<\/span><\/a><\/strong><\/span>] <\/span><\/div>\n<div style=\"text-align: center\" align=\"justify\">\n<address style=\"text-align: right\">\n<hr \/>\n<hr \/>\n<address style=\"text-align: right\">\u00a0<\/address>\n<\/address>\n<\/div>\n<\/div>\n","protected":false},"excerpt":{"rendered":"<p>\u2666\u00a0 Luiz Carlos Pardini &#8211; E-mail(USP) &#8211; Curr\u00edculo Lattes\u00a0 p\u00e1gina 1 PARDINI, L.C. USP: Pr\u00f3-Reitoria [&hellip;]<\/p>\n","protected":false},"author":58,"featured_media":0,"parent":18380,"menu_order":0,"comment_status":"open","ping_status":"closed","template":"","meta":{"footnotes":"","_links_to":"","_links_to_target":""},"class_list":["post-9156","page","type-page","status-publish","hentry"],"_links":{"self":[{"href":"https:\/\/sites.usp.br\/ebt\/index.php?rest_route=\/wp\/v2\/pages\/9156","targetHints":{"allow":["GET"]}}],"collection":[{"href":"https:\/\/sites.usp.br\/ebt\/index.php?rest_route=\/wp\/v2\/pages"}],"about":[{"href":"https:\/\/sites.usp.br\/ebt\/index.php?rest_route=\/wp\/v2\/types\/page"}],"author":[{"embeddable":true,"href":"https:\/\/sites.usp.br\/ebt\/index.php?rest_route=\/wp\/v2\/users\/58"}],"replies":[{"embeddable":true,"href":"https:\/\/sites.usp.br\/ebt\/index.php?rest_route=%2Fwp%2Fv2%2Fcomments&post=9156"}],"version-history":[{"count":5,"href":"https:\/\/sites.usp.br\/ebt\/index.php?rest_route=\/wp\/v2\/pages\/9156\/revisions"}],"predecessor-version":[{"id":32393,"href":"https:\/\/sites.usp.br\/ebt\/index.php?rest_route=\/wp\/v2\/pages\/9156\/revisions\/32393"}],"up":[{"embeddable":true,"href":"https:\/\/sites.usp.br\/ebt\/index.php?rest_route=\/wp\/v2\/pages\/18380"}],"wp:attachment":[{"href":"https:\/\/sites.usp.br\/ebt\/index.php?rest_route=%2Fwp%2Fv2%2Fmedia&parent=9156"}],"curies":[{"name":"wp","href":"https:\/\/api.w.org\/{rel}","templated":true}]}}