{"id":5312,"date":"2022-12-22T09:53:53","date_gmt":"2022-12-22T11:53:53","guid":{"rendered":"https:\/\/sites.usp.br\/ecar\/?page_id=5312"},"modified":"2023-03-10T16:45:20","modified_gmt":"2023-03-10T18:45:20","slug":"patrono","status":"publish","type":"page","link":"https:\/\/sites.usp.br\/ecar\/patrono\/","title":{"rendered":"Patrono"},"content":{"rendered":"\t\t<div data-elementor-type=\"wp-page\" data-elementor-id=\"5312\" class=\"elementor elementor-5312\" data-elementor-post-type=\"page\">\n\t\t\t\t\t\t<section class=\"elementor-section elementor-top-section elementor-element elementor-element-32ee69e elementor-section-boxed elementor-section-height-default elementor-section-height-default\" data-id=\"32ee69e\" data-element_type=\"section\" data-settings=\"{&quot;background_background&quot;:&quot;classic&quot;,&quot;shape_divider_top&quot;:&quot;opacity-fan&quot;}\">\n\t\t\t\t\t<div class=\"elementor-shape elementor-shape-top\" data-negative=\"false\">\n\t\t\t<svg xmlns=\"http:\/\/www.w3.org\/2000\/svg\" viewBox=\"0 0 283.5 19.6\" preserveAspectRatio=\"none\">\n\t<path class=\"elementor-shape-fill\" style=\"opacity:0.33\" d=\"M0 0L0 18.8 141.8 4.1 283.5 18.8 283.5 0z\"\/>\n\t<path class=\"elementor-shape-fill\" style=\"opacity:0.33\" d=\"M0 0L0 12.6 141.8 4 283.5 12.6 283.5 0z\"\/>\n\t<path class=\"elementor-shape-fill\" style=\"opacity:0.33\" d=\"M0 0L0 6.4 141.8 4 283.5 6.4 283.5 0z\"\/>\n\t<path class=\"elementor-shape-fill\" d=\"M0 0L0 1.2 141.8 4 283.5 1.2 283.5 0z\"\/>\n<\/svg>\t\t<\/div>\n\t\t\t\t\t<div class=\"elementor-container elementor-column-gap-default\">\n\t\t\t\t\t<div class=\"elementor-column elementor-col-100 elementor-top-column elementor-element elementor-element-1ee7f36\" data-id=\"1ee7f36\" data-element_type=\"column\">\n\t\t\t<div class=\"elementor-widget-wrap elementor-element-populated\">\n\t\t\t\t\t\t<div class=\"elementor-element elementor-element-ffc845a elementor-widget elementor-widget-text-editor\" data-id=\"ffc845a\" data-element_type=\"widget\" data-widget_type=\"text-editor.default\">\n\t\t\t\t<div class=\"elementor-widget-container\">\n\t\t\t\t\t\t\t<h2><strong>MICHAEL BERNARD ARTHUR<\/strong><\/h2>\t\t\t\t\t\t<\/div>\n\t\t\t\t<\/div>\n\t\t\t\t\t<\/div>\n\t\t<\/div>\n\t\t\t\t\t<\/div>\n\t\t<\/section>\n\t\t\t\t<section class=\"elementor-section elementor-top-section elementor-element elementor-element-3ea1f25 elementor-section-height-min-height elementor-section-boxed elementor-section-height-default elementor-section-items-middle\" data-id=\"3ea1f25\" data-element_type=\"section\" data-settings=\"{&quot;background_background&quot;:&quot;gradient&quot;}\">\n\t\t\t\t\t\t<div class=\"elementor-container elementor-column-gap-default\">\n\t\t\t\t\t<div class=\"elementor-column elementor-col-50 elementor-top-column elementor-element elementor-element-36627bc\" data-id=\"36627bc\" data-element_type=\"column\">\n\t\t\t<div class=\"elementor-widget-wrap elementor-element-populated\">\n\t\t\t\t\t\t<div class=\"elementor-element elementor-element-5c5591c elementor-widget elementor-widget-image\" data-id=\"5c5591c\" data-element_type=\"widget\" data-widget_type=\"image.default\">\n\t\t\t\t<div class=\"elementor-widget-container\">\n\t\t\t\t\t\t\t\t\t\t<figure class=\"wp-caption\">\n\t\t\t\t\t\t\t\t\t\t<img fetchpriority=\"high\" decoding=\"async\" width=\"266\" height=\"300\" src=\"https:\/\/sites.usp.br\/ecar\/wp-content\/uploads\/sites\/1170\/2022\/12\/MICHAEL-ARTHUR-266x300.jpg\" class=\"attachment-medium size-medium wp-image-4649\" alt=\"\" srcset=\"https:\/\/sites.usp.br\/ecar\/wp-content\/uploads\/sites\/1170\/2022\/12\/MICHAEL-ARTHUR-266x300.jpg 266w, https:\/\/sites.usp.br\/ecar\/wp-content\/uploads\/sites\/1170\/2022\/12\/MICHAEL-ARTHUR-909x1024.jpg 909w, https:\/\/sites.usp.br\/ecar\/wp-content\/uploads\/sites\/1170\/2022\/12\/MICHAEL-ARTHUR-768x865.jpg 768w, https:\/\/sites.usp.br\/ecar\/wp-content\/uploads\/sites\/1170\/2022\/12\/MICHAEL-ARTHUR-400x450.jpg 400w, https:\/\/sites.usp.br\/ecar\/wp-content\/uploads\/sites\/1170\/2022\/12\/MICHAEL-ARTHUR.jpg 1080w\" sizes=\"(max-width: 266px) 100vw, 266px\" \/>\t\t\t\t\t\t\t\t\t\t\t<figcaption class=\"widget-image-caption wp-caption-text\"> Michael Bernard Arthur<\/figcaption>\n\t\t\t\t\t\t\t\t\t\t<\/figure>\n\t\t\t\t\t\t\t<\/div>\n\t\t\t\t<\/div>\n\t\t\t\t\t<\/div>\n\t\t<\/div>\n\t\t\t\t<div class=\"elementor-column elementor-col-50 elementor-top-column elementor-element elementor-element-3634047\" data-id=\"3634047\" data-element_type=\"column\" data-settings=\"{&quot;background_background&quot;:&quot;classic&quot;}\">\n\t\t\t<div class=\"elementor-widget-wrap elementor-element-populated\">\n\t\t\t\t\t<div class=\"elementor-background-overlay\"><\/div>\n\t\t\t\t\t\t<div class=\"elementor-element elementor-element-d0513e5 elementor-widget elementor-widget-heading\" data-id=\"d0513e5\" data-element_type=\"widget\" data-widget_type=\"heading.default\">\n\t\t\t\t<div class=\"elementor-widget-container\">\n\t\t\t<h2 class=\"elementor-heading-title elementor-size-medium\">Quem \u00e9?<\/h2>\t\t<\/div>\n\t\t\t\t<\/div>\n\t\t\t\t<div class=\"elementor-element elementor-element-d5a801c elementor-widget elementor-widget-text-editor\" data-id=\"d5a801c\" data-element_type=\"widget\" data-widget_type=\"text-editor.default\">\n\t\t\t\t<div class=\"elementor-widget-container\">\n\t\t\t\t\t\t\t<p>Autor, juntamente a Svetlana Khapova e Julia Richardson, do livro comercial &#8220;An Intelligent Career: Taking Ownership of Your Work and Your Life&#8221; Nova York, Oxford University Press, 2017.<\/p><p>Co-desenvolvedor do Intelligent Career Card Sort e diretor administrativo, Intelligent Careers Group LLC. Consultor de carreira licenciado Intelligent Career Card Sort.<\/p><p>Professor of Management na Suffolk University Business School, Boston, MA, EUA, Visiting Professor na Cranfield University, Reino Unido.<\/p><p>Co-autor e editor de v\u00e1rios livros acad\u00eamicos, incluindo Handbook of Career Theory (1989), The Boundaryless Career (1996), The New Careers (1999) e Knowledge at Work (2006).<\/p><p>Autor amplamente citado, conferencista e colaborador internacional sobre a natureza mut\u00e1vel das carreiras.<\/p>\t\t\t\t\t\t<\/div>\n\t\t\t\t<\/div>\n\t\t\t\t\t<\/div>\n\t\t<\/div>\n\t\t\t\t\t<\/div>\n\t\t<\/section>\n\t\t\t\t<section class=\"elementor-section elementor-top-section elementor-element elementor-element-1e8edd0 elementor-section-boxed elementor-section-height-default elementor-section-height-default\" data-id=\"1e8edd0\" data-element_type=\"section\" data-settings=\"{&quot;background_background&quot;:&quot;classic&quot;}\">\n\t\t\t\t\t\t<div class=\"elementor-container elementor-column-gap-default\">\n\t\t\t\t\t<div class=\"elementor-column elementor-col-100 elementor-top-column elementor-element elementor-element-da02f4c\" data-id=\"da02f4c\" data-element_type=\"column\">\n\t\t\t<div class=\"elementor-widget-wrap elementor-element-populated\">\n\t\t\t\t\t\t<div class=\"elementor-element elementor-element-edc1001 elementor-widget elementor-widget-heading\" data-id=\"edc1001\" data-element_type=\"widget\" data-widget_type=\"heading.default\">\n\t\t\t\t<div class=\"elementor-widget-container\">\n\t\t\t<h2 class=\"elementor-heading-title elementor-size-medium\">O que pensa?<\/h2>\t\t<\/div>\n\t\t\t\t<\/div>\n\t\t\t\t<div class=\"elementor-element elementor-element-b465543 elementor-widget elementor-widget-text-editor\" data-id=\"b465543\" data-element_type=\"widget\" data-widget_type=\"text-editor.default\">\n\t\t\t\t<div class=\"elementor-widget-container\">\n\t\t\t\t\t\t\t<p>Conforme a experi\u00eancia acad\u00eamica de Michael Bernard Arthur, professor da Universidade Suffolk, em Boston, a conjuntura econ\u00f4mica e social das \u00faltimas d\u00e9cadas tem ensinado que nossas vidas s\u00e3o imprevis\u00edveis. No entanto, isso n\u00e3o significa que as pessoas devam deixar de lado o protagonismo de suas pr\u00f3prias carreiras.<\/p><p>Do ponto de vista hist\u00f3rico, na Idade M\u00e9dia e nas tr\u00eas primeiras revolu\u00e7\u00f5es industriais, havia a no\u00e7\u00e3o dos empregos vital\u00edcios, realidade que se alterou nos anos 1980 a partir da alta especializa\u00e7\u00e3o das corpora\u00e7\u00f5es acompanhada de crescente inova\u00e7\u00e3o e tecnologia. Essa mudan\u00e7a de paradigma, segundo Arthur, causou uma inseguran\u00e7a generalizada no sentido de que as firmas n\u00e3o s\u00e3o mais as respons\u00e1veis pelo aprimoramento da carreira de cada pessoa. Pelo contr\u00e1rio, a mobilidade hoje deve partir das mesmas.<\/p><p>Quem trabalha em uma empresa, forma\u00e7\u00e3o ou cargo h\u00e1 anos tamb\u00e9m pode se reinventar, criando seus pr\u00f3prios projetos ao longo do tempo. Essas observa\u00e7\u00f5es se aplicam para todas as pessoas inseridas nas cadeias produtivas das companhias: das classes trabalhadoras \u00e0s elites intelectuais e econ\u00f4micas.<\/p><p>Diante disso, profissionais que trabalham com aconselhamento de carreira precisam esclarecer essa nova realidade para os seus clientes. Como exemplo, nas sess\u00f5es dos atendimentos podem afirmar que \u201cvoc\u00ea come\u00e7ar\u00e1 na engenharia e depois, caso queira, mudar a dire\u00e7\u00e3o e o sentido da sua trajet\u00f3ria profissional se inserindo em outras \u00e1reas, uma oportunidade para ampliar a rede de contatos com pessoas diferentes\u201d, em vez de dizer \u201cvoc\u00ea ser\u00e1 engenheira(o) e socializar\u00e1 com pessoas da sua \u00e1rea\u201d. Tal abordagem no servi\u00e7o de coaching rompe com a ideia de voca\u00e7\u00e3o, afinal temos afinidade com diversos conhecimentos e, por esse motivo, limitar-nos a uma \u00e1rea de atua\u00e7\u00e3o, forma\u00e7\u00e3o acad\u00eamica ou cargo ocupacional \u00e9 insuficiente para o desenvolvimento de nossas carreiras.<\/p><p>Por Ricardo da Silva Domingos<\/p>\t\t\t\t\t\t<\/div>\n\t\t\t\t<\/div>\n\t\t\t\t\t<\/div>\n\t\t<\/div>\n\t\t\t\t\t<\/div>\n\t\t<\/section>\n\t\t\t\t<section class=\"elementor-section elementor-top-section elementor-element elementor-element-1a15486 elementor-section-boxed elementor-section-height-default elementor-section-height-default\" data-id=\"1a15486\" data-element_type=\"section\" data-settings=\"{&quot;background_background&quot;:&quot;classic&quot;}\">\n\t\t\t\t\t\t\t<div class=\"elementor-background-overlay\"><\/div>\n\t\t\t\t\t\t\t<div class=\"elementor-container elementor-column-gap-default\">\n\t\t\t\t\t<div class=\"elementor-column elementor-col-33 elementor-top-column elementor-element elementor-element-0cceb6e\" data-id=\"0cceb6e\" data-element_type=\"column\">\n\t\t\t<div class=\"elementor-widget-wrap elementor-element-populated\">\n\t\t\t\t\t\t<div class=\"elementor-element elementor-element-fc7c668 elementor-widget elementor-widget-image\" data-id=\"fc7c668\" data-element_type=\"widget\" data-widget_type=\"image.default\">\n\t\t\t\t<div class=\"elementor-widget-container\">\n\t\t\t\t\t\t\t\t\t\t<figure class=\"wp-caption\">\n\t\t\t\t\t\t\t\t\t\t<img decoding=\"async\" width=\"300\" height=\"158\" src=\"https:\/\/sites.usp.br\/ecar\/wp-content\/uploads\/sites\/1170\/dlm_uploads\/2022\/12\/Michael-Bernard-Arthur.jpeg\" class=\"attachment-1536x1536 size-1536x1536 wp-image-5317\" alt=\"\" \/>\t\t\t\t\t\t\t\t\t\t\t<figcaption class=\"widget-image-caption wp-caption-text\">Michael Bernard Arthur - Patrono do ECar<\/figcaption>\n\t\t\t\t\t\t\t\t\t\t<\/figure>\n\t\t\t\t\t\t\t<\/div>\n\t\t\t\t<\/div>\n\t\t\t\t\t<\/div>\n\t\t<\/div>\n\t\t\t\t<div class=\"elementor-column elementor-col-33 elementor-top-column elementor-element elementor-element-e3dd17e\" data-id=\"e3dd17e\" data-element_type=\"column\">\n\t\t\t<div class=\"elementor-widget-wrap elementor-element-populated\">\n\t\t\t\t\t\t<div class=\"elementor-element elementor-element-0049b0f elementor-widget elementor-widget-heading\" data-id=\"0049b0f\" data-element_type=\"widget\" data-widget_type=\"heading.default\">\n\t\t\t\t<div class=\"elementor-widget-container\">\n\t\t\t<h2 class=\"elementor-heading-title elementor-size-medium\">Hist\u00f3rico Acad\u00eamico e Profissional<\/h2>\t\t<\/div>\n\t\t\t\t<\/div>\n\t\t\t\t<div class=\"elementor-element elementor-element-a55d98b elementor-widget elementor-widget-text-editor\" data-id=\"a55d98b\" data-element_type=\"widget\" data-widget_type=\"text-editor.default\">\n\t\t\t\t<div class=\"elementor-widget-container\">\n\t\t\t\t\t\t\t<p><strong>Suffolk University<\/strong> &#8211; Forma\u00e7\u00e3o<\/p><p><strong>Cranfield School of Management<\/strong> &#8211; MBA, Ph.D Management, Organizational Behavior<\/p><p><strong>Suffolk University<\/strong> &#8211; Professor<\/p><p><strong>Intelligent Carrers Group<\/strong> &#8211; Diretor\u00a0<\/p><p><strong>Intelligent Carrers Group<\/strong> &#8211; Diretor-Gerente<\/p><p><strong>Autor, conferecista e colaborador internacional<\/strong> &#8211; A natureza mut\u00e1vel das carreiras<\/p>\t\t\t\t\t\t<\/div>\n\t\t\t\t<\/div>\n\t\t\t\t\t<\/div>\n\t\t<\/div>\n\t\t\t\t<div class=\"elementor-column elementor-col-33 elementor-top-column elementor-element elementor-element-129b41f\" data-id=\"129b41f\" data-element_type=\"column\">\n\t\t\t<div class=\"elementor-widget-wrap elementor-element-populated\">\n\t\t\t\t\t\t<div class=\"elementor-element elementor-element-46dc20b elementor-widget elementor-widget-heading\" data-id=\"46dc20b\" data-element_type=\"widget\" data-widget_type=\"heading.default\">\n\t\t\t\t<div class=\"elementor-widget-container\">\n\t\t\t<h2 class=\"elementor-heading-title elementor-size-medium\">Participa\u00e7\u00e3o em Obras<\/h2>\t\t<\/div>\n\t\t\t\t<\/div>\n\t\t\t\t<div class=\"elementor-element elementor-element-9d29cdb elementor-widget elementor-widget-text-editor\" data-id=\"9d29cdb\" data-element_type=\"widget\" data-widget_type=\"text-editor.default\">\n\t\t\t\t<div class=\"elementor-widget-container\">\n\t\t\t\t\t\t\t<p style=\"text-align: left;\"><strong>AN INTELLIGENT CARRER:<\/strong> Taking Ownership of Your Work and Your Life<\/p><p style=\"text-align: left;\"><strong>THE BOUNDARYLESS CARRER<\/strong> &#8211; A new Employment principle for a New Organizational Era<\/p><p style=\"text-align: left;\"><strong>CARRER CREATIVITY<\/strong> &#8211; Explorations in the Remaking of Work<\/p><p style=\"text-align: left;\"><strong>THE NEW CARRERS:<\/strong> Individual Action and Economic Change<\/p><p style=\"text-align: left;\"><strong>HANDBOOK OF CARRER THEORY &#8211; <\/strong>With Douglas T. Hall, Barbara S. Lawrence<\/p>\t\t\t\t\t\t<\/div>\n\t\t\t\t<\/div>\n\t\t\t\t\t<\/div>\n\t\t<\/div>\n\t\t\t\t\t<\/div>\n\t\t<\/section>\n\t\t\t\t<\/div>\n\t\t","protected":false},"excerpt":{"rendered":"<p>MICHAEL BERNARD ARTHUR Michael Bernard Arthur Quem \u00e9? Autor, juntamente a Svetlana Khapova e Julia Richardson, do livro comercial &#8220;An Intelligent Career: Taking Ownership of Your Work and Your Life&#8221; Nova York, Oxford University Press, 2017. Co-desenvolvedor do Intelligent Career &hellip; <a href=\"https:\/\/sites.usp.br\/ecar\/patrono\/\">Continue reading <span class=\"meta-nav\">&rarr;<\/span><\/a><\/p>\n","protected":false},"author":23352,"featured_media":0,"parent":0,"menu_order":0,"comment_status":"closed","ping_status":"closed","template":"","meta":{"_monsterinsights_skip_tracking":false,"_monsterinsights_sitenote_active":false,"_monsterinsights_sitenote_note":"","_monsterinsights_sitenote_category":0,"footnotes":"","_links_to":"","_links_to_target":""},"class_list":["post-5312","page","type-page","status-publish","hentry"],"_links":{"self":[{"href":"https:\/\/sites.usp.br\/ecar\/wp-json\/wp\/v2\/pages\/5312","targetHints":{"allow":["GET"]}}],"collection":[{"href":"https:\/\/sites.usp.br\/ecar\/wp-json\/wp\/v2\/pages"}],"about":[{"href":"https:\/\/sites.usp.br\/ecar\/wp-json\/wp\/v2\/types\/page"}],"author":[{"embeddable":true,"href":"https:\/\/sites.usp.br\/ecar\/wp-json\/wp\/v2\/users\/23352"}],"replies":[{"embeddable":true,"href":"https:\/\/sites.usp.br\/ecar\/wp-json\/wp\/v2\/comments?post=5312"}],"version-history":[{"count":4,"href":"https:\/\/sites.usp.br\/ecar\/wp-json\/wp\/v2\/pages\/5312\/revisions"}],"predecessor-version":[{"id":6333,"href":"https:\/\/sites.usp.br\/ecar\/wp-json\/wp\/v2\/pages\/5312\/revisions\/6333"}],"wp:attachment":[{"href":"https:\/\/sites.usp.br\/ecar\/wp-json\/wp\/v2\/media?parent=5312"}],"curies":[{"name":"wp","href":"https:\/\/api.w.org\/{rel}","templated":true}]}}