{"id":5482,"date":"2023-01-30T13:27:09","date_gmt":"2023-01-30T15:27:09","guid":{"rendered":"https:\/\/sites.usp.br\/ecar\/?page_id=5482"},"modified":"2023-03-10T16:15:06","modified_gmt":"2023-03-10T18:15:06","slug":"fundadora","status":"publish","type":"page","link":"https:\/\/sites.usp.br\/ecar\/fundadora\/","title":{"rendered":"Fundadora"},"content":{"rendered":"\t\t<div data-elementor-type=\"wp-page\" data-elementor-id=\"5482\" class=\"elementor elementor-5482\" data-elementor-post-type=\"page\">\n\t\t\t\t\t\t<section class=\"elementor-section elementor-top-section elementor-element elementor-element-32ee69e elementor-section-boxed elementor-section-height-default elementor-section-height-default\" data-id=\"32ee69e\" data-element_type=\"section\" data-settings=\"{&quot;background_background&quot;:&quot;classic&quot;,&quot;shape_divider_top&quot;:&quot;opacity-fan&quot;}\">\n\t\t\t\t\t<div class=\"elementor-shape elementor-shape-top\" data-negative=\"false\">\n\t\t\t<svg xmlns=\"http:\/\/www.w3.org\/2000\/svg\" viewBox=\"0 0 283.5 19.6\" preserveAspectRatio=\"none\">\n\t<path class=\"elementor-shape-fill\" style=\"opacity:0.33\" d=\"M0 0L0 18.8 141.8 4.1 283.5 18.8 283.5 0z\"\/>\n\t<path class=\"elementor-shape-fill\" style=\"opacity:0.33\" d=\"M0 0L0 12.6 141.8 4 283.5 12.6 283.5 0z\"\/>\n\t<path class=\"elementor-shape-fill\" style=\"opacity:0.33\" d=\"M0 0L0 6.4 141.8 4 283.5 6.4 283.5 0z\"\/>\n\t<path class=\"elementor-shape-fill\" d=\"M0 0L0 1.2 141.8 4 283.5 1.2 283.5 0z\"\/>\n<\/svg>\t\t<\/div>\n\t\t\t\t\t<div class=\"elementor-container elementor-column-gap-default\">\n\t\t\t\t\t<div class=\"elementor-column elementor-col-100 elementor-top-column elementor-element elementor-element-1ee7f36\" data-id=\"1ee7f36\" data-element_type=\"column\">\n\t\t\t<div class=\"elementor-widget-wrap elementor-element-populated\">\n\t\t\t\t\t\t<div class=\"elementor-element elementor-element-ffc845a elementor-widget elementor-widget-text-editor\" data-id=\"ffc845a\" data-element_type=\"widget\" data-widget_type=\"text-editor.default\">\n\t\t\t\t<div class=\"elementor-widget-container\">\n\t\t\t\t\t\t\t<h2><strong>TANIA CASADO<\/strong><\/h2>\t\t\t\t\t\t<\/div>\n\t\t\t\t<\/div>\n\t\t\t\t\t<\/div>\n\t\t<\/div>\n\t\t\t\t\t<\/div>\n\t\t<\/section>\n\t\t\t\t<section class=\"elementor-section elementor-top-section elementor-element elementor-element-32620b4 elementor-section-height-min-height elementor-section-boxed elementor-section-height-default elementor-section-items-middle\" data-id=\"32620b4\" data-element_type=\"section\" data-settings=\"{&quot;background_background&quot;:&quot;gradient&quot;}\">\n\t\t\t\t\t\t<div class=\"elementor-container elementor-column-gap-default\">\n\t\t\t\t\t<div class=\"elementor-column elementor-col-50 elementor-top-column elementor-element elementor-element-a77602c\" data-id=\"a77602c\" data-element_type=\"column\">\n\t\t\t<div class=\"elementor-widget-wrap elementor-element-populated\">\n\t\t\t\t\t\t<div class=\"elementor-element elementor-element-01ddab8 elementor-widget elementor-widget-image\" data-id=\"01ddab8\" data-element_type=\"widget\" data-widget_type=\"image.default\">\n\t\t\t\t<div class=\"elementor-widget-container\">\n\t\t\t\t\t\t\t\t\t\t<figure class=\"wp-caption\">\n\t\t\t\t\t\t\t\t\t\t<img decoding=\"async\" src=\"https:\/\/sites.usp.br\/ecar\/wp-content\/uploads\/sites\/1170\/elementor\/thumbs\/prof_tania2-e1675093497877-q1fhrlymv0osbw9bmsykjzyzk2afw04cgrwf41975s.jpg\" title=\"prof_tania2\" alt=\"prof_tania2\" loading=\"lazy\" \/>\t\t\t\t\t\t\t\t\t\t\t<figcaption class=\"widget-image-caption wp-caption-text\">Tania Casado<\/figcaption>\n\t\t\t\t\t\t\t\t\t\t<\/figure>\n\t\t\t\t\t\t\t<\/div>\n\t\t\t\t<\/div>\n\t\t\t\t\t<\/div>\n\t\t<\/div>\n\t\t\t\t<div class=\"elementor-column elementor-col-50 elementor-top-column elementor-element elementor-element-eb80484\" data-id=\"eb80484\" data-element_type=\"column\" data-settings=\"{&quot;background_background&quot;:&quot;classic&quot;}\">\n\t\t\t<div class=\"elementor-widget-wrap elementor-element-populated\">\n\t\t\t\t\t<div class=\"elementor-background-overlay\"><\/div>\n\t\t\t\t\t\t<div class=\"elementor-element elementor-element-128250b elementor-widget elementor-widget-heading\" data-id=\"128250b\" data-element_type=\"widget\" data-widget_type=\"heading.default\">\n\t\t\t\t<div class=\"elementor-widget-container\">\n\t\t\t<h2 class=\"elementor-heading-title elementor-size-medium\">Quem \u00e9?<\/h2>\t\t<\/div>\n\t\t\t\t<\/div>\n\t\t\t\t<div class=\"elementor-element elementor-element-8b35dce elementor-widget elementor-widget-text-editor\" data-id=\"8b35dce\" data-element_type=\"widget\" data-widget_type=\"text-editor.default\">\n\t\t\t\t<div class=\"elementor-widget-container\">\n\t\t\t\t\t\t\t<p><span style=\"font-size: 12pt; font-family: Arial; color: #000000; font-variant-numeric: normal; font-variant-east-asian: normal; vertical-align: baseline; white-space: pre-wrap;\">Prof.a Dra. Tania Casado.<\/span><\/p><p dir=\"ltr\" style=\"line-height: 1.2; margin-top: 14pt; margin-bottom: 14pt;\"><span style=\"font-size: 12pt; font-family: Arial; color: #000000; background-color: transparent; font-weight: 400; font-style: normal; font-variant: normal; text-decoration: none; vertical-align: baseline; white-space: pre-wrap;\">Professora Titular da Faculdade de Economia, Administra\u00e7\u00e3o, Contabilidade e Atu\u00e1ria da Universidade de S\u00e3o Paulo (FEA\/USP)<\/span><\/p><p dir=\"ltr\" style=\"line-height: 1.2; margin-top: 14pt; margin-bottom: 14pt;\"><span style=\"font-size: 12pt; font-family: Arial; color: #000000; background-color: transparent; font-weight: 400; font-style: normal; font-variant: normal; text-decoration: none; vertical-align: baseline; white-space: pre-wrap;\">Fundadora do ECar \u2013 Escrit\u00f3rio de Desenvolvimento de Carreiras.<\/span><\/p><p dir=\"ltr\" style=\"line-height: 1.2; margin-top: 14pt; margin-bottom: 14pt;\"><span style=\"font-size: 12pt; font-family: Arial; color: #000000; background-color: transparent; font-weight: 400; font-style: normal; font-variant: normal; text-decoration: none; vertical-align: baseline; white-space: pre-wrap;\">Pesquisadora dos temas relacionados a Carreiras.<\/span><\/p><p dir=\"ltr\" style=\"line-height: 1.2; margin-top: 14pt; margin-bottom: 14pt;\"><span style=\"font-size: 12pt; font-family: Arial; color: #000000; background-color: transparent; font-weight: 400; font-style: normal; font-variant: normal; text-decoration: none; vertical-align: baseline; white-space: pre-wrap;\">Email: <\/span><a style=\"text-decoration: none;\" href=\"mailto:tcasado@usp.br\"><span style=\"font-size: 12pt; font-family: Arial; color: #0563c1; background-color: transparent; font-weight: 400; font-style: normal; font-variant: normal; text-decoration-skip-ink: none; vertical-align: baseline; white-space: pre-wrap;\">tcasado@usp.br<\/span><\/a><\/p><p dir=\"ltr\" style=\"line-height: 1.2; margin-top: 14pt; margin-bottom: 14pt;\"><a href=\"http:\/\/lattes.cnpq.br\/3049395678128379\">Lattes<\/a><\/p>\t\t\t\t\t\t<\/div>\n\t\t\t\t<\/div>\n\t\t\t\t\t<\/div>\n\t\t<\/div>\n\t\t\t\t\t<\/div>\n\t\t<\/section>\n\t\t\t\t<\/div>\n\t\t","protected":false},"excerpt":{"rendered":"<p>TANIA CASADO Tania Casado Quem \u00e9? Prof.a Dra. Tania Casado. Professora Titular da Faculdade de Economia, Administra\u00e7\u00e3o, Contabilidade e Atu\u00e1ria da Universidade de S\u00e3o Paulo (FEA\/USP) Fundadora do ECar \u2013 Escrit\u00f3rio de Desenvolvimento de Carreiras. Pesquisadora dos temas relacionados a &hellip; <a href=\"https:\/\/sites.usp.br\/ecar\/fundadora\/\">Continue reading <span class=\"meta-nav\">&rarr;<\/span><\/a><\/p>\n","protected":false},"author":23351,"featured_media":0,"parent":0,"menu_order":0,"comment_status":"closed","ping_status":"closed","template":"","meta":{"_monsterinsights_skip_tracking":false,"_monsterinsights_sitenote_active":false,"_monsterinsights_sitenote_note":"","_monsterinsights_sitenote_category":0,"footnotes":"","_links_to":"","_links_to_target":""},"class_list":["post-5482","page","type-page","status-publish","hentry"],"_links":{"self":[{"href":"https:\/\/sites.usp.br\/ecar\/wp-json\/wp\/v2\/pages\/5482","targetHints":{"allow":["GET"]}}],"collection":[{"href":"https:\/\/sites.usp.br\/ecar\/wp-json\/wp\/v2\/pages"}],"about":[{"href":"https:\/\/sites.usp.br\/ecar\/wp-json\/wp\/v2\/types\/page"}],"author":[{"embeddable":true,"href":"https:\/\/sites.usp.br\/ecar\/wp-json\/wp\/v2\/users\/23351"}],"replies":[{"embeddable":true,"href":"https:\/\/sites.usp.br\/ecar\/wp-json\/wp\/v2\/comments?post=5482"}],"version-history":[{"count":5,"href":"https:\/\/sites.usp.br\/ecar\/wp-json\/wp\/v2\/pages\/5482\/revisions"}],"predecessor-version":[{"id":6313,"href":"https:\/\/sites.usp.br\/ecar\/wp-json\/wp\/v2\/pages\/5482\/revisions\/6313"}],"wp:attachment":[{"href":"https:\/\/sites.usp.br\/ecar\/wp-json\/wp\/v2\/media?parent=5482"}],"curies":[{"name":"wp","href":"https:\/\/api.w.org\/{rel}","templated":true}]}}