{"id":79,"date":"2014-02-24T16:51:20","date_gmt":"2014-02-24T18:51:20","guid":{"rendered":"http:\/\/sites.usp.br\/ecomas\/?page_id=79"},"modified":"2026-03-25T18:09:51","modified_gmt":"2026-03-25T20:09:51","slug":"pagina-inicial","status":"publish","type":"page","link":"https:\/\/sites.usp.br\/ecomas\/","title":{"rendered":""},"content":{"rendered":"<p><a href=\"https:\/\/sites.usp.br\/ecomas\/wp-content\/uploads\/sites\/1388\/2025\/10\/Foto-Elaine.jpg\"><img loading=\"lazy\" decoding=\"async\" class=\"alignnone size-medium wp-image-244\" src=\"https:\/\/sites.usp.br\/ecomas\/wp-content\/uploads\/sites\/1388\/2025\/10\/Foto-Elaine-215x300.jpg\" alt=\"\" width=\"215\" height=\"300\" srcset=\"https:\/\/sites.usp.br\/ecomas\/wp-content\/uploads\/sites\/1388\/2025\/10\/Foto-Elaine-215x300.jpg 215w, https:\/\/sites.usp.br\/ecomas\/wp-content\/uploads\/sites\/1388\/2025\/10\/Foto-Elaine-733x1024.jpg 733w, https:\/\/sites.usp.br\/ecomas\/wp-content\/uploads\/sites\/1388\/2025\/10\/Foto-Elaine-768x1072.jpg 768w, https:\/\/sites.usp.br\/ecomas\/wp-content\/uploads\/sites\/1388\/2025\/10\/Foto-Elaine-1100x1536.jpg 1100w, https:\/\/sites.usp.br\/ecomas\/wp-content\/uploads\/sites\/1388\/2025\/10\/Foto-Elaine-400x559.jpg 400w, https:\/\/sites.usp.br\/ecomas\/wp-content\/uploads\/sites\/1388\/2025\/10\/Foto-Elaine.jpg 1120w\" sizes=\"auto, (max-width: 215px) 100vw, 215px\" \/><\/a><\/p>\n<p>PESQUISADORA PRINCIPAL<\/p>\n<p>PROFA. DRA. ELAINE CRISTINA PEREIRA DE MARTINIS. Professora Titular na Faculdade de Ci\u00eancias Farmac\u00eauticas de Ribeir\u00e3o Preto &#8211; Universidade de S\u00e3o Paulo (FCFRP-USP), onde iniciou a carreira docente em 1998. \u00c9 titulada pela USP como farmac\u00eautica (1990), mestre em Qu\u00edmica Anal\u00edtica (1993) e doutora em Ci\u00eancia dos Alimentos (1997), com est\u00e1gios na Rutgers University e na University of California Davis (Estados Unidos). Realizou p\u00f3s-doutorado no Food and Drug Administration &#8211; CFSAN (2005-2006, bolsa CAPES) e na University of Pennsylvania (2017, bolsa BEP FAPESP). No curso de gradua\u00e7\u00e3o em Farm\u00e1cia, ministra disciplinas da \u00e1rea de Alimentos. Orienta na p\u00f3s-gradua\u00e7\u00e3o em Bioci\u00eancias e Biotecnologia &#8211; FCFRP-USP (conceito 6 da CAPES). Atua na linha de pesquisa ECOLOGIA MICROBIANA EM ALIMENTOS E SA\u00daDE, com a participa\u00e7\u00e3o e\/ou coordena\u00e7\u00e3o de projetos financiados nacionais e internacionais (Argentina, Canad\u00e1, Dinamarca, Estados Unidos, Fran\u00e7a, It\u00e1lia e Su\u00e9cia). Colabora com a gest\u00e3o acad\u00eamica em diversos colegiados, destacando-se coordena\u00e7\u00e3o de programa de p\u00f3s-gradua\u00e7\u00e3o (2012-2016), vice-presid\u00eancia (2018-2022) e presid\u00eancia (2022-2026) da Comiss\u00e3o de P\u00f3s-Gradua\u00e7\u00e3o da FCFRP-USP. Na extens\u00e3o universit\u00e1ria, colabora em comiss\u00f5es julgadoras diversas, comiss\u00f5es de eventos cient\u00edficos, ministra palestras, foi coordenadora adjunta de PROJETO RONDON (Minist\u00e9rio da Defesa &#8211; Opera\u00e7\u00e3o Parna\u00edba, 2019). Atua tamb\u00e9m como revisora ad hoc de peri\u00f3dicos e ag\u00eancias de fomento nacionais e internacionais. Foi editora associada do Brazilian Journal of Microbiology (2012-2023), editora convidada da Frontiers in Microbiology. \u00c9 membro profissional da Sociedade Brasileira de Microbiologia e da Associa\u00e7\u00e3o Brasileira de Prote\u00e7\u00e3o dos Alimentos (BRAFP). Colaboradora do projeto de divulga\u00e7\u00e3o cient\u00edfica: &#8220;The International Microbiology Literacy Initiative&#8221; &#8211; https:\/\/imili.org\/About.<\/p>\n<p>CONTATO: edemarti@usp.br<\/p>\n<p>&nbsp;<\/p>\n<p>Lattes: \u00a0 \u00a0 \u00a0 \u00a0 \u00a0 \u00a0 \u00a0 \u00a0 \u00a0 \u00a0 \u00a0 \u00a0 \u00a0 \u00a0<a href=\"http:\/\/lattes.cnpq.br\/2131664506458197\" data-saferedirecturl=\"https:\/\/www.google.com\/url?q=http:\/\/lattes.cnpq.br\/2131664506458197&amp;source=gmail&amp;ust=1760555750877000&amp;usg=AOvVaw1qyTKWf3tYNbrU8sLP9GmU\">http:\/\/lattes.cnpq.br\/2131664506458197<\/a><br \/>\nORCID \u00a0 \u00a0 \u00a0 \u00a0 \u00a0 \u00a0 \u00a0 \u00a0 \u00a0 \u00a0 \u00a0\u00a0<a href=\"https:\/\/orcid.org\/0000-0002-6089-6238\" data-saferedirecturl=\"https:\/\/www.google.com\/url?q=https:\/\/orcid.org\/0000-0002-6089-6238&amp;source=gmail&amp;ust=1760555750877000&amp;usg=AOvVaw0Pyc5UO587S5smnEYq5WRt\">https:\/\/orcid.org\/0000-0002-6089-6238<\/a><br \/>\nWeb of Science \u00a0 \u00a0 \u00a0 \u00a0 \u00a0 ResearcherID\u00ae: K-5407-2012<br \/>\nMyCitation \u00a0 \u00a0 \u00a0 \u00a0 \u00a0 \u00a0 \u00a0 \u00a0 \u00a0<a href=\"https:\/\/scholar.google.com.my\/citations?user=c9nrw5oAAAAJ&amp;hl=en\" data-saferedirecturl=\"https:\/\/www.google.com\/url?q=https:\/\/scholar.google.com.my\/citations?user%3Dc9nrw5oAAAAJ%26hl%3Den&amp;source=gmail&amp;ust=1760555750877000&amp;usg=AOvVaw3M7NZ1vW4X6C1zSqpE52Mq\">https:\/\/scholar.google.com.my\/citations?user=c9nrw5oAAAAJ&amp;hl=en<\/a><\/p>\n","protected":false},"excerpt":{"rendered":"<p>PESQUISADORA PRINCIPAL PROFA. DRA. ELAINE CRISTINA PEREIRA DE MARTINIS. Professora Titular na Faculdade de Ci\u00eancias Farmac\u00eauticas de Ribeir\u00e3o Preto &#8211; Universidade de S\u00e3o Paulo (FCFRP-USP), onde iniciou a carreira docente em 1998. \u00c9 titulada pela USP como farmac\u00eautica (1990), mestre em Qu\u00edmica Anal\u00edtica (1993) e doutora em Ci\u00eancia dos Alimentos (1997), com est\u00e1gios na Rutgers [&hellip;]<\/p>\n","protected":false},"author":1,"featured_media":0,"parent":0,"menu_order":0,"comment_status":"closed","ping_status":"closed","template":"","meta":{"footnotes":"","_links_to":"","_links_to_target":""},"class_list":["post-79","page","type-page","status-publish","hentry"],"_links":{"self":[{"href":"https:\/\/sites.usp.br\/ecomas\/wp-json\/wp\/v2\/pages\/79","targetHints":{"allow":["GET"]}}],"collection":[{"href":"https:\/\/sites.usp.br\/ecomas\/wp-json\/wp\/v2\/pages"}],"about":[{"href":"https:\/\/sites.usp.br\/ecomas\/wp-json\/wp\/v2\/types\/page"}],"author":[{"embeddable":true,"href":"https:\/\/sites.usp.br\/ecomas\/wp-json\/wp\/v2\/users\/1"}],"replies":[{"embeddable":true,"href":"https:\/\/sites.usp.br\/ecomas\/wp-json\/wp\/v2\/comments?post=79"}],"version-history":[{"count":4,"href":"https:\/\/sites.usp.br\/ecomas\/wp-json\/wp\/v2\/pages\/79\/revisions"}],"predecessor-version":[{"id":384,"href":"https:\/\/sites.usp.br\/ecomas\/wp-json\/wp\/v2\/pages\/79\/revisions\/384"}],"wp:attachment":[{"href":"https:\/\/sites.usp.br\/ecomas\/wp-json\/wp\/v2\/media?parent=79"}],"curies":[{"name":"wp","href":"https:\/\/api.w.org\/{rel}","templated":true}]}}